{"id":746,"date":"2018-10-13T19:57:47","date_gmt":"2018-10-13T19:57:47","guid":{"rendered":"http:\/\/kruczekrakanie.pl\/?page_id=746"},"modified":"2018-11-20T20:30:00","modified_gmt":"2018-11-20T20:30:00","slug":"budapeszt-istria-wenecja-2014","status":"publish","type":"page","link":"https:\/\/kruczekrakanie.pl\/index.php\/wycieczki\/budapeszt-istria-wenecja-2014\/","title":{"rendered":"Budapeszt, Istria, Wenecja 2014"},"content":{"rendered":"\n<p class=\"wp-block-paragraph\">Lato 2014 to objazdowa wycieczka na po\u0142udnie Europy. Planowali\u015bmy przez Budapeszt dotrze\u0107 na p\u00f3\u0142noc Chorwacji, na p\u00f3\u0142wysep Istria. Potem do listy cel\u00f3w do\u0142\u0105czy\u0142a Wenecja, bo przecie\u017c by\u0142a blisko.<\/p>\n\n\n\n<p class=\"wp-block-paragraph\">Pocz\u0105tek &#8211; Budapeszt. Bardzo mi si\u0119 to miasto podoba\u0142o. Widoki z obu brzeg\u00f3w Dunaju s\u0105 kapitalne.<\/p>\n\n\n\n<figure class=\"wp-block-image\"><img loading=\"lazy\" decoding=\"async\" width=\"1024\" height=\"679\" src=\"https:\/\/kruczekrakanie.pl\/wp-content\/uploads\/2018\/10\/IMGP1289-1024x679.jpg\" alt=\"\" class=\"wp-image-762\" srcset=\"https:\/\/kruczekrakanie.pl\/wp-content\/uploads\/2018\/10\/IMGP1289-1024x679.jpg 1024w, https:\/\/kruczekrakanie.pl\/wp-content\/uploads\/2018\/10\/IMGP1289-300x199.jpg 300w, https:\/\/kruczekrakanie.pl\/wp-content\/uploads\/2018\/10\/IMGP1289-768x509.jpg 768w, https:\/\/kruczekrakanie.pl\/wp-content\/uploads\/2018\/10\/IMGP1289.jpg 2048w\" sizes=\"auto, (max-width: 767px) 89vw, (max-width: 1000px) 54vw, (max-width: 1071px) 543px, 580px\" \/><figcaption>Budynek Parlamentu<\/figcaption><\/figure>\n\n\n\n<figure class=\"wp-block-image\"><img loading=\"lazy\" decoding=\"async\" width=\"679\" height=\"1024\" src=\"https:\/\/kruczekrakanie.pl\/wp-content\/uploads\/2018\/10\/IMGP1248-679x1024.jpg\" alt=\"\" class=\"wp-image-761\" srcset=\"https:\/\/kruczekrakanie.pl\/wp-content\/uploads\/2018\/10\/IMGP1248-679x1024.jpg 679w, https:\/\/kruczekrakanie.pl\/wp-content\/uploads\/2018\/10\/IMGP1248-199x300.jpg 199w, https:\/\/kruczekrakanie.pl\/wp-content\/uploads\/2018\/10\/IMGP1248-768x1159.jpg 768w, https:\/\/kruczekrakanie.pl\/wp-content\/uploads\/2018\/10\/IMGP1248.jpg 1357w\" sizes=\"auto, (max-width: 679px) 100vw, 679px\" \/><figcaption>Budapest Eye czeka<\/figcaption><\/figure>\n\n\n\n<figure class=\"wp-block-image\"><img loading=\"lazy\" decoding=\"async\" width=\"1024\" height=\"679\" src=\"https:\/\/kruczekrakanie.pl\/wp-content\/uploads\/2018\/10\/IMGP1354-1024x679.jpg\" alt=\"\" class=\"wp-image-760\" srcset=\"https:\/\/kruczekrakanie.pl\/wp-content\/uploads\/2018\/10\/IMGP1354-1024x679.jpg 1024w, https:\/\/kruczekrakanie.pl\/wp-content\/uploads\/2018\/10\/IMGP1354-300x199.jpg 300w, https:\/\/kruczekrakanie.pl\/wp-content\/uploads\/2018\/10\/IMGP1354-768x509.jpg 768w, https:\/\/kruczekrakanie.pl\/wp-content\/uploads\/2018\/10\/IMGP1354.jpg 2048w\" sizes=\"auto, (max-width: 767px) 89vw, (max-width: 1000px) 54vw, (max-width: 1071px) 543px, 580px\" \/><figcaption>Panorama ze G\u00f3ry Gellerta<\/figcaption><\/figure>\n\n\n\n<p class=\"wp-block-paragraph\">W nocy te\u017c zwiedzali\u015bmy. I w zoo byli\u015bmy. A nawet s\u0142uchali\u015bmy bajki po w\u0119giersku, jad\u0105c drewnianym poci\u0105giem, w tunelu \ud83d\ude42<\/p>\n\n\n\n<figure class=\"wp-block-image\"><img loading=\"lazy\" decoding=\"async\" width=\"1024\" height=\"679\" src=\"https:\/\/kruczekrakanie.pl\/wp-content\/uploads\/2018\/10\/IMGP1437-1024x679.jpg\" alt=\"\" class=\"wp-image-759\" srcset=\"https:\/\/kruczekrakanie.pl\/wp-content\/uploads\/2018\/10\/IMGP1437-1024x679.jpg 1024w, https:\/\/kruczekrakanie.pl\/wp-content\/uploads\/2018\/10\/IMGP1437-300x199.jpg 300w, https:\/\/kruczekrakanie.pl\/wp-content\/uploads\/2018\/10\/IMGP1437-768x509.jpg 768w, https:\/\/kruczekrakanie.pl\/wp-content\/uploads\/2018\/10\/IMGP1437.jpg 2048w\" sizes=\"auto, (max-width: 767px) 89vw, (max-width: 1000px) 54vw, (max-width: 1071px) 543px, 580px\" \/><figcaption>Nocne zwiedzanie<\/figcaption><\/figure>\n\n\n\n<figure class=\"wp-block-image\"><img loading=\"lazy\" decoding=\"async\" width=\"1024\" height=\"679\" src=\"https:\/\/kruczekrakanie.pl\/wp-content\/uploads\/2018\/10\/IMGP1481-1024x679.jpg\" alt=\"\" class=\"wp-image-758\" srcset=\"https:\/\/kruczekrakanie.pl\/wp-content\/uploads\/2018\/10\/IMGP1481-1024x679.jpg 1024w, https:\/\/kruczekrakanie.pl\/wp-content\/uploads\/2018\/10\/IMGP1481-300x199.jpg 300w, https:\/\/kruczekrakanie.pl\/wp-content\/uploads\/2018\/10\/IMGP1481-768x509.jpg 768w, https:\/\/kruczekrakanie.pl\/wp-content\/uploads\/2018\/10\/IMGP1481.jpg 2048w\" sizes=\"auto, (max-width: 767px) 89vw, (max-width: 1000px) 54vw, (max-width: 1071px) 543px, 580px\" \/><figcaption>Leniwiec im ucieka!<br><\/figcaption><\/figure>\n\n\n\n<p class=\"wp-block-paragraph\">Budapeszt w nocy robi kapitalne wra\u017cenie.<\/p>\n\n\n\n<figure class=\"wp-block-image\"><img loading=\"lazy\" decoding=\"async\" width=\"1024\" height=\"679\" src=\"https:\/\/kruczekrakanie.pl\/wp-content\/uploads\/2018\/10\/IMGP1588-1-1024x679.jpg\" alt=\"\" class=\"wp-image-757\" srcset=\"https:\/\/kruczekrakanie.pl\/wp-content\/uploads\/2018\/10\/IMGP1588-1-1024x679.jpg 1024w, https:\/\/kruczekrakanie.pl\/wp-content\/uploads\/2018\/10\/IMGP1588-1-300x199.jpg 300w, https:\/\/kruczekrakanie.pl\/wp-content\/uploads\/2018\/10\/IMGP1588-1-768x509.jpg 768w, https:\/\/kruczekrakanie.pl\/wp-content\/uploads\/2018\/10\/IMGP1588-1.jpg 2048w\" sizes=\"auto, (max-width: 767px) 89vw, (max-width: 1000px) 54vw, (max-width: 1071px) 543px, 580px\" \/><\/figure>\n\n\n\n<figure class=\"wp-block-image\"><img loading=\"lazy\" decoding=\"async\" width=\"1024\" height=\"679\" src=\"https:\/\/kruczekrakanie.pl\/wp-content\/uploads\/2018\/10\/IMGP1550-1024x679.jpg\" alt=\"\" class=\"wp-image-756\" srcset=\"https:\/\/kruczekrakanie.pl\/wp-content\/uploads\/2018\/10\/IMGP1550-1024x679.jpg 1024w, https:\/\/kruczekrakanie.pl\/wp-content\/uploads\/2018\/10\/IMGP1550-300x199.jpg 300w, https:\/\/kruczekrakanie.pl\/wp-content\/uploads\/2018\/10\/IMGP1550-768x509.jpg 768w, https:\/\/kruczekrakanie.pl\/wp-content\/uploads\/2018\/10\/IMGP1550.jpg 2048w\" sizes=\"auto, (max-width: 767px) 89vw, (max-width: 1000px) 54vw, (max-width: 1071px) 543px, 580px\" \/><\/figure>\n\n\n\n<p class=\"wp-block-paragraph\">Potem by\u0142 p\u00f3\u0142wysep Istria w Chorwacji z jego atrakcjami &#8211; pla\u017cami, jaskiniami.<\/p>\n\n\n\n<figure class=\"wp-block-image\"><img loading=\"lazy\" decoding=\"async\" width=\"1024\" height=\"679\" src=\"https:\/\/kruczekrakanie.pl\/wp-content\/uploads\/2018\/10\/IMGP1608-1024x679.jpg\" alt=\"\" class=\"wp-image-755\" srcset=\"https:\/\/kruczekrakanie.pl\/wp-content\/uploads\/2018\/10\/IMGP1608-1024x679.jpg 1024w, https:\/\/kruczekrakanie.pl\/wp-content\/uploads\/2018\/10\/IMGP1608-300x199.jpg 300w, https:\/\/kruczekrakanie.pl\/wp-content\/uploads\/2018\/10\/IMGP1608-768x509.jpg 768w, https:\/\/kruczekrakanie.pl\/wp-content\/uploads\/2018\/10\/IMGP1608.jpg 2048w\" sizes=\"auto, (max-width: 767px) 89vw, (max-width: 1000px) 54vw, (max-width: 1071px) 543px, 580px\" \/><figcaption>Pla\u017ca przy campingu<\/figcaption><\/figure>\n\n\n\n<figure class=\"wp-block-image\"><img loading=\"lazy\" decoding=\"async\" width=\"1024\" height=\"679\" src=\"https:\/\/kruczekrakanie.pl\/wp-content\/uploads\/2018\/10\/IMGP1760-1024x679.jpg\" alt=\"\" class=\"wp-image-754\" srcset=\"https:\/\/kruczekrakanie.pl\/wp-content\/uploads\/2018\/10\/IMGP1760-1024x679.jpg 1024w, https:\/\/kruczekrakanie.pl\/wp-content\/uploads\/2018\/10\/IMGP1760-300x199.jpg 300w, https:\/\/kruczekrakanie.pl\/wp-content\/uploads\/2018\/10\/IMGP1760-768x509.jpg 768w, https:\/\/kruczekrakanie.pl\/wp-content\/uploads\/2018\/10\/IMGP1760.jpg 2048w\" sizes=\"auto, (max-width: 767px) 89vw, (max-width: 1000px) 54vw, (max-width: 1071px) 543px, 580px\" \/><figcaption>Jama Beredine<\/figcaption><\/figure>\n\n\n\n<p class=\"wp-block-paragraph\">By\u0142 rejs na Wyspy Brio\u0144skie (Park Narodowy Wysp Brijuni).<\/p>\n\n\n\n<figure class=\"wp-block-image\"><img loading=\"lazy\" decoding=\"async\" width=\"1024\" height=\"679\" src=\"https:\/\/kruczekrakanie.pl\/wp-content\/uploads\/2018\/10\/IMGP1853-1024x679.jpg\" alt=\"\" class=\"wp-image-753\" srcset=\"https:\/\/kruczekrakanie.pl\/wp-content\/uploads\/2018\/10\/IMGP1853-1024x679.jpg 1024w, https:\/\/kruczekrakanie.pl\/wp-content\/uploads\/2018\/10\/IMGP1853-300x199.jpg 300w, https:\/\/kruczekrakanie.pl\/wp-content\/uploads\/2018\/10\/IMGP1853-768x509.jpg 768w, https:\/\/kruczekrakanie.pl\/wp-content\/uploads\/2018\/10\/IMGP1853.jpg 2048w\" sizes=\"auto, (max-width: 767px) 89vw, (max-width: 1000px) 54vw, (max-width: 1071px) 543px, 580px\" \/><\/figure>\n\n\n\n<p class=\"wp-block-paragraph\">By\u0142o zwiedzanie Rovinj, kt\u00f3re urod\u0105 nie ust\u0119puje Wenecji.<\/p>\n\n\n\n<figure class=\"wp-block-image\"><img loading=\"lazy\" decoding=\"async\" width=\"1024\" height=\"679\" src=\"https:\/\/kruczekrakanie.pl\/wp-content\/uploads\/2018\/10\/IMGP1938-1024x679.jpg\" alt=\"\" class=\"wp-image-752\" srcset=\"https:\/\/kruczekrakanie.pl\/wp-content\/uploads\/2018\/10\/IMGP1938-1024x679.jpg 1024w, https:\/\/kruczekrakanie.pl\/wp-content\/uploads\/2018\/10\/IMGP1938-300x199.jpg 300w, https:\/\/kruczekrakanie.pl\/wp-content\/uploads\/2018\/10\/IMGP1938-768x509.jpg 768w, https:\/\/kruczekrakanie.pl\/wp-content\/uploads\/2018\/10\/IMGP1938.jpg 2048w\" sizes=\"auto, (max-width: 767px) 89vw, (max-width: 1000px) 54vw, (max-width: 1071px) 543px, 580px\" \/><\/figure>\n\n\n\n<figure class=\"wp-block-image\"><img loading=\"lazy\" decoding=\"async\" width=\"1024\" height=\"679\" src=\"https:\/\/kruczekrakanie.pl\/wp-content\/uploads\/2018\/10\/IMGP1879-1024x679.jpg\" alt=\"\" class=\"wp-image-751\" srcset=\"https:\/\/kruczekrakanie.pl\/wp-content\/uploads\/2018\/10\/IMGP1879-1024x679.jpg 1024w, https:\/\/kruczekrakanie.pl\/wp-content\/uploads\/2018\/10\/IMGP1879-300x199.jpg 300w, https:\/\/kruczekrakanie.pl\/wp-content\/uploads\/2018\/10\/IMGP1879-768x509.jpg 768w, https:\/\/kruczekrakanie.pl\/wp-content\/uploads\/2018\/10\/IMGP1879.jpg 2048w\" sizes=\"auto, (max-width: 767px) 89vw, (max-width: 1000px) 54vw, (max-width: 1071px) 543px, 580px\" \/><\/figure>\n\n\n\n<p class=\"wp-block-paragraph\">Pewnego dnia uznali\u015bmy, \u017ce Chorwacja jest zbyt gor\u0105ca. Zamiast wraca\u0107 do domu pojechali\u015bmy do Wenecji. W ko\u0144cu to przecie\u017c niedaleko.<\/p>\n\n\n\n<figure class=\"wp-block-image\"><img loading=\"lazy\" decoding=\"async\" width=\"1024\" height=\"679\" src=\"https:\/\/kruczekrakanie.pl\/wp-content\/uploads\/2018\/10\/IMGP1990-1024x679.jpg\" alt=\"\" class=\"wp-image-750\" srcset=\"https:\/\/kruczekrakanie.pl\/wp-content\/uploads\/2018\/10\/IMGP1990-1024x679.jpg 1024w, https:\/\/kruczekrakanie.pl\/wp-content\/uploads\/2018\/10\/IMGP1990-300x199.jpg 300w, https:\/\/kruczekrakanie.pl\/wp-content\/uploads\/2018\/10\/IMGP1990-768x509.jpg 768w, https:\/\/kruczekrakanie.pl\/wp-content\/uploads\/2018\/10\/IMGP1990.jpg 2048w\" sizes=\"auto, (max-width: 767px) 89vw, (max-width: 1000px) 54vw, (max-width: 1071px) 543px, 580px\" \/><\/figure>\n\n\n\n<figure class=\"wp-block-image\"><img loading=\"lazy\" decoding=\"async\" width=\"1024\" height=\"679\" src=\"https:\/\/kruczekrakanie.pl\/wp-content\/uploads\/2018\/10\/IMGP2015-1024x679.jpg\" alt=\"\" class=\"wp-image-749\" srcset=\"https:\/\/kruczekrakanie.pl\/wp-content\/uploads\/2018\/10\/IMGP2015-1024x679.jpg 1024w, https:\/\/kruczekrakanie.pl\/wp-content\/uploads\/2018\/10\/IMGP2015-300x199.jpg 300w, https:\/\/kruczekrakanie.pl\/wp-content\/uploads\/2018\/10\/IMGP2015-768x509.jpg 768w, https:\/\/kruczekrakanie.pl\/wp-content\/uploads\/2018\/10\/IMGP2015.jpg 2048w\" sizes=\"auto, (max-width: 767px) 89vw, (max-width: 1000px) 54vw, (max-width: 1071px) 543px, 580px\" \/><\/figure>\n\n\n\n<figure class=\"wp-block-image\"><img loading=\"lazy\" decoding=\"async\" width=\"1024\" height=\"679\" src=\"https:\/\/kruczekrakanie.pl\/wp-content\/uploads\/2018\/10\/IMGP2066-1024x679.jpg\" alt=\"\" class=\"wp-image-748\" srcset=\"https:\/\/kruczekrakanie.pl\/wp-content\/uploads\/2018\/10\/IMGP2066-1024x679.jpg 1024w, https:\/\/kruczekrakanie.pl\/wp-content\/uploads\/2018\/10\/IMGP2066-300x199.jpg 300w, https:\/\/kruczekrakanie.pl\/wp-content\/uploads\/2018\/10\/IMGP2066-768x509.jpg 768w, https:\/\/kruczekrakanie.pl\/wp-content\/uploads\/2018\/10\/IMGP2066.jpg 2048w\" sizes=\"auto, (max-width: 767px) 89vw, (max-width: 1000px) 54vw, (max-width: 1071px) 543px, 580px\" \/><\/figure>\n\n\n\n<figure class=\"wp-block-image\"><img loading=\"lazy\" decoding=\"async\" width=\"1024\" height=\"679\" src=\"https:\/\/kruczekrakanie.pl\/wp-content\/uploads\/2018\/10\/IMGP2171-1024x679.jpg\" alt=\"\" class=\"wp-image-747\" srcset=\"https:\/\/kruczekrakanie.pl\/wp-content\/uploads\/2018\/10\/IMGP2171-1024x679.jpg 1024w, https:\/\/kruczekrakanie.pl\/wp-content\/uploads\/2018\/10\/IMGP2171-300x199.jpg 300w, https:\/\/kruczekrakanie.pl\/wp-content\/uploads\/2018\/10\/IMGP2171-768x509.jpg 768w, https:\/\/kruczekrakanie.pl\/wp-content\/uploads\/2018\/10\/IMGP2171.jpg 2048w\" sizes=\"auto, (max-width: 767px) 89vw, (max-width: 1000px) 54vw, (max-width: 1071px) 543px, 580px\" \/><\/figure>\n\n\n\n<hr class=\"wp-block-separator\"\/>\n\n\n\n<p class=\"wp-block-paragraph\">Albumy zdj\u0119\u0107<\/p>\n\n\n\n<ul class=\"wp-block-list\"><li><a href=\"https:\/\/photos.app.goo.gl\/fMEotQoiWXJH94hR6\" target=\"_blank\">Budapeszt<\/a><\/li><li><a href=\"https:\/\/photos.app.goo.gl\/eLJ16K8v9g1sMt2j8\" target=\"_blank\">Budapeszt 2<\/a><\/li><li><a href=\"https:\/\/photos.app.goo.gl\/gRHLjtxb77fJRmqt6\" target=\"_blank\">Zoo w Budapeszcie<\/a><\/li><li><a href=\"https:\/\/photos.app.goo.gl\/zjuff9BUSDTc4LCL8\" target=\"_blank\">Nocne zwiedzanie Budapesztu<\/a><\/li><li><a href=\"https:\/\/photos.app.goo.gl\/k8AEfbm5o5NDL1Ei6\" target=\"_blank\">Chorwacja 1<\/a><\/li><li><a href=\"https:\/\/photos.app.goo.gl\/b8Qz9txQi7q5e1C28\" target=\"_blank\">Jama Beredine<\/a><\/li><li><a href=\"https:\/\/photos.app.goo.gl\/VStf2Ug9tHdEr6DKA\" target=\"_blank\">Rejs na Brijuni<\/a><\/li><li><a href=\"https:\/\/photos.app.goo.gl\/9PBKpeeeWsHcbnv9A\" target=\"_blank\">Rovinj<\/a><\/li><li><a href=\"https:\/\/photos.app.goo.gl\/VsHryxwWfmUjZMZy9\" target=\"_blank\">Wenecja 1<\/a><\/li><li><a href=\"https:\/\/photos.app.goo.gl\/Py3crFPoaLJiNNgR6\" target=\"_blank\">Wenecja 2<\/a><\/li><\/ul>\n\n\n\n<hr class=\"wp-block-separator\"\/>\n\n\n\n<p class=\"wp-block-paragraph\">Wpisy w blogu<\/p>\n\n\n\n<p class=\"wp-block-paragraph\"><ul class=\"display-posts-listing\"><li class=\"listing-item\"><a class=\"title\" href=\"https:\/\/kruczekrakanie.pl\/index.php\/2018\/10\/13\/budapesztanskie-pokrywki\/\">Budapeszta\u0144skie pokrywki<\/a><\/li><\/ul><\/p>\n","protected":false},"excerpt":{"rendered":"<p>Lato 2014 to objazdowa wycieczka na po\u0142udnie Europy. Planowali\u015bmy przez Budapeszt dotrze\u0107 na p\u00f3\u0142noc Chorwacji, na p\u00f3\u0142wysep Istria. Potem do listy cel\u00f3w do\u0142\u0105czy\u0142a Wenecja, bo przecie\u017c by\u0142a blisko. Pocz\u0105tek &#8211; Budapeszt. Bardzo mi si\u0119 to miasto podoba\u0142o. Widoki z obu brzeg\u00f3w Dunaju s\u0105 kapitalne. W nocy te\u017c zwiedzali\u015bmy. I w zoo byli\u015bmy. A nawet s\u0142uchali\u015bmy &hellip; <\/p>\n<p class=\"link-more\"><a href=\"https:\/\/kruczekrakanie.pl\/index.php\/2018\/10\/13\/budapesztanskie-pokrywki\/\" class=\"more-link\">Czytaj dalej<span class=\"screen-reader-text\"> \u201eBudapeszta\u0144skie pokrywki\u201d<\/span><\/a><\/p>\n","protected":false},"author":2,"featured_media":1019,"parent":101,"menu_order":0,"comment_status":"closed","ping_status":"closed","template":"","meta":{"_crdt_document":"","ngg_post_thumbnail":0,"footnotes":""},"class_list":["post-746","page","type-page","status-publish","has-post-thumbnail","hentry"],"_links":{"self":[{"href":"https:\/\/kruczekrakanie.pl\/index.php\/wp-json\/wp\/v2\/pages\/746","targetHints":{"allow":["GET"]}}],"collection":[{"href":"https:\/\/kruczekrakanie.pl\/index.php\/wp-json\/wp\/v2\/pages"}],"about":[{"href":"https:\/\/kruczekrakanie.pl\/index.php\/wp-json\/wp\/v2\/types\/page"}],"author":[{"embeddable":true,"href":"https:\/\/kruczekrakanie.pl\/index.php\/wp-json\/wp\/v2\/users\/2"}],"replies":[{"embeddable":true,"href":"https:\/\/kruczekrakanie.pl\/index.php\/wp-json\/wp\/v2\/comments?post=746"}],"version-history":[{"count":2,"href":"https:\/\/kruczekrakanie.pl\/index.php\/wp-json\/wp\/v2\/pages\/746\/revisions"}],"predecessor-version":[{"id":1020,"href":"https:\/\/kruczekrakanie.pl\/index.php\/wp-json\/wp\/v2\/pages\/746\/revisions\/1020"}],"up":[{"embeddable":true,"href":"https:\/\/kruczekrakanie.pl\/index.php\/wp-json\/wp\/v2\/pages\/101"}],"wp:featuredmedia":[{"embeddable":true,"href":"https:\/\/kruczekrakanie.pl\/index.php\/wp-json\/wp\/v2\/media\/1019"}],"wp:attachment":[{"href":"https:\/\/kruczekrakanie.pl\/index.php\/wp-json\/wp\/v2\/media?parent=746"}],"curies":[{"name":"wp","href":"https:\/\/api.w.org\/{rel}","templated":true}]}}