{"id":729,"date":"2018-10-13T19:12:37","date_gmt":"2018-10-13T19:12:37","guid":{"rendered":"http:\/\/kruczekrakanie.pl\/?page_id=729"},"modified":"2018-11-20T20:35:43","modified_gmt":"2018-11-20T20:35:43","slug":"cypr-2014","status":"publish","type":"page","link":"https:\/\/kruczekrakanie.pl\/index.php\/wycieczki\/cypr-2014\/","title":{"rendered":"Cypr 2014"},"content":{"rendered":"\n<p class=\"wp-block-paragraph\">Zimowa (wiosenna?) wycieczka w 2014 w planach mierzy\u0142a w Grecj\u0119. Pocz\u0105tkowo chcieli\u015bmy jecha\u0107 na Kret\u0119, ale trafili\u015bmy na Cypr. Kwiecie\u0144 na tej wyspie jest ju\u017c ca\u0142kiem ciep\u0142y. Lato raczej nie jest zalecan\u0105 por\u0105 wycieczek, szczeg\u00f3lnie dla kogo\u015b, kto tak jak my s\u0142abo znosi upa\u0142y.<\/p>\n\n\n\n<figure class=\"wp-block-image\"><img loading=\"lazy\" decoding=\"async\" width=\"1024\" height=\"679\" src=\"https:\/\/kruczekrakanie.pl\/wp-content\/uploads\/2018\/10\/IMGP0353-1024x679.jpg\" alt=\"\" class=\"wp-image-731\" srcset=\"https:\/\/kruczekrakanie.pl\/wp-content\/uploads\/2018\/10\/IMGP0353-1024x679.jpg 1024w, https:\/\/kruczekrakanie.pl\/wp-content\/uploads\/2018\/10\/IMGP0353-300x199.jpg 300w, https:\/\/kruczekrakanie.pl\/wp-content\/uploads\/2018\/10\/IMGP0353-768x509.jpg 768w, https:\/\/kruczekrakanie.pl\/wp-content\/uploads\/2018\/10\/IMGP0353.jpg 2048w\" sizes=\"auto, (max-width: 767px) 89vw, (max-width: 1000px) 54vw, (max-width: 1071px) 543px, 580px\" \/><figcaption>Powitanie z Cyprem<\/figcaption><\/figure>\n\n\n\n<figure class=\"wp-block-image\"><img loading=\"lazy\" decoding=\"async\" width=\"1024\" height=\"679\" src=\"https:\/\/kruczekrakanie.pl\/wp-content\/uploads\/2018\/10\/IMGP0363-1024x679.jpg\" alt=\"\" class=\"wp-image-732\" srcset=\"https:\/\/kruczekrakanie.pl\/wp-content\/uploads\/2018\/10\/IMGP0363-1024x679.jpg 1024w, https:\/\/kruczekrakanie.pl\/wp-content\/uploads\/2018\/10\/IMGP0363-300x199.jpg 300w, https:\/\/kruczekrakanie.pl\/wp-content\/uploads\/2018\/10\/IMGP0363-768x509.jpg 768w, https:\/\/kruczekrakanie.pl\/wp-content\/uploads\/2018\/10\/IMGP0363.jpg 2048w\" sizes=\"auto, (max-width: 767px) 89vw, (max-width: 1000px) 54vw, (max-width: 1071px) 543px, 580px\" \/><figcaption>Widok z hotelu<\/figcaption><\/figure>\n\n\n\n<p class=\"wp-block-paragraph\">Ca\u0142a wycieczka by\u0142a w naszym ju\u017c sprowadzonym modelu &#8211; auto z wypo\u017cyczalni i objazd\u00f3wka po okolicznych atrakcjach. Nie zabrak\u0142o te\u017c pla\u017cowania i cowieczornych k\u0105pieli w basenie, bo morze jednak troch\u0119 ch\u0142odne.<\/p>\n\n\n\n<figure class=\"wp-block-image\"><img loading=\"lazy\" decoding=\"async\" width=\"1024\" height=\"679\" src=\"https:\/\/kruczekrakanie.pl\/wp-content\/uploads\/2018\/10\/IMGP0375-1024x679.jpg\" alt=\"\" class=\"wp-image-740\" srcset=\"https:\/\/kruczekrakanie.pl\/wp-content\/uploads\/2018\/10\/IMGP0375-1024x679.jpg 1024w, https:\/\/kruczekrakanie.pl\/wp-content\/uploads\/2018\/10\/IMGP0375-300x199.jpg 300w, https:\/\/kruczekrakanie.pl\/wp-content\/uploads\/2018\/10\/IMGP0375-768x509.jpg 768w, https:\/\/kruczekrakanie.pl\/wp-content\/uploads\/2018\/10\/IMGP0375.jpg 2048w\" sizes=\"auto, (max-width: 767px) 89vw, (max-width: 1000px) 54vw, (max-width: 1071px) 543px, 580px\" \/><\/figure>\n\n\n\n<figure class=\"wp-block-image\"><img loading=\"lazy\" decoding=\"async\" width=\"1024\" height=\"679\" src=\"https:\/\/kruczekrakanie.pl\/wp-content\/uploads\/2018\/10\/IMGP0558-1024x679.jpg\" alt=\"\" class=\"wp-image-737\" srcset=\"https:\/\/kruczekrakanie.pl\/wp-content\/uploads\/2018\/10\/IMGP0558-1024x679.jpg 1024w, https:\/\/kruczekrakanie.pl\/wp-content\/uploads\/2018\/10\/IMGP0558-300x199.jpg 300w, https:\/\/kruczekrakanie.pl\/wp-content\/uploads\/2018\/10\/IMGP0558-768x509.jpg 768w, https:\/\/kruczekrakanie.pl\/wp-content\/uploads\/2018\/10\/IMGP0558.jpg 2048w\" sizes=\"auto, (max-width: 767px) 89vw, (max-width: 1000px) 54vw, (max-width: 1071px) 543px, 580px\" \/><figcaption>Grecki amfiteatr<\/figcaption><\/figure>\n\n\n\n<figure class=\"wp-block-image\"><img loading=\"lazy\" decoding=\"async\" width=\"1024\" height=\"679\" src=\"https:\/\/kruczekrakanie.pl\/wp-content\/uploads\/2018\/10\/IMGP0425-1-1024x679.jpg\" alt=\"\" class=\"wp-image-741\" srcset=\"https:\/\/kruczekrakanie.pl\/wp-content\/uploads\/2018\/10\/IMGP0425-1-1024x679.jpg 1024w, https:\/\/kruczekrakanie.pl\/wp-content\/uploads\/2018\/10\/IMGP0425-1-300x199.jpg 300w, https:\/\/kruczekrakanie.pl\/wp-content\/uploads\/2018\/10\/IMGP0425-1-768x509.jpg 768w, https:\/\/kruczekrakanie.pl\/wp-content\/uploads\/2018\/10\/IMGP0425-1.jpg 2048w\" sizes=\"auto, (max-width: 767px) 89vw, (max-width: 1000px) 54vw, (max-width: 1071px) 543px, 580px\" \/><figcaption>Greckie ruiny<\/figcaption><\/figure>\n\n\n\n<p class=\"wp-block-paragraph\">W trakcie jednej z pieszych wycieczek zwiedzili\u015bmy W\u0105w\u00f3z Avakas (Avakas Gorge). Jest tak w\u0105ski, \u017ce tylko jaszczurka mo\u017ce si\u0119 prze\u015blizgn\u0105\u0107.<\/p>\n\n\n\n<figure class=\"wp-block-image\"><img loading=\"lazy\" decoding=\"async\" width=\"679\" height=\"1024\" src=\"https:\/\/kruczekrakanie.pl\/wp-content\/uploads\/2018\/10\/IMGP0646-679x1024.jpg\" alt=\"\" class=\"wp-image-735\" srcset=\"https:\/\/kruczekrakanie.pl\/wp-content\/uploads\/2018\/10\/IMGP0646-679x1024.jpg 679w, https:\/\/kruczekrakanie.pl\/wp-content\/uploads\/2018\/10\/IMGP0646-199x300.jpg 199w, https:\/\/kruczekrakanie.pl\/wp-content\/uploads\/2018\/10\/IMGP0646-768x1159.jpg 768w, https:\/\/kruczekrakanie.pl\/wp-content\/uploads\/2018\/10\/IMGP0646.jpg 1357w\" sizes=\"auto, (max-width: 679px) 100vw, 679px\" \/><figcaption>W w\u0105wozie<\/figcaption><\/figure>\n\n\n\n<figure class=\"wp-block-image\"><img loading=\"lazy\" decoding=\"async\" width=\"1024\" height=\"681\" src=\"https:\/\/kruczekrakanie.pl\/wp-content\/uploads\/2018\/10\/IMGP0669-1024x681.jpg\" alt=\"\" class=\"wp-image-734\" srcset=\"https:\/\/kruczekrakanie.pl\/wp-content\/uploads\/2018\/10\/IMGP0669-1024x681.jpg 1024w, https:\/\/kruczekrakanie.pl\/wp-content\/uploads\/2018\/10\/IMGP0669-300x200.jpg 300w, https:\/\/kruczekrakanie.pl\/wp-content\/uploads\/2018\/10\/IMGP0669-768x511.jpg 768w, https:\/\/kruczekrakanie.pl\/wp-content\/uploads\/2018\/10\/IMGP0669.jpg 2048w\" sizes=\"auto, (max-width: 767px) 89vw, (max-width: 1000px) 54vw, (max-width: 1071px) 543px, 580px\" \/><figcaption>Takich stwor\u00f3w jest na odludziu pe\u0142no<\/figcaption><\/figure>\n\n\n\n<p class=\"wp-block-paragraph\">Innego dnia trafili\u015bmy do \u0141a\u017ani Afrodyty oraz na bardzo widokow\u0105 tras\u0119 piesz\u0105 po Parku Akamas.<\/p>\n\n\n\n<figure class=\"wp-block-image\"><img loading=\"lazy\" decoding=\"async\" width=\"1024\" height=\"679\" src=\"https:\/\/kruczekrakanie.pl\/wp-content\/uploads\/2018\/10\/IMGP0536-1024x679.jpg\" alt=\"\" class=\"wp-image-739\" srcset=\"https:\/\/kruczekrakanie.pl\/wp-content\/uploads\/2018\/10\/IMGP0536-1024x679.jpg 1024w, https:\/\/kruczekrakanie.pl\/wp-content\/uploads\/2018\/10\/IMGP0536-300x199.jpg 300w, https:\/\/kruczekrakanie.pl\/wp-content\/uploads\/2018\/10\/IMGP0536-768x509.jpg 768w, https:\/\/kruczekrakanie.pl\/wp-content\/uploads\/2018\/10\/IMGP0536.jpg 2048w\" sizes=\"auto, (max-width: 767px) 89vw, (max-width: 1000px) 54vw, (max-width: 1071px) 543px, 580px\" \/><figcaption>\u0141a\u017ania Afrodyty<\/figcaption><\/figure>\n\n\n\n<figure class=\"wp-block-image\"><img loading=\"lazy\" decoding=\"async\" width=\"1024\" height=\"768\" src=\"https:\/\/kruczekrakanie.pl\/wp-content\/uploads\/2018\/10\/IMGP0355-1024x768.jpg\" alt=\"\" class=\"wp-image-738\" srcset=\"https:\/\/kruczekrakanie.pl\/wp-content\/uploads\/2018\/10\/IMGP0355-1024x768.jpg 1024w, https:\/\/kruczekrakanie.pl\/wp-content\/uploads\/2018\/10\/IMGP0355-300x225.jpg 300w, https:\/\/kruczekrakanie.pl\/wp-content\/uploads\/2018\/10\/IMGP0355-768x576.jpg 768w, https:\/\/kruczekrakanie.pl\/wp-content\/uploads\/2018\/10\/IMGP0355.jpg 2048w\" sizes=\"auto, (max-width: 767px) 89vw, (max-width: 1000px) 54vw, (max-width: 1071px) 543px, 580px\" \/><figcaption>Akamas. Do morza daleko!<\/figcaption><\/figure>\n\n\n\n<p class=\"wp-block-paragraph\">Reszta wycieczki to podziwianie greckich zabytk\u00f3w, jedzenie gyros\u00f3w w pobliskiej knajpce, dokarmianie kot\u00f3w i wieczorne p\u0142ywanie.<\/p>\n\n\n\n<figure class=\"wp-block-image\"><img loading=\"lazy\" decoding=\"async\" width=\"1024\" height=\"679\" src=\"https:\/\/kruczekrakanie.pl\/wp-content\/uploads\/2018\/10\/IMGP0604-1024x679.jpg\" alt=\"\" class=\"wp-image-736\" srcset=\"https:\/\/kruczekrakanie.pl\/wp-content\/uploads\/2018\/10\/IMGP0604-1024x679.jpg 1024w, https:\/\/kruczekrakanie.pl\/wp-content\/uploads\/2018\/10\/IMGP0604-300x199.jpg 300w, https:\/\/kruczekrakanie.pl\/wp-content\/uploads\/2018\/10\/IMGP0604-768x509.jpg 768w, https:\/\/kruczekrakanie.pl\/wp-content\/uploads\/2018\/10\/IMGP0604.jpg 2048w\" sizes=\"auto, (max-width: 767px) 89vw, (max-width: 1000px) 54vw, (max-width: 1071px) 543px, 580px\" \/><figcaption>Kato Pafos<\/figcaption><\/figure>\n\n\n\n<figure class=\"wp-block-image\"><img loading=\"lazy\" decoding=\"async\" width=\"1024\" height=\"679\" src=\"https:\/\/kruczekrakanie.pl\/wp-content\/uploads\/2018\/10\/IMGP0691-1024x679.jpg\" alt=\"\" class=\"wp-image-733\" srcset=\"https:\/\/kruczekrakanie.pl\/wp-content\/uploads\/2018\/10\/IMGP0691-1024x679.jpg 1024w, https:\/\/kruczekrakanie.pl\/wp-content\/uploads\/2018\/10\/IMGP0691-300x199.jpg 300w, https:\/\/kruczekrakanie.pl\/wp-content\/uploads\/2018\/10\/IMGP0691-768x509.jpg 768w, https:\/\/kruczekrakanie.pl\/wp-content\/uploads\/2018\/10\/IMGP0691.jpg 2048w\" sizes=\"auto, (max-width: 767px) 89vw, (max-width: 1000px) 54vw, (max-width: 1071px) 543px, 580px\" \/><\/figure>\n\n\n\n<hr class=\"wp-block-separator\"\/>\n\n\n\n<p class=\"wp-block-paragraph\">Albumy zdj\u0119\u0107<\/p>\n\n\n\n<ul class=\"wp-block-list\"><li><a href=\"https:\/\/photos.app.goo.gl\/bKPdoD34dUfwg7FbA\" target=\"_blank\">Dzie\u0144 1<\/a><\/li><li><a href=\"https:\/\/photos.app.goo.gl\/c1HuHJ2wAZyT4NJx7\" target=\"_blank\">Dzie\u0144 2<\/a><\/li><li><a href=\"https:\/\/photos.app.goo.gl\/v3pvihRbcozjnuBh7\" target=\"_blank\">Dzie\u0144 3<\/a><\/li><li><a href=\"https:\/\/photos.app.goo.gl\/PjY9mk7pTY1JXaXy8\" target=\"_blank\">Dzie\u0144 4<\/a><\/li><li><a href=\"https:\/\/photos.app.goo.gl\/jJGNQjgAdsEfo2bj9\" target=\"_blank\">Dzie\u0144 5<\/a><\/li><li><a href=\"https:\/\/photos.app.goo.gl\/hsxzZvhT19sULdu27\" target=\"_blank\">Dzie\u0144 6<\/a><\/li><li><a href=\"https:\/\/photos.app.goo.gl\/Y9FVn6EBfWG6rXRD7\" target=\"_blank\">Dzie\u0144 7<\/a><\/li><\/ul>\n\n\n\n<hr class=\"wp-block-separator\"\/>\n\n\n\n<p class=\"wp-block-paragraph\">Wspomnienia z wycieczki<\/p>\n\n\n\n<p class=\"wp-block-paragraph\"><\/p>\n","protected":false},"excerpt":{"rendered":"<p>Zimowa (wiosenna?) wycieczka w 2014 w planach mierzy\u0142a w Grecj\u0119. Pocz\u0105tkowo chcieli\u015bmy jecha\u0107 na Kret\u0119, ale trafili\u015bmy na Cypr. Kwiecie\u0144 na tej wyspie jest ju\u017c ca\u0142kiem ciep\u0142y. Lato raczej nie jest zalecan\u0105 por\u0105 wycieczek, szczeg\u00f3lnie dla kogo\u015b, kto tak jak my s\u0142abo znosi upa\u0142y. Ca\u0142a wycieczka by\u0142a w naszym ju\u017c sprowadzonym modelu &#8211; auto z &hellip; <\/p>\n<p class=\"link-more\"><a href=\"https:\/\/kruczekrakanie.pl\/index.php\/wycieczki\/cypr-2014\/\" class=\"more-link\">Czytaj dalej<span class=\"screen-reader-text\"> \u201eCypr 2014\u201d<\/span><\/a><\/p>\n","protected":false},"author":2,"featured_media":1022,"parent":101,"menu_order":0,"comment_status":"closed","ping_status":"closed","template":"","meta":{"_crdt_document":"","ngg_post_thumbnail":0,"footnotes":""},"class_list":["post-729","page","type-page","status-publish","has-post-thumbnail","hentry"],"_links":{"self":[{"href":"https:\/\/kruczekrakanie.pl\/index.php\/wp-json\/wp\/v2\/pages\/729","targetHints":{"allow":["GET"]}}],"collection":[{"href":"https:\/\/kruczekrakanie.pl\/index.php\/wp-json\/wp\/v2\/pages"}],"about":[{"href":"https:\/\/kruczekrakanie.pl\/index.php\/wp-json\/wp\/v2\/types\/page"}],"author":[{"embeddable":true,"href":"https:\/\/kruczekrakanie.pl\/index.php\/wp-json\/wp\/v2\/users\/2"}],"replies":[{"embeddable":true,"href":"https:\/\/kruczekrakanie.pl\/index.php\/wp-json\/wp\/v2\/comments?post=729"}],"version-history":[{"count":2,"href":"https:\/\/kruczekrakanie.pl\/index.php\/wp-json\/wp\/v2\/pages\/729\/revisions"}],"predecessor-version":[{"id":745,"href":"https:\/\/kruczekrakanie.pl\/index.php\/wp-json\/wp\/v2\/pages\/729\/revisions\/745"}],"up":[{"embeddable":true,"href":"https:\/\/kruczekrakanie.pl\/index.php\/wp-json\/wp\/v2\/pages\/101"}],"wp:featuredmedia":[{"embeddable":true,"href":"https:\/\/kruczekrakanie.pl\/index.php\/wp-json\/wp\/v2\/media\/1022"}],"wp:attachment":[{"href":"https:\/\/kruczekrakanie.pl\/index.php\/wp-json\/wp\/v2\/media?parent=729"}],"curies":[{"name":"wp","href":"https:\/\/api.w.org\/{rel}","templated":true}]}}