{"id":714,"date":"2018-10-13T18:09:28","date_gmt":"2018-10-13T18:09:28","guid":{"rendered":"http:\/\/kruczekrakanie.pl\/?page_id=714"},"modified":"2019-04-14T09:01:13","modified_gmt":"2019-04-14T09:01:13","slug":"dania-2012","status":"publish","type":"page","link":"https:\/\/kruczekrakanie.pl\/index.php\/wycieczki\/dania-2012\/","title":{"rendered":"Dania 2012"},"content":{"rendered":"\n<p class=\"wp-block-paragraph\">Druga wizyta w Danii. Podoba\u0142o nam si\u0119 za pierwszym razem, wi\u0119c postanowili\u015bmy odwiedzi\u0107 pomini\u0119te miejsca. Zacz\u0119li\u015bmy podobnie, bo dojecha\u0107 tam trzeba. Za pierwszym razem jechali\u015bmy z Warszawy w kierunku Jutlandii, przez Kiel. Teraz te\u017c wyruszyli\u015bmy podobn\u0105 tras\u0105, ale do niemieckiego Susel. Mie\u015bci si\u0119 tam park rozrywki Hansa Park.<\/p>\n\n\n\n<div class=\"wp-block-image\"><figure class=\"aligncenter\"><img loading=\"lazy\" decoding=\"async\" width=\"1024\" height=\"681\" src=\"https:\/\/kruczekrakanie.pl\/wp-content\/uploads\/2018\/10\/SG203926-1024x681.jpg\" alt=\"\" class=\"wp-image-718\" srcset=\"https:\/\/kruczekrakanie.pl\/wp-content\/uploads\/2018\/10\/SG203926-1024x681.jpg 1024w, https:\/\/kruczekrakanie.pl\/wp-content\/uploads\/2018\/10\/SG203926-300x199.jpg 300w, https:\/\/kruczekrakanie.pl\/wp-content\/uploads\/2018\/10\/SG203926-768x510.jpg 768w, https:\/\/kruczekrakanie.pl\/wp-content\/uploads\/2018\/10\/SG203926.jpg 2048w\" sizes=\"auto, (max-width: 767px) 89vw, (max-width: 1000px) 54vw, (max-width: 1071px) 543px, 580px\" \/><figcaption>Piraci w Hansa Park<\/figcaption><\/figure><\/div>\n\n\n\n<div class=\"wp-block-image\"><figure class=\"aligncenter\"><img loading=\"lazy\" decoding=\"async\" width=\"1024\" height=\"681\" src=\"https:\/\/kruczekrakanie.pl\/wp-content\/uploads\/2018\/10\/SG203940-1024x681.jpg\" alt=\"\" class=\"wp-image-716\" srcset=\"https:\/\/kruczekrakanie.pl\/wp-content\/uploads\/2018\/10\/SG203940-1024x681.jpg 1024w, https:\/\/kruczekrakanie.pl\/wp-content\/uploads\/2018\/10\/SG203940-300x199.jpg 300w, https:\/\/kruczekrakanie.pl\/wp-content\/uploads\/2018\/10\/SG203940-768x510.jpg 768w, https:\/\/kruczekrakanie.pl\/wp-content\/uploads\/2018\/10\/SG203940.jpg 2048w\" sizes=\"auto, (max-width: 767px) 89vw, (max-width: 1000px) 54vw, (max-width: 1071px) 543px, 580px\" \/><figcaption>Kowbojskie miasteczko te\u017c jest<\/figcaption><\/figure><\/div>\n\n\n\n<p class=\"wp-block-paragraph\">Potem przep\u0142yn\u0119li\u015bmy promem na du\u0144sk\u0105 wysp\u0119 Lolland i odwiedzili\u015bmy park safari&nbsp;Knuthenborg. Fajne miejsce, bo zwierz\u0105t nie ogl\u0105da si\u0119 zza krat, jak w zoo, a chodz\u0105c pomi\u0119dzy nimi.<\/p>\n\n\n\n<div class=\"wp-block-image\"><figure class=\"aligncenter\"><img loading=\"lazy\" decoding=\"async\" width=\"1024\" height=\"681\" src=\"https:\/\/kruczekrakanie.pl\/wp-content\/uploads\/2018\/10\/SG204008-1024x681.jpg\" alt=\"\" class=\"wp-image-720\" srcset=\"https:\/\/kruczekrakanie.pl\/wp-content\/uploads\/2018\/10\/SG204008-1024x681.jpg 1024w, https:\/\/kruczekrakanie.pl\/wp-content\/uploads\/2018\/10\/SG204008-300x199.jpg 300w, https:\/\/kruczekrakanie.pl\/wp-content\/uploads\/2018\/10\/SG204008-768x510.jpg 768w, https:\/\/kruczekrakanie.pl\/wp-content\/uploads\/2018\/10\/SG204008.jpg 2048w\" sizes=\"auto, (max-width: 767px) 89vw, (max-width: 1000px) 54vw, (max-width: 1071px) 543px, 580px\" \/><figcaption>Ma\u0142e kozy<\/figcaption><\/figure><\/div>\n\n\n\n<div class=\"wp-block-image\"><figure class=\"aligncenter\"><img loading=\"lazy\" decoding=\"async\" width=\"1024\" height=\"681\" src=\"https:\/\/kruczekrakanie.pl\/wp-content\/uploads\/2018\/10\/SG203975-1024x681.jpg\" alt=\"\" class=\"wp-image-721\" srcset=\"https:\/\/kruczekrakanie.pl\/wp-content\/uploads\/2018\/10\/SG203975-1024x681.jpg 1024w, https:\/\/kruczekrakanie.pl\/wp-content\/uploads\/2018\/10\/SG203975-300x199.jpg 300w, https:\/\/kruczekrakanie.pl\/wp-content\/uploads\/2018\/10\/SG203975-768x510.jpg 768w, https:\/\/kruczekrakanie.pl\/wp-content\/uploads\/2018\/10\/SG203975.jpg 2048w\" sizes=\"auto, (max-width: 767px) 89vw, (max-width: 1000px) 54vw, (max-width: 1071px) 543px, 580px\" \/><figcaption>Szerokie u\u015bmiechy<\/figcaption><\/figure><\/div>\n\n\n\n<div class=\"wp-block-image\"><figure class=\"aligncenter\"><img loading=\"lazy\" decoding=\"async\" width=\"1024\" height=\"681\" src=\"https:\/\/kruczekrakanie.pl\/wp-content\/uploads\/2018\/10\/SG203949-1024x681.jpg\" alt=\"\" class=\"wp-image-722\" srcset=\"https:\/\/kruczekrakanie.pl\/wp-content\/uploads\/2018\/10\/SG203949-1024x681.jpg 1024w, https:\/\/kruczekrakanie.pl\/wp-content\/uploads\/2018\/10\/SG203949-300x199.jpg 300w, https:\/\/kruczekrakanie.pl\/wp-content\/uploads\/2018\/10\/SG203949-768x510.jpg 768w, https:\/\/kruczekrakanie.pl\/wp-content\/uploads\/2018\/10\/SG203949.jpg 2048w\" sizes=\"auto, (max-width: 767px) 89vw, (max-width: 1000px) 54vw, (max-width: 1071px) 543px, 580px\" \/><figcaption>A to podobno zdj\u0119cie rodzinne. Nie rozumiem&#8230;<\/figcaption><\/figure><\/div>\n\n\n\n<p class=\"wp-block-paragraph\">Potem by\u0142a wyspa Mon i klify Mons Klint. Najwy\u017csze kredowe klify na Ba\u0142tyku. Z do\u0142u do g\u00f3ry jest ponad 500 schodk\u00f3w!<\/p>\n\n\n\n<div class=\"wp-block-image\"><figure class=\"aligncenter\"><img loading=\"lazy\" decoding=\"async\" width=\"1024\" height=\"681\" src=\"https:\/\/kruczekrakanie.pl\/wp-content\/uploads\/2018\/10\/SG204091-1024x681.jpg\" alt=\"\" class=\"wp-image-723\" srcset=\"https:\/\/kruczekrakanie.pl\/wp-content\/uploads\/2018\/10\/SG204091-1024x681.jpg 1024w, https:\/\/kruczekrakanie.pl\/wp-content\/uploads\/2018\/10\/SG204091-300x199.jpg 300w, https:\/\/kruczekrakanie.pl\/wp-content\/uploads\/2018\/10\/SG204091-768x510.jpg 768w, https:\/\/kruczekrakanie.pl\/wp-content\/uploads\/2018\/10\/SG204091.jpg 2048w\" sizes=\"auto, (max-width: 767px) 89vw, (max-width: 1000px) 54vw, (max-width: 1071px) 543px, 580px\" \/><figcaption>Klify na wyspie Mon<\/figcaption><\/figure><\/div>\n\n\n\n<p class=\"wp-block-paragraph\">Ko\u0144c\u00f3wka wycieczki to Kopenhaga i okolice. Jedyna jak dot\u0105d nasza wizyta nad Ba\u0142tykiem, kt\u00f3ra sko\u0144czy\u0142a si\u0119 skuteczn\u0105 k\u0105piel\u0105 w morzu.<\/p>\n\n\n\n<div class=\"wp-block-image\"><figure class=\"aligncenter\"><img loading=\"lazy\" decoding=\"async\" width=\"1024\" height=\"681\" src=\"https:\/\/kruczekrakanie.pl\/wp-content\/uploads\/2018\/10\/SG204136-1024x681.jpg\" alt=\"\" class=\"wp-image-726\" srcset=\"https:\/\/kruczekrakanie.pl\/wp-content\/uploads\/2018\/10\/SG204136-1024x681.jpg 1024w, https:\/\/kruczekrakanie.pl\/wp-content\/uploads\/2018\/10\/SG204136-300x199.jpg 300w, https:\/\/kruczekrakanie.pl\/wp-content\/uploads\/2018\/10\/SG204136-768x510.jpg 768w, https:\/\/kruczekrakanie.pl\/wp-content\/uploads\/2018\/10\/SG204136.jpg 2048w\" sizes=\"auto, (max-width: 767px) 89vw, (max-width: 1000px) 54vw, (max-width: 1071px) 543px, 580px\" \/><figcaption>Suszymy si\u0119<\/figcaption><\/figure><\/div>\n\n\n\n<div class=\"wp-block-image\"><figure class=\"aligncenter\"><img loading=\"lazy\" decoding=\"async\" width=\"1024\" height=\"681\" src=\"https:\/\/kruczekrakanie.pl\/wp-content\/uploads\/2018\/10\/SG204166-1024x681.jpg\" alt=\"\" class=\"wp-image-725\" srcset=\"https:\/\/kruczekrakanie.pl\/wp-content\/uploads\/2018\/10\/SG204166-1024x681.jpg 1024w, https:\/\/kruczekrakanie.pl\/wp-content\/uploads\/2018\/10\/SG204166-300x199.jpg 300w, https:\/\/kruczekrakanie.pl\/wp-content\/uploads\/2018\/10\/SG204166-768x510.jpg 768w, https:\/\/kruczekrakanie.pl\/wp-content\/uploads\/2018\/10\/SG204166.jpg 2048w\" sizes=\"auto, (max-width: 767px) 89vw, (max-width: 1000px) 54vw, (max-width: 1071px) 543px, 580px\" \/><figcaption>Zamek kr\u00f3lewski w Kopenhadze<\/figcaption><\/figure><\/div>\n\n\n\n<div class=\"wp-block-image\"><figure class=\"aligncenter\"><img loading=\"lazy\" decoding=\"async\" width=\"1024\" height=\"681\" src=\"https:\/\/kruczekrakanie.pl\/wp-content\/uploads\/2018\/10\/SG204182-1024x681.jpg\" alt=\"\" class=\"wp-image-724\" srcset=\"https:\/\/kruczekrakanie.pl\/wp-content\/uploads\/2018\/10\/SG204182-1024x681.jpg 1024w, https:\/\/kruczekrakanie.pl\/wp-content\/uploads\/2018\/10\/SG204182-300x199.jpg 300w, https:\/\/kruczekrakanie.pl\/wp-content\/uploads\/2018\/10\/SG204182-768x510.jpg 768w, https:\/\/kruczekrakanie.pl\/wp-content\/uploads\/2018\/10\/SG204182.jpg 2048w\" sizes=\"auto, (max-width: 767px) 89vw, (max-width: 1000px) 54vw, (max-width: 1071px) 543px, 580px\" \/><figcaption>Muzeum Glyptotek ma nawet rze\u017ab\u0119 prosiaka<\/figcaption><\/figure><\/div>\n\n\n\n<hr class=\"wp-block-separator\"\/>\n\n\n\n<p class=\"wp-block-paragraph\">Zdj\u0119cia z tego wyjazdu<\/p>\n\n\n\n<ul class=\"wp-block-list\"><li><a href=\"https:\/\/photos.app.goo.gl\/1Esr3vXnvAcWoFRY7\" target=\"_blank\" rel=\"noopener noreferrer\">Susel i Hansa Park<\/a><\/li><li><a href=\"https:\/\/photos.app.goo.gl\/ecfK6QSyuW444rJeA\" target=\"_blank\" rel=\"noopener noreferrer\">Knuthenborg safari<\/a><\/li><li><a href=\"https:\/\/photos.app.goo.gl\/7V7BaeujRHCfXKqc9\" target=\"_blank\" rel=\"noopener noreferrer\">Klify Borre Mons<\/a><\/li><li><a href=\"https:\/\/photos.app.goo.gl\/4VG3fNhKLxFns8CY7\" target=\"_blank\" rel=\"noopener noreferrer\">Kopenhaga<\/a><\/li><\/ul>\n\n\n\n<hr class=\"wp-block-separator\"\/>\n\n\n\n<p class=\"wp-block-paragraph\">Wspomnienia z wycieczki<\/p>\n\n\n\n<p class=\"wp-block-paragraph\"><\/p>\n","protected":false},"excerpt":{"rendered":"<p>Druga wizyta w Danii. Podoba\u0142o nam si\u0119 za pierwszym razem, wi\u0119c postanowili\u015bmy odwiedzi\u0107 pomini\u0119te miejsca. Zacz\u0119li\u015bmy podobnie, bo dojecha\u0107 tam trzeba. Za pierwszym razem jechali\u015bmy z Warszawy w kierunku Jutlandii, przez Kiel. Teraz te\u017c wyruszyli\u015bmy podobn\u0105 tras\u0105, ale do niemieckiego Susel. Mie\u015bci si\u0119 tam park rozrywki Hansa Park. Potem przep\u0142yn\u0119li\u015bmy promem na du\u0144sk\u0105 wysp\u0119 Lolland &hellip; <\/p>\n<p class=\"link-more\"><a href=\"https:\/\/kruczekrakanie.pl\/index.php\/wycieczki\/dania-2012\/\" class=\"more-link\">Czytaj dalej<span class=\"screen-reader-text\"> \u201eDania 2012\u201d<\/span><\/a><\/p>\n","protected":false},"author":2,"featured_media":1023,"parent":101,"menu_order":0,"comment_status":"closed","ping_status":"closed","template":"","meta":{"_crdt_document":"","ngg_post_thumbnail":0,"footnotes":""},"class_list":["post-714","page","type-page","status-publish","has-post-thumbnail","hentry"],"_links":{"self":[{"href":"https:\/\/kruczekrakanie.pl\/index.php\/wp-json\/wp\/v2\/pages\/714","targetHints":{"allow":["GET"]}}],"collection":[{"href":"https:\/\/kruczekrakanie.pl\/index.php\/wp-json\/wp\/v2\/pages"}],"about":[{"href":"https:\/\/kruczekrakanie.pl\/index.php\/wp-json\/wp\/v2\/types\/page"}],"author":[{"embeddable":true,"href":"https:\/\/kruczekrakanie.pl\/index.php\/wp-json\/wp\/v2\/users\/2"}],"replies":[{"embeddable":true,"href":"https:\/\/kruczekrakanie.pl\/index.php\/wp-json\/wp\/v2\/comments?post=714"}],"version-history":[{"count":3,"href":"https:\/\/kruczekrakanie.pl\/index.php\/wp-json\/wp\/v2\/pages\/714\/revisions"}],"predecessor-version":[{"id":1198,"href":"https:\/\/kruczekrakanie.pl\/index.php\/wp-json\/wp\/v2\/pages\/714\/revisions\/1198"}],"up":[{"embeddable":true,"href":"https:\/\/kruczekrakanie.pl\/index.php\/wp-json\/wp\/v2\/pages\/101"}],"wp:featuredmedia":[{"embeddable":true,"href":"https:\/\/kruczekrakanie.pl\/index.php\/wp-json\/wp\/v2\/media\/1023"}],"wp:attachment":[{"href":"https:\/\/kruczekrakanie.pl\/index.php\/wp-json\/wp\/v2\/media?parent=714"}],"curies":[{"name":"wp","href":"https:\/\/api.w.org\/{rel}","templated":true}]}}