{"id":6904,"date":"2026-05-06T19:40:27","date_gmt":"2026-05-06T19:40:27","guid":{"rendered":"https:\/\/kruczekrakanie.pl\/?page_id=6904"},"modified":"2026-05-06T19:40:27","modified_gmt":"2026-05-06T19:40:27","slug":"bosnia-2026","status":"publish","type":"page","link":"https:\/\/kruczekrakanie.pl\/index.php\/bosnia-2026\/","title":{"rendered":"Bo\u015bnia 2026"},"content":{"rendered":"\n<p class=\"wp-block-paragraph\">No i uda\u0142o si\u0119. Taki troch\u0119 spontan, troch\u0119 zmiana plan\u00f3w, bo mia\u0142a by\u0142 \u0141otwa&#8230; Prognoza pogody nad Ba\u0142tykiem jednak nie zach\u0119ca\u0142a, wi\u0119c&#8230; Bo\u015bnia.<\/p>\n\n\n\n<p class=\"wp-block-paragraph\"><\/p>\n\n\n\n<p class=\"wp-block-paragraph\">Panorama ze szczytem Magli\u0107 na zach\u0119t\u0119.<\/p>\n\n\n\n<figure class=\"wp-block-image size-large\"><img loading=\"lazy\" decoding=\"async\" width=\"1024\" height=\"310\" src=\"https:\/\/kruczekrakanie.pl\/wp-content\/uploads\/2026\/05\/IMG_20260429_145000677-1024x310.jpeg\" alt=\"\" class=\"wp-image-6891\" srcset=\"https:\/\/kruczekrakanie.pl\/wp-content\/uploads\/2026\/05\/IMG_20260429_145000677-1024x310.jpeg 1024w, https:\/\/kruczekrakanie.pl\/wp-content\/uploads\/2026\/05\/IMG_20260429_145000677-300x91.jpeg 300w, https:\/\/kruczekrakanie.pl\/wp-content\/uploads\/2026\/05\/IMG_20260429_145000677-767x232.jpeg 767w, https:\/\/kruczekrakanie.pl\/wp-content\/uploads\/2026\/05\/IMG_20260429_145000677-1536x465.jpeg 1536w, https:\/\/kruczekrakanie.pl\/wp-content\/uploads\/2026\/05\/IMG_20260429_145000677-2048x620.jpeg 2048w\" sizes=\"auto, (max-width: 767px) 89vw, (max-width: 1000px) 54vw, (max-width: 1071px) 543px, 580px\" \/><\/figure>\n\n\n\n<p class=\"wp-block-paragraph\"><\/p>\n\n\n\n<p class=\"wp-block-paragraph\">Trasa: jakie\u015b 1400 km w Bo\u015bni, z tego pewnie ze 300-400 asfalt, reszta teren.<\/p>\n\n\n\n<figure class=\"wp-block-image size-full\"><img loading=\"lazy\" decoding=\"async\" width=\"642\" height=\"666\" src=\"https:\/\/kruczekrakanie.pl\/wp-content\/uploads\/2026\/05\/bosnia-2026-trasa-1.png\" alt=\"\" class=\"wp-image-6906\" srcset=\"https:\/\/kruczekrakanie.pl\/wp-content\/uploads\/2026\/05\/bosnia-2026-trasa-1.png 642w, https:\/\/kruczekrakanie.pl\/wp-content\/uploads\/2026\/05\/bosnia-2026-trasa-1-289x300.png 289w\" sizes=\"auto, (max-width: 642px) 100vw, 642px\" \/><\/figure>\n\n\n\n<p class=\"wp-block-paragraph\">Pogoda super. Przez kilka pierwszych dni kr\u00f3tki r\u0119kaw i krem przeciws\u0142oneczny. Potem zmiana pogody, \u015bnieg nad ranem. Po ucieczce za pasmo g\u00f3r zrobi\u0142o si\u0119 jednak lepie &#8211; nie pada\u0142, chocia\u017c upa\u0142u te\u017c nie by\u0142o.<\/p>\n\n\n\n<hr class=\"wp-block-separator has-alpha-channel-opacity\"\/>\n\n\n\n<p class=\"wp-block-paragraph\"><ul class=\"display-posts-listing\"><li class=\"listing-item\"><a class=\"title\" href=\"https:\/\/kruczekrakanie.pl\/index.php\/2026\/05\/06\/bosnia-panoramy\/\">Bo\u015bnia &#8211; panoramy<\/a><\/li><li class=\"listing-item\"><a class=\"title\" href=\"https:\/\/kruczekrakanie.pl\/index.php\/2026\/05\/05\/bosnia-2026-zapis-sladu\/\">Bo\u015bnia 2026 &#8211; zapis \u015bladu<\/a><\/li><li class=\"listing-item\"><a class=\"title\" href=\"https:\/\/kruczekrakanie.pl\/index.php\/2026\/05\/04\/zdjecia-z-bosni\/\">Zdj\u0119cia z Bo\u015bni<\/a><\/li><\/ul><\/p>\n","protected":false},"excerpt":{"rendered":"<p>No i uda\u0142o si\u0119. Taki troch\u0119 spontan, troch\u0119 zmiana plan\u00f3w, bo mia\u0142a by\u0142 \u0141otwa&#8230; Prognoza pogody nad Ba\u0142tykiem jednak nie zach\u0119ca\u0142a, wi\u0119c&#8230; Bo\u015bnia. Panorama ze szczytem Magli\u0107 na zach\u0119t\u0119. Trasa: jakie\u015b 1400 km w Bo\u015bni, z tego pewnie ze 300-400 asfalt, reszta teren. Pogoda super. Przez kilka pierwszych dni kr\u00f3tki r\u0119kaw i krem przeciws\u0142oneczny. Potem &hellip; <\/p>\n<p class=\"link-more\"><a href=\"https:\/\/kruczekrakanie.pl\/index.php\/2026\/05\/04\/zdjecia-z-bosni\/\" class=\"more-link\">Czytaj dalej<span class=\"screen-reader-text\"> \u201eZdj\u0119cia z Bo\u015bni\u201d<\/span><\/a><\/p>\n","protected":false},"author":2,"featured_media":6908,"parent":0,"menu_order":0,"comment_status":"closed","ping_status":"closed","template":"","meta":{"_crdt_document":"{\"document\":\"AAAH77i+8QK3AogCBogBAFAWGAEBCABICo4CBBLuAroCAQEIAEhCjAEDAAAOwgWIC9AFzAWeCwEBCABIABABAQgASAIEAgBIGAEBCABICjYYWBj+AQQCAQTmC4QPAQEIAEgAEAEBCABIChYGAuAFNrgHAgy0CQMBBgMFBLwCGsQRDpgUAvYYvBgBAQgASAAQAQEIAEgCBAIAWCoBAQgASAoMAwAGFAjGEwIMtAkDAaQO3g6iDwMD6gXGAqYIAQEIAEgCBAIBBMgJogkBAQgASAosAt4DhAEDBOwPAwQEuhoECPAXmhmKAQjoC6QMEhACDAIMBpoBBq4BAuIGhgfEE4wYAQEIAEgCBAIAzEeyRvIKCNQ9QAiuBdABAQCOChjCAgDAAaAF+AMAtBjuEQIMtAkDAQAGAQSgB\/QYsh+EAQMD7A8DBQQBAZYDAQGaGdYuli6KAQj5ASgBIQAnAAQAJwEoBCcAKAEnAEQAhAAHACgCJwEoACcABACEAocAKAInASgAJwCEA8QAhAAEAIQBxwAoAicBKAAnAMcAKAInASgAJwCoASgBxwAoAicBKAAnAAQAhAHEAagBKAAnACgExwAoAicBKAAnAMcAKAInASgAJwAEAIQCxACED4EAhAHEAIQCxwAoAicBKAAnAMcAKAInASgAJwCoASgBxwAoAicBKAAnAAQAhAXEDoQAxwAoAicBKAAnAKgBKAAnACgExwAoAicBKAAnAAQAhAHED8EAxADBAMQDhAzEAIQAxwAoAicBKAAnAKgBKAGoAMQCqOIb5xlzdGF0ZXZlcnNpb25kb2N1bWVudGRhdGVkb2N1bWVudHN0YXR1c2RvY3VtZW50dGl0bGVBdXRvbWF0eWN6bmllIHphcGlzYW55IHN6a2ljZG9jdW1lbnRjb250ZW50ZG9jdW1lbnRleGNlcnB0ZG9jdW1lbnRhdXRob3Jkb2N1bWVudGZlYXR1cmVkX21lZGlhZG9jdW1lbnRjb21tZW50X3N0YXR1c2RvY3VtZW50cGluZ19zdGF0dXNkb2N1bWVudHRlbXBsYXRlZG9jdW1lbnRtZXRhbmdnX3Bvc3RfdGh1bWJuYWlsZm9vdG5vdGVzZG9jdW1lbnRibG9ja3NCb8WbbmlhIDIwMjZjbGllbnRJZGlzVmFsaWRuYW1lYXR0cmlidXRlc2NvbnRlbnRkcm9wQ2FwaW5uZXJCbG9ja3NObyBpIHVkYcWCbyBzacSZLiBUYWtpIHRyb2NoxJkgc3BvbnRhbiwgdHJvY2jEmSB6bWlhbmEgcGxhbsOzdywgYm8gbWlhxYJhIGJ1xYJ5xYIgxYFvdHdhLiBBbGUgY2xpZW50SWRpc1ZhbGlkbmFtZWF0dHJpYnV0ZXNjb250ZW50ZHJvcENhcGlubmVyQmxvY2tzLi4gUHJvZ25vemEgcG9nb2R5IG5hZCBCYcWCdHlraW1lIGplZG5ha20gbmllIHphY2jEmWNhxYJhLCB3acSZYy4uLiBCbzwhLS0gd3A6cGFyYWdyYXBoIC0tPgo8cD5ObyBpIHVkYcWCbyBzacSZLiBUYWtpIHRyb2NoxJkgc3BvbnRhbiwgdHJvY2jEmSB6bWlhbmEgcGxhbsOzdywgYm8gbWlhxYJhIGJ5xYIgxYFvdHdhLi4uIFByb2dub3phIHBvZ29keSBuYWQgQmHFgnR5a2llbSBqZWRuYWsgbmllIHphY2jEmWNhxYJhLCB3acSZYy4uLiBCbzwvcD4KPCEtLSAvd3A6cGFyYWdyYXBoIC0tPsWbbmlhLmNsaWVudElkaXNWYWxpZG5hbWVhdHRyaWJ1dGVzY29udGVudGRyb3BDYXBpbm5lckJsb2Nrc2NsaWVudElkaXNWYWxpZG5hbWVhdHRyaWJ1dGVzY29udGVudGRyb3BDYXBpbm5lckJsb2Nrc29wYWNpdHl0YWdOYW1lY2xpZW50SWRpc1ZhbGlkbmFtZWF0dHJpYnV0ZXNjb250ZW50ZHJvcENhcGlubmVyQmxvY2tzW2Rpc3BsYXktcG9zdHMgY2F0ZWdvcnk9InJ1bXVuaWEtMjAxNiIgb3JkZXI9IkFTQyIgb3JkZXJieT0idGl0bGUiXWJvc25pYS0yMDI2YWx0Y2FwdGlvbmlkbGlua3VybHNpemVTbHVnbGlua0Rlc3RpbmF0aW9uY2xpZW50SWRpc1ZhbGlkbmFtZWF0dHJpYnV0ZXNjb250ZW50ZHJvcENhcGlubmVyQmxvY2tzY2xpZW50SWRpc1ZhbGlkbmFtZWF0dHJpYnV0ZXNjb250ZW50ZHJvcENhcGlubmVyQmxvY2tzUGFub3JhbWEgdyBveiBNYWdsacSHxZtuaWEuCgo8IS0tIHdwOnBhcmFncmFwaCAtLT4KPHA+PC9wPgo8IS0tIC93cDpwYXJhZ3JhcGggLS0+Cgo8IS0tIHdwOnBhcmFncmFwaCAtLT4KPHA+UGFub3JhbWEgeiBNYWdsacSHPC9wPgo8IS0tIC93cDpwYXJhZ3JhcGggLS0+Cgo8IS0tIHdwOmltYWdlIHsiaWQiOjY4OTEsInNpemVTbHVnIjoibGFyZ2UiLCJsaW5rRGVzdGluYXRpb24iOiJub25lIn0gLS0+CjxmaWd1cmUgY2xhc3M9IndwLWJsb2NrLWltYWdlIHNpemUtbGFyZ2UiPjxpbWcgc3JjPSJodHRwczovL2tydWN6ZWtyYWthbmllLnBsL3dwLWNvbnRlbnQvdXBsb2Fkcy8yMDI2LzA1L0lNR18yMDI2MDQyOV8xNDUwMDA2NzctMTAyNHgzMTAuanBlZyIgYWx0PSIiIGNsYXNzPSJ3cC1pbWFnZS02ODkxIi8+PC9maWd1cmU+CjwhLS0gL3dwOmltYWdlIC0tPgoKPCEtLSB3cDpzZXBhcmF0b3IgLS0+CjxncmFwaCAtLT4KPHA+W2Rpc3BsYXktcG9zdHMgY2F0ZWdvcnk9ImJvc25pYS0yMDI2IiBvcmRlcj0iQVNDIiBvcmRlcmJ5PSJ0aXRsZSJdPC9wPgo8IS0tIC93cDpwYXJhZ3JhcGggLS0+ZSBzemN6eXRlbSBuYSB6YWNoxJl0ZcSZLmNsaWVudElkaXNWYWxpZG5hbWVhdHRyaWJ1dGVzY29udGVudGRyb3BDYXBpbm5lckJsb2Nrc2NsaWVudElkaXNWYWxpZG5hbWVhdHRyaWJ1dGVzY29udGVudGRyb3BDYXBpbm5lckJsb2Nrc29wYWNpdHl0YWdOYW1lY2xpZW50SWRpc1ZhbGlkbmFtZWF0dHJpYnV0ZXNjb250ZW50ZHJvcENhcGlubmVyQmxvY2tzVHJhc3lhIHd5OiBqYWtpZcWbIDE1MDAgNDAwIGttIHcgQm\/Fm25pLCB6IHRlZ28gcGV3bmllIHplIDMwMC1lc3pjenl0ZW0gIG5hIHphY2jEmXTEmS5wYXJhZ3JhcGggLS0+CjxwPjwvcD4KPCEtLSAvd3A6cGFyYWdyYXBoIC0tPgoKPCEtLSB3cDpwYXJhZ3JhcGggLS0+CjxwPlRyYWE6IGpha2nFmyAxNDAwIGttIHcgQm\/Fm25pLCB6IHRlZ28gZXduaWUgemUgMzAwLTwvcD4KPCEtLSAvd3A6cGdyYXBoIC0tPgoKPCEtLSB3cDpzZXBhcmE0MDAgYXNmYWx0LCByZXN6dGEgdGVyZW4uY2xpZW50SWRpc1ZhbGlkbmFtZWF0dHJpYnV0ZXNjb250ZW50ZHJvcENhcGlubmVyQmxvY2tzYWx0Y2FwdGlvbmlkbGlua3VybHNpemVTbHVnbGlua0Rlc3RpbmF0aW9uY2xpZW50SWRpc1ZhbGlkbmFtZWF0dHJpYnV0ZXNjb250ZW50ZHJvcENhcGlubmVyQmxvY2tzUG9nb2RhIHN1cGVyLiBQcnpleiBwa2lsa2EgcGllcndzenljaCBkbmkga3LDszQwMCBhc2ZhbHQsIHJlc3p0YSB0ZXJlbi5pbWFnZSB7ImlkIjo2OTA2LCJpelNsdWciOiJmdWxsIiwibGlua0Rlc3RpbmF0aW9uIjoibm9uZSJ9IC0tPgo8ZmlndXJlIGNsYXNzPSJ3LWJsb2NrLWltZ2Ugc2l6ZS1mdWxsIj48aW1nIHNjPSJodHRwczovL2tydWN6ZWtya2FuaWUucGwvd3AtY29uZW50L3VwbGFkcy8yMDI2LzA1L2Jvc25pYS0yMDI2LXRhc2EtMS5wbmciYWx0PSIiIGNsYXNzPSJ3cGltYWdlNjkwNiIvPC9maWd1cmU+IS0tIC93cDppbWFnZSAtLT4KCjwhLS0gd3A6cGFyYVBvZ29kYSBzdXBlci4gUHJ6ZXoga2lsa2EgcGllcndzenljaCBkbmkga3LDszwvcD4KPCEtLSAvd3A6cGFyYWdyYXBoIC0tPgoKPCEtLSB3cDpwYXJhZ3JhcGggLS0+CjxwPnRraSByxJlrYXcgaSBrcmVtIG9kIHPFgm\/FhGNhcHJ6ZWNpd3NzxYJvbmVjenlueS4gUG95dGV0ZW0gem1pYW5hIHBvZ29keSwgxZtuaWVnIG5hZCByYW5lbS4gUG8gdWNpZWN6bmV6Y2UgemEgcGFzbW8gZ8OzciB6cm9iacWCbyBzacSZIGplZG5hayBsZXBpZSAtIG5pZSBwYWRhxYIsIGNvaG9jaWHFvCB1cGHFgnUgdGXFvCBudGtpIHLEmWthdyBpIGtyZW0gcHJ6ZWNpd3PFgm9uZWN6bnkuIFBvdGVtIHptaWFuYSBwb2dvZHksIMWbbmllZyBuYWQgcmFuZW0uIFBvIHVjaWVjemNlIHphIHBhc21vIGfDs3IgenJvYmnFgm8gc2nEmSBqZWRuYWsgbGVwaWUgLSBuaWUgcGFkYcWCLCBjaG9jaWHFvCB1cGHFgnUgdGXFvCBuaWUgYnnFgm8uY2xpZW50SWRpc1ZhbGlkbmFtZWF0dHJpYnV0ZXNjb250ZW50ZHJvcENhcGlubmVyQmxvY2tzb3BhY2l0eXRhZ05hbWVpZSBiecWCby5zZXRvciAtLT4KPGhyIGNsYXNzPSJ3cC1ibG9jay1zZXBhcmF0b3IgaGFzLWFscGhhLWNoYW5uZWwtb3BhY2l0eSIvPgo8IS0tIC93cDpzZXBhcmF0b3IgLS0+Cgo8IS0tIHdwOnBhcmEFBwgECAYIBRwIBwgHCAYIDggOCAtIAQQSCQgGAQoIBwQKRwALhQECCQUIBwQKRwALHkEABwEaqAIbBQgHBApHAAsIBwQKRwALRwAIBwQKRwALGQweAQoDBwIEAwgPCAcECkcACwgHBApHAAsJAwEHBZsBAQa6BEEBA0EFAg2dAUoAAQIIBwQKRwALCAcECkcAC0cACAcECkcACwRBAAMKBCUBCQyKAQcaDQ8TQQQZCAcECkcACwMHAgQDCA8IBwQKRwALFAEYGRICOwkUEw8HGQoQBQYJGwQsJQQNEQkIAQYBBgMtAzcBEpsCSAAHBApHAAtHAAgCpwELAQMAAAEHAAEBAAA6QgEBAEEAAgBBAAIAQQACAEEAAgBBAAIAAkEAAgBBAAIAQQACAEEAAgBBAAIAQQACAAJBAAIAQQACAA1BMJ4BQQYCQRUCCUEIAYsCAH0BdxMyMDI2LTA1LTA2VDE5OjMyOjQ2fQJ9AHcGY2xvc2VkdwZjbG9zZWR3AH0AdwB3JGRjOWNiM2ExLWRiNDctNDNiOS05Y2VhLTM0YjJlOGRlYTYxN3h3DmNvcmUvcGFyYWdyYXBoeXckOTk3MTBiNTQtZmM1OC00YjFlLTkzM2YtM2RjYjNhZDZhMTQ3eHcOY29yZS9wYXJhZ3JhcGh5dyQ0MzZiODIzNi04NDhmLTQ3YzYtOGFhZS00MTY3YzlmYjhkNDZ4dw5jb3JlL3BhcmFncmFwaHl3JDZlYmUzMTI3LTQ5ZGQtNDI3OC04NzI0LTUyZjk5YWIxOTIwYnh3DmNvcmUvcGFyYWdyYXBoeXckMTFhMjgzMDQtYjdjOS00ZTZjLTg3YmEtZDUxOTZhODc1Y2Nidw5jb3JlL3NlcGFyYXRvcncNYWxwaGEtY2hhbm5lbHcCaHJ3JDkzMDYzMmQ4LTMwNmQtNDQ3YS04NTkzLTI5MTUwYTliYjhhM3h3DmNvcmUvcGFyYWdyYXBoeXckYWYwMDdjMDAtOGZmOC00MDU3LWI4OTYtMjc4NDYwZDJmY2Qwdwpjb3JlL2ltYWdldwB9q2t3Vmh0dHBzOi8va3J1Y3pla3Jha2FuaWUucGwvaW5kZXgucGhwLzIwMjYvMDUvMDYvYm9zbmlhLXBhbm9yYW15L2ltZ18yMDI2MDQyOV8xNDUwMDA2Nzcvd1lodHRwczovL2tydWN6ZWtyYWthbmllLnBsL3dwLWNvbnRlbnQvdXBsb2Fkcy8yMDI2LzA1L0lNR18yMDI2MDQyOV8xNDUwMDA2NzctMTAyNHgzMTAuanBlZ3cFbGFyZ2V3BG5vbmV3JDEyZTI4Nzg4LWQ3ZWQtNDVjNi05MDM5LTIwMTU4MjRkNDk2YXh3DmNvcmUvcGFyYWdyYXBoeXckMjdhZDM4NWYtOGJhOC00OTk1LWE1MGEtMjM3N2FjMmNjZWVmeHcOY29yZS9wYXJhZ3JhcGh5dyRmZTNlYjk1ZC05NGZlLTQ0OWQtYjk5Yy0xOGU3ZDM3ZGEyZDR4dw5jb3JlL3BhcmFncmFwaHl3JGZlM2ViOTVkLTk0ZmUtNDQ5ZC1iOTljLTE4ZTdkMzdkYTJkNHh3DmNvcmUvcGFyYWdyYXBoeXckNTkxMmVlYWQtODhhMC00NzcxLWI2OTktZGVkYTY5ZmViNDM1dyRhMzNmY2RhMi1jNTY2LTRhZTItYTM2My0zYzQ0YzkzMzM4Mjl3DmNvcmUvc2VwYXJhdG9ydw1hbHBoYS1jaGFubmVsdwJocnckM2QyNmE5MmYtOGE3ZC00YWFjLWJmMGYtMzk0MzQ0ZTZiYzBheHcOY29yZS9wYXJhZ3JhcGh5dyRjZWM0MzY0NS03NjJjLTQ0OTMtYmE0Ni02YmQwMzM2YmZhYjF4dw5jb3JlL3BhcmFncmFwaHl3JGQwMGMwOGYwLWFmOTYtNDE1MC04ODRiLTBlNTliZWQ5NjNhNHcKY29yZS9pbWFnZXcAfbprdy1odHRwczovL2tydWN6ZWtyYWthbmllLnBsLz9hdHRhY2htZW50X2lkPTY5MDZ3TGh0dHBzOi8va3J1Y3pla3Jha2FuaWUucGwvd3AtY29udGVudC91cGxvYWRzLzIwMjYvMDUvYm9zbmlhLTIwMjYtdHJhc2EtMS5wbmd3BGZ1bGx3BG5vbmV3JDRhYjk2ZmY1LWJkM2MtNGI0MS1iZDgyLTM1MjdiYjk4MjEwOXh3DmNvcmUvcGFyYWdyYXBoeXckOTQ4ZTZiNzUtZjg4NC00NGY0LTg2NTgtNjQ3YWEzNzc3ZjBmeHcOY29yZS9wYXJhZ3JhcGh5dyQ0NjA1MTk2Ny1iNjc3LTQ5MTgtODMzZS1jM2FhNjY1Njk1OGV3DmNvcmUvc2VwYXJhdG9ydw1hbHBoYS1jaGFubmVsdwJocn2mQXcHcHVibGlzaAGvnN+4ASECAAEbCABaAQkMHgDsAQABAAEBAQshC0sCuANdfgAKDAwAAQIKA\/UBAAEAAQEmAKgCAQQIcwgIAAYABgItAjcAtgEAAQABAQ==\",\"updateId\":482538008}","ngg_post_thumbnail":4198,"footnotes":""},"class_list":["post-6904","page","type-page","status-publish","has-post-thumbnail","hentry"],"_links":{"self":[{"href":"https:\/\/kruczekrakanie.pl\/index.php\/wp-json\/wp\/v2\/pages\/6904","targetHints":{"allow":["GET"]}}],"collection":[{"href":"https:\/\/kruczekrakanie.pl\/index.php\/wp-json\/wp\/v2\/pages"}],"about":[{"href":"https:\/\/kruczekrakanie.pl\/index.php\/wp-json\/wp\/v2\/types\/page"}],"author":[{"embeddable":true,"href":"https:\/\/kruczekrakanie.pl\/index.php\/wp-json\/wp\/v2\/users\/2"}],"replies":[{"embeddable":true,"href":"https:\/\/kruczekrakanie.pl\/index.php\/wp-json\/wp\/v2\/comments?post=6904"}],"version-history":[{"count":1,"href":"https:\/\/kruczekrakanie.pl\/index.php\/wp-json\/wp\/v2\/pages\/6904\/revisions"}],"predecessor-version":[{"id":6909,"href":"https:\/\/kruczekrakanie.pl\/index.php\/wp-json\/wp\/v2\/pages\/6904\/revisions\/6909"}],"wp:featuredmedia":[{"embeddable":true,"href":"https:\/\/kruczekrakanie.pl\/index.php\/wp-json\/wp\/v2\/media\/6908"}],"wp:attachment":[{"href":"https:\/\/kruczekrakanie.pl\/index.php\/wp-json\/wp\/v2\/media?parent=6904"}],"curies":[{"name":"wp","href":"https:\/\/api.w.org\/{rel}","templated":true}]}}