{"id":690,"date":"2018-10-12T21:38:55","date_gmt":"2018-10-12T21:38:55","guid":{"rendered":"http:\/\/kruczekrakanie.pl\/?page_id=690"},"modified":"2019-04-14T09:19:56","modified_gmt":"2019-04-14T09:19:56","slug":"teneryfa-2015","status":"publish","type":"page","link":"https:\/\/kruczekrakanie.pl\/index.php\/wycieczki\/teneryfa-2015\/","title":{"rendered":"Teneryfa 2015"},"content":{"rendered":"\n<p class=\"wp-block-paragraph\">Po Fuerteventurze i Lanzarote przysz\u0142a kolej na Teneryf\u0119. Tym razem wycieczka w porze \u015bwi\u0105t wielkanocnych, a nie w szkolne ferie zimowe.&nbsp;<\/p>\n\n\n\n<div class=\"wp-block-image\"><figure class=\"aligncenter\"><img loading=\"lazy\" decoding=\"async\" width=\"1024\" height=\"679\" src=\"https:\/\/kruczekrakanie.pl\/wp-content\/uploads\/2018\/10\/IMGP3113-1024x679.jpg\" alt=\"\" class=\"wp-image-691\" srcset=\"https:\/\/kruczekrakanie.pl\/wp-content\/uploads\/2018\/10\/IMGP3113-1024x679.jpg 1024w, https:\/\/kruczekrakanie.pl\/wp-content\/uploads\/2018\/10\/IMGP3113-300x199.jpg 300w, https:\/\/kruczekrakanie.pl\/wp-content\/uploads\/2018\/10\/IMGP3113-768x509.jpg 768w, https:\/\/kruczekrakanie.pl\/wp-content\/uploads\/2018\/10\/IMGP3113.jpg 2048w\" sizes=\"auto, (max-width: 767px) 89vw, (max-width: 1000px) 54vw, (max-width: 1071px) 543px, 580px\" \/><figcaption>Puerto de Santiago<\/figcaption><\/figure><\/div>\n\n\n\n<div class=\"wp-block-image\"><figure class=\"aligncenter\"><img loading=\"lazy\" decoding=\"async\" width=\"1024\" height=\"679\" src=\"https:\/\/kruczekrakanie.pl\/wp-content\/uploads\/2018\/10\/IMGP3120-1024x679.jpg\" alt=\"\" class=\"wp-image-692\" srcset=\"https:\/\/kruczekrakanie.pl\/wp-content\/uploads\/2018\/10\/IMGP3120-1024x679.jpg 1024w, https:\/\/kruczekrakanie.pl\/wp-content\/uploads\/2018\/10\/IMGP3120-300x199.jpg 300w, https:\/\/kruczekrakanie.pl\/wp-content\/uploads\/2018\/10\/IMGP3120-768x509.jpg 768w, https:\/\/kruczekrakanie.pl\/wp-content\/uploads\/2018\/10\/IMGP3120.jpg 2048w\" sizes=\"auto, (max-width: 767px) 89vw, (max-width: 1000px) 54vw, (max-width: 1071px) 543px, 580px\" \/><figcaption>Wybrze\u017ce wyspy<\/figcaption><\/figure><\/div>\n\n\n\n<p class=\"wp-block-paragraph\">Jad\u0105c na Teneryf\u0119, szczeg\u00f3lnie poza letnim sezonem, warto wybra\u0107 hotel po po\u0142udniowej lub po\u0142udniowo-zachodniej stronie wyspy. Tam po prostu mniej wieje i w\u0142a\u015bciwie nie pada, bo masyw wulkanu Teide zas\u0142ania po\u0142udniowe wybrze\u017ce przed wiatrem wiej\u0105cym z p\u00f3\u0142nocnego-wschodu.<\/p>\n\n\n\n<p class=\"wp-block-paragraph\">Podczas pobytu odwiedzili\u015bmy zoo Loro Park. Opr\u00f3cz zwierz\u0105t maj\u0105 tam strefy pokazowe z fokami, delfinami i orkami.<\/p>\n\n\n\n<div class=\"wp-block-image\"><figure class=\"aligncenter\"><img loading=\"lazy\" decoding=\"async\" width=\"1024\" height=\"679\" src=\"https:\/\/kruczekrakanie.pl\/wp-content\/uploads\/2018\/10\/IMGP3192-1024x679.jpg\" alt=\"\" class=\"wp-image-694\" srcset=\"https:\/\/kruczekrakanie.pl\/wp-content\/uploads\/2018\/10\/IMGP3192-1024x679.jpg 1024w, https:\/\/kruczekrakanie.pl\/wp-content\/uploads\/2018\/10\/IMGP3192-300x199.jpg 300w, https:\/\/kruczekrakanie.pl\/wp-content\/uploads\/2018\/10\/IMGP3192-768x509.jpg 768w, https:\/\/kruczekrakanie.pl\/wp-content\/uploads\/2018\/10\/IMGP3192.jpg 2048w\" sizes=\"auto, (max-width: 767px) 89vw, (max-width: 1000px) 54vw, (max-width: 1071px) 543px, 580px\" \/><figcaption>Czekamy na chlapni\u0119cie<\/figcaption><\/figure><\/div>\n\n\n\n<div class=\"wp-block-image\"><figure class=\"aligncenter\"><img loading=\"lazy\" decoding=\"async\" width=\"1024\" height=\"679\" src=\"https:\/\/kruczekrakanie.pl\/wp-content\/uploads\/2018\/10\/IMGP3205-1024x679.jpg\" alt=\"\" class=\"wp-image-693\" srcset=\"https:\/\/kruczekrakanie.pl\/wp-content\/uploads\/2018\/10\/IMGP3205-1024x679.jpg 1024w, https:\/\/kruczekrakanie.pl\/wp-content\/uploads\/2018\/10\/IMGP3205-300x199.jpg 300w, https:\/\/kruczekrakanie.pl\/wp-content\/uploads\/2018\/10\/IMGP3205-768x509.jpg 768w, https:\/\/kruczekrakanie.pl\/wp-content\/uploads\/2018\/10\/IMGP3205.jpg 2048w\" sizes=\"auto, (max-width: 767px) 89vw, (max-width: 1000px) 54vw, (max-width: 1071px) 543px, 580px\" \/><figcaption>Orka ju\u017c leci<\/figcaption><\/figure><\/div>\n\n\n\n<p class=\"wp-block-paragraph\">Zaliczyli\u015bmy te\u017c piesz\u0105 wycieczk\u0119 na masyw Montana Guajara. Fajna w\u0119dr\u00f3wka z widokiem na wulkan Teide z jednej strony oraz na zachodnie wybrze\u017ce wyspy. \u015arodek wyspy, z wulkanem, jest suchy jak pieprz. Zachodnie wybrze\u017ce ca\u0142y czas w chmurach i mokre. Dwa \u015bwiaty.<\/p>\n\n\n\n<div class=\"wp-block-image\"><figure class=\"aligncenter\"><img loading=\"lazy\" decoding=\"async\" width=\"1024\" height=\"679\" src=\"https:\/\/kruczekrakanie.pl\/wp-content\/uploads\/2018\/10\/IMGP3404-1024x679.jpg\" alt=\"\" class=\"wp-image-696\" srcset=\"https:\/\/kruczekrakanie.pl\/wp-content\/uploads\/2018\/10\/IMGP3404-1024x679.jpg 1024w, https:\/\/kruczekrakanie.pl\/wp-content\/uploads\/2018\/10\/IMGP3404-300x199.jpg 300w, https:\/\/kruczekrakanie.pl\/wp-content\/uploads\/2018\/10\/IMGP3404-768x509.jpg 768w, https:\/\/kruczekrakanie.pl\/wp-content\/uploads\/2018\/10\/IMGP3404.jpg 2048w\" sizes=\"auto, (max-width: 767px) 89vw, (max-width: 1000px) 54vw, (max-width: 1071px) 543px, 580px\" \/><figcaption>Droga na Montana Guajara. W tle Teide<\/figcaption><\/figure><\/div>\n\n\n\n<div class=\"wp-block-image\"><figure class=\"aligncenter\"><img loading=\"lazy\" decoding=\"async\" width=\"1024\" height=\"679\" src=\"https:\/\/kruczekrakanie.pl\/wp-content\/uploads\/2018\/10\/IMGP3440-1024x679.jpg\" alt=\"\" class=\"wp-image-697\" srcset=\"https:\/\/kruczekrakanie.pl\/wp-content\/uploads\/2018\/10\/IMGP3440-1024x679.jpg 1024w, https:\/\/kruczekrakanie.pl\/wp-content\/uploads\/2018\/10\/IMGP3440-300x199.jpg 300w, https:\/\/kruczekrakanie.pl\/wp-content\/uploads\/2018\/10\/IMGP3440-768x509.jpg 768w, https:\/\/kruczekrakanie.pl\/wp-content\/uploads\/2018\/10\/IMGP3440.jpg 2048w\" sizes=\"auto, (max-width: 767px) 89vw, (max-width: 1000px) 54vw, (max-width: 1071px) 543px, 580px\" \/><figcaption>Chmury pod nogami to zach\u00f3d wyspy<\/figcaption><\/figure><\/div>\n\n\n\n<div class=\"wp-block-image\"><figure class=\"aligncenter\"><img loading=\"lazy\" decoding=\"async\" width=\"1024\" height=\"679\" src=\"https:\/\/kruczekrakanie.pl\/wp-content\/uploads\/2018\/10\/IMGP3608-1024x679.jpg\" alt=\"\" class=\"wp-image-698\" srcset=\"https:\/\/kruczekrakanie.pl\/wp-content\/uploads\/2018\/10\/IMGP3608-1024x679.jpg 1024w, https:\/\/kruczekrakanie.pl\/wp-content\/uploads\/2018\/10\/IMGP3608-300x199.jpg 300w, https:\/\/kruczekrakanie.pl\/wp-content\/uploads\/2018\/10\/IMGP3608-768x509.jpg 768w, https:\/\/kruczekrakanie.pl\/wp-content\/uploads\/2018\/10\/IMGP3608.jpg 2048w\" sizes=\"auto, (max-width: 767px) 89vw, (max-width: 1000px) 54vw, (max-width: 1071px) 543px, 580px\" \/><figcaption>Zachodnia strona &#8211; zawsze w chmurach<\/figcaption><\/figure><\/div>\n\n\n\n<p class=\"wp-block-paragraph\">Jeden z dni po\u015bwi\u0119cili\u015bmy na wizyt\u0119 w obserwatorium astronomicznym. To jedno z najlepszych na \u015bwiecie obserwatori\u00f3w. Jest po\u0142o\u017cone powy\u017cej poziomu chmur, prawie na wysoko\u015bci 2 400 m n.p.m. Mieli\u015bmy okazj\u0119 zwiedzi\u0107 teren i zajrze\u0107 do niekt\u00f3rych budynk\u00f3w z teleskopami.<\/p>\n\n\n\n<div class=\"wp-block-image\"><figure class=\"aligncenter\"><img loading=\"lazy\" decoding=\"async\" width=\"1024\" height=\"679\" src=\"https:\/\/kruczekrakanie.pl\/wp-content\/uploads\/2018\/10\/IMGP3556-1024x679.jpg\" alt=\"\" class=\"wp-image-699\" srcset=\"https:\/\/kruczekrakanie.pl\/wp-content\/uploads\/2018\/10\/IMGP3556-1024x679.jpg 1024w, https:\/\/kruczekrakanie.pl\/wp-content\/uploads\/2018\/10\/IMGP3556-300x199.jpg 300w, https:\/\/kruczekrakanie.pl\/wp-content\/uploads\/2018\/10\/IMGP3556-768x509.jpg 768w, https:\/\/kruczekrakanie.pl\/wp-content\/uploads\/2018\/10\/IMGP3556.jpg 2048w\" sizes=\"auto, (max-width: 767px) 89vw, (max-width: 1000px) 54vw, (max-width: 1071px) 543px, 580px\" \/><figcaption>Obserwatorium<\/figcaption><\/figure><\/div>\n\n\n\n<div class=\"wp-block-image\"><figure class=\"aligncenter\"><img loading=\"lazy\" decoding=\"async\" width=\"679\" height=\"1024\" src=\"https:\/\/kruczekrakanie.pl\/wp-content\/uploads\/2018\/10\/IMGP3575-679x1024.jpg\" alt=\"\" class=\"wp-image-700\" srcset=\"https:\/\/kruczekrakanie.pl\/wp-content\/uploads\/2018\/10\/IMGP3575-679x1024.jpg 679w, https:\/\/kruczekrakanie.pl\/wp-content\/uploads\/2018\/10\/IMGP3575-199x300.jpg 199w, https:\/\/kruczekrakanie.pl\/wp-content\/uploads\/2018\/10\/IMGP3575-768x1159.jpg 768w, https:\/\/kruczekrakanie.pl\/wp-content\/uploads\/2018\/10\/IMGP3575.jpg 1357w\" sizes=\"auto, (max-width: 679px) 100vw, 679px\" \/><figcaption>Obserwacja plam na S\u0142o\u0144cu w toku<\/figcaption><\/figure><\/div>\n\n\n\n<p class=\"wp-block-paragraph\">Potem byli\u015bmy w wodnym parku rozrywki Siam Park, ale zdj\u0119cia si\u0119 nie uchowa\u0142y. Za mokro.<\/p>\n\n\n\n<p class=\"wp-block-paragraph\">Nast\u0119pny dzie\u0144 to mi\u0119dzy innymi wizyta w niesamowitych tunelach, wytworzonych przez law\u0119 sp\u0142ywaj\u0105c\u0105 z wulkanu.<\/p>\n\n\n\n<div class=\"wp-block-image\"><figure class=\"aligncenter\"><img loading=\"lazy\" decoding=\"async\" width=\"1024\" height=\"679\" src=\"https:\/\/kruczekrakanie.pl\/wp-content\/uploads\/2018\/10\/IMGP3631-1024x679.jpg\" alt=\"\" class=\"wp-image-703\" srcset=\"https:\/\/kruczekrakanie.pl\/wp-content\/uploads\/2018\/10\/IMGP3631-1024x679.jpg 1024w, https:\/\/kruczekrakanie.pl\/wp-content\/uploads\/2018\/10\/IMGP3631-300x199.jpg 300w, https:\/\/kruczekrakanie.pl\/wp-content\/uploads\/2018\/10\/IMGP3631-768x509.jpg 768w, https:\/\/kruczekrakanie.pl\/wp-content\/uploads\/2018\/10\/IMGP3631.jpg 2048w\" sizes=\"auto, (max-width: 767px) 89vw, (max-width: 1000px) 54vw, (max-width: 1071px) 543px, 580px\" \/><figcaption>Ekipa gotowa<\/figcaption><\/figure><\/div>\n\n\n\n<div class=\"wp-block-image\"><figure class=\"aligncenter\"><img loading=\"lazy\" decoding=\"async\" width=\"1024\" height=\"679\" src=\"https:\/\/kruczekrakanie.pl\/wp-content\/uploads\/2018\/10\/IMGP3656-1024x679.jpg\" alt=\"\" class=\"wp-image-702\" srcset=\"https:\/\/kruczekrakanie.pl\/wp-content\/uploads\/2018\/10\/IMGP3656-1024x679.jpg 1024w, https:\/\/kruczekrakanie.pl\/wp-content\/uploads\/2018\/10\/IMGP3656-300x199.jpg 300w, https:\/\/kruczekrakanie.pl\/wp-content\/uploads\/2018\/10\/IMGP3656-768x509.jpg 768w, https:\/\/kruczekrakanie.pl\/wp-content\/uploads\/2018\/10\/IMGP3656.jpg 2048w\" sizes=\"auto, (max-width: 767px) 89vw, (max-width: 1000px) 54vw, (max-width: 1071px) 543px, 580px\" \/><figcaption>Ko\u0144ca tunelu nie uda\u0142o si\u0119 znale\u017a\u0107<\/figcaption><\/figure><\/div>\n\n\n\n<p class=\"wp-block-paragraph\">Ciekawostk\u0105 wyspy s\u0105 kolorowe przystanki autobusowe podpisane GuaGua.<\/p>\n\n\n\n<div class=\"wp-block-image\"><figure class=\"aligncenter\"><img loading=\"lazy\" decoding=\"async\" width=\"1024\" height=\"679\" src=\"https:\/\/kruczekrakanie.pl\/wp-content\/uploads\/2018\/10\/IMGP3745-1024x679.jpg\" alt=\"\" class=\"wp-image-701\" srcset=\"https:\/\/kruczekrakanie.pl\/wp-content\/uploads\/2018\/10\/IMGP3745-1024x679.jpg 1024w, https:\/\/kruczekrakanie.pl\/wp-content\/uploads\/2018\/10\/IMGP3745-300x199.jpg 300w, https:\/\/kruczekrakanie.pl\/wp-content\/uploads\/2018\/10\/IMGP3745-768x509.jpg 768w, https:\/\/kruczekrakanie.pl\/wp-content\/uploads\/2018\/10\/IMGP3745.jpg 2048w\" sizes=\"auto, (max-width: 767px) 89vw, (max-width: 1000px) 54vw, (max-width: 1071px) 543px, 580px\" \/><figcaption>GuaGua<\/figcaption><\/figure><\/div>\n\n\n\n<p class=\"wp-block-paragraph\">Ostatni dzie\u0144 to piesza trasa na najnowszy sto\u017cek wulkaniczny wyspy &#8211; Chinyero. Erupcja mia\u0142a miejsce kilka lat przed naszym pobytem. Ca\u0142y ogromny teren zosta\u0142 zalany law\u0105. Zosta\u0142y tylko nieliczne ognioodporne sosny.<\/p>\n\n\n\n<div class=\"wp-block-image\"><figure class=\"aligncenter\"><img loading=\"lazy\" decoding=\"async\" width=\"1024\" height=\"679\" src=\"https:\/\/kruczekrakanie.pl\/wp-content\/uploads\/2018\/10\/IMGP3780-1024x679.jpg\" alt=\"\" class=\"wp-image-706\" srcset=\"https:\/\/kruczekrakanie.pl\/wp-content\/uploads\/2018\/10\/IMGP3780-1024x679.jpg 1024w, https:\/\/kruczekrakanie.pl\/wp-content\/uploads\/2018\/10\/IMGP3780-300x199.jpg 300w, https:\/\/kruczekrakanie.pl\/wp-content\/uploads\/2018\/10\/IMGP3780-768x509.jpg 768w, https:\/\/kruczekrakanie.pl\/wp-content\/uploads\/2018\/10\/IMGP3780.jpg 2048w\" sizes=\"auto, (max-width: 767px) 89vw, (max-width: 1000px) 54vw, (max-width: 1071px) 543px, 580px\" \/><figcaption>W tle wulkan Chinyero<\/figcaption><\/figure><\/div>\n\n\n\n<div class=\"wp-block-image\"><figure class=\"aligncenter\"><img loading=\"lazy\" decoding=\"async\" width=\"1024\" height=\"679\" src=\"https:\/\/kruczekrakanie.pl\/wp-content\/uploads\/2018\/10\/IMGP3802-1024x679.jpg\" alt=\"\" class=\"wp-image-705\" srcset=\"https:\/\/kruczekrakanie.pl\/wp-content\/uploads\/2018\/10\/IMGP3802-1024x679.jpg 1024w, https:\/\/kruczekrakanie.pl\/wp-content\/uploads\/2018\/10\/IMGP3802-300x199.jpg 300w, https:\/\/kruczekrakanie.pl\/wp-content\/uploads\/2018\/10\/IMGP3802-768x509.jpg 768w, https:\/\/kruczekrakanie.pl\/wp-content\/uploads\/2018\/10\/IMGP3802.jpg 2048w\" sizes=\"auto, (max-width: 767px) 89vw, (max-width: 1000px) 54vw, (max-width: 1071px) 543px, 580px\" \/><figcaption>Pole lawowe<\/figcaption><\/figure><\/div>\n\n\n\n<p class=\"wp-block-paragraph\">Na po\u017cegnanie z wysp\u0105 zaserwowano nam pokaz w\u0119\u017cy. Niekt\u00f3rzy ujawnili niesamowite talenty poskramiaczy \ud83d\ude42<\/p>\n\n\n\n<div class=\"wp-block-image\"><figure class=\"aligncenter\"><img loading=\"lazy\" decoding=\"async\" width=\"684\" height=\"1024\" src=\"https:\/\/kruczekrakanie.pl\/wp-content\/uploads\/2018\/10\/IMGP3858-684x1024.jpg\" alt=\"\" class=\"wp-image-704\" srcset=\"https:\/\/kruczekrakanie.pl\/wp-content\/uploads\/2018\/10\/IMGP3858-684x1024.jpg 684w, https:\/\/kruczekrakanie.pl\/wp-content\/uploads\/2018\/10\/IMGP3858-200x300.jpg 200w, https:\/\/kruczekrakanie.pl\/wp-content\/uploads\/2018\/10\/IMGP3858-768x1151.jpg 768w, https:\/\/kruczekrakanie.pl\/wp-content\/uploads\/2018\/10\/IMGP3858.jpg 1367w\" sizes=\"auto, (max-width: 684px) 100vw, 684px\" \/><figcaption>Swoich nie gryz\u0105 \ud83d\ude09<\/figcaption><\/figure><\/div>\n\n\n\n<hr class=\"wp-block-separator\"\/>\n\n\n\n<p class=\"wp-block-paragraph\">Albumy zdj\u0119\u0107<\/p>\n\n\n\n<ul class=\"wp-block-list\"><li><a href=\"https:\/\/photos.app.goo.gl\/q7imc6BpzJ2pupds9\" target=\"_blank\" rel=\"noopener noreferrer\">Dzie\u0144 1<\/a><\/li><li><a href=\"https:\/\/photos.app.goo.gl\/qU8FVUBjdRWrmJ3E9\" target=\"_blank\" rel=\"noopener noreferrer\">Loro park<\/a><\/li><li><a href=\"https:\/\/photos.app.goo.gl\/hHJgDNmjnjQ2A6EKA\" target=\"_blank\" rel=\"noopener noreferrer\">Montana Guajara<\/a><\/li><li><a href=\"https:\/\/photos.app.goo.gl\/e3HCpMDwzJvD9PYo7\" target=\"_blank\" rel=\"noopener noreferrer\">Obserwatorium astronomiczne<\/a><\/li><li><a href=\"https:\/\/photos.app.goo.gl\/D424HfAdaPd2tQBs6\" target=\"_blank\" rel=\"noopener noreferrer\">Dzie\u0144 6 &#8211; w wulkanie<\/a><\/li><li><a href=\"https:\/\/photos.app.goo.gl\/4h9pdwxipPDTZLvU7\" target=\"_blank\" rel=\"noopener noreferrer\">Wulkan Chinyero i w\u0119\u017ce<\/a><\/li><\/ul>\n\n\n\n<hr class=\"wp-block-separator\"\/>\n\n\n\n<p class=\"wp-block-paragraph\">Wpisy z bloga<\/p>\n\n\n\n<p class=\"wp-block-paragraph\"><ul class=\"display-posts-listing\"><li class=\"listing-item\"><a class=\"title\" href=\"https:\/\/kruczekrakanie.pl\/index.php\/2016\/03\/25\/loro-park\/\">Loro Park<\/a><\/li><li class=\"listing-item\"><a class=\"title\" href=\"https:\/\/kruczekrakanie.pl\/index.php\/2018\/10\/13\/ognioodporne-sosny\/\">Ognioodporne sosny<\/a><\/li><li class=\"listing-item\"><a class=\"title\" href=\"https:\/\/kruczekrakanie.pl\/index.php\/2016\/03\/30\/wulkan-teide\/\">Wulkan Teide<\/a><\/li><\/ul><\/p>\n","protected":false},"excerpt":{"rendered":"<p>Po Fuerteventurze i Lanzarote przysz\u0142a kolej na Teneryf\u0119. Tym razem wycieczka w porze \u015bwi\u0105t wielkanocnych, a nie w szkolne ferie zimowe.&nbsp; Jad\u0105c na Teneryf\u0119, szczeg\u00f3lnie poza letnim sezonem, warto wybra\u0107 hotel po po\u0142udniowej lub po\u0142udniowo-zachodniej stronie wyspy. Tam po prostu mniej wieje i w\u0142a\u015bciwie nie pada, bo masyw wulkanu Teide zas\u0142ania po\u0142udniowe wybrze\u017ce przed wiatrem &hellip; <\/p>\n<p class=\"link-more\"><a href=\"https:\/\/kruczekrakanie.pl\/index.php\/2016\/03\/30\/wulkan-teide\/\" class=\"more-link\">Czytaj dalej<span class=\"screen-reader-text\"> \u201eWulkan Teide\u201d<\/span><\/a><\/p>\n","protected":false},"author":2,"featured_media":1017,"parent":101,"menu_order":0,"comment_status":"closed","ping_status":"closed","template":"","meta":{"_crdt_document":"","ngg_post_thumbnail":0,"footnotes":""},"class_list":["post-690","page","type-page","status-publish","has-post-thumbnail","hentry"],"_links":{"self":[{"href":"https:\/\/kruczekrakanie.pl\/index.php\/wp-json\/wp\/v2\/pages\/690","targetHints":{"allow":["GET"]}}],"collection":[{"href":"https:\/\/kruczekrakanie.pl\/index.php\/wp-json\/wp\/v2\/pages"}],"about":[{"href":"https:\/\/kruczekrakanie.pl\/index.php\/wp-json\/wp\/v2\/types\/page"}],"author":[{"embeddable":true,"href":"https:\/\/kruczekrakanie.pl\/index.php\/wp-json\/wp\/v2\/users\/2"}],"replies":[{"embeddable":true,"href":"https:\/\/kruczekrakanie.pl\/index.php\/wp-json\/wp\/v2\/comments?post=690"}],"version-history":[{"count":3,"href":"https:\/\/kruczekrakanie.pl\/index.php\/wp-json\/wp\/v2\/pages\/690\/revisions"}],"predecessor-version":[{"id":1212,"href":"https:\/\/kruczekrakanie.pl\/index.php\/wp-json\/wp\/v2\/pages\/690\/revisions\/1212"}],"up":[{"embeddable":true,"href":"https:\/\/kruczekrakanie.pl\/index.php\/wp-json\/wp\/v2\/pages\/101"}],"wp:featuredmedia":[{"embeddable":true,"href":"https:\/\/kruczekrakanie.pl\/index.php\/wp-json\/wp\/v2\/media\/1017"}],"wp:attachment":[{"href":"https:\/\/kruczekrakanie.pl\/index.php\/wp-json\/wp\/v2\/media?parent=690"}],"curies":[{"name":"wp","href":"https:\/\/api.w.org\/{rel}","templated":true}]}}