{"id":671,"date":"2018-10-12T17:31:11","date_gmt":"2018-10-12T17:31:11","guid":{"rendered":"http:\/\/kruczekrakanie.pl\/?page_id=671"},"modified":"2019-04-14T09:10:44","modified_gmt":"2019-04-14T09:10:44","slug":"lanzarote-2012","status":"publish","type":"page","link":"https:\/\/kruczekrakanie.pl\/index.php\/wycieczki\/lanzarote-2012\/","title":{"rendered":"Lanzarote 2012"},"content":{"rendered":"\n<p class=\"wp-block-paragraph\">Zimowy wyjazd w roku 2012 to powt\u00f3rka z Wysp Kanaryjskich. Fuerteventura nam si\u0119 podoba\u0142a, wi\u0119c chcieli\u015bmy wi\u0119cej. Wysp, tych g\u0142\u00f3wnych, jest siedem. Jako cel drugiej wycieczki wybrali\u015bmy Lanzarote.<\/p>\n\n\n\n<p class=\"wp-block-paragraph\">Jeszcze b\u0119d\u0105c w domu przygotowali\u015bmy sobie list\u0119 cel\u00f3w do odwiedzenia i um\u00f3wili\u015bmy si\u0119 na kolejn\u0105 wycieczk\u0119 z <a href=\"https:\/\/canarytrekking.com\/en\/\" target=\"_blank\" rel=\"noopener noreferrer\">lokalnym przewodnikiem<\/a>. Poprzednim razem (podczas pobytu na Fuertaventurze) odwiedzili\u015bmy na Lanzarote Park Narodowy Timanfaya. Tym razem wybrali\u015bmy tras\u0119 <em>La&nbsp;Corona Volcano<\/em>, d\u0142u\u017csz\u0105 i le\u017c\u0105c\u0105 wy\u017cej. Ale po kolei \ud83d\ude42<\/p>\n\n\n\n<p class=\"wp-block-paragraph\">Hotel niedaleko pla\u017cy. Woda w zimie niezbyt zach\u0119caj\u0105ca do k\u0105pieli, ale pogoda jak najbardziej spacerowa. To lubimy.<\/p>\n\n\n\n<div class=\"wp-block-image\"><figure class=\"aligncenter\"><img loading=\"lazy\" decoding=\"async\" width=\"1024\" height=\"680\" src=\"https:\/\/kruczekrakanie.pl\/wp-content\/uploads\/2018\/10\/SG203029-1024x680.jpg\" alt=\"\" class=\"wp-image-672\" srcset=\"https:\/\/kruczekrakanie.pl\/wp-content\/uploads\/2018\/10\/SG203029-1024x680.jpg 1024w, https:\/\/kruczekrakanie.pl\/wp-content\/uploads\/2018\/10\/SG203029-300x199.jpg 300w, https:\/\/kruczekrakanie.pl\/wp-content\/uploads\/2018\/10\/SG203029-768x510.jpg 768w, https:\/\/kruczekrakanie.pl\/wp-content\/uploads\/2018\/10\/SG203029.jpg 1280w\" sizes=\"auto, (max-width: 767px) 89vw, (max-width: 1000px) 54vw, (max-width: 1071px) 543px, 580px\" \/><figcaption>Hotelowe miasteczko<\/figcaption><\/figure><\/div>\n\n\n\n<p class=\"wp-block-paragraph\">Pierwsze wycieczki by\u0142y w celu zapoznania si\u0119 z wysp\u0105 oraz odwiedzenia El Golfo. Jest zatoczka z czym\u015b w stylu laguny czy jeziorka, oddzielonego od morza jedynie w\u0105skim paskiem pla\u017cy. Wyj\u0105tkowy jest kolor. Morze niebieskie, jeziorko zielone.<\/p>\n\n\n\n<div class=\"wp-block-image\"><figure class=\"aligncenter\"><img loading=\"lazy\" decoding=\"async\" width=\"1024\" height=\"680\" src=\"https:\/\/kruczekrakanie.pl\/wp-content\/uploads\/2018\/10\/SG203027-1024x680.jpg\" alt=\"\" class=\"wp-image-673\" srcset=\"https:\/\/kruczekrakanie.pl\/wp-content\/uploads\/2018\/10\/SG203027-1024x680.jpg 1024w, https:\/\/kruczekrakanie.pl\/wp-content\/uploads\/2018\/10\/SG203027-300x199.jpg 300w, https:\/\/kruczekrakanie.pl\/wp-content\/uploads\/2018\/10\/SG203027-768x510.jpg 768w, https:\/\/kruczekrakanie.pl\/wp-content\/uploads\/2018\/10\/SG203027.jpg 1280w\" sizes=\"auto, (max-width: 767px) 89vw, (max-width: 1000px) 54vw, (max-width: 1071px) 543px, 580px\" \/><figcaption>Pla\u017ca przy El Golfo<\/figcaption><\/figure><\/div>\n\n\n\n<div class=\"wp-block-image\"><figure class=\"aligncenter\"><img loading=\"lazy\" decoding=\"async\" width=\"1024\" height=\"680\" src=\"https:\/\/kruczekrakanie.pl\/wp-content\/uploads\/2018\/10\/SG203003-1024x680.jpg\" alt=\"\" class=\"wp-image-674\" srcset=\"https:\/\/kruczekrakanie.pl\/wp-content\/uploads\/2018\/10\/SG203003-1024x680.jpg 1024w, https:\/\/kruczekrakanie.pl\/wp-content\/uploads\/2018\/10\/SG203003-300x199.jpg 300w, https:\/\/kruczekrakanie.pl\/wp-content\/uploads\/2018\/10\/SG203003-768x510.jpg 768w, https:\/\/kruczekrakanie.pl\/wp-content\/uploads\/2018\/10\/SG203003.jpg 1280w\" sizes=\"auto, (max-width: 767px) 89vw, (max-width: 1000px) 54vw, (max-width: 1071px) 543px, 580px\" \/><figcaption>Zielona laguna<\/figcaption><\/figure><\/div>\n\n\n\n<p class=\"wp-block-paragraph\">Kolejny dzie\u0144 zwiedzania i kolejne pi\u0119kne widoki. Tym razem wybrze\u017ce Los Hervideros.<\/p>\n\n\n\n<div class=\"wp-block-image\"><figure class=\"aligncenter\"><img loading=\"lazy\" decoding=\"async\" width=\"1024\" height=\"680\" src=\"https:\/\/kruczekrakanie.pl\/wp-content\/uploads\/2018\/10\/SG203037-1024x680.jpg\" alt=\"\" class=\"wp-image-678\" srcset=\"https:\/\/kruczekrakanie.pl\/wp-content\/uploads\/2018\/10\/SG203037-1024x680.jpg 1024w, https:\/\/kruczekrakanie.pl\/wp-content\/uploads\/2018\/10\/SG203037-300x199.jpg 300w, https:\/\/kruczekrakanie.pl\/wp-content\/uploads\/2018\/10\/SG203037-768x510.jpg 768w, https:\/\/kruczekrakanie.pl\/wp-content\/uploads\/2018\/10\/SG203037.jpg 1280w\" sizes=\"auto, (max-width: 767px) 89vw, (max-width: 1000px) 54vw, (max-width: 1071px) 543px, 580px\" \/><figcaption>Los Hervideros<\/figcaption><\/figure><\/div>\n\n\n\n<div class=\"wp-block-image\"><figure class=\"aligncenter\"><img loading=\"lazy\" decoding=\"async\" width=\"1024\" height=\"680\" src=\"https:\/\/kruczekrakanie.pl\/wp-content\/uploads\/2018\/10\/SG203059-1024x680.jpg\" alt=\"\" class=\"wp-image-677\" srcset=\"https:\/\/kruczekrakanie.pl\/wp-content\/uploads\/2018\/10\/SG203059-1024x680.jpg 1024w, https:\/\/kruczekrakanie.pl\/wp-content\/uploads\/2018\/10\/SG203059-300x199.jpg 300w, https:\/\/kruczekrakanie.pl\/wp-content\/uploads\/2018\/10\/SG203059-768x510.jpg 768w, https:\/\/kruczekrakanie.pl\/wp-content\/uploads\/2018\/10\/SG203059.jpg 1280w\" sizes=\"auto, (max-width: 767px) 89vw, (max-width: 1000px) 54vw, (max-width: 1071px) 543px, 580px\" \/><figcaption>G\u00f3ry Ognia<\/figcaption><\/figure><\/div>\n\n\n\n<div class=\"wp-block-image\"><figure class=\"aligncenter\"><img loading=\"lazy\" decoding=\"async\" width=\"1024\" height=\"680\" src=\"https:\/\/kruczekrakanie.pl\/wp-content\/uploads\/2018\/10\/SG203123-1024x680.jpg\" alt=\"\" class=\"wp-image-676\" srcset=\"https:\/\/kruczekrakanie.pl\/wp-content\/uploads\/2018\/10\/SG203123-1024x680.jpg 1024w, https:\/\/kruczekrakanie.pl\/wp-content\/uploads\/2018\/10\/SG203123-300x199.jpg 300w, https:\/\/kruczekrakanie.pl\/wp-content\/uploads\/2018\/10\/SG203123-768x510.jpg 768w, https:\/\/kruczekrakanie.pl\/wp-content\/uploads\/2018\/10\/SG203123.jpg 1280w\" sizes=\"auto, (max-width: 767px) 89vw, (max-width: 1000px) 54vw, (max-width: 1071px) 543px, 580px\" \/><figcaption>Wysepka La Graciosa<\/figcaption><\/figure><\/div>\n\n\n\n<div class=\"wp-block-image\"><figure class=\"aligncenter\"><img loading=\"lazy\" decoding=\"async\" width=\"1024\" height=\"680\" src=\"https:\/\/kruczekrakanie.pl\/wp-content\/uploads\/2018\/10\/SG203065-1024x680.jpg\" alt=\"\" class=\"wp-image-675\" srcset=\"https:\/\/kruczekrakanie.pl\/wp-content\/uploads\/2018\/10\/SG203065-1024x680.jpg 1024w, https:\/\/kruczekrakanie.pl\/wp-content\/uploads\/2018\/10\/SG203065-300x199.jpg 300w, https:\/\/kruczekrakanie.pl\/wp-content\/uploads\/2018\/10\/SG203065-768x510.jpg 768w, https:\/\/kruczekrakanie.pl\/wp-content\/uploads\/2018\/10\/SG203065.jpg 1280w\" sizes=\"auto, (max-width: 767px) 89vw, (max-width: 1000px) 54vw, (max-width: 1071px) 543px, 580px\" \/><figcaption>Jest fajnie<\/figcaption><\/figure><\/div>\n\n\n\n<p class=\"wp-block-paragraph\">Wreszcie wycieczka na wulkan Corona. Ca\u0142y dzie\u0144 pi\u0119knych widok\u00f3w, a na koniec lody. Niestety nie mamy zdj\u0119cia, ale by\u0142y to najwi\u0119ksze lody w dotychczasowej karierze lodo\u017cercy naszej c\u00f3rki \ud83d\ude42<\/p>\n\n\n\n<div class=\"wp-block-image\"><figure class=\"aligncenter\"><img loading=\"lazy\" decoding=\"async\" width=\"1024\" height=\"680\" src=\"https:\/\/kruczekrakanie.pl\/wp-content\/uploads\/2018\/10\/SG203145-1024x680.jpg\" alt=\"\" class=\"wp-image-681\" srcset=\"https:\/\/kruczekrakanie.pl\/wp-content\/uploads\/2018\/10\/SG203145-1024x680.jpg 1024w, https:\/\/kruczekrakanie.pl\/wp-content\/uploads\/2018\/10\/SG203145-300x199.jpg 300w, https:\/\/kruczekrakanie.pl\/wp-content\/uploads\/2018\/10\/SG203145-768x510.jpg 768w, https:\/\/kruczekrakanie.pl\/wp-content\/uploads\/2018\/10\/SG203145.jpg 1280w\" sizes=\"auto, (max-width: 767px) 89vw, (max-width: 1000px) 54vw, (max-width: 1071px) 543px, 580px\" \/><figcaption>Wulkaniczny krajobraz<\/figcaption><\/figure><\/div>\n\n\n\n<div class=\"wp-block-image\"><figure class=\"aligncenter\"><img loading=\"lazy\" decoding=\"async\" width=\"1024\" height=\"680\" src=\"https:\/\/kruczekrakanie.pl\/wp-content\/uploads\/2018\/10\/SG203179-1024x680.jpg\" alt=\"\" class=\"wp-image-680\" srcset=\"https:\/\/kruczekrakanie.pl\/wp-content\/uploads\/2018\/10\/SG203179-1024x680.jpg 1024w, https:\/\/kruczekrakanie.pl\/wp-content\/uploads\/2018\/10\/SG203179-300x199.jpg 300w, https:\/\/kruczekrakanie.pl\/wp-content\/uploads\/2018\/10\/SG203179-768x510.jpg 768w, https:\/\/kruczekrakanie.pl\/wp-content\/uploads\/2018\/10\/SG203179.jpg 1280w\" sizes=\"auto, (max-width: 767px) 89vw, (max-width: 1000px) 54vw, (max-width: 1071px) 543px, 580px\" \/><figcaption>Wulkan Corona<\/figcaption><\/figure><\/div>\n\n\n\n<div class=\"wp-block-image\"><figure class=\"aligncenter\"><img loading=\"lazy\" decoding=\"async\" width=\"1024\" height=\"680\" src=\"https:\/\/kruczekrakanie.pl\/wp-content\/uploads\/2018\/10\/SG203204-1024x680.jpg\" alt=\"\" class=\"wp-image-679\" srcset=\"https:\/\/kruczekrakanie.pl\/wp-content\/uploads\/2018\/10\/SG203204-1024x680.jpg 1024w, https:\/\/kruczekrakanie.pl\/wp-content\/uploads\/2018\/10\/SG203204-300x199.jpg 300w, https:\/\/kruczekrakanie.pl\/wp-content\/uploads\/2018\/10\/SG203204-768x510.jpg 768w, https:\/\/kruczekrakanie.pl\/wp-content\/uploads\/2018\/10\/SG203204.jpg 1280w\" sizes=\"auto, (max-width: 767px) 89vw, (max-width: 1000px) 54vw, (max-width: 1071px) 543px, 580px\" \/><figcaption>Klify Famara. Jakie\u015b 400 metr\u00f3w w d\u00f3\u0142<\/figcaption><\/figure><\/div>\n\n\n\n<p class=\"wp-block-paragraph\">Odwiedzili\u015bmy r\u00f3wnie\u017c jeden z fenomen\u00f3w dzia\u0142alno\u015bci wulkanicznej, czyli jaskinie tworzone przez sp\u0142ywaj\u0105c\u0105 law\u0119.<\/p>\n\n\n\n<div class=\"wp-block-image\"><figure class=\"aligncenter\"><img loading=\"lazy\" decoding=\"async\" width=\"1024\" height=\"680\" src=\"https:\/\/kruczekrakanie.pl\/wp-content\/uploads\/2018\/10\/SG203274-1024x680.jpg\" alt=\"\" class=\"wp-image-682\" srcset=\"https:\/\/kruczekrakanie.pl\/wp-content\/uploads\/2018\/10\/SG203274-1024x680.jpg 1024w, https:\/\/kruczekrakanie.pl\/wp-content\/uploads\/2018\/10\/SG203274-300x199.jpg 300w, https:\/\/kruczekrakanie.pl\/wp-content\/uploads\/2018\/10\/SG203274-768x510.jpg 768w, https:\/\/kruczekrakanie.pl\/wp-content\/uploads\/2018\/10\/SG203274.jpg 1280w\" sizes=\"auto, (max-width: 767px) 89vw, (max-width: 1000px) 54vw, (max-width: 1071px) 543px, 580px\" \/><figcaption>Jameos del Agua<\/figcaption><\/figure><\/div>\n\n\n\n<div class=\"wp-block-image\"><figure class=\"aligncenter\"><img loading=\"lazy\" decoding=\"async\" width=\"1024\" height=\"680\" src=\"https:\/\/kruczekrakanie.pl\/wp-content\/uploads\/2018\/10\/SG203297-1024x680.jpg\" alt=\"\" class=\"wp-image-683\" srcset=\"https:\/\/kruczekrakanie.pl\/wp-content\/uploads\/2018\/10\/SG203297-1024x680.jpg 1024w, https:\/\/kruczekrakanie.pl\/wp-content\/uploads\/2018\/10\/SG203297-300x199.jpg 300w, https:\/\/kruczekrakanie.pl\/wp-content\/uploads\/2018\/10\/SG203297-768x510.jpg 768w, https:\/\/kruczekrakanie.pl\/wp-content\/uploads\/2018\/10\/SG203297.jpg 1280w\" sizes=\"auto, (max-width: 767px) 89vw, (max-width: 1000px) 54vw, (max-width: 1071px) 543px, 580px\" \/><figcaption>To my!<\/figcaption><\/figure><\/div>\n\n\n\n<p class=\"wp-block-paragraph\">A tutaj klify Famara, widziane tym razem z do\u0142u a nie z g\u00f3ry. Na mnie zrobi\u0142y wielkie wra\u017cenie.<\/p>\n\n\n\n<div class=\"wp-block-image\"><figure class=\"aligncenter\"><img loading=\"lazy\" decoding=\"async\" width=\"1024\" height=\"680\" src=\"https:\/\/kruczekrakanie.pl\/wp-content\/uploads\/2018\/10\/SG203304-1024x680.jpg\" alt=\"\" class=\"wp-image-684\" srcset=\"https:\/\/kruczekrakanie.pl\/wp-content\/uploads\/2018\/10\/SG203304-1024x680.jpg 1024w, https:\/\/kruczekrakanie.pl\/wp-content\/uploads\/2018\/10\/SG203304-300x199.jpg 300w, https:\/\/kruczekrakanie.pl\/wp-content\/uploads\/2018\/10\/SG203304-768x510.jpg 768w, https:\/\/kruczekrakanie.pl\/wp-content\/uploads\/2018\/10\/SG203304.jpg 1280w\" sizes=\"auto, (max-width: 767px) 89vw, (max-width: 1000px) 54vw, (max-width: 1071px) 543px, 580px\" \/><\/figure><\/div>\n\n\n\n<div class=\"wp-block-image\"><figure class=\"aligncenter\"><img loading=\"lazy\" decoding=\"async\" width=\"1024\" height=\"680\" src=\"https:\/\/kruczekrakanie.pl\/wp-content\/uploads\/2018\/10\/SG203339-1024x680.jpg\" alt=\"\" class=\"wp-image-685\" srcset=\"https:\/\/kruczekrakanie.pl\/wp-content\/uploads\/2018\/10\/SG203339-1024x680.jpg 1024w, https:\/\/kruczekrakanie.pl\/wp-content\/uploads\/2018\/10\/SG203339-300x199.jpg 300w, https:\/\/kruczekrakanie.pl\/wp-content\/uploads\/2018\/10\/SG203339-768x510.jpg 768w, https:\/\/kruczekrakanie.pl\/wp-content\/uploads\/2018\/10\/SG203339.jpg 1280w\" sizes=\"auto, (max-width: 767px) 89vw, (max-width: 1000px) 54vw, (max-width: 1071px) 543px, 580px\" \/><\/figure><\/div>\n\n\n\n<p class=\"wp-block-paragraph\">By\u0142y oczywi\u015bcie i inne atrakcje, pla\u017ce, przyroda. Lanzarote jest fajna!<\/p>\n\n\n\n<div class=\"wp-block-image\"><figure class=\"aligncenter\"><img loading=\"lazy\" decoding=\"async\" width=\"1024\" height=\"680\" src=\"https:\/\/kruczekrakanie.pl\/wp-content\/uploads\/2018\/10\/SG203236-1024x680.jpg\" alt=\"\" class=\"wp-image-686\" srcset=\"https:\/\/kruczekrakanie.pl\/wp-content\/uploads\/2018\/10\/SG203236-1024x680.jpg 1024w, https:\/\/kruczekrakanie.pl\/wp-content\/uploads\/2018\/10\/SG203236-300x199.jpg 300w, https:\/\/kruczekrakanie.pl\/wp-content\/uploads\/2018\/10\/SG203236-768x510.jpg 768w, https:\/\/kruczekrakanie.pl\/wp-content\/uploads\/2018\/10\/SG203236.jpg 1280w\" sizes=\"auto, (max-width: 767px) 89vw, (max-width: 1000px) 54vw, (max-width: 1071px) 543px, 580px\" \/><\/figure><\/div>\n\n\n\n<div class=\"wp-block-image\"><figure class=\"aligncenter\"><img loading=\"lazy\" decoding=\"async\" width=\"1024\" height=\"680\" src=\"https:\/\/kruczekrakanie.pl\/wp-content\/uploads\/2018\/10\/SG203350-1024x680.jpg\" alt=\"\" class=\"wp-image-687\" srcset=\"https:\/\/kruczekrakanie.pl\/wp-content\/uploads\/2018\/10\/SG203350-1024x680.jpg 1024w, https:\/\/kruczekrakanie.pl\/wp-content\/uploads\/2018\/10\/SG203350-300x199.jpg 300w, https:\/\/kruczekrakanie.pl\/wp-content\/uploads\/2018\/10\/SG203350-768x510.jpg 768w, https:\/\/kruczekrakanie.pl\/wp-content\/uploads\/2018\/10\/SG203350.jpg 1280w\" sizes=\"auto, (max-width: 767px) 89vw, (max-width: 1000px) 54vw, (max-width: 1071px) 543px, 580px\" \/><figcaption>Wieczorny widok z balkonu<\/figcaption><\/figure><\/div>\n\n\n\n<hr class=\"wp-block-separator\"\/>\n\n\n\n<p class=\"wp-block-paragraph\">Albumy zdj\u0119\u0107<\/p>\n\n\n\n<ul class=\"wp-block-list\"><li><a href=\"https:\/\/photos.app.goo.gl\/7ETd8oWfmACqg3jdA\" target=\"_blank\" rel=\"noopener noreferrer\">El Golfo<\/a><\/li><li><a href=\"https:\/\/photos.app.goo.gl\/QCCbc2wLtEtdoWbc6\" target=\"_blank\" rel=\"noopener noreferrer\">Los Hervideros, Guinate, Mirador del Rio<\/a><\/li><li><a href=\"https:\/\/photos.app.goo.gl\/vYrDtRnVsVm61yPz9\" target=\"_blank\" rel=\"noopener noreferrer\">Corona Volcano, Famara<\/a><\/li><li><a href=\"https:\/\/photos.app.goo.gl\/JWorGnFi436mKrhv6\" target=\"_blank\" rel=\"noopener noreferrer\">Jameos del Agua<\/a><\/li><li><a href=\"https:\/\/photos.app.goo.gl\/nBX6FeNd8zdbqkuf7\" target=\"_blank\" rel=\"noopener noreferrer\">Famara<\/a><\/li><li><a href=\"https:\/\/photos.app.goo.gl\/CovkuBrLKHMD6C496\" target=\"_blank\" rel=\"noopener noreferrer\">Costa Teguise<\/a><\/li><li><a href=\"https:\/\/photos.app.goo.gl\/zaXLxNCBK2ubwwU69\" target=\"_blank\" rel=\"noopener noreferrer\">Z aparatu Ireny<\/a><\/li><\/ul>\n\n\n\n<hr class=\"wp-block-separator\"\/>\n\n\n\n<p class=\"wp-block-paragraph\">Wpisy w blogu<\/p>\n\n\n\n<p class=\"wp-block-paragraph\"><\/p>\n","protected":false},"excerpt":{"rendered":"<p>Zimowy wyjazd w roku 2012 to powt\u00f3rka z Wysp Kanaryjskich. Fuerteventura nam si\u0119 podoba\u0142a, wi\u0119c chcieli\u015bmy wi\u0119cej. Wysp, tych g\u0142\u00f3wnych, jest siedem. Jako cel drugiej wycieczki wybrali\u015bmy Lanzarote. Jeszcze b\u0119d\u0105c w domu przygotowali\u015bmy sobie list\u0119 cel\u00f3w do odwiedzenia i um\u00f3wili\u015bmy si\u0119 na kolejn\u0105 wycieczk\u0119 z lokalnym przewodnikiem. Poprzednim razem (podczas pobytu na Fuertaventurze) odwiedzili\u015bmy na &hellip; <\/p>\n<p class=\"link-more\"><a href=\"https:\/\/kruczekrakanie.pl\/index.php\/wycieczki\/lanzarote-2012\/\" class=\"more-link\">Czytaj dalej<span class=\"screen-reader-text\"> \u201eLanzarote 2012\u201d<\/span><\/a><\/p>\n","protected":false},"author":2,"featured_media":1028,"parent":101,"menu_order":0,"comment_status":"closed","ping_status":"closed","template":"","meta":{"_crdt_document":"","ngg_post_thumbnail":0,"footnotes":""},"class_list":["post-671","page","type-page","status-publish","has-post-thumbnail","hentry"],"_links":{"self":[{"href":"https:\/\/kruczekrakanie.pl\/index.php\/wp-json\/wp\/v2\/pages\/671","targetHints":{"allow":["GET"]}}],"collection":[{"href":"https:\/\/kruczekrakanie.pl\/index.php\/wp-json\/wp\/v2\/pages"}],"about":[{"href":"https:\/\/kruczekrakanie.pl\/index.php\/wp-json\/wp\/v2\/types\/page"}],"author":[{"embeddable":true,"href":"https:\/\/kruczekrakanie.pl\/index.php\/wp-json\/wp\/v2\/users\/2"}],"replies":[{"embeddable":true,"href":"https:\/\/kruczekrakanie.pl\/index.php\/wp-json\/wp\/v2\/comments?post=671"}],"version-history":[{"count":4,"href":"https:\/\/kruczekrakanie.pl\/index.php\/wp-json\/wp\/v2\/pages\/671\/revisions"}],"predecessor-version":[{"id":1202,"href":"https:\/\/kruczekrakanie.pl\/index.php\/wp-json\/wp\/v2\/pages\/671\/revisions\/1202"}],"up":[{"embeddable":true,"href":"https:\/\/kruczekrakanie.pl\/index.php\/wp-json\/wp\/v2\/pages\/101"}],"wp:featuredmedia":[{"embeddable":true,"href":"https:\/\/kruczekrakanie.pl\/index.php\/wp-json\/wp\/v2\/media\/1028"}],"wp:attachment":[{"href":"https:\/\/kruczekrakanie.pl\/index.php\/wp-json\/wp\/v2\/media?parent=671"}],"curies":[{"name":"wp","href":"https:\/\/api.w.org\/{rel}","templated":true}]}}