{"id":6538,"date":"2025-09-12T06:31:48","date_gmt":"2025-09-12T06:31:48","guid":{"rendered":"http:\/\/kruczekrakanie.pl\/?page_id=6538"},"modified":"2025-09-16T06:44:31","modified_gmt":"2025-09-16T06:44:31","slug":"rumunia-2025","status":"publish","type":"page","link":"https:\/\/kruczekrakanie.pl\/index.php\/rumunia-2025\/","title":{"rendered":"Rumunia 2025"},"content":{"rendered":"\n<p class=\"wp-block-paragraph\">Spontaniczny wyjazd solo na tydzie\u0144. Prosto po Range Adventure Classic zabra\u0142 mnie do Rumunii. Przyg\u00f3d na tym wyje\u017adzie by\u0142o sporo &#8211; zniszczona opona, szukanie zamiennika, gw\u00f3\u017ad\u017a w kolejnej oponie i zjazd z Vladeasa. To kosztowa\u0142o mnie &#8222;troch\u0119&#8221; nerw\u00f3w \ud83d\ude00<\/p>\n\n\n\n<p class=\"wp-block-paragraph\">Pierwszy nocleg<\/p>\n\n\n\n<figure class=\"wp-block-image size-large\"><img loading=\"lazy\" decoding=\"async\" width=\"1024\" height=\"681\" src=\"https:\/\/kruczekrakanie.pl\/wp-content\/uploads\/2025\/09\/IMGP6682-1024x681.jpg\" alt=\"\" class=\"wp-image-6542\" srcset=\"https:\/\/kruczekrakanie.pl\/wp-content\/uploads\/2025\/09\/IMGP6682-1024x681.jpg 1024w, https:\/\/kruczekrakanie.pl\/wp-content\/uploads\/2025\/09\/IMGP6682-300x200.jpg 300w, https:\/\/kruczekrakanie.pl\/wp-content\/uploads\/2025\/09\/IMGP6682-768x511.jpg 768w, https:\/\/kruczekrakanie.pl\/wp-content\/uploads\/2025\/09\/IMGP6682-1536x1022.jpg 1536w, https:\/\/kruczekrakanie.pl\/wp-content\/uploads\/2025\/09\/IMGP6682.jpg 1920w\" sizes=\"auto, (max-width: 767px) 89vw, (max-width: 1000px) 54vw, (max-width: 1071px) 543px, 580px\" \/><\/figure>\n\n\n\n<p class=\"wp-block-paragraph\"><\/p>\n\n\n\n<p class=\"wp-block-paragraph\">Uk\u0142adanie trasy pod Maramuresz Classic<\/p>\n\n\n\n<figure class=\"wp-block-image size-large\"><img loading=\"lazy\" decoding=\"async\" width=\"1024\" height=\"681\" src=\"https:\/\/kruczekrakanie.pl\/wp-content\/uploads\/2025\/09\/IMGP6712-1024x681.jpg\" alt=\"\" class=\"wp-image-6544\" srcset=\"https:\/\/kruczekrakanie.pl\/wp-content\/uploads\/2025\/09\/IMGP6712-1024x681.jpg 1024w, https:\/\/kruczekrakanie.pl\/wp-content\/uploads\/2025\/09\/IMGP6712-300x200.jpg 300w, https:\/\/kruczekrakanie.pl\/wp-content\/uploads\/2025\/09\/IMGP6712-768x511.jpg 768w, https:\/\/kruczekrakanie.pl\/wp-content\/uploads\/2025\/09\/IMGP6712-1536x1022.jpg 1536w, https:\/\/kruczekrakanie.pl\/wp-content\/uploads\/2025\/09\/IMGP6712.jpg 1920w\" sizes=\"auto, (max-width: 767px) 89vw, (max-width: 1000px) 54vw, (max-width: 1071px) 543px, 580px\" \/><\/figure>\n\n\n\n<p class=\"wp-block-paragraph\"><\/p>\n\n\n\n<p class=\"wp-block-paragraph\">Zjazd z Curcurbata Mare w g\u00f3rach Bihor<\/p>\n\n\n\n<figure class=\"wp-block-image size-large\"><img loading=\"lazy\" decoding=\"async\" width=\"1024\" height=\"681\" src=\"https:\/\/kruczekrakanie.pl\/wp-content\/uploads\/2025\/09\/IMGP6728-1024x681.jpg\" alt=\"\" class=\"wp-image-6545\" srcset=\"https:\/\/kruczekrakanie.pl\/wp-content\/uploads\/2025\/09\/IMGP6728-1024x681.jpg 1024w, https:\/\/kruczekrakanie.pl\/wp-content\/uploads\/2025\/09\/IMGP6728-300x200.jpg 300w, https:\/\/kruczekrakanie.pl\/wp-content\/uploads\/2025\/09\/IMGP6728-768x511.jpg 768w, https:\/\/kruczekrakanie.pl\/wp-content\/uploads\/2025\/09\/IMGP6728-1536x1022.jpg 1536w, https:\/\/kruczekrakanie.pl\/wp-content\/uploads\/2025\/09\/IMGP6728.jpg 1920w\" sizes=\"auto, (max-width: 767px) 89vw, (max-width: 1000px) 54vw, (max-width: 1071px) 543px, 580px\" \/><\/figure>\n\n\n\n<p class=\"wp-block-paragraph\"><\/p>\n\n\n\n<p class=\"wp-block-paragraph\">Drumul Strategic<\/p>\n\n\n\n<figure class=\"wp-block-image size-large\"><img loading=\"lazy\" decoding=\"async\" width=\"1024\" height=\"681\" src=\"https:\/\/kruczekrakanie.pl\/wp-content\/uploads\/2025\/09\/IMGP6759-1024x681.jpg\" alt=\"\" class=\"wp-image-6546\" srcset=\"https:\/\/kruczekrakanie.pl\/wp-content\/uploads\/2025\/09\/IMGP6759-1024x681.jpg 1024w, https:\/\/kruczekrakanie.pl\/wp-content\/uploads\/2025\/09\/IMGP6759-300x200.jpg 300w, https:\/\/kruczekrakanie.pl\/wp-content\/uploads\/2025\/09\/IMGP6759-768x511.jpg 768w, https:\/\/kruczekrakanie.pl\/wp-content\/uploads\/2025\/09\/IMGP6759-1536x1022.jpg 1536w, https:\/\/kruczekrakanie.pl\/wp-content\/uploads\/2025\/09\/IMGP6759.jpg 1920w\" sizes=\"auto, (max-width: 767px) 89vw, (max-width: 1000px) 54vw, (max-width: 1071px) 543px, 580px\" \/><\/figure>\n\n\n\n<p class=\"wp-block-paragraph\"><\/p>\n\n\n\n<p class=\"wp-block-paragraph\">Muntele Mare<\/p>\n\n\n\n<figure class=\"wp-block-image size-large\"><img loading=\"lazy\" decoding=\"async\" width=\"1024\" height=\"681\" src=\"https:\/\/kruczekrakanie.pl\/wp-content\/uploads\/2025\/09\/IMGP6805-1024x681.jpg\" alt=\"\" class=\"wp-image-6547\" srcset=\"https:\/\/kruczekrakanie.pl\/wp-content\/uploads\/2025\/09\/IMGP6805-1024x681.jpg 1024w, https:\/\/kruczekrakanie.pl\/wp-content\/uploads\/2025\/09\/IMGP6805-300x200.jpg 300w, https:\/\/kruczekrakanie.pl\/wp-content\/uploads\/2025\/09\/IMGP6805-768x511.jpg 768w, https:\/\/kruczekrakanie.pl\/wp-content\/uploads\/2025\/09\/IMGP6805-1536x1022.jpg 1536w, https:\/\/kruczekrakanie.pl\/wp-content\/uploads\/2025\/09\/IMGP6805.jpg 1920w\" sizes=\"auto, (max-width: 767px) 89vw, (max-width: 1000px) 54vw, (max-width: 1071px) 543px, 580px\" \/><\/figure>\n\n\n\n<p class=\"wp-block-paragraph\"><\/p>\n\n\n\n<p class=\"wp-block-paragraph\">Zjazd z Vladeasa<\/p>\n\n\n\n<figure class=\"wp-block-image size-large\"><img loading=\"lazy\" decoding=\"async\" width=\"1024\" height=\"681\" src=\"https:\/\/kruczekrakanie.pl\/wp-content\/uploads\/2025\/09\/IMGP6812-1024x681.jpg\" alt=\"\" class=\"wp-image-6548\" srcset=\"https:\/\/kruczekrakanie.pl\/wp-content\/uploads\/2025\/09\/IMGP6812-1024x681.jpg 1024w, https:\/\/kruczekrakanie.pl\/wp-content\/uploads\/2025\/09\/IMGP6812-300x200.jpg 300w, https:\/\/kruczekrakanie.pl\/wp-content\/uploads\/2025\/09\/IMGP6812-768x511.jpg 768w, https:\/\/kruczekrakanie.pl\/wp-content\/uploads\/2025\/09\/IMGP6812-1536x1022.jpg 1536w, https:\/\/kruczekrakanie.pl\/wp-content\/uploads\/2025\/09\/IMGP6812.jpg 1920w\" sizes=\"auto, (max-width: 767px) 89vw, (max-width: 1000px) 54vw, (max-width: 1071px) 543px, 580px\" \/><\/figure>\n\n\n\n<hr class=\"wp-block-separator has-alpha-channel-opacity\"\/>\n\n\n\n<p class=\"wp-block-paragraph\"><ul class=\"display-posts-listing\"><li class=\"listing-item\"><a class=\"title\" href=\"https:\/\/kruczekrakanie.pl\/index.php\/2026\/04\/12\/classic-w-rumunii\/\">Classic w Rumunii<\/a><\/li><li class=\"listing-item\"><a class=\"title\" href=\"https:\/\/kruczekrakanie.pl\/index.php\/2025\/12\/27\/range-rover-classic-w-rumunskiej-glinie\/\">Range Rover Classic w rumu\u0144skiej glinie<\/a><\/li><li class=\"listing-item\"><a class=\"title\" href=\"https:\/\/kruczekrakanie.pl\/index.php\/2025\/09\/14\/rumunia-2025-trasa\/\">Rumunia 2025 &#8211; trasa<\/a><\/li><li class=\"listing-item\"><a class=\"title\" href=\"https:\/\/kruczekrakanie.pl\/index.php\/2025\/09\/12\/rumunia-2025-zdjecia\/\">Rumunia 2025 &#8211; zdj\u0119cia<\/a><\/li><\/ul><\/p>\n\n\n\n<p class=\"wp-block-paragraph\"><\/p>\n","protected":false},"excerpt":{"rendered":"<p>Spontaniczny wyjazd solo na tydzie\u0144. Prosto po Range Adventure Classic zabra\u0142 mnie do Rumunii. Przyg\u00f3d na tym wyje\u017adzie by\u0142o sporo &#8211; zniszczona opona, szukanie zamiennika, gw\u00f3\u017ad\u017a w kolejnej oponie i zjazd z Vladeasa. To kosztowa\u0142o mnie &#8222;troch\u0119&#8221; nerw\u00f3w \ud83d\ude00 Pierwszy nocleg Uk\u0142adanie trasy pod Maramuresz Classic Zjazd z Curcurbata Mare w g\u00f3rach Bihor Drumul Strategic &hellip; <\/p>\n<p class=\"link-more\"><a href=\"https:\/\/kruczekrakanie.pl\/index.php\/2025\/09\/12\/rumunia-2025-zdjecia\/\" class=\"more-link\">Czytaj dalej<span class=\"screen-reader-text\"> \u201eRumunia 2025 &#8211; zdj\u0119cia\u201d<\/span><\/a><\/p>\n","protected":false},"author":2,"featured_media":6539,"parent":0,"menu_order":0,"comment_status":"closed","ping_status":"closed","template":"","meta":{"_crdt_document":"","ngg_post_thumbnail":0,"footnotes":""},"class_list":["post-6538","page","type-page","status-publish","has-post-thumbnail","hentry"],"_links":{"self":[{"href":"https:\/\/kruczekrakanie.pl\/index.php\/wp-json\/wp\/v2\/pages\/6538","targetHints":{"allow":["GET"]}}],"collection":[{"href":"https:\/\/kruczekrakanie.pl\/index.php\/wp-json\/wp\/v2\/pages"}],"about":[{"href":"https:\/\/kruczekrakanie.pl\/index.php\/wp-json\/wp\/v2\/types\/page"}],"author":[{"embeddable":true,"href":"https:\/\/kruczekrakanie.pl\/index.php\/wp-json\/wp\/v2\/users\/2"}],"replies":[{"embeddable":true,"href":"https:\/\/kruczekrakanie.pl\/index.php\/wp-json\/wp\/v2\/comments?post=6538"}],"version-history":[{"count":4,"href":"https:\/\/kruczekrakanie.pl\/index.php\/wp-json\/wp\/v2\/pages\/6538\/revisions"}],"predecessor-version":[{"id":6549,"href":"https:\/\/kruczekrakanie.pl\/index.php\/wp-json\/wp\/v2\/pages\/6538\/revisions\/6549"}],"wp:featuredmedia":[{"embeddable":true,"href":"https:\/\/kruczekrakanie.pl\/index.php\/wp-json\/wp\/v2\/media\/6539"}],"wp:attachment":[{"href":"https:\/\/kruczekrakanie.pl\/index.php\/wp-json\/wp\/v2\/media?parent=6538"}],"curies":[{"name":"wp","href":"https:\/\/api.w.org\/{rel}","templated":true}]}}