{"id":644,"date":"2018-10-12T08:46:54","date_gmt":"2018-10-12T08:46:54","guid":{"rendered":"http:\/\/kruczekrakanie.pl\/?page_id=644"},"modified":"2019-04-14T09:04:16","modified_gmt":"2019-04-14T09:04:16","slug":"dania-2010","status":"publish","type":"page","link":"https:\/\/kruczekrakanie.pl\/index.php\/wycieczki\/dania-2010\/","title":{"rendered":"Dania 2010"},"content":{"rendered":"\n<p class=\"wp-block-paragraph\">Wakacje 2010 roku to nasz pierwszy wyjazd pod namiot. Uznali\u015bmy, \u017ce sze\u015bciolatka pod namiotem da sobie rad\u0119, a przy okazji i my te\u017c \ud83d\ude42<\/p>\n\n\n\n<p class=\"wp-block-paragraph\">Kierunek wyjazdu mia\u0142 by\u0107 &#8222;bezpieczny&#8221; &#8211; cywilizacja, infrastruktura, brak dzikich nied\u017awiedzi. Pad\u0142o na Dani\u0119. Kraj ten ma fantastyczn\u0105 baz\u0119 campingow\u0105. Dos\u0142ownie co kilka kilometr\u00f3w znale\u017a\u0107 mo\u017cna \u015bwietnie wyposa\u017cone pola namiotowe. W standardzie maj\u0105 place zabaw dla dzieci, \u015bwietne zaplecze sanitarne i&#8230; cisz\u0119. Od 22:00 obowi\u0105zuje \u015bci\u015ble przestrzegana cisza nocna.<\/p>\n\n\n\n<div class=\"wp-block-image\"><figure class=\"aligncenter\"><img loading=\"lazy\" decoding=\"async\" width=\"1024\" height=\"680\" src=\"https:\/\/kruczekrakanie.pl\/wp-content\/uploads\/2018\/10\/G208810-1024x680.jpg\" alt=\"\" class=\"wp-image-645\" srcset=\"https:\/\/kruczekrakanie.pl\/wp-content\/uploads\/2018\/10\/G208810-1024x680.jpg 1024w, https:\/\/kruczekrakanie.pl\/wp-content\/uploads\/2018\/10\/G208810-300x199.jpg 300w, https:\/\/kruczekrakanie.pl\/wp-content\/uploads\/2018\/10\/G208810-768x510.jpg 768w, https:\/\/kruczekrakanie.pl\/wp-content\/uploads\/2018\/10\/G208810.jpg 1600w\" sizes=\"auto, (max-width: 767px) 89vw, (max-width: 1000px) 54vw, (max-width: 1071px) 543px, 580px\" \/><figcaption>Pierwszy raz pod namiotem<\/figcaption><\/figure><\/div>\n\n\n\n<p class=\"wp-block-paragraph\">Na cel numer 1 pierwszego wyjazdu wybrali\u015bmy du\u0144ski Legoland. Mie\u015bci si\u0119 w Billund na Jutlandii.&nbsp;<\/p>\n\n\n\n<div class=\"wp-block-image\"><figure class=\"aligncenter\"><img loading=\"lazy\" decoding=\"async\" width=\"1024\" height=\"680\" src=\"https:\/\/kruczekrakanie.pl\/wp-content\/uploads\/2018\/10\/G208812-1024x680.jpg\" alt=\"\" class=\"wp-image-646\" srcset=\"https:\/\/kruczekrakanie.pl\/wp-content\/uploads\/2018\/10\/G208812-1024x680.jpg 1024w, https:\/\/kruczekrakanie.pl\/wp-content\/uploads\/2018\/10\/G208812-300x199.jpg 300w, https:\/\/kruczekrakanie.pl\/wp-content\/uploads\/2018\/10\/G208812-768x510.jpg 768w, https:\/\/kruczekrakanie.pl\/wp-content\/uploads\/2018\/10\/G208812.jpg 1600w\" sizes=\"auto, (max-width: 767px) 89vw, (max-width: 1000px) 54vw, (max-width: 1071px) 543px, 580px\" \/><figcaption>Wej\u015bcie g\u0142\u00f3wne<\/figcaption><\/figure><\/div>\n\n\n\n<div class=\"wp-block-image\"><figure class=\"aligncenter\"><img loading=\"lazy\" decoding=\"async\" width=\"1024\" height=\"680\" src=\"https:\/\/kruczekrakanie.pl\/wp-content\/uploads\/2018\/10\/G208826-1024x680.jpg\" alt=\"\" class=\"wp-image-647\" srcset=\"https:\/\/kruczekrakanie.pl\/wp-content\/uploads\/2018\/10\/G208826-1024x680.jpg 1024w, https:\/\/kruczekrakanie.pl\/wp-content\/uploads\/2018\/10\/G208826-300x199.jpg 300w, https:\/\/kruczekrakanie.pl\/wp-content\/uploads\/2018\/10\/G208826-768x510.jpg 768w, https:\/\/kruczekrakanie.pl\/wp-content\/uploads\/2018\/10\/G208826.jpg 1600w\" sizes=\"auto, (max-width: 767px) 89vw, (max-width: 1000px) 54vw, (max-width: 1071px) 543px, 580px\" \/><figcaption>Podoba si\u0119!<\/figcaption><\/figure><\/div>\n\n\n\n<p class=\"wp-block-paragraph\">Potem, bardziej przypadkiem ni\u017c z rozmys\u0142em, trafili\u015bmy do Jelling, czyli takiego du\u0144skiego Gniezna. Miasteczko jest pierwsz\u0105 historyczn\u0105 stolic\u0105 Danii.<\/p>\n\n\n\n<div class=\"wp-block-image\"><figure class=\"aligncenter\"><img loading=\"lazy\" decoding=\"async\" width=\"1024\" height=\"680\" src=\"https:\/\/kruczekrakanie.pl\/wp-content\/uploads\/2018\/10\/G208919-1024x680.jpg\" alt=\"\" class=\"wp-image-648\" srcset=\"https:\/\/kruczekrakanie.pl\/wp-content\/uploads\/2018\/10\/G208919-1024x680.jpg 1024w, https:\/\/kruczekrakanie.pl\/wp-content\/uploads\/2018\/10\/G208919-300x199.jpg 300w, https:\/\/kruczekrakanie.pl\/wp-content\/uploads\/2018\/10\/G208919-768x510.jpg 768w, https:\/\/kruczekrakanie.pl\/wp-content\/uploads\/2018\/10\/G208919.jpg 1600w\" sizes=\"auto, (max-width: 767px) 89vw, (max-width: 1000px) 54vw, (max-width: 1071px) 543px, 580px\" \/><\/figure><\/div>\n\n\n\n<div class=\"wp-block-image\"><figure class=\"aligncenter\"><img loading=\"lazy\" decoding=\"async\" width=\"768\" height=\"1156\" src=\"https:\/\/kruczekrakanie.pl\/wp-content\/uploads\/2018\/10\/G208941-768x1156.jpg\" alt=\"\" class=\"wp-image-649\" srcset=\"https:\/\/kruczekrakanie.pl\/wp-content\/uploads\/2018\/10\/G208941-768x1156.jpg 768w, https:\/\/kruczekrakanie.pl\/wp-content\/uploads\/2018\/10\/G208941-199x300.jpg 199w, https:\/\/kruczekrakanie.pl\/wp-content\/uploads\/2018\/10\/G208941-680x1024.jpg 680w, https:\/\/kruczekrakanie.pl\/wp-content\/uploads\/2018\/10\/G208941.jpg 1063w\" sizes=\"auto, (max-width: 767px) 89vw, (max-width: 1000px) 54vw, (max-width: 1071px) 543px, 580px\" \/><\/figure><\/div>\n\n\n\n<p class=\"wp-block-paragraph\">Jad\u0105c dalej odwiedzili\u015bmy park safari w Givskud. Z samochodu albo w\u0119druj\u0105c pieszo mo\u017cna podziwia\u0107 wiele egzotycznych zwierz\u0105t.<\/p>\n\n\n\n<div class=\"wp-block-image\"><figure class=\"aligncenter\"><img loading=\"lazy\" decoding=\"async\" width=\"1024\" height=\"680\" src=\"https:\/\/kruczekrakanie.pl\/wp-content\/uploads\/2018\/10\/G208979-1024x680.jpg\" alt=\"\" class=\"wp-image-650\" srcset=\"https:\/\/kruczekrakanie.pl\/wp-content\/uploads\/2018\/10\/G208979-1024x680.jpg 1024w, https:\/\/kruczekrakanie.pl\/wp-content\/uploads\/2018\/10\/G208979-300x199.jpg 300w, https:\/\/kruczekrakanie.pl\/wp-content\/uploads\/2018\/10\/G208979-768x510.jpg 768w, https:\/\/kruczekrakanie.pl\/wp-content\/uploads\/2018\/10\/G208979.jpg 1600w\" sizes=\"auto, (max-width: 767px) 89vw, (max-width: 1000px) 54vw, (max-width: 1071px) 543px, 580px\" \/><\/figure><\/div>\n\n\n\n<div class=\"wp-block-image\"><figure class=\"aligncenter\"><img loading=\"lazy\" decoding=\"async\" width=\"1024\" height=\"680\" src=\"https:\/\/kruczekrakanie.pl\/wp-content\/uploads\/2018\/10\/G208998-1024x680.jpg\" alt=\"\" class=\"wp-image-651\" srcset=\"https:\/\/kruczekrakanie.pl\/wp-content\/uploads\/2018\/10\/G208998-1024x680.jpg 1024w, https:\/\/kruczekrakanie.pl\/wp-content\/uploads\/2018\/10\/G208998-300x199.jpg 300w, https:\/\/kruczekrakanie.pl\/wp-content\/uploads\/2018\/10\/G208998-768x510.jpg 768w, https:\/\/kruczekrakanie.pl\/wp-content\/uploads\/2018\/10\/G208998.jpg 1600w\" sizes=\"auto, (max-width: 767px) 89vw, (max-width: 1000px) 54vw, (max-width: 1071px) 543px, 580px\" \/><\/figure><\/div>\n\n\n\n<p class=\"wp-block-paragraph\">W\u0119druj\u0105c dalej przejechali\u015bmy mostem Storebaelt na wysp\u0119 Fiona. Szczyty pylon\u00f3w mostu (254 m n.p.m.) to najwy\u017csze miejsce w Danii!<\/p>\n\n\n\n<div class=\"wp-block-image\"><figure class=\"aligncenter\"><img loading=\"lazy\" decoding=\"async\" width=\"1024\" height=\"681\" src=\"https:\/\/kruczekrakanie.pl\/wp-content\/uploads\/2018\/10\/G209001-1024x681.jpg\" alt=\"\" class=\"wp-image-652\" srcset=\"https:\/\/kruczekrakanie.pl\/wp-content\/uploads\/2018\/10\/G209001-1024x681.jpg 1024w, https:\/\/kruczekrakanie.pl\/wp-content\/uploads\/2018\/10\/G209001-300x200.jpg 300w, https:\/\/kruczekrakanie.pl\/wp-content\/uploads\/2018\/10\/G209001-768x511.jpg 768w, https:\/\/kruczekrakanie.pl\/wp-content\/uploads\/2018\/10\/G209001.jpg 1600w\" sizes=\"auto, (max-width: 767px) 89vw, (max-width: 1000px) 54vw, (max-width: 1071px) 543px, 580px\" \/><figcaption>Storeb\u00e6ltsbroen <\/figcaption><\/figure><\/div>\n\n\n\n<p class=\"wp-block-paragraph\">Potem jeszcze Kopenhaga, zwiedzanie miasta i muze\u00f3w oraz wizyta w Parku Tivoli.<\/p>\n\n\n\n<div class=\"wp-block-image\"><figure class=\"aligncenter\"><img loading=\"lazy\" decoding=\"async\" width=\"1024\" height=\"680\" src=\"https:\/\/kruczekrakanie.pl\/wp-content\/uploads\/2018\/10\/G209030-1024x680.jpg\" alt=\"\" class=\"wp-image-653\" srcset=\"https:\/\/kruczekrakanie.pl\/wp-content\/uploads\/2018\/10\/G209030-1024x680.jpg 1024w, https:\/\/kruczekrakanie.pl\/wp-content\/uploads\/2018\/10\/G209030-300x199.jpg 300w, https:\/\/kruczekrakanie.pl\/wp-content\/uploads\/2018\/10\/G209030-768x510.jpg 768w, https:\/\/kruczekrakanie.pl\/wp-content\/uploads\/2018\/10\/G209030.jpg 1600w\" sizes=\"auto, (max-width: 767px) 89vw, (max-width: 1000px) 54vw, (max-width: 1071px) 543px, 580px\" \/><figcaption>Kopenhaga<\/figcaption><\/figure><\/div>\n\n\n\n<div class=\"wp-block-image\"><figure class=\"aligncenter\"><img loading=\"lazy\" decoding=\"async\" width=\"1024\" height=\"680\" src=\"https:\/\/kruczekrakanie.pl\/wp-content\/uploads\/2018\/10\/G209297-1024x680.jpg\" alt=\"\" class=\"wp-image-654\" srcset=\"https:\/\/kruczekrakanie.pl\/wp-content\/uploads\/2018\/10\/G209297-1024x680.jpg 1024w, https:\/\/kruczekrakanie.pl\/wp-content\/uploads\/2018\/10\/G209297-300x199.jpg 300w, https:\/\/kruczekrakanie.pl\/wp-content\/uploads\/2018\/10\/G209297-768x510.jpg 768w, https:\/\/kruczekrakanie.pl\/wp-content\/uploads\/2018\/10\/G209297.jpg 1600w\" sizes=\"auto, (max-width: 767px) 89vw, (max-width: 1000px) 54vw, (max-width: 1071px) 543px, 580px\" \/><figcaption>Tivoli<\/figcaption><\/figure><\/div>\n\n\n\n<hr class=\"wp-block-separator\"\/>\n\n\n\n<p class=\"wp-block-paragraph\">Albumy ze zdj\u0119ciami<\/p>\n\n\n\n<ul class=\"wp-block-list\"><li><a href=\"https:\/\/photos.app.goo.gl\/ZYKZGdS8SiD5wyCX6\" target=\"_blank\" rel=\"noopener noreferrer\">Legoland<\/a><\/li><li><a href=\"https:\/\/photos.app.goo.gl\/SeuDVz4VYCjM8cg86\" target=\"_blank\" rel=\"noopener noreferrer\">Jelling, pierwsza stolica Danii<\/a><\/li><li><a href=\"https:\/\/photos.app.goo.gl\/TboWMPieNiqSBnSAA\" target=\"_blank\" rel=\"noopener noreferrer\">Givskud, park safari<\/a><\/li><li><a href=\"https:\/\/photos.app.goo.gl\/iX42CKFL4ErN5w828\" target=\"_blank\" rel=\"noopener noreferrer\">Most Storebaelt<\/a><\/li><li><a href=\"https:\/\/photos.app.goo.gl\/NTKh8f8mcJFP57eK6\" target=\"_blank\" rel=\"noopener noreferrer\">Kopenhaga i Tivoli<\/a><\/li><\/ul>\n\n\n\n<hr class=\"wp-block-separator\"\/>\n\n\n\n<p class=\"wp-block-paragraph\">Wpisy z bloga<\/p>\n\n\n\n<p class=\"wp-block-paragraph\"><ul class=\"display-posts-listing\"><li class=\"listing-item\"><a class=\"title\" href=\"https:\/\/kruczekrakanie.pl\/index.php\/2018\/10\/12\/legoland\/\">Legoland<\/a><\/li><\/ul><\/p>\n","protected":false},"excerpt":{"rendered":"<p>Wakacje 2010 roku to nasz pierwszy wyjazd pod namiot. Uznali\u015bmy, \u017ce sze\u015bciolatka pod namiotem da sobie rad\u0119, a przy okazji i my te\u017c \ud83d\ude42 Kierunek wyjazdu mia\u0142 by\u0107 &#8222;bezpieczny&#8221; &#8211; cywilizacja, infrastruktura, brak dzikich nied\u017awiedzi. Pad\u0142o na Dani\u0119. Kraj ten ma fantastyczn\u0105 baz\u0119 campingow\u0105. Dos\u0142ownie co kilka kilometr\u00f3w znale\u017a\u0107 mo\u017cna \u015bwietnie wyposa\u017cone pola namiotowe. W &hellip; <\/p>\n<p class=\"link-more\"><a href=\"https:\/\/kruczekrakanie.pl\/index.php\/2018\/10\/12\/legoland\/\" class=\"more-link\">Czytaj dalej<span class=\"screen-reader-text\"> \u201eLegoland\u201d<\/span><\/a><\/p>\n","protected":false},"author":2,"featured_media":1030,"parent":101,"menu_order":0,"comment_status":"closed","ping_status":"closed","template":"","meta":{"_crdt_document":"","ngg_post_thumbnail":0,"footnotes":""},"class_list":["post-644","page","type-page","status-publish","has-post-thumbnail","hentry"],"_links":{"self":[{"href":"https:\/\/kruczekrakanie.pl\/index.php\/wp-json\/wp\/v2\/pages\/644","targetHints":{"allow":["GET"]}}],"collection":[{"href":"https:\/\/kruczekrakanie.pl\/index.php\/wp-json\/wp\/v2\/pages"}],"about":[{"href":"https:\/\/kruczekrakanie.pl\/index.php\/wp-json\/wp\/v2\/types\/page"}],"author":[{"embeddable":true,"href":"https:\/\/kruczekrakanie.pl\/index.php\/wp-json\/wp\/v2\/users\/2"}],"replies":[{"embeddable":true,"href":"https:\/\/kruczekrakanie.pl\/index.php\/wp-json\/wp\/v2\/comments?post=644"}],"version-history":[{"count":5,"href":"https:\/\/kruczekrakanie.pl\/index.php\/wp-json\/wp\/v2\/pages\/644\/revisions"}],"predecessor-version":[{"id":1199,"href":"https:\/\/kruczekrakanie.pl\/index.php\/wp-json\/wp\/v2\/pages\/644\/revisions\/1199"}],"up":[{"embeddable":true,"href":"https:\/\/kruczekrakanie.pl\/index.php\/wp-json\/wp\/v2\/pages\/101"}],"wp:featuredmedia":[{"embeddable":true,"href":"https:\/\/kruczekrakanie.pl\/index.php\/wp-json\/wp\/v2\/media\/1030"}],"wp:attachment":[{"href":"https:\/\/kruczekrakanie.pl\/index.php\/wp-json\/wp\/v2\/media?parent=644"}],"curies":[{"name":"wp","href":"https:\/\/api.w.org\/{rel}","templated":true}]}}