{"id":6372,"date":"2025-08-24T15:08:26","date_gmt":"2025-08-24T15:08:26","guid":{"rendered":"http:\/\/kruczekrakanie.pl\/?page_id=6372"},"modified":"2025-08-24T15:13:36","modified_gmt":"2025-08-24T15:13:36","slug":"estonia","status":"publish","type":"page","link":"https:\/\/kruczekrakanie.pl\/index.php\/estonia\/","title":{"rendered":"Estonia"},"content":{"rendered":"\n<p class=\"wp-block-paragraph\">Estonia, i po drodze troch\u0119 Litwy.<\/p>\n\n\n\n<p class=\"wp-block-paragraph\">Range Rover spisa\u0142 si\u0119 na medal, pogoda dopisa\u0142a (z ma\u0142ym wyj\u0105tkiem mokrego Tallina).<\/p>\n\n\n\n<hr class=\"wp-block-separator has-alpha-channel-opacity\"\/>\n\n\n\n<p class=\"wp-block-paragraph\">Wspominki<\/p>\n\n\n\n<p class=\"wp-block-paragraph\"><ul class=\"display-posts-listing\"><li class=\"listing-item\"><a class=\"title\" href=\"https:\/\/kruczekrakanie.pl\/index.php\/2025\/12\/26\/film-z-estonii\/\">Film z Estonii<\/a><\/li><li class=\"listing-item\"><a class=\"title\" href=\"https:\/\/kruczekrakanie.pl\/index.php\/2025\/07\/05\/litwa-i-estonia-zdjecia\/\">Litwa i Estonia &#8211; zdj\u0119cia<\/a><\/li><li class=\"listing-item\"><a class=\"title\" href=\"https:\/\/kruczekrakanie.pl\/index.php\/2025\/07\/28\/litwa-lotwa-estonia-trasa\/\">Litwa, \u0141otwa, Estonia &#8211; trasa<\/a><\/li><\/ul><\/p>\n\n\n\n<p class=\"wp-block-paragraph\"><\/p>\n","protected":false},"excerpt":{"rendered":"<p>Estonia, i po drodze troch\u0119 Litwy. Range Rover spisa\u0142 si\u0119 na medal, pogoda dopisa\u0142a (z ma\u0142ym wyj\u0105tkiem mokrego Tallina). Wspominki<\/p>\n","protected":false},"author":2,"featured_media":6375,"parent":0,"menu_order":0,"comment_status":"closed","ping_status":"closed","template":"","meta":{"_crdt_document":"","ngg_post_thumbnail":0,"footnotes":""},"class_list":["post-6372","page","type-page","status-publish","has-post-thumbnail","hentry"],"_links":{"self":[{"href":"https:\/\/kruczekrakanie.pl\/index.php\/wp-json\/wp\/v2\/pages\/6372","targetHints":{"allow":["GET"]}}],"collection":[{"href":"https:\/\/kruczekrakanie.pl\/index.php\/wp-json\/wp\/v2\/pages"}],"about":[{"href":"https:\/\/kruczekrakanie.pl\/index.php\/wp-json\/wp\/v2\/types\/page"}],"author":[{"embeddable":true,"href":"https:\/\/kruczekrakanie.pl\/index.php\/wp-json\/wp\/v2\/users\/2"}],"replies":[{"embeddable":true,"href":"https:\/\/kruczekrakanie.pl\/index.php\/wp-json\/wp\/v2\/comments?post=6372"}],"version-history":[{"count":1,"href":"https:\/\/kruczekrakanie.pl\/index.php\/wp-json\/wp\/v2\/pages\/6372\/revisions"}],"predecessor-version":[{"id":6373,"href":"https:\/\/kruczekrakanie.pl\/index.php\/wp-json\/wp\/v2\/pages\/6372\/revisions\/6373"}],"wp:featuredmedia":[{"embeddable":true,"href":"https:\/\/kruczekrakanie.pl\/index.php\/wp-json\/wp\/v2\/media\/6375"}],"wp:attachment":[{"href":"https:\/\/kruczekrakanie.pl\/index.php\/wp-json\/wp\/v2\/media?parent=6372"}],"curies":[{"name":"wp","href":"https:\/\/api.w.org\/{rel}","templated":true}]}}