{"id":480,"date":"2016-08-14T18:18:47","date_gmt":"2016-08-14T18:18:47","guid":{"rendered":"http:\/\/kruczekrakanie.pl\/?page_id=480"},"modified":"2019-04-14T09:26:39","modified_gmt":"2019-04-14T09:26:39","slug":"rumunia-2016","status":"publish","type":"page","link":"https:\/\/kruczekrakanie.pl\/index.php\/4x4\/rumunia-2016\/","title":{"rendered":"Rumunia 2016"},"content":{"rendered":"\n<p class=\"wp-block-paragraph\">Pierwszy m\u00f3j zagraniczny wyjazd Discovery. Ekipa, z kt\u00f3ra pojecha\u0142em taka raczej &#8222;z \u0142apanki&#8221;, ale wysz\u0142o bardzo fajnie. Cz\u0119\u015b\u0107 trasy jechali\u015bmy wsp\u00f3lnie (dwa LR Discovery i Opel Vectra \ud83d\ude42 ). Apuseni, Alba Iulia, Sighisoara, Medias.<\/p>\n\n\n\n<div class=\"wp-block-image\"><figure class=\"aligncenter\"><img loading=\"lazy\" decoding=\"async\" width=\"1024\" height=\"679\" src=\"https:\/\/kruczekrakanie.pl\/wp-content\/uploads\/2018\/10\/IMGP9033-1024x679.jpg\" alt=\"\" class=\"wp-image-485\" srcset=\"https:\/\/kruczekrakanie.pl\/wp-content\/uploads\/2018\/10\/IMGP9033-1024x679.jpg 1024w, https:\/\/kruczekrakanie.pl\/wp-content\/uploads\/2018\/10\/IMGP9033-300x199.jpg 300w, https:\/\/kruczekrakanie.pl\/wp-content\/uploads\/2018\/10\/IMGP9033-768x509.jpg 768w, https:\/\/kruczekrakanie.pl\/wp-content\/uploads\/2018\/10\/IMGP9033.jpg 2048w\" sizes=\"auto, (max-width: 767px) 89vw, (max-width: 1000px) 54vw, (max-width: 1071px) 543px, 580px\" \/><figcaption>Pierwszy biwak w Ro<\/figcaption><\/figure><\/div>\n\n\n\n<div class=\"wp-block-image\"><figure class=\"aligncenter\"><img loading=\"lazy\" decoding=\"async\" width=\"1024\" height=\"679\" src=\"https:\/\/kruczekrakanie.pl\/wp-content\/uploads\/2018\/10\/IMGP9162-1024x679.jpg\" alt=\"\" class=\"wp-image-484\" srcset=\"https:\/\/kruczekrakanie.pl\/wp-content\/uploads\/2018\/10\/IMGP9162-1024x679.jpg 1024w, https:\/\/kruczekrakanie.pl\/wp-content\/uploads\/2018\/10\/IMGP9162-300x199.jpg 300w, https:\/\/kruczekrakanie.pl\/wp-content\/uploads\/2018\/10\/IMGP9162-768x509.jpg 768w, https:\/\/kruczekrakanie.pl\/wp-content\/uploads\/2018\/10\/IMGP9162.jpg 2048w\" sizes=\"auto, (max-width: 767px) 89vw, (max-width: 1000px) 54vw, (max-width: 1071px) 543px, 580px\" \/><figcaption>Apuseni<\/figcaption><\/figure><\/div>\n\n\n\n<div class=\"wp-block-image\"><figure class=\"aligncenter\"><img loading=\"lazy\" decoding=\"async\" width=\"1024\" height=\"679\" src=\"https:\/\/kruczekrakanie.pl\/wp-content\/uploads\/2018\/10\/IMGP9081-1024x679.jpg\" alt=\"\" class=\"wp-image-483\" srcset=\"https:\/\/kruczekrakanie.pl\/wp-content\/uploads\/2018\/10\/IMGP9081-1024x679.jpg 1024w, https:\/\/kruczekrakanie.pl\/wp-content\/uploads\/2018\/10\/IMGP9081-300x199.jpg 300w, https:\/\/kruczekrakanie.pl\/wp-content\/uploads\/2018\/10\/IMGP9081-768x509.jpg 768w, https:\/\/kruczekrakanie.pl\/wp-content\/uploads\/2018\/10\/IMGP9081.jpg 2048w\" sizes=\"auto, (max-width: 767px) 89vw, (max-width: 1000px) 54vw, (max-width: 1071px) 543px, 580px\" \/><figcaption>Polana Glavoi<\/figcaption><\/figure><\/div>\n\n\n\n<div class=\"wp-block-image\"><figure class=\"aligncenter\"><img loading=\"lazy\" decoding=\"async\" width=\"1024\" height=\"679\" src=\"https:\/\/kruczekrakanie.pl\/wp-content\/uploads\/2018\/10\/IMGP9326-1024x679.jpg\" alt=\"\" class=\"wp-image-482\" srcset=\"https:\/\/kruczekrakanie.pl\/wp-content\/uploads\/2018\/10\/IMGP9326-1024x679.jpg 1024w, https:\/\/kruczekrakanie.pl\/wp-content\/uploads\/2018\/10\/IMGP9326-300x199.jpg 300w, https:\/\/kruczekrakanie.pl\/wp-content\/uploads\/2018\/10\/IMGP9326-768x509.jpg 768w, https:\/\/kruczekrakanie.pl\/wp-content\/uploads\/2018\/10\/IMGP9326.jpg 2048w\" sizes=\"auto, (max-width: 767px) 89vw, (max-width: 1000px) 54vw, (max-width: 1071px) 543px, 580px\" \/><figcaption>Alba Iulia<\/figcaption><\/figure><\/div>\n\n\n\n<div class=\"wp-block-image\"><figure class=\"aligncenter\"><img loading=\"lazy\" decoding=\"async\" width=\"1024\" height=\"679\" src=\"https:\/\/kruczekrakanie.pl\/wp-content\/uploads\/2018\/10\/IMGP9308-1024x679.jpg\" alt=\"\" class=\"wp-image-481\" srcset=\"https:\/\/kruczekrakanie.pl\/wp-content\/uploads\/2018\/10\/IMGP9308-1024x679.jpg 1024w, https:\/\/kruczekrakanie.pl\/wp-content\/uploads\/2018\/10\/IMGP9308-300x199.jpg 300w, https:\/\/kruczekrakanie.pl\/wp-content\/uploads\/2018\/10\/IMGP9308-768x509.jpg 768w, https:\/\/kruczekrakanie.pl\/wp-content\/uploads\/2018\/10\/IMGP9308.jpg 2048w\" sizes=\"auto, (max-width: 767px) 89vw, (max-width: 1000px) 54vw, (max-width: 1071px) 543px, 580px\" \/><figcaption>Vectra holuje Discovery pod g\u00f3r\u0119. No prawie \ud83d\ude42<\/figcaption><\/figure><\/div>\n\n\n\n<p class=\"wp-block-paragraph\">Potem dwa auta pojecha\u0142y nad rumu\u0144skie morze a ja wr\u00f3ci\u0142em w g\u00f3ry. Ten samotny kawa\u0142ek wycieczki wyszed\u0142 najlepiej pod wzgl\u0119dem terenowym i widokowym. Przejecha\u0142em Transfogarask\u0105, odwiedzi\u0142em w\u0105w\u00f3z Ramet, g\u00f3ry Trascau.<\/p>\n\n\n\n<div class=\"wp-block-image\"><figure class=\"aligncenter\"><img loading=\"lazy\" decoding=\"async\" width=\"1024\" height=\"679\" src=\"https:\/\/kruczekrakanie.pl\/wp-content\/uploads\/2018\/10\/IMGP9588-1024x679.jpg\" alt=\"\" class=\"wp-image-494\" srcset=\"https:\/\/kruczekrakanie.pl\/wp-content\/uploads\/2018\/10\/IMGP9588-1024x679.jpg 1024w, https:\/\/kruczekrakanie.pl\/wp-content\/uploads\/2018\/10\/IMGP9588-300x199.jpg 300w, https:\/\/kruczekrakanie.pl\/wp-content\/uploads\/2018\/10\/IMGP9588-768x509.jpg 768w, https:\/\/kruczekrakanie.pl\/wp-content\/uploads\/2018\/10\/IMGP9588.jpg 2048w\" sizes=\"auto, (max-width: 767px) 89vw, (max-width: 1000px) 54vw, (max-width: 1071px) 543px, 580px\" \/><figcaption>Tama przy drodze Transfogaraskiej<\/figcaption><\/figure><\/div>\n\n\n\n<div class=\"wp-block-image\"><figure class=\"aligncenter\"><img loading=\"lazy\" decoding=\"async\" width=\"1024\" height=\"679\" src=\"https:\/\/kruczekrakanie.pl\/wp-content\/uploads\/2018\/10\/IMGP9644-1024x679.jpg\" alt=\"\" class=\"wp-image-493\" srcset=\"https:\/\/kruczekrakanie.pl\/wp-content\/uploads\/2018\/10\/IMGP9644-1024x679.jpg 1024w, https:\/\/kruczekrakanie.pl\/wp-content\/uploads\/2018\/10\/IMGP9644-300x199.jpg 300w, https:\/\/kruczekrakanie.pl\/wp-content\/uploads\/2018\/10\/IMGP9644-768x509.jpg 768w, https:\/\/kruczekrakanie.pl\/wp-content\/uploads\/2018\/10\/IMGP9644.jpg 2048w\" sizes=\"auto, (max-width: 767px) 89vw, (max-width: 1000px) 54vw, (max-width: 1071px) 543px, 580px\" \/><figcaption>Transfogaraska. Pogoda&#8230; taka sobie<\/figcaption><\/figure><\/div>\n\n\n\n<div class=\"wp-block-image\"><figure class=\"aligncenter\"><img loading=\"lazy\" decoding=\"async\" width=\"1024\" height=\"679\" src=\"https:\/\/kruczekrakanie.pl\/wp-content\/uploads\/2018\/10\/IMGP9675-1024x679.jpg\" alt=\"\" class=\"wp-image-492\" srcset=\"https:\/\/kruczekrakanie.pl\/wp-content\/uploads\/2018\/10\/IMGP9675-1024x679.jpg 1024w, https:\/\/kruczekrakanie.pl\/wp-content\/uploads\/2018\/10\/IMGP9675-300x199.jpg 300w, https:\/\/kruczekrakanie.pl\/wp-content\/uploads\/2018\/10\/IMGP9675-768x509.jpg 768w, https:\/\/kruczekrakanie.pl\/wp-content\/uploads\/2018\/10\/IMGP9675.jpg 2048w\" sizes=\"auto, (max-width: 767px) 89vw, (max-width: 1000px) 54vw, (max-width: 1071px) 543px, 580px\" \/><figcaption>Naprz\u00f3d!<\/figcaption><\/figure><\/div>\n\n\n\n<div class=\"wp-block-image\"><figure class=\"aligncenter\"><img loading=\"lazy\" decoding=\"async\" width=\"1024\" height=\"679\" src=\"https:\/\/kruczekrakanie.pl\/wp-content\/uploads\/2018\/10\/IMGP9718-1024x679.jpg\" alt=\"\" class=\"wp-image-491\" srcset=\"https:\/\/kruczekrakanie.pl\/wp-content\/uploads\/2018\/10\/IMGP9718-1024x679.jpg 1024w, https:\/\/kruczekrakanie.pl\/wp-content\/uploads\/2018\/10\/IMGP9718-300x199.jpg 300w, https:\/\/kruczekrakanie.pl\/wp-content\/uploads\/2018\/10\/IMGP9718-768x509.jpg 768w, https:\/\/kruczekrakanie.pl\/wp-content\/uploads\/2018\/10\/IMGP9718.jpg 2048w\" sizes=\"auto, (max-width: 767px) 89vw, (max-width: 1000px) 54vw, (max-width: 1071px) 543px, 580px\" \/><figcaption>\u015awit<\/figcaption><\/figure><\/div>\n\n\n\n<div class=\"wp-block-image\"><figure class=\"aligncenter\"><img loading=\"lazy\" decoding=\"async\" width=\"1024\" height=\"679\" src=\"https:\/\/kruczekrakanie.pl\/wp-content\/uploads\/2018\/10\/IMGP9752-1024x679.jpg\" alt=\"\" class=\"wp-image-490\" srcset=\"https:\/\/kruczekrakanie.pl\/wp-content\/uploads\/2018\/10\/IMGP9752-1024x679.jpg 1024w, https:\/\/kruczekrakanie.pl\/wp-content\/uploads\/2018\/10\/IMGP9752-300x199.jpg 300w, https:\/\/kruczekrakanie.pl\/wp-content\/uploads\/2018\/10\/IMGP9752-768x509.jpg 768w, https:\/\/kruczekrakanie.pl\/wp-content\/uploads\/2018\/10\/IMGP9752.jpg 2048w\" sizes=\"auto, (max-width: 767px) 89vw, (max-width: 1000px) 54vw, (max-width: 1071px) 543px, 580px\" \/><figcaption>W\u0105w\u00f3z Ramet<\/figcaption><\/figure><\/div>\n\n\n\n<div class=\"wp-block-image\"><figure class=\"aligncenter\"><img loading=\"lazy\" decoding=\"async\" width=\"1024\" height=\"679\" src=\"https:\/\/kruczekrakanie.pl\/wp-content\/uploads\/2018\/10\/IMGP9765-1024x679.jpg\" alt=\"\" class=\"wp-image-489\" srcset=\"https:\/\/kruczekrakanie.pl\/wp-content\/uploads\/2018\/10\/IMGP9765-1024x679.jpg 1024w, https:\/\/kruczekrakanie.pl\/wp-content\/uploads\/2018\/10\/IMGP9765-300x199.jpg 300w, https:\/\/kruczekrakanie.pl\/wp-content\/uploads\/2018\/10\/IMGP9765-768x509.jpg 768w, https:\/\/kruczekrakanie.pl\/wp-content\/uploads\/2018\/10\/IMGP9765.jpg 2048w\" sizes=\"auto, (max-width: 767px) 89vw, (max-width: 1000px) 54vw, (max-width: 1071px) 543px, 580px\" \/><figcaption>Wstaje dzie\u0144<\/figcaption><\/figure><\/div>\n\n\n\n<div class=\"wp-block-image\"><figure class=\"aligncenter\"><img loading=\"lazy\" decoding=\"async\" width=\"1024\" height=\"679\" src=\"https:\/\/kruczekrakanie.pl\/wp-content\/uploads\/2018\/10\/IMGP9795-1024x679.jpg\" alt=\"\" class=\"wp-image-488\" srcset=\"https:\/\/kruczekrakanie.pl\/wp-content\/uploads\/2018\/10\/IMGP9795-1024x679.jpg 1024w, https:\/\/kruczekrakanie.pl\/wp-content\/uploads\/2018\/10\/IMGP9795-300x199.jpg 300w, https:\/\/kruczekrakanie.pl\/wp-content\/uploads\/2018\/10\/IMGP9795-768x509.jpg 768w, https:\/\/kruczekrakanie.pl\/wp-content\/uploads\/2018\/10\/IMGP9795.jpg 2048w\" sizes=\"auto, (max-width: 767px) 89vw, (max-width: 1000px) 54vw, (max-width: 1071px) 543px, 580px\" \/><figcaption>Trascau<\/figcaption><\/figure><\/div>\n\n\n\n<div class=\"wp-block-image\"><figure class=\"aligncenter\"><img loading=\"lazy\" decoding=\"async\" width=\"1024\" height=\"679\" src=\"https:\/\/kruczekrakanie.pl\/wp-content\/uploads\/2018\/10\/IMGP9847-1024x679.jpg\" alt=\"\" class=\"wp-image-487\" srcset=\"https:\/\/kruczekrakanie.pl\/wp-content\/uploads\/2018\/10\/IMGP9847-1024x679.jpg 1024w, https:\/\/kruczekrakanie.pl\/wp-content\/uploads\/2018\/10\/IMGP9847-300x199.jpg 300w, https:\/\/kruczekrakanie.pl\/wp-content\/uploads\/2018\/10\/IMGP9847-768x509.jpg 768w, https:\/\/kruczekrakanie.pl\/wp-content\/uploads\/2018\/10\/IMGP9847.jpg 2048w\" sizes=\"auto, (max-width: 767px) 89vw, (max-width: 1000px) 54vw, (max-width: 1071px) 543px, 580px\" \/><figcaption>Trascau<\/figcaption><\/figure><\/div>\n\n\n\n<div class=\"wp-block-image\"><figure class=\"aligncenter\"><img loading=\"lazy\" decoding=\"async\" width=\"1024\" height=\"679\" src=\"https:\/\/kruczekrakanie.pl\/wp-content\/uploads\/2018\/10\/IMGP9870-1-1024x679.jpg\" alt=\"\" class=\"wp-image-486\" srcset=\"https:\/\/kruczekrakanie.pl\/wp-content\/uploads\/2018\/10\/IMGP9870-1-1024x679.jpg 1024w, https:\/\/kruczekrakanie.pl\/wp-content\/uploads\/2018\/10\/IMGP9870-1-300x199.jpg 300w, https:\/\/kruczekrakanie.pl\/wp-content\/uploads\/2018\/10\/IMGP9870-1-768x509.jpg 768w, https:\/\/kruczekrakanie.pl\/wp-content\/uploads\/2018\/10\/IMGP9870-1.jpg 2048w\" sizes=\"auto, (max-width: 767px) 89vw, (max-width: 1000px) 54vw, (max-width: 1071px) 543px, 580px\" \/><figcaption>Trascau<\/figcaption><\/figure><\/div>\n\n\n\n<hr class=\"wp-block-separator\"\/>\n\n\n\n<p class=\"wp-block-paragraph\" style=\"text-align:center\"><a href=\"https:\/\/goo.gl\/photos\/dcu7WykHfFuDGeTu8\" target=\"_blank\" rel=\"noopener noreferrer\">Album zdj\u0119\u0107 z wyjazdu<\/a><\/p>\n\n\n\n<hr class=\"wp-block-separator\"\/>\n\n\n\n<p class=\"wp-block-paragraph\">Wspominki:<\/p>\n\n\n\n<p class=\"wp-block-paragraph\"><ul class=\"display-posts-listing\"><li class=\"listing-item\"><a class=\"title\" href=\"https:\/\/kruczekrakanie.pl\/index.php\/2016\/08\/14\/rumunia-2016-slad\/\">Rumunia 2016 &#8211; \u015blad<\/a><\/li><\/ul><\/p>\n","protected":false},"excerpt":{"rendered":"<p>Pierwszy m\u00f3j zagraniczny wyjazd Discovery. Ekipa, z kt\u00f3ra pojecha\u0142em taka raczej &#8222;z \u0142apanki&#8221;, ale wysz\u0142o bardzo fajnie. Cz\u0119\u015b\u0107 trasy jechali\u015bmy wsp\u00f3lnie (dwa LR Discovery i Opel Vectra \ud83d\ude42 ). Apuseni, Alba Iulia, Sighisoara, Medias. Potem dwa auta pojecha\u0142y nad rumu\u0144skie morze a ja wr\u00f3ci\u0142em w g\u00f3ry. Ten samotny kawa\u0142ek wycieczki wyszed\u0142 najlepiej pod wzgl\u0119dem terenowym &hellip; <\/p>\n<p class=\"link-more\"><a href=\"https:\/\/kruczekrakanie.pl\/index.php\/2016\/08\/14\/rumunia-2016-slad\/\" class=\"more-link\">Czytaj dalej<span class=\"screen-reader-text\"> \u201eRumunia 2016 &#8211; \u015blad\u201d<\/span><\/a><\/p>\n","protected":false},"author":2,"featured_media":0,"parent":129,"menu_order":0,"comment_status":"closed","ping_status":"closed","template":"","meta":{"_crdt_document":"","ngg_post_thumbnail":0,"footnotes":""},"class_list":["post-480","page","type-page","status-publish","hentry"],"_links":{"self":[{"href":"https:\/\/kruczekrakanie.pl\/index.php\/wp-json\/wp\/v2\/pages\/480","targetHints":{"allow":["GET"]}}],"collection":[{"href":"https:\/\/kruczekrakanie.pl\/index.php\/wp-json\/wp\/v2\/pages"}],"about":[{"href":"https:\/\/kruczekrakanie.pl\/index.php\/wp-json\/wp\/v2\/types\/page"}],"author":[{"embeddable":true,"href":"https:\/\/kruczekrakanie.pl\/index.php\/wp-json\/wp\/v2\/users\/2"}],"replies":[{"embeddable":true,"href":"https:\/\/kruczekrakanie.pl\/index.php\/wp-json\/wp\/v2\/comments?post=480"}],"version-history":[{"count":6,"href":"https:\/\/kruczekrakanie.pl\/index.php\/wp-json\/wp\/v2\/pages\/480\/revisions"}],"predecessor-version":[{"id":1219,"href":"https:\/\/kruczekrakanie.pl\/index.php\/wp-json\/wp\/v2\/pages\/480\/revisions\/1219"}],"up":[{"embeddable":true,"href":"https:\/\/kruczekrakanie.pl\/index.php\/wp-json\/wp\/v2\/pages\/129"}],"wp:attachment":[{"href":"https:\/\/kruczekrakanie.pl\/index.php\/wp-json\/wp\/v2\/media?parent=480"}],"curies":[{"name":"wp","href":"https:\/\/api.w.org\/{rel}","templated":true}]}}