{"id":4773,"date":"2023-10-14T20:19:33","date_gmt":"2023-10-14T20:19:33","guid":{"rendered":"http:\/\/kruczekrakanie.pl\/?page_id=4773"},"modified":"2023-10-14T20:19:33","modified_gmt":"2023-10-14T20:19:33","slug":"kreta-2023","status":"publish","type":"page","link":"https:\/\/kruczekrakanie.pl\/index.php\/kreta-2023\/","title":{"rendered":"Kreta 2023"},"content":{"rendered":"\n<p class=\"wp-block-paragraph\">Wakacyjny wyjazd, tym razem we wrze\u015bniu.<\/p>\n\n\n\n<p class=\"wp-block-paragraph\">Kilka dni we Wroc\u0142awiu, a potem tydzie\u0144 na Krecie.<\/p>\n\n\n\nngg_shortcode_0_placeholder\n\n\n\n<hr class=\"wp-block-separator has-alpha-channel-opacity\"\/>\n\n\n\n<p class=\"wp-block-paragraph\"><ul class=\"display-posts-listing\"><li class=\"listing-item\"><a class=\"title\" href=\"https:\/\/kruczekrakanie.pl\/index.php\/2023\/10\/14\/galeria-zdjec-z-krety\/\">Galeria zdj\u0119\u0107 z Krety<\/a><\/li><li class=\"listing-item\"><a class=\"title\" href=\"https:\/\/kruczekrakanie.pl\/index.php\/2023\/10\/21\/kreta-zdjecia-iki\/\">Kreta &#8211; zdj\u0119cia Iki<\/a><\/li><li class=\"listing-item\"><a class=\"title\" href=\"https:\/\/kruczekrakanie.pl\/index.php\/2023\/09\/20\/wroclaw-city-break\/\">Wroc\u0142aw city break<\/a><\/li><\/ul><\/p>\n","protected":false},"excerpt":{"rendered":"<p>Wakacyjny wyjazd, tym razem we wrze\u015bniu. Kilka dni we Wroc\u0142awiu, a potem tydzie\u0144 na Krecie.<\/p>\n","protected":false},"author":2,"featured_media":4774,"parent":0,"menu_order":0,"comment_status":"closed","ping_status":"closed","template":"","meta":{"_crdt_document":"","ngg_post_thumbnail":0,"footnotes":""},"class_list":["post-4773","page","type-page","status-publish","has-post-thumbnail","hentry"],"_links":{"self":[{"href":"https:\/\/kruczekrakanie.pl\/index.php\/wp-json\/wp\/v2\/pages\/4773","targetHints":{"allow":["GET"]}}],"collection":[{"href":"https:\/\/kruczekrakanie.pl\/index.php\/wp-json\/wp\/v2\/pages"}],"about":[{"href":"https:\/\/kruczekrakanie.pl\/index.php\/wp-json\/wp\/v2\/types\/page"}],"author":[{"embeddable":true,"href":"https:\/\/kruczekrakanie.pl\/index.php\/wp-json\/wp\/v2\/users\/2"}],"replies":[{"embeddable":true,"href":"https:\/\/kruczekrakanie.pl\/index.php\/wp-json\/wp\/v2\/comments?post=4773"}],"version-history":[{"count":1,"href":"https:\/\/kruczekrakanie.pl\/index.php\/wp-json\/wp\/v2\/pages\/4773\/revisions"}],"predecessor-version":[{"id":4775,"href":"https:\/\/kruczekrakanie.pl\/index.php\/wp-json\/wp\/v2\/pages\/4773\/revisions\/4775"}],"wp:featuredmedia":[{"embeddable":true,"href":"https:\/\/kruczekrakanie.pl\/index.php\/wp-json\/wp\/v2\/media\/4774"}],"wp:attachment":[{"href":"https:\/\/kruczekrakanie.pl\/index.php\/wp-json\/wp\/v2\/media?parent=4773"}],"curies":[{"name":"wp","href":"https:\/\/api.w.org\/{rel}","templated":true}]}}