{"id":441,"date":"2017-01-06T09:20:19","date_gmt":"2017-01-06T09:20:19","guid":{"rendered":"http:\/\/kruczekrakanie.pl\/?page_id=441"},"modified":"2019-04-14T09:17:57","modified_gmt":"2019-04-14T09:17:57","slug":"nowy-rok-w-rzymie","status":"publish","type":"page","link":"https:\/\/kruczekrakanie.pl\/index.php\/wycieczki\/nowy-rok-w-rzymie\/","title":{"rendered":"Nowy Rok w Rzymie 2016\/2017"},"content":{"rendered":"\n<p class=\"wp-block-paragraph\">Prze\u0142om roku 2016 i 2017 sp\u0119dzili\u015bmy w Rzymie. Przylecieli\u015bmy pod koniec grudnia i zostali\u015bmy na pierwszy tydzie\u0144 stycznia, licz\u0105c na nieco mniejsze ilo\u015bci turyst\u00f3w w tym okresie.<\/p>\n\n\n\n<p class=\"wp-block-paragraph\">Rzym jest wspania\u0142ym miastem i naprawd\u0119 wartym zwiedzenia.<\/p>\n\n\n\n<div class=\"wp-block-image\"><figure class=\"aligncenter\"><img loading=\"lazy\" decoding=\"async\" width=\"1024\" height=\"359\" src=\"https:\/\/kruczekrakanie.pl\/wp-content\/uploads\/2018\/10\/IMGP4823-1024x359.jpg\" alt=\"\" class=\"wp-image-442\" srcset=\"https:\/\/kruczekrakanie.pl\/wp-content\/uploads\/2018\/10\/IMGP4823-1024x359.jpg 1024w, https:\/\/kruczekrakanie.pl\/wp-content\/uploads\/2018\/10\/IMGP4823-300x105.jpg 300w, https:\/\/kruczekrakanie.pl\/wp-content\/uploads\/2018\/10\/IMGP4823-768x269.jpg 768w, https:\/\/kruczekrakanie.pl\/wp-content\/uploads\/2018\/10\/IMGP4823.jpg 2048w\" sizes=\"auto, (max-width: 767px) 89vw, (max-width: 1000px) 54vw, (max-width: 1071px) 543px, 580px\" \/><figcaption>Panorama ze wzg\u00f3rza Janiculum<\/figcaption><\/figure><\/div>\n\n\n\n<p class=\"wp-block-paragraph\">Rzym zwiedzali\u015bmy g\u0142\u00f3wnie pieszo i korzystaj\u0105c z metra. Kater\u0119 mieli\u015bmy w odleg\u0142o\u015bci kr\u00f3tkiego spaceru od stacji Furio Camillio, a sie\u0107 linii metra pozwala wygodnie dosta\u0107 si\u0119 w\u0142a\u015bciwie we wszystkie ciekawe miejsca.<\/p>\n\n\n\n<p class=\"wp-block-paragraph\">W Rzymie zwiedzili\u015bmy to, co w ramach &#8222;\u017celaznego&#8221; standardu &#8211; Colosseum, Watykan, wi\u0119kszo\u015b\u0107 najwi\u0119kszych katedr, ale r\u00f3wnie\u017c kilka mniej znanych miejsc.<\/p>\n\n\n\n<div class=\"wp-block-image\"><figure class=\"aligncenter\"><img loading=\"lazy\" decoding=\"async\" width=\"1024\" height=\"681\" src=\"https:\/\/kruczekrakanie.pl\/wp-content\/uploads\/2018\/10\/IMGP4793-1024x681.jpg\" alt=\"\" class=\"wp-image-443\" srcset=\"https:\/\/kruczekrakanie.pl\/wp-content\/uploads\/2018\/10\/IMGP4793-1024x681.jpg 1024w, https:\/\/kruczekrakanie.pl\/wp-content\/uploads\/2018\/10\/IMGP4793-300x200.jpg 300w, https:\/\/kruczekrakanie.pl\/wp-content\/uploads\/2018\/10\/IMGP4793-768x511.jpg 768w, https:\/\/kruczekrakanie.pl\/wp-content\/uploads\/2018\/10\/IMGP4793.jpg 2048w\" sizes=\"auto, (max-width: 767px) 89vw, (max-width: 1000px) 54vw, (max-width: 1071px) 543px, 580px\" \/><figcaption>Tybr<\/figcaption><\/figure><\/div>\n\n\n\n<div class=\"wp-block-image\"><figure class=\"aligncenter\"><img loading=\"lazy\" decoding=\"async\" width=\"681\" height=\"1024\" src=\"https:\/\/kruczekrakanie.pl\/wp-content\/uploads\/2018\/10\/IMGP4790-681x1024.jpg\" alt=\"\" class=\"wp-image-444\" srcset=\"https:\/\/kruczekrakanie.pl\/wp-content\/uploads\/2018\/10\/IMGP4790-681x1024.jpg 681w, https:\/\/kruczekrakanie.pl\/wp-content\/uploads\/2018\/10\/IMGP4790-200x300.jpg 200w, https:\/\/kruczekrakanie.pl\/wp-content\/uploads\/2018\/10\/IMGP4790-768x1155.jpg 768w, https:\/\/kruczekrakanie.pl\/wp-content\/uploads\/2018\/10\/IMGP4790.jpg 1362w\" sizes=\"auto, (max-width: 681px) 100vw, 681px\" \/><figcaption>Spacer wzd\u0142u\u017c Tybru<\/figcaption><\/figure><\/div>\n\n\n\n<p class=\"wp-block-paragraph\">Oczywi\u015bcie by\u0142y rzymskie fontanny i Colosseum.<\/p>\n\n\n\n<div class=\"wp-block-image\"><figure class=\"aligncenter\"><img loading=\"lazy\" decoding=\"async\" width=\"1024\" height=\"681\" src=\"https:\/\/kruczekrakanie.pl\/wp-content\/uploads\/2018\/10\/IMGP4723-1024x681.jpg\" alt=\"\" class=\"wp-image-445\" srcset=\"https:\/\/kruczekrakanie.pl\/wp-content\/uploads\/2018\/10\/IMGP4723-1024x681.jpg 1024w, https:\/\/kruczekrakanie.pl\/wp-content\/uploads\/2018\/10\/IMGP4723-300x200.jpg 300w, https:\/\/kruczekrakanie.pl\/wp-content\/uploads\/2018\/10\/IMGP4723-768x511.jpg 768w, https:\/\/kruczekrakanie.pl\/wp-content\/uploads\/2018\/10\/IMGP4723.jpg 2048w\" sizes=\"auto, (max-width: 767px) 89vw, (max-width: 1000px) 54vw, (max-width: 1071px) 543px, 580px\" \/><figcaption>Jedna z licznych fontann<\/figcaption><\/figure><\/div>\n\n\n\n<div class=\"wp-block-image\"><figure class=\"aligncenter\"><img loading=\"lazy\" decoding=\"async\" width=\"1024\" height=\"682\" src=\"https:\/\/kruczekrakanie.pl\/wp-content\/uploads\/2018\/10\/DSCF4109-1024x682.jpg\" alt=\"\" class=\"wp-image-446\" srcset=\"https:\/\/kruczekrakanie.pl\/wp-content\/uploads\/2018\/10\/DSCF4109-1024x682.jpg 1024w, https:\/\/kruczekrakanie.pl\/wp-content\/uploads\/2018\/10\/DSCF4109-300x200.jpg 300w, https:\/\/kruczekrakanie.pl\/wp-content\/uploads\/2018\/10\/DSCF4109-768x512.jpg 768w, https:\/\/kruczekrakanie.pl\/wp-content\/uploads\/2018\/10\/DSCF4109.jpg 2048w\" sizes=\"auto, (max-width: 767px) 89vw, (max-width: 1000px) 54vw, (max-width: 1071px) 543px, 580px\" \/><figcaption>Colosseum<\/figcaption><\/figure><\/div>\n\n\n\n<p class=\"wp-block-paragraph\">Najwi\u0119ksze wra\u017cenie zrobi\u0142o na mnie jednak Forum Romanum. Byli\u015bmy tam dwa razy i naprawd\u0119, co\u015b jest w atmosferze tego miejsca.<\/p>\n\n\n\n<div class=\"wp-block-image\"><figure class=\"aligncenter\"><img loading=\"lazy\" decoding=\"async\" width=\"1024\" height=\"681\" src=\"https:\/\/kruczekrakanie.pl\/wp-content\/uploads\/2018\/10\/IMGP4953-1024x681.jpg\" alt=\"\" class=\"wp-image-447\" srcset=\"https:\/\/kruczekrakanie.pl\/wp-content\/uploads\/2018\/10\/IMGP4953-1024x681.jpg 1024w, https:\/\/kruczekrakanie.pl\/wp-content\/uploads\/2018\/10\/IMGP4953-300x200.jpg 300w, https:\/\/kruczekrakanie.pl\/wp-content\/uploads\/2018\/10\/IMGP4953-768x511.jpg 768w, https:\/\/kruczekrakanie.pl\/wp-content\/uploads\/2018\/10\/IMGP4953.jpg 2048w\" sizes=\"auto, (max-width: 767px) 89vw, (max-width: 1000px) 54vw, (max-width: 1071px) 543px, 580px\" \/><figcaption>Widok na Forum Romanum od strony Palatynu<br><\/figcaption><\/figure><\/div>\n\n\n\n<hr class=\"wp-block-separator\"\/>\n\n\n\n<p class=\"wp-block-paragraph\" style=\"text-align:center\"><a href=\"https:\/\/goo.gl\/photos\/VTzpJMC1THTKtrLYA\" target=\"_blank\" rel=\"noopener noreferrer\">Album zdj\u0119\u0107 z wyjazdu<\/a><\/p>\n\n\n\n<hr class=\"wp-block-separator\"\/>\n\n\n\n<p class=\"wp-block-paragraph\"><ul class=\"display-posts-listing\"><li class=\"listing-item\"><a class=\"title\" href=\"https:\/\/kruczekrakanie.pl\/index.php\/2017\/01\/04\/znajdz-40-kotow-na-ponizszym-obrazku\/\">Znajd\u017a 40 kot\u00f3w na poni\u017cszym obrazku<\/a><\/li><li class=\"listing-item\"><a class=\"title\" href=\"https:\/\/kruczekrakanie.pl\/index.php\/2017\/01\/06\/rzymskie-fontanny\/\">Rzymskie fontanny<\/a><\/li><\/ul><\/p>\n","protected":false},"excerpt":{"rendered":"<p>Prze\u0142om roku 2016 i 2017 sp\u0119dzili\u015bmy w Rzymie. Przylecieli\u015bmy pod koniec grudnia i zostali\u015bmy na pierwszy tydzie\u0144 stycznia, licz\u0105c na nieco mniejsze ilo\u015bci turyst\u00f3w w tym okresie. Rzym jest wspania\u0142ym miastem i naprawd\u0119 wartym zwiedzenia. Rzym zwiedzali\u015bmy g\u0142\u00f3wnie pieszo i korzystaj\u0105c z metra. Kater\u0119 mieli\u015bmy w odleg\u0142o\u015bci kr\u00f3tkiego spaceru od stacji Furio Camillio, a sie\u0107 &hellip; <\/p>\n<p class=\"link-more\"><a href=\"https:\/\/kruczekrakanie.pl\/index.php\/2017\/01\/06\/rzymskie-fontanny\/\" class=\"more-link\">Czytaj dalej<span class=\"screen-reader-text\"> \u201eRzymskie fontanny\u201d<\/span><\/a><\/p>\n","protected":false},"author":2,"featured_media":1012,"parent":101,"menu_order":0,"comment_status":"closed","ping_status":"closed","template":"","meta":{"_crdt_document":"","ngg_post_thumbnail":0,"footnotes":""},"class_list":["post-441","page","type-page","status-publish","has-post-thumbnail","hentry"],"_links":{"self":[{"href":"https:\/\/kruczekrakanie.pl\/index.php\/wp-json\/wp\/v2\/pages\/441","targetHints":{"allow":["GET"]}}],"collection":[{"href":"https:\/\/kruczekrakanie.pl\/index.php\/wp-json\/wp\/v2\/pages"}],"about":[{"href":"https:\/\/kruczekrakanie.pl\/index.php\/wp-json\/wp\/v2\/types\/page"}],"author":[{"embeddable":true,"href":"https:\/\/kruczekrakanie.pl\/index.php\/wp-json\/wp\/v2\/users\/2"}],"replies":[{"embeddable":true,"href":"https:\/\/kruczekrakanie.pl\/index.php\/wp-json\/wp\/v2\/comments?post=441"}],"version-history":[{"count":8,"href":"https:\/\/kruczekrakanie.pl\/index.php\/wp-json\/wp\/v2\/pages\/441\/revisions"}],"predecessor-version":[{"id":1208,"href":"https:\/\/kruczekrakanie.pl\/index.php\/wp-json\/wp\/v2\/pages\/441\/revisions\/1208"}],"up":[{"embeddable":true,"href":"https:\/\/kruczekrakanie.pl\/index.php\/wp-json\/wp\/v2\/pages\/101"}],"wp:featuredmedia":[{"embeddable":true,"href":"https:\/\/kruczekrakanie.pl\/index.php\/wp-json\/wp\/v2\/media\/1012"}],"wp:attachment":[{"href":"https:\/\/kruczekrakanie.pl\/index.php\/wp-json\/wp\/v2\/media?parent=441"}],"curies":[{"name":"wp","href":"https:\/\/api.w.org\/{rel}","templated":true}]}}