{"id":4325,"date":"2023-06-11T11:24:20","date_gmt":"2023-06-11T11:24:20","guid":{"rendered":"http:\/\/kruczekrakanie.pl\/?page_id=4325"},"modified":"2023-06-11T13:18:17","modified_gmt":"2023-06-11T13:18:17","slug":"litwa-2023","status":"publish","type":"page","link":"https:\/\/kruczekrakanie.pl\/index.php\/wycieczki\/litwa-2023\/","title":{"rendered":"Litwa 2023"},"content":{"rendered":"\n<p class=\"wp-block-paragraph\">Pocz\u0105tek wakacji &#8211; tydzie\u0144 na Suwalszczy\u017anie i Litwie.<\/p>\n\n\n\n<p class=\"wp-block-paragraph\">Dwa pierwsze dni w okolicach tr\u00f3jstyku granic Polski, Litwy i Rosji. By\u0142y mosty w Sta\u0144czykach i inne lokalne atrakcje.<\/p>\n\n\n\n<figure class=\"wp-block-image size-large\"><img loading=\"lazy\" decoding=\"async\" width=\"1024\" height=\"681\" src=\"https:\/\/kruczekrakanie.pl\/wp-content\/uploads\/2023\/06\/IMGP1778-1024x681.jpg\" alt=\"\" class=\"wp-image-4328\" srcset=\"https:\/\/kruczekrakanie.pl\/wp-content\/uploads\/2023\/06\/IMGP1778-1024x681.jpg 1024w, https:\/\/kruczekrakanie.pl\/wp-content\/uploads\/2023\/06\/IMGP1778-300x200.jpg 300w, https:\/\/kruczekrakanie.pl\/wp-content\/uploads\/2023\/06\/IMGP1778-768x511.jpg 768w, https:\/\/kruczekrakanie.pl\/wp-content\/uploads\/2023\/06\/IMGP1778-1536x1022.jpg 1536w, https:\/\/kruczekrakanie.pl\/wp-content\/uploads\/2023\/06\/IMGP1778.jpg 1920w\" sizes=\"auto, (max-width: 767px) 89vw, (max-width: 1000px) 54vw, (max-width: 1071px) 543px, 580px\" \/><figcaption class=\"wp-element-caption\">Mosty w Sta\u0144czykach<\/figcaption><\/figure>\n\n\n\n<figure class=\"wp-block-image size-large\"><img loading=\"lazy\" decoding=\"async\" width=\"1024\" height=\"681\" src=\"https:\/\/kruczekrakanie.pl\/wp-content\/uploads\/2023\/06\/IMGP1804-1024x681.jpg\" alt=\"\" class=\"wp-image-4330\" srcset=\"https:\/\/kruczekrakanie.pl\/wp-content\/uploads\/2023\/06\/IMGP1804-1024x681.jpg 1024w, https:\/\/kruczekrakanie.pl\/wp-content\/uploads\/2023\/06\/IMGP1804-300x200.jpg 300w, https:\/\/kruczekrakanie.pl\/wp-content\/uploads\/2023\/06\/IMGP1804-768x511.jpg 768w, https:\/\/kruczekrakanie.pl\/wp-content\/uploads\/2023\/06\/IMGP1804-1536x1022.jpg 1536w, https:\/\/kruczekrakanie.pl\/wp-content\/uploads\/2023\/06\/IMGP1804.jpg 1920w\" sizes=\"auto, (max-width: 767px) 89vw, (max-width: 1000px) 54vw, (max-width: 1071px) 543px, 580px\" \/><figcaption class=\"wp-element-caption\">Zach\u00f3d s\u0142o\u0144ca nad jeziorem Wisztynieckim (Litwa)<\/figcaption><\/figure>\n\n\n\n<figure class=\"wp-block-image size-large\"><img loading=\"lazy\" decoding=\"async\" width=\"1024\" height=\"681\" src=\"https:\/\/kruczekrakanie.pl\/wp-content\/uploads\/2023\/06\/IMGP1818-1024x681.jpg\" alt=\"\" class=\"wp-image-4332\" srcset=\"https:\/\/kruczekrakanie.pl\/wp-content\/uploads\/2023\/06\/IMGP1818-1024x681.jpg 1024w, https:\/\/kruczekrakanie.pl\/wp-content\/uploads\/2023\/06\/IMGP1818-300x200.jpg 300w, https:\/\/kruczekrakanie.pl\/wp-content\/uploads\/2023\/06\/IMGP1818-768x511.jpg 768w, https:\/\/kruczekrakanie.pl\/wp-content\/uploads\/2023\/06\/IMGP1818-1536x1022.jpg 1536w, https:\/\/kruczekrakanie.pl\/wp-content\/uploads\/2023\/06\/IMGP1818.jpg 1920w\" sizes=\"auto, (max-width: 767px) 89vw, (max-width: 1000px) 54vw, (max-width: 1071px) 543px, 580px\" \/><figcaption class=\"wp-element-caption\">Litewskie campingi s\u0105 fajne \ud83d\ude42<\/figcaption><\/figure>\n\n\n\n<p class=\"wp-block-paragraph\">Potem par\u0119 dni na Litwie.<\/p>\n\n\n\n<figure class=\"wp-block-image size-large\"><img loading=\"lazy\" decoding=\"async\" width=\"1024\" height=\"681\" src=\"https:\/\/kruczekrakanie.pl\/wp-content\/uploads\/2023\/06\/IMGP1828-1024x681.jpg\" alt=\"\" class=\"wp-image-4331\" srcset=\"https:\/\/kruczekrakanie.pl\/wp-content\/uploads\/2023\/06\/IMGP1828-1024x681.jpg 1024w, https:\/\/kruczekrakanie.pl\/wp-content\/uploads\/2023\/06\/IMGP1828-300x200.jpg 300w, https:\/\/kruczekrakanie.pl\/wp-content\/uploads\/2023\/06\/IMGP1828-768x511.jpg 768w, https:\/\/kruczekrakanie.pl\/wp-content\/uploads\/2023\/06\/IMGP1828-1536x1022.jpg 1536w, https:\/\/kruczekrakanie.pl\/wp-content\/uploads\/2023\/06\/IMGP1828.jpg 1920w\" sizes=\"auto, (max-width: 767px) 89vw, (max-width: 1000px) 54vw, (max-width: 1071px) 543px, 580px\" \/><figcaption class=\"wp-element-caption\">Zamek w Kownie<\/figcaption><\/figure>\n\n\n\n<figure class=\"wp-block-image size-large\"><img loading=\"lazy\" decoding=\"async\" width=\"1024\" height=\"681\" src=\"https:\/\/kruczekrakanie.pl\/wp-content\/uploads\/2023\/06\/IMGP1838-1024x681.jpg\" alt=\"\" class=\"wp-image-4333\" srcset=\"https:\/\/kruczekrakanie.pl\/wp-content\/uploads\/2023\/06\/IMGP1838-1024x681.jpg 1024w, https:\/\/kruczekrakanie.pl\/wp-content\/uploads\/2023\/06\/IMGP1838-300x200.jpg 300w, https:\/\/kruczekrakanie.pl\/wp-content\/uploads\/2023\/06\/IMGP1838-768x511.jpg 768w, https:\/\/kruczekrakanie.pl\/wp-content\/uploads\/2023\/06\/IMGP1838-1536x1022.jpg 1536w, https:\/\/kruczekrakanie.pl\/wp-content\/uploads\/2023\/06\/IMGP1838.jpg 1920w\" sizes=\"auto, (max-width: 767px) 89vw, (max-width: 1000px) 54vw, (max-width: 1071px) 543px, 580px\" \/><figcaption class=\"wp-element-caption\">Kowno<\/figcaption><\/figure>\n\n\n\n<figure class=\"wp-block-image size-large\"><img loading=\"lazy\" decoding=\"async\" width=\"1024\" height=\"681\" src=\"https:\/\/kruczekrakanie.pl\/wp-content\/uploads\/2023\/06\/IMGP1849-1-1024x681.jpg\" alt=\"\" class=\"wp-image-4335\" srcset=\"https:\/\/kruczekrakanie.pl\/wp-content\/uploads\/2023\/06\/IMGP1849-1-1024x681.jpg 1024w, https:\/\/kruczekrakanie.pl\/wp-content\/uploads\/2023\/06\/IMGP1849-1-300x200.jpg 300w, https:\/\/kruczekrakanie.pl\/wp-content\/uploads\/2023\/06\/IMGP1849-1-768x511.jpg 768w, https:\/\/kruczekrakanie.pl\/wp-content\/uploads\/2023\/06\/IMGP1849-1-1536x1022.jpg 1536w, https:\/\/kruczekrakanie.pl\/wp-content\/uploads\/2023\/06\/IMGP1849-1.jpg 1920w\" sizes=\"auto, (max-width: 767px) 89vw, (max-width: 1000px) 54vw, (max-width: 1071px) 543px, 580px\" \/><figcaption class=\"wp-element-caption\">Niemen<\/figcaption><\/figure>\n\n\n\n<figure class=\"wp-block-image size-large\"><img loading=\"lazy\" decoding=\"async\" width=\"1024\" height=\"433\" src=\"https:\/\/kruczekrakanie.pl\/wp-content\/uploads\/2023\/06\/IMG20230607102020-1024x433.jpg\" alt=\"\" class=\"wp-image-4336\" srcset=\"https:\/\/kruczekrakanie.pl\/wp-content\/uploads\/2023\/06\/IMG20230607102020-1024x433.jpg 1024w, https:\/\/kruczekrakanie.pl\/wp-content\/uploads\/2023\/06\/IMG20230607102020-300x127.jpg 300w, https:\/\/kruczekrakanie.pl\/wp-content\/uploads\/2023\/06\/IMG20230607102020-768x325.jpg 768w, https:\/\/kruczekrakanie.pl\/wp-content\/uploads\/2023\/06\/IMG20230607102020-1536x650.jpg 1536w, https:\/\/kruczekrakanie.pl\/wp-content\/uploads\/2023\/06\/IMG20230607102020-2048x867.jpg 2048w\" sizes=\"auto, (max-width: 767px) 89vw, (max-width: 1000px) 54vw, (max-width: 1071px) 543px, 580px\" \/><figcaption class=\"wp-element-caption\">Niemen z wie\u017cy widokowej<\/figcaption><\/figure>\n\n\n\n<figure class=\"wp-block-image size-large\"><img loading=\"lazy\" decoding=\"async\" width=\"1024\" height=\"681\" src=\"https:\/\/kruczekrakanie.pl\/wp-content\/uploads\/2023\/06\/IMGP1870-1024x681.jpg\" alt=\"\" class=\"wp-image-4337\" srcset=\"https:\/\/kruczekrakanie.pl\/wp-content\/uploads\/2023\/06\/IMGP1870-1024x681.jpg 1024w, https:\/\/kruczekrakanie.pl\/wp-content\/uploads\/2023\/06\/IMGP1870-300x200.jpg 300w, https:\/\/kruczekrakanie.pl\/wp-content\/uploads\/2023\/06\/IMGP1870-768x511.jpg 768w, https:\/\/kruczekrakanie.pl\/wp-content\/uploads\/2023\/06\/IMGP1870-1536x1022.jpg 1536w, https:\/\/kruczekrakanie.pl\/wp-content\/uploads\/2023\/06\/IMGP1870.jpg 1920w\" sizes=\"auto, (max-width: 767px) 89vw, (max-width: 1000px) 54vw, (max-width: 1071px) 543px, 580px\" \/><figcaption class=\"wp-element-caption\">Zamek w Trokach<\/figcaption><\/figure>\n\n\n\n<figure class=\"wp-block-image size-large\"><img loading=\"lazy\" decoding=\"async\" width=\"1024\" height=\"681\" src=\"https:\/\/kruczekrakanie.pl\/wp-content\/uploads\/2023\/06\/IMGP1901-1024x681.jpg\" alt=\"\" class=\"wp-image-4338\" srcset=\"https:\/\/kruczekrakanie.pl\/wp-content\/uploads\/2023\/06\/IMGP1901-1024x681.jpg 1024w, https:\/\/kruczekrakanie.pl\/wp-content\/uploads\/2023\/06\/IMGP1901-300x200.jpg 300w, https:\/\/kruczekrakanie.pl\/wp-content\/uploads\/2023\/06\/IMGP1901-768x511.jpg 768w, https:\/\/kruczekrakanie.pl\/wp-content\/uploads\/2023\/06\/IMGP1901-1536x1022.jpg 1536w, https:\/\/kruczekrakanie.pl\/wp-content\/uploads\/2023\/06\/IMGP1901.jpg 1920w\" sizes=\"auto, (max-width: 767px) 89vw, (max-width: 1000px) 54vw, (max-width: 1071px) 543px, 580px\" \/><figcaption class=\"wp-element-caption\">Elektrownia atomowa w Ignalinie<\/figcaption><\/figure>\n\n\n\n<figure class=\"wp-block-image size-large is-resized\"><img loading=\"lazy\" decoding=\"async\" src=\"https:\/\/kruczekrakanie.pl\/wp-content\/uploads\/2023\/06\/IMGP1944-1024x681.jpg\" alt=\"\" class=\"wp-image-4339\" width=\"674\" height=\"448\" srcset=\"https:\/\/kruczekrakanie.pl\/wp-content\/uploads\/2023\/06\/IMGP1944-1024x681.jpg 1024w, https:\/\/kruczekrakanie.pl\/wp-content\/uploads\/2023\/06\/IMGP1944-300x200.jpg 300w, https:\/\/kruczekrakanie.pl\/wp-content\/uploads\/2023\/06\/IMGP1944-768x511.jpg 768w, https:\/\/kruczekrakanie.pl\/wp-content\/uploads\/2023\/06\/IMGP1944-1536x1022.jpg 1536w, https:\/\/kruczekrakanie.pl\/wp-content\/uploads\/2023\/06\/IMGP1944.jpg 1920w\" sizes=\"auto, (max-width: 674px) 100vw, 674px\" \/><figcaption class=\"wp-element-caption\">Wilno<\/figcaption><\/figure>\n\n\n\n<p class=\"wp-block-paragraph\">Litwa oferuje mn\u00f3stwo uroczych camping\u00f3w nad rzekami i jeziorami. Cisza, spok\u00f3j i dzika przyroda. W tym komary \ud83d\ude42<\/p>\n\n\n\n<hr class=\"wp-block-separator has-alpha-channel-opacity\"\/>\n\n\n\n<p class=\"wp-block-paragraph\">Wspominki:<\/p>\n\n\n\n<p class=\"wp-block-paragraph\"><ul class=\"display-posts-listing\"><li class=\"listing-item\"><a class=\"title\" href=\"https:\/\/kruczekrakanie.pl\/index.php\/2023\/06\/11\/droga-w-lesie-na-litwie\/\">Droga w lesie na Litwie<\/a><\/li><li class=\"listing-item\"><a class=\"title\" href=\"https:\/\/kruczekrakanie.pl\/index.php\/2023\/06\/12\/trasa-wyjazdu-na-litwe\/\">Trasa wyjazdu na Litw\u0119<\/a><\/li><li class=\"listing-item\"><a class=\"title\" href=\"https:\/\/kruczekrakanie.pl\/index.php\/2023\/06\/11\/zdjecia-z-litwy\/\">Zdj\u0119cia z Litwy<\/a><\/li><\/ul><\/p>\n","protected":false},"excerpt":{"rendered":"<p>Pocz\u0105tek wakacji &#8211; tydzie\u0144 na Suwalszczy\u017anie i Litwie. Dwa pierwsze dni w okolicach tr\u00f3jstyku granic Polski, Litwy i Rosji. By\u0142y mosty w Sta\u0144czykach i inne lokalne atrakcje. Potem par\u0119 dni na Litwie. Litwa oferuje mn\u00f3stwo uroczych camping\u00f3w nad rzekami i jeziorami. Cisza, spok\u00f3j i dzika przyroda. W tym komary \ud83d\ude42 Wspominki:<\/p>\n","protected":false},"author":2,"featured_media":4340,"parent":101,"menu_order":0,"comment_status":"closed","ping_status":"closed","template":"","meta":{"_crdt_document":"","ngg_post_thumbnail":0,"footnotes":""},"class_list":["post-4325","page","type-page","status-publish","has-post-thumbnail","hentry"],"_links":{"self":[{"href":"https:\/\/kruczekrakanie.pl\/index.php\/wp-json\/wp\/v2\/pages\/4325","targetHints":{"allow":["GET"]}}],"collection":[{"href":"https:\/\/kruczekrakanie.pl\/index.php\/wp-json\/wp\/v2\/pages"}],"about":[{"href":"https:\/\/kruczekrakanie.pl\/index.php\/wp-json\/wp\/v2\/types\/page"}],"author":[{"embeddable":true,"href":"https:\/\/kruczekrakanie.pl\/index.php\/wp-json\/wp\/v2\/users\/2"}],"replies":[{"embeddable":true,"href":"https:\/\/kruczekrakanie.pl\/index.php\/wp-json\/wp\/v2\/comments?post=4325"}],"version-history":[{"count":2,"href":"https:\/\/kruczekrakanie.pl\/index.php\/wp-json\/wp\/v2\/pages\/4325\/revisions"}],"predecessor-version":[{"id":4341,"href":"https:\/\/kruczekrakanie.pl\/index.php\/wp-json\/wp\/v2\/pages\/4325\/revisions\/4341"}],"up":[{"embeddable":true,"href":"https:\/\/kruczekrakanie.pl\/index.php\/wp-json\/wp\/v2\/pages\/101"}],"wp:featuredmedia":[{"embeddable":true,"href":"https:\/\/kruczekrakanie.pl\/index.php\/wp-json\/wp\/v2\/media\/4340"}],"wp:attachment":[{"href":"https:\/\/kruczekrakanie.pl\/index.php\/wp-json\/wp\/v2\/media?parent=4325"}],"curies":[{"name":"wp","href":"https:\/\/api.w.org\/{rel}","templated":true}]}}