{"id":4116,"date":"2023-05-04T19:48:08","date_gmt":"2023-05-04T19:48:08","guid":{"rendered":"http:\/\/kruczekrakanie.pl\/?page_id=4116"},"modified":"2024-08-19T20:32:55","modified_gmt":"2024-08-19T20:32:55","slug":"litwa-2023-majowka","status":"publish","type":"page","link":"https:\/\/kruczekrakanie.pl\/index.php\/litwa-2023-majowka\/","title":{"rendered":"Litwa 2023"},"content":{"rendered":"\n<p class=\"wp-block-paragraph\">Jako\u015b rok litewski wychodzi. Do tej pory by\u0142em na Litwie tylko na chwil\u0119, przy granicy z Polsk\u0105. A w 2023 roku ju\u017c trzy razy. <\/p>\n\n\n\n<h2 class=\"wp-block-heading\"> Maj\u00f3wka<\/h2>\n\n\n\n<p class=\"wp-block-paragraph\">Przypadkowy do\u015b\u0107 wyjazd na Litw\u0119 z <a href=\"https:\/\/makeoffroad.pl\/\" target=\"_blank\" rel=\"noreferrer noopener\">MakeOffroad<\/a>.<\/p>\n\n\n\nngg_shortcode_0_placeholder\n\n\n\n<hr class=\"wp-block-separator has-alpha-channel-opacity\"\/>\n\n\n\n<h2 class=\"wp-block-heading\">Litwa rodzinnie<\/h2>\n\n\n\n<p class=\"wp-block-paragraph\"><\/p>\n\n\n\n<p class=\"wp-block-paragraph\">Drugi wyjazd na Litw\u0119. Tym razem rodzinny. Cel: elektrownia atomowa w Ignalinie.<\/p>\n\n\n\nngg_shortcode_1_placeholder\n\n\n\n<hr class=\"wp-block-separator has-alpha-channel-opacity\"\/>\n\n\n\n<h2 class=\"wp-block-heading\">K\u0142ajpeda, Mierzeja Kuro\u0144ska<\/h2>\n\n\n\n<p class=\"wp-block-paragraph\">I trzeci wyjazd. Spontan. Na Mierzej\u0119 Kuro\u0144sk\u0105.<\/p>\n\n\n\nngg_shortcode_2_placeholder\n\n\n\n<hr class=\"wp-block-separator has-alpha-channel-opacity\"\/>\n\n\n\n<p class=\"wp-block-paragraph\"><a href=\"https:\/\/photos.app.goo.gl\/5SCD7vT9GVVGns8D8\" target=\"_blank\" rel=\"noreferrer noopener\">Link do albumu zdj\u0119\u0107 na Google Photos<\/a><\/p>\n\n\n\n<p class=\"wp-block-paragraph\">Wspominki:<\/p>\n\n\n\n<p class=\"wp-block-paragraph\"><ul class=\"display-posts-listing\"><li class=\"listing-item\"><a class=\"title\" href=\"https:\/\/kruczekrakanie.pl\/index.php\/2023\/05\/16\/litwa-film\/\">Litwa &#8211; film<\/a><\/li><li class=\"listing-item\"><a class=\"title\" href=\"https:\/\/kruczekrakanie.pl\/index.php\/2023\/05\/05\/majowka-2023-trasa\/\">Maj\u00f3wka 2023 &#8211; trasa<\/a><\/li><\/ul><\/p>\n\n\n\n<p class=\"wp-block-paragraph\"><ul class=\"display-posts-listing\"><li class=\"listing-item\"><a class=\"title\" href=\"https:\/\/kruczekrakanie.pl\/index.php\/2023\/06\/11\/droga-w-lesie-na-litwie\/\">Droga w lesie na Litwie<\/a><\/li><li class=\"listing-item\"><a class=\"title\" href=\"https:\/\/kruczekrakanie.pl\/index.php\/2023\/06\/12\/trasa-wyjazdu-na-litwe\/\">Trasa wyjazdu na Litw\u0119<\/a><\/li><li class=\"listing-item\"><a class=\"title\" href=\"https:\/\/kruczekrakanie.pl\/index.php\/2023\/06\/11\/zdjecia-z-litwy\/\">Zdj\u0119cia z Litwy<\/a><\/li><\/ul><\/p>\n\n\n\n<p class=\"wp-block-paragraph\"><ul class=\"display-posts-listing\"><li class=\"listing-item\"><a class=\"title\" href=\"https:\/\/kruczekrakanie.pl\/index.php\/2023\/08\/16\/litwa-sierpien-2023\/\">Litwa sierpie\u0144 2023<\/a><\/li><li class=\"listing-item\"><a class=\"title\" href=\"https:\/\/kruczekrakanie.pl\/index.php\/2024\/07\/06\/litwa-lipiec-2024\/\">Litwa &#8211; lipiec 2024<\/a><\/li><li class=\"listing-item\"><a class=\"title\" href=\"https:\/\/kruczekrakanie.pl\/index.php\/2024\/08\/17\/litwa-2024-08-15-17\/\">Litwa 2024.08.15-17<\/a><\/li><\/ul><\/p>\n\n\n\n<p class=\"wp-block-paragraph\"><\/p>\n","protected":false},"excerpt":{"rendered":"<p>Jako\u015b rok litewski wychodzi. Do tej pory by\u0142em na Litwie tylko na chwil\u0119, przy granicy z Polsk\u0105. A w 2023 roku ju\u017c trzy razy. Maj\u00f3wka Przypadkowy do\u015b\u0107 wyjazd na Litw\u0119 z MakeOffroad. Litwa rodzinnie Drugi wyjazd na Litw\u0119. Tym razem rodzinny. Cel: elektrownia atomowa w Ignalinie. K\u0142ajpeda, Mierzeja Kuro\u0144ska I trzeci wyjazd. Spontan. Na Mierzej\u0119 &hellip; <\/p>\n<p class=\"link-more\"><a href=\"https:\/\/kruczekrakanie.pl\/index.php\/2024\/08\/17\/litwa-2024-08-15-17\/\" class=\"more-link\">Czytaj dalej<span class=\"screen-reader-text\"> \u201eLitwa 2024.08.15-17\u201d<\/span><\/a><\/p>\n","protected":false},"author":2,"featured_media":4117,"parent":0,"menu_order":0,"comment_status":"closed","ping_status":"closed","template":"","meta":{"_crdt_document":"","ngg_post_thumbnail":0,"footnotes":""},"class_list":["post-4116","page","type-page","status-publish","has-post-thumbnail","hentry"],"_links":{"self":[{"href":"https:\/\/kruczekrakanie.pl\/index.php\/wp-json\/wp\/v2\/pages\/4116","targetHints":{"allow":["GET"]}}],"collection":[{"href":"https:\/\/kruczekrakanie.pl\/index.php\/wp-json\/wp\/v2\/pages"}],"about":[{"href":"https:\/\/kruczekrakanie.pl\/index.php\/wp-json\/wp\/v2\/types\/page"}],"author":[{"embeddable":true,"href":"https:\/\/kruczekrakanie.pl\/index.php\/wp-json\/wp\/v2\/users\/2"}],"replies":[{"embeddable":true,"href":"https:\/\/kruczekrakanie.pl\/index.php\/wp-json\/wp\/v2\/comments?post=4116"}],"version-history":[{"count":6,"href":"https:\/\/kruczekrakanie.pl\/index.php\/wp-json\/wp\/v2\/pages\/4116\/revisions"}],"predecessor-version":[{"id":5595,"href":"https:\/\/kruczekrakanie.pl\/index.php\/wp-json\/wp\/v2\/pages\/4116\/revisions\/5595"}],"wp:featuredmedia":[{"embeddable":true,"href":"https:\/\/kruczekrakanie.pl\/index.php\/wp-json\/wp\/v2\/media\/4117"}],"wp:attachment":[{"href":"https:\/\/kruczekrakanie.pl\/index.php\/wp-json\/wp\/v2\/media?parent=4116"}],"curies":[{"name":"wp","href":"https:\/\/api.w.org\/{rel}","templated":true}]}}