{"id":4016,"date":"2023-01-05T18:43:05","date_gmt":"2023-01-05T18:43:05","guid":{"rendered":"http:\/\/kruczekrakanie.pl\/?page_id=4016"},"modified":"2023-01-05T18:43:05","modified_gmt":"2023-01-05T18:43:05","slug":"boston-2022","status":"publish","type":"page","link":"https:\/\/kruczekrakanie.pl\/index.php\/boston-2022\/","title":{"rendered":"Boston 2022"},"content":{"rendered":"\n<p class=\"wp-block-paragraph\">Gwiazdka 2022 u rodziny w UK \ud83d\ude42<\/p>\n\n\n\n<p class=\"wp-block-paragraph\">By\u0142y samoloty w Duxford<\/p>\n\n\n\nngg_shortcode_0_placeholder\n\n\n\n<p class=\"wp-block-paragraph\"><\/p>\n\n\n\n<p class=\"wp-block-paragraph\">By\u0142y te\u017c foki \ud83d\ude42<\/p>\n\n\n\nngg_shortcode_1_placeholder\n","protected":false},"excerpt":{"rendered":"<p>Gwiazdka 2022 u rodziny w UK \ud83d\ude42 By\u0142y samoloty w Duxford By\u0142y te\u017c foki \ud83d\ude42<\/p>\n","protected":false},"author":2,"featured_media":4051,"parent":0,"menu_order":0,"comment_status":"closed","ping_status":"closed","template":"","meta":{"_crdt_document":"","ngg_post_thumbnail":0,"footnotes":""},"class_list":["post-4016","page","type-page","status-publish","has-post-thumbnail","hentry"],"_links":{"self":[{"href":"https:\/\/kruczekrakanie.pl\/index.php\/wp-json\/wp\/v2\/pages\/4016","targetHints":{"allow":["GET"]}}],"collection":[{"href":"https:\/\/kruczekrakanie.pl\/index.php\/wp-json\/wp\/v2\/pages"}],"about":[{"href":"https:\/\/kruczekrakanie.pl\/index.php\/wp-json\/wp\/v2\/types\/page"}],"author":[{"embeddable":true,"href":"https:\/\/kruczekrakanie.pl\/index.php\/wp-json\/wp\/v2\/users\/2"}],"replies":[{"embeddable":true,"href":"https:\/\/kruczekrakanie.pl\/index.php\/wp-json\/wp\/v2\/comments?post=4016"}],"version-history":[{"count":1,"href":"https:\/\/kruczekrakanie.pl\/index.php\/wp-json\/wp\/v2\/pages\/4016\/revisions"}],"predecessor-version":[{"id":4052,"href":"https:\/\/kruczekrakanie.pl\/index.php\/wp-json\/wp\/v2\/pages\/4016\/revisions\/4052"}],"wp:featuredmedia":[{"embeddable":true,"href":"https:\/\/kruczekrakanie.pl\/index.php\/wp-json\/wp\/v2\/media\/4051"}],"wp:attachment":[{"href":"https:\/\/kruczekrakanie.pl\/index.php\/wp-json\/wp\/v2\/media?parent=4016"}],"curies":[{"name":"wp","href":"https:\/\/api.w.org\/{rel}","templated":true}]}}