{"id":38,"date":"2018-09-16T19:14:42","date_gmt":"2018-09-16T19:14:42","guid":{"rendered":"http:\/\/kruczekrakanie.pl\/?page_id=38"},"modified":"2018-10-13T21:14:31","modified_gmt":"2018-10-13T21:14:31","slug":"nasz-swiat","status":"publish","type":"page","link":"https:\/\/kruczekrakanie.pl\/index.php\/nasz-swiat\/","title":{"rendered":"Nasz \u015bwiat"},"content":{"rendered":"\n<p class=\"wp-block-paragraph\">Chor\u0105giewki i pinezki, kt\u00f3re uda\u0142o nam si\u0119 powbija\u0107.\nStaramy si\u0119, aby by\u0142o tego wi\u0119cej i wi\u0119cej.\n\n<\/p>\n\n\n\n<p class=\"wp-block-paragraph\">Chor\u0105giewki na mapkach mo\u017cna klikn\u0105\u0107. Wi\u0119kszo\u015b\u0107 zawiera odsy\u0142acze do stron z opisem wycieczki.<\/p>\n\n\n\n<figure><iframe loading=\"lazy\" src=\"https:\/\/www.google.pl\/maps\/d\/embed?mid=1Os9okDiT1tdR8DpqyLasarE8Beo\" width=\"640\" height=\"480\"><\/iframe><\/figure>\n\n\n\n<figure><iframe loading=\"lazy\" src=\"https:\/\/www.google.pl\/maps\/d\/embed?mid=1JhvxsfZO4leOAP5Z_Nzos-Ie0iU\" width=\"640\" height=\"480\"><\/iframe><\/figure>\n","protected":false},"excerpt":{"rendered":"<p>Chor\u0105giewki i pinezki, kt\u00f3re uda\u0142o nam si\u0119 powbija\u0107. Staramy si\u0119, aby by\u0142o tego wi\u0119cej i wi\u0119cej. Chor\u0105giewki na mapkach mo\u017cna klikn\u0105\u0107. Wi\u0119kszo\u015b\u0107 zawiera odsy\u0142acze do stron z opisem wycieczki.<\/p>\n","protected":false},"author":2,"featured_media":92,"parent":0,"menu_order":0,"comment_status":"closed","ping_status":"closed","template":"","meta":{"_crdt_document":"","ngg_post_thumbnail":0,"footnotes":""},"class_list":["post-38","page","type-page","status-publish","has-post-thumbnail","hentry"],"_links":{"self":[{"href":"https:\/\/kruczekrakanie.pl\/index.php\/wp-json\/wp\/v2\/pages\/38","targetHints":{"allow":["GET"]}}],"collection":[{"href":"https:\/\/kruczekrakanie.pl\/index.php\/wp-json\/wp\/v2\/pages"}],"about":[{"href":"https:\/\/kruczekrakanie.pl\/index.php\/wp-json\/wp\/v2\/types\/page"}],"author":[{"embeddable":true,"href":"https:\/\/kruczekrakanie.pl\/index.php\/wp-json\/wp\/v2\/users\/2"}],"replies":[{"embeddable":true,"href":"https:\/\/kruczekrakanie.pl\/index.php\/wp-json\/wp\/v2\/comments?post=38"}],"version-history":[{"count":5,"href":"https:\/\/kruczekrakanie.pl\/index.php\/wp-json\/wp\/v2\/pages\/38\/revisions"}],"predecessor-version":[{"id":780,"href":"https:\/\/kruczekrakanie.pl\/index.php\/wp-json\/wp\/v2\/pages\/38\/revisions\/780"}],"wp:featuredmedia":[{"embeddable":true,"href":"https:\/\/kruczekrakanie.pl\/index.php\/wp-json\/wp\/v2\/media\/92"}],"wp:attachment":[{"href":"https:\/\/kruczekrakanie.pl\/index.php\/wp-json\/wp\/v2\/media?parent=38"}],"curies":[{"name":"wp","href":"https:\/\/api.w.org\/{rel}","templated":true}]}}