{"id":342,"date":"2017-02-25T07:32:11","date_gmt":"2017-02-25T07:32:11","guid":{"rendered":"http:\/\/kruczekrakanie.pl\/?page_id=342"},"modified":"2020-03-01T13:01:54","modified_gmt":"2020-03-01T13:01:54","slug":"madera-2017","status":"publish","type":"page","link":"https:\/\/kruczekrakanie.pl\/index.php\/wycieczki\/madera-2017\/","title":{"rendered":"Madera 2017"},"content":{"rendered":"\n<p class=\"wp-block-paragraph\">Ferie zimowe 2017 to wyjazd na Mader\u0119. Formu\u0142a u nas klasyczna &#8211; biuro podr\u00f3\u017cy, organizuj\u0105ce lot i hotel a na miejscu auto z wypo\u017cyczalni i objazd\u00f3wka po wyspie. Taki spos\u00f3b sp\u0119dzania zimowych urlop\u00f3w sprawdza si\u0119 u nas najlepiej.<\/p>\n\n\n\n<p class=\"wp-block-paragraph\">Madera jest pi\u0119kn\u0105 wysp\u0105. Nie ma piaszczystych pla\u017c, ale wynagradza to widokami na pi\u0119kne i strome g\u00f3ry. Wybrze\u017ce oceanu to osobny temat.<\/p>\n\n\n\n<p class=\"wp-block-paragraph\">Pierwszy dzie\u0144 naszego pobytu to zakwaterowanie i objazd\u00f3wka po okolicach Funchal, w kt\u00f3rym mieli\u015bmy hotel.<\/p>\n\n\n\n<div class=\"wp-block-image\"><figure class=\"aligncenter\"><a href=\"https:\/\/kruczekrakanie.pl\/wp-content\/uploads\/2018\/10\/IMGP5594-768x1155.jpg\"><img loading=\"lazy\" decoding=\"async\" width=\"681\" height=\"1024\" src=\"https:\/\/kruczekrakanie.pl\/wp-content\/uploads\/2018\/10\/IMGP5594-681x1024.jpg\" alt=\"\" class=\"wp-image-348\" srcset=\"https:\/\/kruczekrakanie.pl\/wp-content\/uploads\/2018\/10\/IMGP5594-681x1024.jpg 681w, https:\/\/kruczekrakanie.pl\/wp-content\/uploads\/2018\/10\/IMGP5594-200x300.jpg 200w, https:\/\/kruczekrakanie.pl\/wp-content\/uploads\/2018\/10\/IMGP5594-768x1155.jpg 768w, https:\/\/kruczekrakanie.pl\/wp-content\/uploads\/2018\/10\/IMGP5594.jpg 1362w\" sizes=\"auto, (max-width: 681px) 100vw, 681px\" \/><\/a><\/figure><\/div>\n\n\n\n<div class=\"wp-block-image\"><figure class=\"aligncenter\"><a href=\"https:\/\/kruczekrakanie.pl\/wp-content\/uploads\/2018\/10\/DSCF4451-768x512.jpg\"><img loading=\"lazy\" decoding=\"async\" width=\"1024\" height=\"682\" src=\"https:\/\/kruczekrakanie.pl\/wp-content\/uploads\/2018\/10\/DSCF4451-1024x682.jpg\" alt=\"\" class=\"wp-image-349\" srcset=\"https:\/\/kruczekrakanie.pl\/wp-content\/uploads\/2018\/10\/DSCF4451-1024x682.jpg 1024w, https:\/\/kruczekrakanie.pl\/wp-content\/uploads\/2018\/10\/DSCF4451-300x200.jpg 300w, https:\/\/kruczekrakanie.pl\/wp-content\/uploads\/2018\/10\/DSCF4451-768x512.jpg 768w, https:\/\/kruczekrakanie.pl\/wp-content\/uploads\/2018\/10\/DSCF4451.jpg 2048w\" sizes=\"auto, (max-width: 767px) 89vw, (max-width: 1000px) 54vw, (max-width: 1071px) 543px, 580px\" \/><\/a><figcaption>Punkt widokowy na klifach nad Funchal<br><\/figcaption><\/figure><\/div>\n\n\n\n<p class=\"wp-block-paragraph\">Na Maderze mo\u017cna spotka\u0107 sporo Land Rover\u00f3w. Podobnie jest na Wyspach Kanaryjskich. Mo\u017ce klimat im s\u0142u\u017cy \ud83d\ude42<\/p>\n\n\n\n<div class=\"wp-block-image\"><figure class=\"aligncenter\"><a href=\"https:\/\/kruczekrakanie.pl\/wp-content\/uploads\/2018\/10\/IMGP5604-768x511.jpg\"><img loading=\"lazy\" decoding=\"async\" width=\"1024\" height=\"681\" src=\"https:\/\/kruczekrakanie.pl\/wp-content\/uploads\/2018\/10\/IMGP5604-1024x681.jpg\" alt=\"\" class=\"wp-image-347\" srcset=\"https:\/\/kruczekrakanie.pl\/wp-content\/uploads\/2018\/10\/IMGP5604-1024x681.jpg 1024w, https:\/\/kruczekrakanie.pl\/wp-content\/uploads\/2018\/10\/IMGP5604-300x200.jpg 300w, https:\/\/kruczekrakanie.pl\/wp-content\/uploads\/2018\/10\/IMGP5604-768x511.jpg 768w, https:\/\/kruczekrakanie.pl\/wp-content\/uploads\/2018\/10\/IMGP5604.jpg 2048w\" sizes=\"auto, (max-width: 767px) 89vw, (max-width: 1000px) 54vw, (max-width: 1071px) 543px, 580px\" \/><\/a><figcaption>LR Discovery<\/figcaption><\/figure><\/div>\n\n\n\n<p class=\"wp-block-paragraph\">Wyspa okresowo bywa mocno deszczowa. My trafili\u015bmy na dobr\u0105 pogod\u0119 i jedynie przelotne deszcze, pomimo pobytu w lutym.<\/p>\n\n\n\n<div class=\"wp-block-image\"><figure class=\"aligncenter\"><a href=\"https:\/\/kruczekrakanie.pl\/wp-content\/uploads\/2018\/10\/IMGP5631-768x511.jpg\"><img loading=\"lazy\" decoding=\"async\" width=\"1024\" height=\"681\" src=\"https:\/\/kruczekrakanie.pl\/wp-content\/uploads\/2018\/10\/IMGP5631-1024x681.jpg\" alt=\"\" class=\"wp-image-350\" srcset=\"https:\/\/kruczekrakanie.pl\/wp-content\/uploads\/2018\/10\/IMGP5631-1024x681.jpg 1024w, https:\/\/kruczekrakanie.pl\/wp-content\/uploads\/2018\/10\/IMGP5631-300x200.jpg 300w, https:\/\/kruczekrakanie.pl\/wp-content\/uploads\/2018\/10\/IMGP5631-768x511.jpg 768w, https:\/\/kruczekrakanie.pl\/wp-content\/uploads\/2018\/10\/IMGP5631.jpg 2048w\" sizes=\"auto, (max-width: 767px) 89vw, (max-width: 1000px) 54vw, (max-width: 1071px) 543px, 580px\" \/><\/a><figcaption>Uj\u015bcie rzeki w Funchal<\/figcaption><\/figure><\/div>\n\n\n\n<p class=\"wp-block-paragraph\">Zdj\u0119cia z pierwszego dnia wycieczki s\u0105 <a href=\"https:\/\/photos.app.goo.gl\/JyEehP7Wpr4eUN6U7\" target=\"_blank\" rel=\"noopener noreferrer\">tutaj.<\/a><\/p>\n\n\n\n<p class=\"wp-block-paragraph\">I jeszcze widok z hotelu na Funchal.<\/p>\n\n\n\n<div class=\"wp-block-image\"><figure class=\"aligncenter\"><a href=\"https:\/\/kruczekrakanie.pl\/wp-content\/uploads\/2018\/10\/IMGP5673-768x511.jpg\"><img loading=\"lazy\" decoding=\"async\" width=\"1024\" height=\"681\" src=\"https:\/\/kruczekrakanie.pl\/wp-content\/uploads\/2018\/10\/IMGP5673-1024x681.jpg\" alt=\"\" class=\"wp-image-346\" srcset=\"https:\/\/kruczekrakanie.pl\/wp-content\/uploads\/2018\/10\/IMGP5673-1024x681.jpg 1024w, https:\/\/kruczekrakanie.pl\/wp-content\/uploads\/2018\/10\/IMGP5673-300x200.jpg 300w, https:\/\/kruczekrakanie.pl\/wp-content\/uploads\/2018\/10\/IMGP5673-768x511.jpg 768w, https:\/\/kruczekrakanie.pl\/wp-content\/uploads\/2018\/10\/IMGP5673.jpg 2048w\" sizes=\"auto, (max-width: 767px) 89vw, (max-width: 1000px) 54vw, (max-width: 1071px) 543px, 580px\" \/><\/a><figcaption>Funchal w nocy<\/figcaption><\/figure><\/div>\n\n\n\n<hr class=\"wp-block-separator\"\/>\n\n\n\n<p class=\"wp-block-paragraph\"><\/p>\n\n\n\n<p class=\"wp-block-paragraph\"><ul class=\"display-posts-listing\"><li class=\"listing-item\"><a class=\"title\" href=\"https:\/\/kruczekrakanie.pl\/index.php\/2017\/02\/19\/kolorowe-drzwi\/\">Kolorowe drzwi<\/a><\/li><li class=\"listing-item\"><a class=\"title\" href=\"https:\/\/kruczekrakanie.pl\/index.php\/2017\/02\/24\/lewada-to-nuda\/\">Lewada to nuda<\/a><\/li><li class=\"listing-item\"><a class=\"title\" href=\"https:\/\/kruczekrakanie.pl\/index.php\/2017\/02\/21\/ogrod-botaniczny-w-funchal\/\">Ogr\u00f3d botaniczny w Funchal<\/a><\/li><li class=\"listing-item\"><a class=\"title\" href=\"https:\/\/kruczekrakanie.pl\/index.php\/2017\/02\/23\/pico-do-arieiro-pico-ruivo\/\">Pico do Arieiro &#8211; Pico Ruivo<\/a><\/li><li class=\"listing-item\"><a class=\"title\" href=\"https:\/\/kruczekrakanie.pl\/index.php\/2017\/02\/20\/polwysep-sw-wawrzynca\/\">P\u00f3\u0142wysep \u015bw. Wawrzy\u0144ca<\/a><\/li><li class=\"listing-item\"><a class=\"title\" href=\"https:\/\/kruczekrakanie.pl\/index.php\/2017\/02\/24\/wawrzyniec-strikes-back\/\">Wawrzyniec strikes back<\/a><\/li><\/ul><\/p>\n\n\n\n<p class=\"wp-block-paragraph\"><\/p>\n\n\n\n<hr class=\"wp-block-separator\"\/>\n\n\n\n<p class=\"wp-block-paragraph\">Zdj\u0119cia<\/p>\n\n\n\n<ul class=\"wp-block-list\"><li><a rel=\"noreferrer noopener\" href=\"https:\/\/photos.app.goo.gl\/JyEehP7Wpr4eUN6U7\" target=\"_blank\">Dzie\u0144 1 &#8211; Funchal i okolice<\/a><\/li><li><a rel=\"noreferrer noopener\" href=\"https:\/\/photos.app.goo.gl\/5ekaiCbqCyyTQpSw8\" target=\"_blank\">Dzie\u0144 2 &#8211; objazd\u00f3wka po wyspie<\/a><\/li><li><a rel=\"noreferrer noopener\" href=\"https:\/\/photos.app.goo.gl\/rEMQGW5JP84GfAjy7\" target=\"_blank\">Dzie\u0144 3 &#8211; ogr\u00f3d botaniczny w Funchal i szczyt Pico de Arieiro<\/a><\/li><li><a rel=\"noreferrer noopener\" href=\"https:\/\/photos.app.goo.gl\/txmoReYSr8oAjXQC9\" target=\"_blank\">Dzie\u0144 4 &#8211; p\u00f3\u0142nocno-zachodnia strona wyspy<\/a><\/li><li><a rel=\"noreferrer noopener\" href=\"https:\/\/photos.app.goo.gl\/j6VayxPbH93k4DXA8\" target=\"_blank\">Dzie\u0144 5 &#8211; Pico de Arieiro i Pico Ruivo<\/a><\/li><li><a rel=\"noreferrer noopener\" href=\"https:\/\/photos.app.goo.gl\/FrT4FgxDiUXHGdMx9\" target=\"_blank\">Dzie\u0144 6 &#8211; wn\u0119trze wyspy, Levada<\/a><\/li><li><a rel=\"noreferrer noopener\" href=\"https:\/\/photos.app.goo.gl\/UpbUPoERNMAjtLz7A\" target=\"_blank\">Dzie\u0144 7 &#8211; p\u00f3\u0142wysep \u015aw. Wawrzy\u0144ca, wieloryby w Canical<\/a><\/li><li><a href=\"https:\/\/photos.app.goo.gl\/vHq3bx4hwTqPytYm7\" target=\"_blank\" rel=\"noreferrer noopener\">Wybrane zdj\u0119cia<\/a><\/li><\/ul>\n\n\n\n<p class=\"wp-block-paragraph\"><\/p>\n","protected":false},"excerpt":{"rendered":"<p>Ferie zimowe 2017 to wyjazd na Mader\u0119. Formu\u0142a u nas klasyczna &#8211; biuro podr\u00f3\u017cy, organizuj\u0105ce lot i hotel a na miejscu auto z wypo\u017cyczalni i objazd\u00f3wka po wyspie. Taki spos\u00f3b sp\u0119dzania zimowych urlop\u00f3w sprawdza si\u0119 u nas najlepiej. Madera jest pi\u0119kn\u0105 wysp\u0105. Nie ma piaszczystych pla\u017c, ale wynagradza to widokami na pi\u0119kne i strome g\u00f3ry. &hellip; <\/p>\n<p class=\"link-more\"><a href=\"https:\/\/kruczekrakanie.pl\/index.php\/2017\/02\/24\/wawrzyniec-strikes-back\/\" class=\"more-link\">Czytaj dalej<span class=\"screen-reader-text\"> \u201eWawrzyniec strikes back\u201d<\/span><\/a><\/p>\n","protected":false},"author":2,"featured_media":1008,"parent":101,"menu_order":0,"comment_status":"closed","ping_status":"closed","template":"","meta":{"_crdt_document":"","ngg_post_thumbnail":0,"footnotes":""},"class_list":["post-342","page","type-page","status-publish","has-post-thumbnail","hentry"],"_links":{"self":[{"href":"https:\/\/kruczekrakanie.pl\/index.php\/wp-json\/wp\/v2\/pages\/342","targetHints":{"allow":["GET"]}}],"collection":[{"href":"https:\/\/kruczekrakanie.pl\/index.php\/wp-json\/wp\/v2\/pages"}],"about":[{"href":"https:\/\/kruczekrakanie.pl\/index.php\/wp-json\/wp\/v2\/types\/page"}],"author":[{"embeddable":true,"href":"https:\/\/kruczekrakanie.pl\/index.php\/wp-json\/wp\/v2\/users\/2"}],"replies":[{"embeddable":true,"href":"https:\/\/kruczekrakanie.pl\/index.php\/wp-json\/wp\/v2\/comments?post=342"}],"version-history":[{"count":7,"href":"https:\/\/kruczekrakanie.pl\/index.php\/wp-json\/wp\/v2\/pages\/342\/revisions"}],"predecessor-version":[{"id":1704,"href":"https:\/\/kruczekrakanie.pl\/index.php\/wp-json\/wp\/v2\/pages\/342\/revisions\/1704"}],"up":[{"embeddable":true,"href":"https:\/\/kruczekrakanie.pl\/index.php\/wp-json\/wp\/v2\/pages\/101"}],"wp:featuredmedia":[{"embeddable":true,"href":"https:\/\/kruczekrakanie.pl\/index.php\/wp-json\/wp\/v2\/media\/1008"}],"wp:attachment":[{"href":"https:\/\/kruczekrakanie.pl\/index.php\/wp-json\/wp\/v2\/media?parent=342"}],"curies":[{"name":"wp","href":"https:\/\/api.w.org\/{rel}","templated":true}]}}