{"id":3140,"date":"2021-10-03T16:07:45","date_gmt":"2021-10-03T16:07:45","guid":{"rendered":"http:\/\/kruczekrakanie.pl\/?page_id=3140"},"modified":"2021-10-03T16:07:46","modified_gmt":"2021-10-03T16:07:46","slug":"rumunia-2021","status":"publish","type":"page","link":"https:\/\/kruczekrakanie.pl\/index.php\/rumunia-2021\/","title":{"rendered":"Rumunia  2021"},"content":{"rendered":"\n<p class=\"wp-block-paragraph\">Uda\u0142o si\u0119! By\u0142o niepewnie, bo i rok dziwny, ale pojechali\u015bmy. Jedno auto, dwaj bracia \ud83d\ude42<\/p>\n\n\n\n<p class=\"wp-block-paragraph\">W Rumunii by\u0142o super! Wyje\u017adzi\u0142em si\u0119 jak nigdy. Jedynie pogoda by\u0142a s\u0142aba, ale to tylko podnios\u0142o trudno\u015b\u0107 tras.<\/p>\n\n\n\nngg_shortcode_0_placeholder\n\n\n\n<hr class=\"wp-block-separator\"\/>\n\n\n\n<p class=\"wp-block-paragraph\">Wspominki:<\/p>\n\n\n\n<p class=\"wp-block-paragraph\"><ul class=\"display-posts-listing\"><li class=\"listing-item\"><a class=\"title\" href=\"https:\/\/kruczekrakanie.pl\/index.php\/2021\/10\/04\/bere-bere-czyli-foty-pawla\/\">Bere Bere, czyli foty Paw\u0142a<\/a><\/li><li class=\"listing-item\"><a class=\"title\" href=\"https:\/\/kruczekrakanie.pl\/index.php\/2021\/10\/09\/film-z-wyjazdu-do-rumunii-2021\/\">Film z wyjazdu do Rumunii 2021<\/a><\/li><li class=\"listing-item\"><a class=\"title\" href=\"https:\/\/kruczekrakanie.pl\/index.php\/2021\/10\/09\/ro-2021-panoramicznie\/\">RO 2021 panoramicznie<\/a><\/li><li class=\"listing-item\"><a class=\"title\" href=\"https:\/\/kruczekrakanie.pl\/index.php\/2023\/10\/07\/wspominki-z-rumunii-2021\/\">Wspominki z Rumunii 2021<\/a><\/li><\/ul><\/p>\n\n\n\n<p class=\"wp-block-paragraph\"><\/p>\n","protected":false},"excerpt":{"rendered":"<p>Uda\u0142o si\u0119! By\u0142o niepewnie, bo i rok dziwny, ale pojechali\u015bmy. Jedno auto, dwaj bracia \ud83d\ude42 W Rumunii by\u0142o super! Wyje\u017adzi\u0142em si\u0119 jak nigdy. Jedynie pogoda by\u0142a s\u0142aba, ale to tylko podnios\u0142o trudno\u015b\u0107 tras. Wspominki:<\/p>\n","protected":false},"author":2,"featured_media":3141,"parent":0,"menu_order":0,"comment_status":"closed","ping_status":"closed","template":"","meta":{"_crdt_document":"","ngg_post_thumbnail":0,"footnotes":""},"class_list":["post-3140","page","type-page","status-publish","has-post-thumbnail","hentry"],"_links":{"self":[{"href":"https:\/\/kruczekrakanie.pl\/index.php\/wp-json\/wp\/v2\/pages\/3140","targetHints":{"allow":["GET"]}}],"collection":[{"href":"https:\/\/kruczekrakanie.pl\/index.php\/wp-json\/wp\/v2\/pages"}],"about":[{"href":"https:\/\/kruczekrakanie.pl\/index.php\/wp-json\/wp\/v2\/types\/page"}],"author":[{"embeddable":true,"href":"https:\/\/kruczekrakanie.pl\/index.php\/wp-json\/wp\/v2\/users\/2"}],"replies":[{"embeddable":true,"href":"https:\/\/kruczekrakanie.pl\/index.php\/wp-json\/wp\/v2\/comments?post=3140"}],"version-history":[{"count":1,"href":"https:\/\/kruczekrakanie.pl\/index.php\/wp-json\/wp\/v2\/pages\/3140\/revisions"}],"predecessor-version":[{"id":3142,"href":"https:\/\/kruczekrakanie.pl\/index.php\/wp-json\/wp\/v2\/pages\/3140\/revisions\/3142"}],"wp:featuredmedia":[{"embeddable":true,"href":"https:\/\/kruczekrakanie.pl\/index.php\/wp-json\/wp\/v2\/media\/3141"}],"wp:attachment":[{"href":"https:\/\/kruczekrakanie.pl\/index.php\/wp-json\/wp\/v2\/media?parent=3140"}],"curies":[{"name":"wp","href":"https:\/\/api.w.org\/{rel}","templated":true}]}}