{"id":3029,"date":"2021-09-18T15:56:29","date_gmt":"2021-09-18T15:56:29","guid":{"rendered":"http:\/\/kruczekrakanie.pl\/?page_id=3029"},"modified":"2021-09-18T16:03:08","modified_gmt":"2021-09-18T16:03:08","slug":"szkocja-2021","status":"publish","type":"page","link":"https:\/\/kruczekrakanie.pl\/index.php\/szkocja-2021\/","title":{"rendered":"Szkocja 2021"},"content":{"rendered":"\n<p class=\"wp-block-paragraph\"><\/p>\n\n\n\n<p class=\"wp-block-paragraph\">By\u0142o nerwowo. Bardzo! Planowanie wyjazdu na wakacje w warunkach covid-a jest trudne, Wszystko wysz\u0142o jednak super!<\/p>\n\n\n\n<p class=\"wp-block-paragraph\">Byli\u015bmy w Edynburgu, zwiedzili\u015bmy Szkocj\u0119. No, przynajmniej cz\u0119\u015b\u0107 tego kraju, bo jest tam co ogl\u0105da\u0107.<\/p>\n\n\n\n<p class=\"wp-block-paragraph\">Edynburg nie jest wielkim miastem, ale potrafi zaskoczy\u0107. <\/p>\n\n\n\n<figure class=\"wp-block-image size-large\"><img loading=\"lazy\" decoding=\"async\" width=\"1024\" height=\"681\" src=\"https:\/\/kruczekrakanie.pl\/wp-content\/uploads\/2021\/09\/IMGP7966-1024x681.jpg\" alt=\"\" class=\"wp-image-3034\" srcset=\"https:\/\/kruczekrakanie.pl\/wp-content\/uploads\/2021\/09\/IMGP7966-1024x681.jpg 1024w, https:\/\/kruczekrakanie.pl\/wp-content\/uploads\/2021\/09\/IMGP7966-300x200.jpg 300w, https:\/\/kruczekrakanie.pl\/wp-content\/uploads\/2021\/09\/IMGP7966-768x511.jpg 768w, https:\/\/kruczekrakanie.pl\/wp-content\/uploads\/2021\/09\/IMGP7966-1536x1022.jpg 1536w, https:\/\/kruczekrakanie.pl\/wp-content\/uploads\/2021\/09\/IMGP7966.jpg 1920w\" sizes=\"auto, (max-width: 767px) 89vw, (max-width: 1000px) 54vw, (max-width: 1071px) 543px, 580px\" \/><\/figure>\n\n\n\n<p class=\"wp-block-paragraph\"><\/p>\n\n\n\n<p class=\"wp-block-paragraph\">Szkocja sama w sobie, przyroda, krajobrazy, ludzie&#8230; Wszystko na plus! Chcemy wr\u00f3ci\u0107.<\/p>\n\n\n\n<figure class=\"wp-block-image size-large\"><img loading=\"lazy\" decoding=\"async\" width=\"1024\" height=\"769\" src=\"https:\/\/kruczekrakanie.pl\/wp-content\/uploads\/2021\/09\/IMG_20210823_111346-1024x769.jpg\" alt=\"\" class=\"wp-image-3036\" srcset=\"https:\/\/kruczekrakanie.pl\/wp-content\/uploads\/2021\/09\/IMG_20210823_111346-1024x769.jpg 1024w, https:\/\/kruczekrakanie.pl\/wp-content\/uploads\/2021\/09\/IMG_20210823_111346-300x225.jpg 300w, https:\/\/kruczekrakanie.pl\/wp-content\/uploads\/2021\/09\/IMG_20210823_111346-768x577.jpg 768w, https:\/\/kruczekrakanie.pl\/wp-content\/uploads\/2021\/09\/IMG_20210823_111346-1536x1154.jpg 1536w, https:\/\/kruczekrakanie.pl\/wp-content\/uploads\/2021\/09\/IMG_20210823_111346.jpg 1920w\" sizes=\"auto, (max-width: 767px) 89vw, (max-width: 1000px) 54vw, (max-width: 1071px) 543px, 580px\" \/><\/figure>\n\n\n\n<p class=\"wp-block-paragraph\">Na koniec byli\u015bmy w Lincolnshire, u rodziny.<\/p>\n\n\n\n<figure class=\"wp-block-image size-large\"><img loading=\"lazy\" decoding=\"async\" width=\"1024\" height=\"681\" src=\"https:\/\/kruczekrakanie.pl\/wp-content\/uploads\/2021\/09\/IMGP8672-1024x681.jpg\" alt=\"\" class=\"wp-image-3037\" srcset=\"https:\/\/kruczekrakanie.pl\/wp-content\/uploads\/2021\/09\/IMGP8672-1024x681.jpg 1024w, https:\/\/kruczekrakanie.pl\/wp-content\/uploads\/2021\/09\/IMGP8672-300x200.jpg 300w, https:\/\/kruczekrakanie.pl\/wp-content\/uploads\/2021\/09\/IMGP8672-768x511.jpg 768w, https:\/\/kruczekrakanie.pl\/wp-content\/uploads\/2021\/09\/IMGP8672-1536x1022.jpg 1536w, https:\/\/kruczekrakanie.pl\/wp-content\/uploads\/2021\/09\/IMGP8672.jpg 1920w\" sizes=\"auto, (max-width: 767px) 89vw, (max-width: 1000px) 54vw, (max-width: 1071px) 543px, 580px\" \/><\/figure>\n\n\n\n<hr class=\"wp-block-separator\"\/>\n\n\n\n<p class=\"wp-block-paragraph\">Wpisy na blogu<\/p>\n\n\n\n<p class=\"wp-block-paragraph\"><ul class=\"display-posts-listing\"><li class=\"listing-item\"><a class=\"title\" href=\"https:\/\/kruczekrakanie.pl\/index.php\/2021\/08\/15\/edynburg\/\">Edynburg<\/a><\/li><li class=\"listing-item\"><a class=\"title\" href=\"https:\/\/kruczekrakanie.pl\/index.php\/2021\/08\/20\/inverness\/\">Inverness<\/a><\/li><li class=\"listing-item\"><a class=\"title\" href=\"https:\/\/kruczekrakanie.pl\/index.php\/2021\/08\/21\/eilean-donan-i-krowy-z-grzywka\/\">Eilean Donan i krowy z grzywk\u0105<\/a><\/li><li class=\"listing-item\"><a class=\"title\" href=\"https:\/\/kruczekrakanie.pl\/index.php\/2021\/08\/22\/fort-william\/\">Fort William<\/a><\/li><li class=\"listing-item\"><a class=\"title\" href=\"https:\/\/kruczekrakanie.pl\/index.php\/2021\/08\/26\/lincolnshire\/\">Lincolnshire<\/a><\/li><li class=\"listing-item\"><a class=\"title\" href=\"https:\/\/kruczekrakanie.pl\/index.php\/2021\/08\/28\/szkocja-2021-panoramy\/\">Szkocja 2021 &#8211; panoramy<\/a><\/li><\/ul><\/p>\n\n\n\n<p class=\"wp-block-paragraph\"><\/p>\n\n\n\n<p class=\"wp-block-paragraph\"><\/p>\n","protected":false},"excerpt":{"rendered":"<p>By\u0142o nerwowo. Bardzo! Planowanie wyjazdu na wakacje w warunkach covid-a jest trudne, Wszystko wysz\u0142o jednak super! Byli\u015bmy w Edynburgu, zwiedzili\u015bmy Szkocj\u0119. No, przynajmniej cz\u0119\u015b\u0107 tego kraju, bo jest tam co ogl\u0105da\u0107. Edynburg nie jest wielkim miastem, ale potrafi zaskoczy\u0107. Szkocja sama w sobie, przyroda, krajobrazy, ludzie&#8230; Wszystko na plus! Chcemy wr\u00f3ci\u0107. Na koniec byli\u015bmy w &hellip; <\/p>\n<p class=\"link-more\"><a href=\"https:\/\/kruczekrakanie.pl\/index.php\/2021\/08\/28\/szkocja-2021-panoramy\/\" class=\"more-link\">Czytaj dalej<span class=\"screen-reader-text\"> \u201eSzkocja 2021 &#8211; panoramy\u201d<\/span><\/a><\/p>\n","protected":false},"author":2,"featured_media":3032,"parent":0,"menu_order":0,"comment_status":"closed","ping_status":"closed","template":"","meta":{"_crdt_document":"","ngg_post_thumbnail":0,"footnotes":""},"class_list":["post-3029","page","type-page","status-publish","has-post-thumbnail","hentry"],"_links":{"self":[{"href":"https:\/\/kruczekrakanie.pl\/index.php\/wp-json\/wp\/v2\/pages\/3029","targetHints":{"allow":["GET"]}}],"collection":[{"href":"https:\/\/kruczekrakanie.pl\/index.php\/wp-json\/wp\/v2\/pages"}],"about":[{"href":"https:\/\/kruczekrakanie.pl\/index.php\/wp-json\/wp\/v2\/types\/page"}],"author":[{"embeddable":true,"href":"https:\/\/kruczekrakanie.pl\/index.php\/wp-json\/wp\/v2\/users\/2"}],"replies":[{"embeddable":true,"href":"https:\/\/kruczekrakanie.pl\/index.php\/wp-json\/wp\/v2\/comments?post=3029"}],"version-history":[{"count":3,"href":"https:\/\/kruczekrakanie.pl\/index.php\/wp-json\/wp\/v2\/pages\/3029\/revisions"}],"predecessor-version":[{"id":3038,"href":"https:\/\/kruczekrakanie.pl\/index.php\/wp-json\/wp\/v2\/pages\/3029\/revisions\/3038"}],"wp:featuredmedia":[{"embeddable":true,"href":"https:\/\/kruczekrakanie.pl\/index.php\/wp-json\/wp\/v2\/media\/3032"}],"wp:attachment":[{"href":"https:\/\/kruczekrakanie.pl\/index.php\/wp-json\/wp\/v2\/media?parent=3029"}],"curies":[{"name":"wp","href":"https:\/\/api.w.org\/{rel}","templated":true}]}}