{"id":254,"date":"2018-05-04T19:59:42","date_gmt":"2018-05-04T19:59:42","guid":{"rendered":"http:\/\/kruczekrakanie.pl\/?page_id=254"},"modified":"2019-04-14T09:17:32","modified_gmt":"2019-04-14T09:17:32","slug":"majowka-2018","status":"publish","type":"page","link":"https:\/\/kruczekrakanie.pl\/index.php\/wycieczki\/majowka-2018\/","title":{"rendered":"Maj\u00f3wka 2018 &#8211; Krak\u00f3w i Ma\u0142opolska"},"content":{"rendered":"<p>Przed\u0142u\u017cony weekend majowy pod znakiem Krakowa i okolic.<br>\nPo drodze kilka zamk\u00f3w ze Szlaku Orlich Gniazd.<\/p>\n\n\n<div class=\"wp-block-image\"><figure class=\"aligncenter\"><a href=\"https:\/\/kruczekrakanie.pl\/wp-content\/uploads\/2018\/10\/IMGP9626-768x511.jpg\"><img loading=\"lazy\" decoding=\"async\" width=\"1024\" height=\"681\" src=\"https:\/\/kruczekrakanie.pl\/wp-content\/uploads\/2018\/10\/IMGP9626-1024x681.jpg\" alt=\"\" class=\"wp-image-255\" srcset=\"https:\/\/kruczekrakanie.pl\/wp-content\/uploads\/2018\/10\/IMGP9626-1024x681.jpg 1024w, https:\/\/kruczekrakanie.pl\/wp-content\/uploads\/2018\/10\/IMGP9626-300x199.jpg 300w, https:\/\/kruczekrakanie.pl\/wp-content\/uploads\/2018\/10\/IMGP9626-768x511.jpg 768w\" sizes=\"auto, (max-width: 767px) 89vw, (max-width: 1000px) 54vw, (max-width: 1071px) 543px, 580px\" \/><\/a><figcaption>Zamek Olsztyn<\/figcaption><\/figure><\/div>\n\n\n\n<div class=\"wp-block-image\"><figure class=\"aligncenter\"><a href=\"https:\/\/kruczekrakanie.pl\/wp-content\/uploads\/2018\/10\/IMGP9654-768x511.jpg\"><img loading=\"lazy\" decoding=\"async\" width=\"1024\" height=\"681\" src=\"https:\/\/kruczekrakanie.pl\/wp-content\/uploads\/2018\/10\/IMGP9654-1024x681.jpg\" alt=\"\" class=\"wp-image-256\" srcset=\"https:\/\/kruczekrakanie.pl\/wp-content\/uploads\/2018\/10\/IMGP9654-1024x681.jpg 1024w, https:\/\/kruczekrakanie.pl\/wp-content\/uploads\/2018\/10\/IMGP9654-300x199.jpg 300w, https:\/\/kruczekrakanie.pl\/wp-content\/uploads\/2018\/10\/IMGP9654-768x511.jpg 768w\" sizes=\"auto, (max-width: 767px) 89vw, (max-width: 1000px) 54vw, (max-width: 1071px) 543px, 580px\" \/><\/a><figcaption>Zamek Mir\u00f3w<\/figcaption><\/figure><\/div>\n\n\n\n<div class=\"wp-block-image\"><figure class=\"aligncenter\"><a href=\"https:\/\/kruczekrakanie.pl\/wp-content\/uploads\/2018\/10\/IMGP9703-768x511.jpg\"><img loading=\"lazy\" decoding=\"async\" width=\"1024\" height=\"681\" src=\"https:\/\/kruczekrakanie.pl\/wp-content\/uploads\/2018\/10\/IMGP9703-1024x681.jpg\" alt=\"\" class=\"wp-image-258\" srcset=\"https:\/\/kruczekrakanie.pl\/wp-content\/uploads\/2018\/10\/IMGP9703-1024x681.jpg 1024w, https:\/\/kruczekrakanie.pl\/wp-content\/uploads\/2018\/10\/IMGP9703-300x199.jpg 300w, https:\/\/kruczekrakanie.pl\/wp-content\/uploads\/2018\/10\/IMGP9703-768x511.jpg 768w\" sizes=\"auto, (max-width: 767px) 89vw, (max-width: 1000px) 54vw, (max-width: 1071px) 543px, 580px\" \/><\/a><figcaption>Zamek Ogrodzieniec<\/figcaption><\/figure><\/div>\n\n\n\n<p class=\"wp-block-paragraph\"><\/p>\n\n\n\n<p class=\"wp-block-paragraph\">Sam Krak\u00f3w te\u017c brzydki nie jest:<\/p>\n\n\n\n<div class=\"wp-block-image\"><figure class=\"aligncenter\"><a href=\"https:\/\/kruczekrakanie.pl\/wp-content\/uploads\/2018\/10\/IMGP9726-768x511.jpg\"><img loading=\"lazy\" decoding=\"async\" width=\"1024\" height=\"681\" src=\"https:\/\/kruczekrakanie.pl\/wp-content\/uploads\/2018\/10\/IMGP9726-1024x681.jpg\" alt=\"\" class=\"wp-image-259\" srcset=\"https:\/\/kruczekrakanie.pl\/wp-content\/uploads\/2018\/10\/IMGP9726-1024x681.jpg 1024w, https:\/\/kruczekrakanie.pl\/wp-content\/uploads\/2018\/10\/IMGP9726-300x199.jpg 300w, https:\/\/kruczekrakanie.pl\/wp-content\/uploads\/2018\/10\/IMGP9726-768x511.jpg 768w\" sizes=\"auto, (max-width: 767px) 89vw, (max-width: 1000px) 54vw, (max-width: 1071px) 543px, 580px\" \/><\/a><\/figure><\/div>\n\n\n\n<div class=\"wp-block-image\"><figure class=\"aligncenter\"><a href=\"https:\/\/kruczekrakanie.pl\/wp-content\/uploads\/2018\/10\/IMGP9730-768x511.jpg\"><img loading=\"lazy\" decoding=\"async\" width=\"1024\" height=\"681\" src=\"https:\/\/kruczekrakanie.pl\/wp-content\/uploads\/2018\/10\/IMGP9730-1024x681.jpg\" alt=\"\" class=\"wp-image-260\" srcset=\"https:\/\/kruczekrakanie.pl\/wp-content\/uploads\/2018\/10\/IMGP9730-1024x681.jpg 1024w, https:\/\/kruczekrakanie.pl\/wp-content\/uploads\/2018\/10\/IMGP9730-300x199.jpg 300w, https:\/\/kruczekrakanie.pl\/wp-content\/uploads\/2018\/10\/IMGP9730-768x511.jpg 768w\" sizes=\"auto, (max-width: 767px) 89vw, (max-width: 1000px) 54vw, (max-width: 1071px) 543px, 580px\" \/><\/a><\/figure><\/div>\n\n\n\n<div class=\"wp-block-image\"><figure class=\"aligncenter\"><a href=\"https:\/\/kruczekrakanie.pl\/wp-content\/uploads\/2018\/10\/IMGP9740-768x511.jpg\"><img loading=\"lazy\" decoding=\"async\" width=\"1024\" height=\"681\" src=\"https:\/\/kruczekrakanie.pl\/wp-content\/uploads\/2018\/10\/IMGP9740-1024x681.jpg\" alt=\"\" class=\"wp-image-261\" srcset=\"https:\/\/kruczekrakanie.pl\/wp-content\/uploads\/2018\/10\/IMGP9740-1024x681.jpg 1024w, https:\/\/kruczekrakanie.pl\/wp-content\/uploads\/2018\/10\/IMGP9740-300x199.jpg 300w, https:\/\/kruczekrakanie.pl\/wp-content\/uploads\/2018\/10\/IMGP9740-768x511.jpg 768w\" sizes=\"auto, (max-width: 767px) 89vw, (max-width: 1000px) 54vw, (max-width: 1071px) 543px, 580px\" \/><\/a><\/figure><\/div>\n\n\n\n<div class=\"wp-block-image\"><figure class=\"aligncenter\"><a href=\"https:\/\/kruczekrakanie.pl\/wp-content\/uploads\/2018\/10\/IMGP9743-768x511.jpg\"><img loading=\"lazy\" decoding=\"async\" width=\"1024\" height=\"681\" src=\"https:\/\/kruczekrakanie.pl\/wp-content\/uploads\/2018\/10\/IMGP9743-1024x681.jpg\" alt=\"\" class=\"wp-image-262\" srcset=\"https:\/\/kruczekrakanie.pl\/wp-content\/uploads\/2018\/10\/IMGP9743-1024x681.jpg 1024w, https:\/\/kruczekrakanie.pl\/wp-content\/uploads\/2018\/10\/IMGP9743-300x199.jpg 300w, https:\/\/kruczekrakanie.pl\/wp-content\/uploads\/2018\/10\/IMGP9743-768x511.jpg 768w\" sizes=\"auto, (max-width: 767px) 89vw, (max-width: 1000px) 54vw, (max-width: 1071px) 543px, 580px\" \/><\/a><\/figure><\/div>\n\n\n\n<p class=\"wp-block-paragraph\"><\/p>\n\n\n\n<p class=\"wp-block-paragraph\">Byli\u015bmy te\u017c w Ojcowskim Parku Narodowym.&nbsp;<\/p>\n\n\n\n<div class=\"wp-block-image\"><figure class=\"aligncenter\"><a href=\"https:\/\/kruczekrakanie.pl\/wp-content\/uploads\/2018\/10\/IMGP9773-768x511.jpg\"><img loading=\"lazy\" decoding=\"async\" width=\"1024\" height=\"681\" src=\"https:\/\/kruczekrakanie.pl\/wp-content\/uploads\/2018\/10\/IMGP9773-1024x681.jpg\" alt=\"\" class=\"wp-image-263\" srcset=\"https:\/\/kruczekrakanie.pl\/wp-content\/uploads\/2018\/10\/IMGP9773-1024x681.jpg 1024w, https:\/\/kruczekrakanie.pl\/wp-content\/uploads\/2018\/10\/IMGP9773-300x199.jpg 300w, https:\/\/kruczekrakanie.pl\/wp-content\/uploads\/2018\/10\/IMGP9773-768x511.jpg 768w\" sizes=\"auto, (max-width: 767px) 89vw, (max-width: 1000px) 54vw, (max-width: 1071px) 543px, 580px\" \/><\/a><\/figure><\/div>\n\n\n\n<div class=\"wp-block-image\"><figure class=\"aligncenter\"><a href=\"https:\/\/kruczekrakanie.pl\/wp-content\/uploads\/2018\/10\/IMGP9786-768x511.jpg\"><img loading=\"lazy\" decoding=\"async\" width=\"1024\" height=\"681\" src=\"https:\/\/kruczekrakanie.pl\/wp-content\/uploads\/2018\/10\/IMGP9786-1024x681.jpg\" alt=\"\" class=\"wp-image-264\" srcset=\"https:\/\/kruczekrakanie.pl\/wp-content\/uploads\/2018\/10\/IMGP9786-1024x681.jpg 1024w, https:\/\/kruczekrakanie.pl\/wp-content\/uploads\/2018\/10\/IMGP9786-300x199.jpg 300w, https:\/\/kruczekrakanie.pl\/wp-content\/uploads\/2018\/10\/IMGP9786-768x511.jpg 768w\" sizes=\"auto, (max-width: 767px) 89vw, (max-width: 1000px) 54vw, (max-width: 1071px) 543px, 580px\" \/><\/a><\/figure><\/div>\n\n\n\n<p class=\"wp-block-paragraph\"><\/p>\n\n\n\n<p class=\"wp-block-paragraph\">Oraz w Muzeum Lotnictwa. Fajne!<\/p>\n\n\n\n<div class=\"wp-block-image\"><figure class=\"aligncenter\"><a href=\"https:\/\/kruczekrakanie.pl\/wp-content\/uploads\/2018\/10\/DSCF5722-768x512.jpg\"><img loading=\"lazy\" decoding=\"async\" width=\"1024\" height=\"682\" src=\"https:\/\/kruczekrakanie.pl\/wp-content\/uploads\/2018\/10\/DSCF5722-1024x682.jpg\" alt=\"\" class=\"wp-image-265\" srcset=\"https:\/\/kruczekrakanie.pl\/wp-content\/uploads\/2018\/10\/DSCF5722-1024x682.jpg 1024w, https:\/\/kruczekrakanie.pl\/wp-content\/uploads\/2018\/10\/DSCF5722-300x200.jpg 300w, https:\/\/kruczekrakanie.pl\/wp-content\/uploads\/2018\/10\/DSCF5722-768x512.jpg 768w, https:\/\/kruczekrakanie.pl\/wp-content\/uploads\/2018\/10\/DSCF5722.jpg 1600w\" sizes=\"auto, (max-width: 767px) 89vw, (max-width: 1000px) 54vw, (max-width: 1071px) 543px, 580px\" \/><\/a><\/figure><\/div>\n\n\n\n<div class=\"wp-block-image\"><figure class=\"aligncenter\"><a href=\"https:\/\/kruczekrakanie.pl\/wp-content\/uploads\/2018\/10\/IMGP9799-768x511.jpg\"><img loading=\"lazy\" decoding=\"async\" width=\"1024\" height=\"681\" src=\"https:\/\/kruczekrakanie.pl\/wp-content\/uploads\/2018\/10\/IMGP9799-1024x681.jpg\" alt=\"\" class=\"wp-image-266\" srcset=\"https:\/\/kruczekrakanie.pl\/wp-content\/uploads\/2018\/10\/IMGP9799-1024x681.jpg 1024w, https:\/\/kruczekrakanie.pl\/wp-content\/uploads\/2018\/10\/IMGP9799-300x199.jpg 300w, https:\/\/kruczekrakanie.pl\/wp-content\/uploads\/2018\/10\/IMGP9799-768x511.jpg 768w\" sizes=\"auto, (max-width: 767px) 89vw, (max-width: 1000px) 54vw, (max-width: 1071px) 543px, 580px\" \/><\/a><\/figure><\/div>\n\n\n\n<hr class=\"wp-block-separator\"\/>\n\n\n\n<p class=\"wp-block-paragraph\" style=\"text-align:center\"><a href=\"https:\/\/photos.app.goo.gl\/AwosP4nWSYKjtJsL7\" target=\"_blank\" rel=\"noreferrer noopener\" aria-label=\"Album zdj\u0119\u0107 z tego wyjazdu (opens in a new tab)\">Album zdj\u0119\u0107 z tego wyjazdu<\/a><\/p>\n","protected":false},"excerpt":{"rendered":"<p>Przed\u0142u\u017cony weekend majowy pod znakiem Krakowa i okolic. Po drodze kilka zamk\u00f3w ze Szlaku Orlich Gniazd. Sam Krak\u00f3w te\u017c brzydki nie jest: Byli\u015bmy te\u017c w Ojcowskim Parku Narodowym.&nbsp; Oraz w Muzeum Lotnictwa. Fajne! Album zdj\u0119\u0107 z tego wyjazdu<\/p>\n","protected":false},"author":2,"featured_media":0,"parent":101,"menu_order":0,"comment_status":"closed","ping_status":"closed","template":"","meta":{"_crdt_document":"","ngg_post_thumbnail":0,"footnotes":""},"class_list":["post-254","page","type-page","status-publish","hentry"],"_links":{"self":[{"href":"https:\/\/kruczekrakanie.pl\/index.php\/wp-json\/wp\/v2\/pages\/254","targetHints":{"allow":["GET"]}}],"collection":[{"href":"https:\/\/kruczekrakanie.pl\/index.php\/wp-json\/wp\/v2\/pages"}],"about":[{"href":"https:\/\/kruczekrakanie.pl\/index.php\/wp-json\/wp\/v2\/types\/page"}],"author":[{"embeddable":true,"href":"https:\/\/kruczekrakanie.pl\/index.php\/wp-json\/wp\/v2\/users\/2"}],"replies":[{"embeddable":true,"href":"https:\/\/kruczekrakanie.pl\/index.php\/wp-json\/wp\/v2\/comments?post=254"}],"version-history":[{"count":5,"href":"https:\/\/kruczekrakanie.pl\/index.php\/wp-json\/wp\/v2\/pages\/254\/revisions"}],"predecessor-version":[{"id":1207,"href":"https:\/\/kruczekrakanie.pl\/index.php\/wp-json\/wp\/v2\/pages\/254\/revisions\/1207"}],"up":[{"embeddable":true,"href":"https:\/\/kruczekrakanie.pl\/index.php\/wp-json\/wp\/v2\/pages\/101"}],"wp:attachment":[{"href":"https:\/\/kruczekrakanie.pl\/index.php\/wp-json\/wp\/v2\/media?parent=254"}],"curies":[{"name":"wp","href":"https:\/\/api.w.org\/{rel}","templated":true}]}}