{"id":2198,"date":"2020-08-30T18:07:11","date_gmt":"2020-08-30T18:07:11","guid":{"rendered":"http:\/\/kruczekrakanie.pl\/?page_id=2198"},"modified":"2020-08-30T18:07:11","modified_gmt":"2020-08-30T18:07:11","slug":"polska-polnocna-2016","status":"publish","type":"page","link":"https:\/\/kruczekrakanie.pl\/index.php\/polska-polnocna-2016\/","title":{"rendered":"Polska p\u00f3\u0142nocna &#8211; 2016"},"content":{"rendered":"\n<p class=\"wp-block-paragraph\">Kr\u00f3tki wypad na p\u00f3\u0142noc Polski &#8211; Toru\u0144, Malbork, Zalew Wi\u015blany.<\/p>\n\n\n\n<div class=\"wp-block-image\"><figure class=\"aligncenter size-large\"><img loading=\"lazy\" decoding=\"async\" width=\"1024\" height=\"679\" src=\"https:\/\/kruczekrakanie.pl\/wp-content\/uploads\/2020\/08\/IMGP7976-1024x679.jpg\" alt=\"\" class=\"wp-image-2200\" srcset=\"https:\/\/kruczekrakanie.pl\/wp-content\/uploads\/2020\/08\/IMGP7976-1024x679.jpg 1024w, https:\/\/kruczekrakanie.pl\/wp-content\/uploads\/2020\/08\/IMGP7976-300x199.jpg 300w, https:\/\/kruczekrakanie.pl\/wp-content\/uploads\/2020\/08\/IMGP7976-768x509.jpg 768w, https:\/\/kruczekrakanie.pl\/wp-content\/uploads\/2020\/08\/IMGP7976-1536x1018.jpg 1536w, https:\/\/kruczekrakanie.pl\/wp-content\/uploads\/2020\/08\/IMGP7976.jpg 2048w\" sizes=\"auto, (max-width: 767px) 89vw, (max-width: 1000px) 54vw, (max-width: 1071px) 543px, 580px\" \/><\/figure><\/div>\n\n\n\n<p class=\"wp-block-paragraph\"><\/p>\n\n\n\n<p class=\"wp-block-paragraph\">Po drodze by\u0142 nocleg w pobli\u017cu zamku w Sztumie, a na deser <a rel=\"noreferrer noopener\" href=\"http:\/\/www.muzeumpieniezno.pl\/\" target=\"_blank\">Muzeum Misyjno-Etnograficzne Ksi\u0119\u017cy Werbist\u00f3w<\/a> w Pieni\u0119\u017cnie.<\/p>\n\n\n\n<p class=\"wp-block-paragraph\"><\/p>\n\n\n\n<hr class=\"wp-block-separator\"\/>\n\n\n\n<p class=\"wp-block-paragraph\"><a href=\"https:\/\/photos.app.goo.gl\/FawStcmT8rhsdzV96\" target=\"_blank\" rel=\"noreferrer noopener\">Album foto<\/a><\/p>\n","protected":false},"excerpt":{"rendered":"<p>Kr\u00f3tki wypad na p\u00f3\u0142noc Polski &#8211; Toru\u0144, Malbork, Zalew Wi\u015blany. Po drodze by\u0142 nocleg w pobli\u017cu zamku w Sztumie, a na deser Muzeum Misyjno-Etnograficzne Ksi\u0119\u017cy Werbist\u00f3w w Pieni\u0119\u017cnie. Album foto<\/p>\n","protected":false},"author":2,"featured_media":2202,"parent":0,"menu_order":0,"comment_status":"closed","ping_status":"closed","template":"","meta":{"_crdt_document":"","ngg_post_thumbnail":0,"footnotes":""},"class_list":["post-2198","page","type-page","status-publish","has-post-thumbnail","hentry"],"_links":{"self":[{"href":"https:\/\/kruczekrakanie.pl\/index.php\/wp-json\/wp\/v2\/pages\/2198","targetHints":{"allow":["GET"]}}],"collection":[{"href":"https:\/\/kruczekrakanie.pl\/index.php\/wp-json\/wp\/v2\/pages"}],"about":[{"href":"https:\/\/kruczekrakanie.pl\/index.php\/wp-json\/wp\/v2\/types\/page"}],"author":[{"embeddable":true,"href":"https:\/\/kruczekrakanie.pl\/index.php\/wp-json\/wp\/v2\/users\/2"}],"replies":[{"embeddable":true,"href":"https:\/\/kruczekrakanie.pl\/index.php\/wp-json\/wp\/v2\/comments?post=2198"}],"version-history":[{"count":1,"href":"https:\/\/kruczekrakanie.pl\/index.php\/wp-json\/wp\/v2\/pages\/2198\/revisions"}],"predecessor-version":[{"id":2203,"href":"https:\/\/kruczekrakanie.pl\/index.php\/wp-json\/wp\/v2\/pages\/2198\/revisions\/2203"}],"wp:featuredmedia":[{"embeddable":true,"href":"https:\/\/kruczekrakanie.pl\/index.php\/wp-json\/wp\/v2\/media\/2202"}],"wp:attachment":[{"href":"https:\/\/kruczekrakanie.pl\/index.php\/wp-json\/wp\/v2\/media?parent=2198"}],"curies":[{"name":"wp","href":"https:\/\/api.w.org\/{rel}","templated":true}]}}