{"id":2180,"date":"2020-08-03T16:15:38","date_gmt":"2020-08-03T16:15:38","guid":{"rendered":"http:\/\/kruczekrakanie.pl\/?page_id=2180"},"modified":"2020-08-14T19:17:37","modified_gmt":"2020-08-14T19:17:37","slug":"wakacje-2020","status":"publish","type":"page","link":"https:\/\/kruczekrakanie.pl\/index.php\/wakacje-2020\/","title":{"rendered":"Wakacje 2020"},"content":{"rendered":"\n<p class=\"wp-block-paragraph\">Koronawirusowe wakacje 2020 sp\u0119dzili\u015bmy w Polsce. W\u0142\u00f3cz\u0119gi by\u0142o co niemiara &#8211; Bieszczady, Mazury, Dolny \u015al\u0105sk.<\/p>\n\n\n\n<p class=\"wp-block-paragraph\">Pocz\u0105tek wakacji, z racji korony, troch\u0119 si\u0119 posypa\u0142. Zamiast wyjazdu do Rumunii by\u0142y nasze polskie Bieszczady. Uda\u0142o si\u0119 znale\u017a\u0107 troch\u0119 b\u0142ota \ud83d\ude42<\/p>\n\n\n\n<div class=\"wp-block-image\"><figure class=\"aligncenter size-large\"><img loading=\"lazy\" decoding=\"async\" width=\"1024\" height=\"681\" src=\"https:\/\/kruczekrakanie.pl\/wp-content\/uploads\/2020\/08\/IMGP5440-1024x681.jpg\" alt=\"\" class=\"wp-image-2188\" srcset=\"https:\/\/kruczekrakanie.pl\/wp-content\/uploads\/2020\/08\/IMGP5440-1024x681.jpg 1024w, https:\/\/kruczekrakanie.pl\/wp-content\/uploads\/2020\/08\/IMGP5440-300x200.jpg 300w, https:\/\/kruczekrakanie.pl\/wp-content\/uploads\/2020\/08\/IMGP5440-768x511.jpg 768w, https:\/\/kruczekrakanie.pl\/wp-content\/uploads\/2020\/08\/IMGP5440-1536x1022.jpg 1536w, https:\/\/kruczekrakanie.pl\/wp-content\/uploads\/2020\/08\/IMGP5440.jpg 1920w\" sizes=\"auto, (max-width: 767px) 89vw, (max-width: 1000px) 54vw, (max-width: 1071px) 543px, 580px\" \/><\/figure><\/div>\n\n\n\n<p class=\"wp-block-paragraph\"><\/p>\n\n\n\n<p class=\"wp-block-paragraph\">By\u0142o te\u017c fajne towarzystwo na <a rel=\"noreferrer noopener\" href=\"https:\/\/www.facebook.com\/wesolagorkawetlina\/\" target=\"_blank\">Weso\u0142ej G\u00f3rce<\/a> w Wetlinie. <\/p>\n\n\n\n<div class=\"wp-block-image\"><figure class=\"aligncenter size-large\"><img loading=\"lazy\" decoding=\"async\" width=\"1024\" height=\"681\" src=\"https:\/\/kruczekrakanie.pl\/wp-content\/uploads\/2020\/08\/IMGP5481-1024x681.jpg\" alt=\"\" class=\"wp-image-2189\" srcset=\"https:\/\/kruczekrakanie.pl\/wp-content\/uploads\/2020\/08\/IMGP5481-1024x681.jpg 1024w, https:\/\/kruczekrakanie.pl\/wp-content\/uploads\/2020\/08\/IMGP5481-300x200.jpg 300w, https:\/\/kruczekrakanie.pl\/wp-content\/uploads\/2020\/08\/IMGP5481-768x511.jpg 768w, https:\/\/kruczekrakanie.pl\/wp-content\/uploads\/2020\/08\/IMGP5481-1536x1022.jpg 1536w, https:\/\/kruczekrakanie.pl\/wp-content\/uploads\/2020\/08\/IMGP5481.jpg 1920w\" sizes=\"auto, (max-width: 767px) 89vw, (max-width: 1000px) 54vw, (max-width: 1071px) 543px, 580px\" \/><\/figure><\/div>\n\n\n\n<p class=\"wp-block-paragraph\"><\/p>\n\n\n\n<p class=\"wp-block-paragraph\">Wracaj\u0105c do domu po Olg\u0119 zaliczy\u0142em kawa\u0142ek wschodniej granicy.<\/p>\n\n\n\n<div class=\"wp-block-image\"><figure class=\"aligncenter size-large\"><img loading=\"lazy\" decoding=\"async\" width=\"1024\" height=\"681\" src=\"https:\/\/kruczekrakanie.pl\/wp-content\/uploads\/2020\/08\/IMGP5562-1-1024x681.jpg\" alt=\"\" class=\"wp-image-2190\" srcset=\"https:\/\/kruczekrakanie.pl\/wp-content\/uploads\/2020\/08\/IMGP5562-1-1024x681.jpg 1024w, https:\/\/kruczekrakanie.pl\/wp-content\/uploads\/2020\/08\/IMGP5562-1-300x200.jpg 300w, https:\/\/kruczekrakanie.pl\/wp-content\/uploads\/2020\/08\/IMGP5562-1-768x511.jpg 768w, https:\/\/kruczekrakanie.pl\/wp-content\/uploads\/2020\/08\/IMGP5562-1-1536x1022.jpg 1536w, https:\/\/kruczekrakanie.pl\/wp-content\/uploads\/2020\/08\/IMGP5562-1.jpg 1920w\" sizes=\"auto, (max-width: 767px) 89vw, (max-width: 1000px) 54vw, (max-width: 1071px) 543px, 580px\" \/><\/figure><\/div>\n\n\n\n<p class=\"wp-block-paragraph\"><\/p>\n\n\n\n<p class=\"wp-block-paragraph\">Potem, ju\u017c z Olg\u0105, by\u0142a w\u0142\u00f3cz\u0119ga od Wyszkowa na Mazury i z powrotem.<\/p>\n\n\n\n<div class=\"wp-block-image\"><figure class=\"aligncenter size-large\"><img loading=\"lazy\" decoding=\"async\" width=\"1024\" height=\"681\" src=\"https:\/\/kruczekrakanie.pl\/wp-content\/uploads\/2020\/08\/IMGP5736-1-1024x681.jpg\" alt=\"\" class=\"wp-image-2191\" srcset=\"https:\/\/kruczekrakanie.pl\/wp-content\/uploads\/2020\/08\/IMGP5736-1-1024x681.jpg 1024w, https:\/\/kruczekrakanie.pl\/wp-content\/uploads\/2020\/08\/IMGP5736-1-300x200.jpg 300w, https:\/\/kruczekrakanie.pl\/wp-content\/uploads\/2020\/08\/IMGP5736-1-768x511.jpg 768w, https:\/\/kruczekrakanie.pl\/wp-content\/uploads\/2020\/08\/IMGP5736-1-1536x1022.jpg 1536w, https:\/\/kruczekrakanie.pl\/wp-content\/uploads\/2020\/08\/IMGP5736-1.jpg 1920w\" sizes=\"auto, (max-width: 767px) 89vw, (max-width: 1000px) 54vw, (max-width: 1071px) 543px, 580px\" \/><\/figure><\/div>\n\n\n\n<p class=\"wp-block-paragraph\">Sko\u0144czyli\u015bmy we troje tygodniowym pobytem <a rel=\"noreferrer noopener\" href=\"https:\/\/podzielonymjajem.pl\/\" target=\"_blank\">Pod Zielonym Jajem<\/a> &#8211; jak zwykle by\u0142o super!<\/p>\n\n\n\n<div class=\"wp-block-image\"><figure class=\"aligncenter size-large\"><img loading=\"lazy\" decoding=\"async\" width=\"1024\" height=\"681\" src=\"https:\/\/kruczekrakanie.pl\/wp-content\/uploads\/2020\/08\/IMGP5741-1-1024x681.jpg\" alt=\"\" class=\"wp-image-2187\" srcset=\"https:\/\/kruczekrakanie.pl\/wp-content\/uploads\/2020\/08\/IMGP5741-1-1024x681.jpg 1024w, https:\/\/kruczekrakanie.pl\/wp-content\/uploads\/2020\/08\/IMGP5741-1-300x200.jpg 300w, https:\/\/kruczekrakanie.pl\/wp-content\/uploads\/2020\/08\/IMGP5741-1-768x511.jpg 768w, https:\/\/kruczekrakanie.pl\/wp-content\/uploads\/2020\/08\/IMGP5741-1-1536x1022.jpg 1536w, https:\/\/kruczekrakanie.pl\/wp-content\/uploads\/2020\/08\/IMGP5741-1.jpg 1920w\" sizes=\"auto, (max-width: 767px) 89vw, (max-width: 1000px) 54vw, (max-width: 1071px) 543px, 580px\" \/><\/figure><\/div>\n\n\n\n<hr class=\"wp-block-separator\"\/>\n\n\n\n<p class=\"wp-block-paragraph\">Albumy ze zdj\u0119ciami<\/p>\n\n\n\n<ul class=\"wp-block-list\"><li><a rel=\"noreferrer noopener\" href=\"https:\/\/photos.app.goo.gl\/J5DeyT2SmeUd2YnGA\" target=\"_blank\">Bieszczady &#8211; Weso\u0142a G\u00f3rka<\/a><\/li><li><a rel=\"noreferrer noopener\" href=\"https:\/\/photos.app.goo.gl\/4iuFZsDsNG1wm69r6\" target=\"_blank\">Bieszczady<\/a><\/li><li><a rel=\"noreferrer noopener\" href=\"https:\/\/photos.app.goo.gl\/LaN1S3nAegqBY2Hd9\" target=\"_blank\">Wzd\u0142u\u017c Bugu<\/a><\/li><li><a rel=\"noreferrer noopener\" href=\"https:\/\/photos.app.goo.gl\/puA2T9D9yGNM8pVw7\" target=\"_blank\">Gooingujemy<\/a><\/li><li><a href=\"https:\/\/photos.app.goo.gl\/8RbQWjbcHkuUhP966\" target=\"_blank\" rel=\"noreferrer noopener\">Pod Zielonym Jajem<\/a><\/li><\/ul>\n\n\n\n<hr class=\"wp-block-separator\"\/>\n\n\n\n<p class=\"wp-block-paragraph\">Wspominki<\/p>\n\n\n\n<p class=\"wp-block-paragraph\"><ul class=\"display-posts-listing\"><li class=\"listing-item\"><a class=\"title\" href=\"https:\/\/kruczekrakanie.pl\/index.php\/2020\/08\/16\/dyskotekowa-wloczega-2020\/\">Dyskotekowa w\u0142\u00f3cz\u0119ga 2020<\/a><\/li><li class=\"listing-item\"><a class=\"title\" href=\"https:\/\/kruczekrakanie.pl\/index.php\/2020\/07\/03\/wakacje-2020-wesola-gorka\/\">Wakacje 2020 &#8211; Bieszczady i Weso\u0142a G\u00f3rka<\/a><\/li><li class=\"listing-item\"><a class=\"title\" href=\"https:\/\/kruczekrakanie.pl\/index.php\/2020\/07\/09\/wakacje-2020-gooingujemy\/\">Wakacje 2020 &#8211; Gooingujemy<\/a><\/li><li class=\"listing-item\"><a class=\"title\" href=\"https:\/\/kruczekrakanie.pl\/index.php\/2020\/07\/19\/wakacje-2020-pod-zielonym-jajem\/\">Wakacje 2020 &#8211; Pod Zielonym Jajem<\/a><\/li><li class=\"listing-item\"><a class=\"title\" href=\"https:\/\/kruczekrakanie.pl\/index.php\/2020\/07\/03\/wakacje-2020-wzdluz-bugu\/\">Wakacje 2020 &#8211; Wzd\u0142u\u017c Bugu<\/a><\/li><\/ul><\/p>\n","protected":false},"excerpt":{"rendered":"<p>Koronawirusowe wakacje 2020 sp\u0119dzili\u015bmy w Polsce. W\u0142\u00f3cz\u0119gi by\u0142o co niemiara &#8211; Bieszczady, Mazury, Dolny \u015al\u0105sk. Pocz\u0105tek wakacji, z racji korony, troch\u0119 si\u0119 posypa\u0142. Zamiast wyjazdu do Rumunii by\u0142y nasze polskie Bieszczady. Uda\u0142o si\u0119 znale\u017a\u0107 troch\u0119 b\u0142ota \ud83d\ude42 By\u0142o te\u017c fajne towarzystwo na Weso\u0142ej G\u00f3rce w Wetlinie. Wracaj\u0105c do domu po Olg\u0119 zaliczy\u0142em kawa\u0142ek wschodniej granicy. &hellip; <\/p>\n<p class=\"link-more\"><a href=\"https:\/\/kruczekrakanie.pl\/index.php\/2020\/07\/03\/wakacje-2020-wzdluz-bugu\/\" class=\"more-link\">Czytaj dalej<span class=\"screen-reader-text\"> \u201eWakacje 2020 &#8211; Wzd\u0142u\u017c Bugu\u201d<\/span><\/a><\/p>\n","protected":false},"author":2,"featured_media":2181,"parent":0,"menu_order":0,"comment_status":"closed","ping_status":"closed","template":"","meta":{"_crdt_document":"","ngg_post_thumbnail":0,"footnotes":""},"class_list":["post-2180","page","type-page","status-publish","has-post-thumbnail","hentry"],"_links":{"self":[{"href":"https:\/\/kruczekrakanie.pl\/index.php\/wp-json\/wp\/v2\/pages\/2180","targetHints":{"allow":["GET"]}}],"collection":[{"href":"https:\/\/kruczekrakanie.pl\/index.php\/wp-json\/wp\/v2\/pages"}],"about":[{"href":"https:\/\/kruczekrakanie.pl\/index.php\/wp-json\/wp\/v2\/types\/page"}],"author":[{"embeddable":true,"href":"https:\/\/kruczekrakanie.pl\/index.php\/wp-json\/wp\/v2\/users\/2"}],"replies":[{"embeddable":true,"href":"https:\/\/kruczekrakanie.pl\/index.php\/wp-json\/wp\/v2\/comments?post=2180"}],"version-history":[{"count":4,"href":"https:\/\/kruczekrakanie.pl\/index.php\/wp-json\/wp\/v2\/pages\/2180\/revisions"}],"predecessor-version":[{"id":2192,"href":"https:\/\/kruczekrakanie.pl\/index.php\/wp-json\/wp\/v2\/pages\/2180\/revisions\/2192"}],"wp:featuredmedia":[{"embeddable":true,"href":"https:\/\/kruczekrakanie.pl\/index.php\/wp-json\/wp\/v2\/media\/2181"}],"wp:attachment":[{"href":"https:\/\/kruczekrakanie.pl\/index.php\/wp-json\/wp\/v2\/media?parent=2180"}],"curies":[{"name":"wp","href":"https:\/\/api.w.org\/{rel}","templated":true}]}}