{"id":1605,"date":"2020-01-11T20:28:28","date_gmt":"2020-01-11T20:28:28","guid":{"rendered":"http:\/\/kruczekrakanie.pl\/?page_id=1605"},"modified":"2020-01-11T20:31:57","modified_gmt":"2020-01-11T20:31:57","slug":"boston-2019-2020","status":"publish","type":"page","link":"https:\/\/kruczekrakanie.pl\/index.php\/wycieczki\/boston-2019-2020\/","title":{"rendered":"Boston 2019\/2020"},"content":{"rendered":"\n<p class=\"wp-block-paragraph\">Boston, Lincolnshire, UK.  \u017beby nie by\u0142o \ud83d\ude42<br><\/p>\n\n\n\n<p class=\"wp-block-paragraph\">Samo miasto s\u0142ynie z produkcji kapusty, ale okolice, pokazane nam przez rodzin\u0119, ca\u0142kiem \u0142adne.<\/p>\n\n\n\n<div class=\"wp-block-image\"><figure class=\"aligncenter size-large\"><img loading=\"lazy\" decoding=\"async\" width=\"1024\" height=\"681\" src=\"https:\/\/kruczekrakanie.pl\/wp-content\/uploads\/2020\/01\/IMGP4663-1024x681.jpg\" alt=\"\" class=\"wp-image-1608\" srcset=\"https:\/\/kruczekrakanie.pl\/wp-content\/uploads\/2020\/01\/IMGP4663-1024x681.jpg 1024w, https:\/\/kruczekrakanie.pl\/wp-content\/uploads\/2020\/01\/IMGP4663-300x200.jpg 300w, https:\/\/kruczekrakanie.pl\/wp-content\/uploads\/2020\/01\/IMGP4663-768x511.jpg 768w, https:\/\/kruczekrakanie.pl\/wp-content\/uploads\/2020\/01\/IMGP4663-1536x1022.jpg 1536w, https:\/\/kruczekrakanie.pl\/wp-content\/uploads\/2020\/01\/IMGP4663.jpg 1920w\" sizes=\"auto, (max-width: 767px) 89vw, (max-width: 1000px) 54vw, (max-width: 1071px) 543px, 580px\" \/><figcaption>Brama na cmentarz w Bostonie<\/figcaption><\/figure><\/div>\n\n\n\n<p class=\"wp-block-paragraph\">By\u0142y foki. Po sezonie foczym, ale by\u0142y \ud83d\ude42<\/p>\n\n\n\n<div class=\"wp-block-image\"><figure class=\"aligncenter size-large\"><img loading=\"lazy\" decoding=\"async\" width=\"1024\" height=\"681\" src=\"https:\/\/kruczekrakanie.pl\/wp-content\/uploads\/2020\/01\/IMGP4549-1024x681.jpg\" alt=\"\" class=\"wp-image-1607\" srcset=\"https:\/\/kruczekrakanie.pl\/wp-content\/uploads\/2020\/01\/IMGP4549-1024x681.jpg 1024w, https:\/\/kruczekrakanie.pl\/wp-content\/uploads\/2020\/01\/IMGP4549-300x200.jpg 300w, https:\/\/kruczekrakanie.pl\/wp-content\/uploads\/2020\/01\/IMGP4549-768x511.jpg 768w, https:\/\/kruczekrakanie.pl\/wp-content\/uploads\/2020\/01\/IMGP4549-1536x1022.jpg 1536w, https:\/\/kruczekrakanie.pl\/wp-content\/uploads\/2020\/01\/IMGP4549.jpg 1920w\" sizes=\"auto, (max-width: 767px) 89vw, (max-width: 1000px) 54vw, (max-width: 1071px) 543px, 580px\" \/><\/figure><\/div>\n\n\n\n<p class=\"wp-block-paragraph\">Byli\u015bmy w Hunstanton, na pla\u017cy przy odp\u0142ywie a po drodze w Castle Rising.<\/p>\n\n\n\n<div class=\"wp-block-image\"><figure class=\"aligncenter size-large\"><img loading=\"lazy\" decoding=\"async\" width=\"1024\" height=\"681\" src=\"https:\/\/kruczekrakanie.pl\/wp-content\/uploads\/2020\/01\/IMGP4924-1024x681.jpg\" alt=\"\" class=\"wp-image-1616\" srcset=\"https:\/\/kruczekrakanie.pl\/wp-content\/uploads\/2020\/01\/IMGP4924-1024x681.jpg 1024w, https:\/\/kruczekrakanie.pl\/wp-content\/uploads\/2020\/01\/IMGP4924-300x200.jpg 300w, https:\/\/kruczekrakanie.pl\/wp-content\/uploads\/2020\/01\/IMGP4924-768x511.jpg 768w, https:\/\/kruczekrakanie.pl\/wp-content\/uploads\/2020\/01\/IMGP4924-1536x1022.jpg 1536w, https:\/\/kruczekrakanie.pl\/wp-content\/uploads\/2020\/01\/IMGP4924.jpg 1920w\" sizes=\"auto, (max-width: 767px) 89vw, (max-width: 1000px) 54vw, (max-width: 1071px) 543px, 580px\" \/><\/figure><\/div>\n\n\n\n<div class=\"wp-block-image\"><figure class=\"aligncenter size-large\"><img loading=\"lazy\" decoding=\"async\" width=\"1024\" height=\"681\" src=\"https:\/\/kruczekrakanie.pl\/wp-content\/uploads\/2020\/01\/IMGP4886-1024x681.jpg\" alt=\"\" class=\"wp-image-1613\" srcset=\"https:\/\/kruczekrakanie.pl\/wp-content\/uploads\/2020\/01\/IMGP4886-1024x681.jpg 1024w, https:\/\/kruczekrakanie.pl\/wp-content\/uploads\/2020\/01\/IMGP4886-300x200.jpg 300w, https:\/\/kruczekrakanie.pl\/wp-content\/uploads\/2020\/01\/IMGP4886-768x511.jpg 768w, https:\/\/kruczekrakanie.pl\/wp-content\/uploads\/2020\/01\/IMGP4886-1536x1022.jpg 1536w, https:\/\/kruczekrakanie.pl\/wp-content\/uploads\/2020\/01\/IMGP4886.jpg 1920w\" sizes=\"auto, (max-width: 767px) 89vw, (max-width: 1000px) 54vw, (max-width: 1071px) 543px, 580px\" \/><\/figure><\/div>\n\n\n\n<p class=\"wp-block-paragraph\"> No i Lincoln, stolica hrabstwa.<\/p>\n\n\n\n<div class=\"wp-block-image\"><figure class=\"aligncenter size-large\"><img loading=\"lazy\" decoding=\"async\" width=\"1024\" height=\"681\" src=\"https:\/\/kruczekrakanie.pl\/wp-content\/uploads\/2020\/01\/IMGP4804-1024x681.jpg\" alt=\"\" class=\"wp-image-1611\" srcset=\"https:\/\/kruczekrakanie.pl\/wp-content\/uploads\/2020\/01\/IMGP4804-1024x681.jpg 1024w, https:\/\/kruczekrakanie.pl\/wp-content\/uploads\/2020\/01\/IMGP4804-300x200.jpg 300w, https:\/\/kruczekrakanie.pl\/wp-content\/uploads\/2020\/01\/IMGP4804-768x511.jpg 768w, https:\/\/kruczekrakanie.pl\/wp-content\/uploads\/2020\/01\/IMGP4804-1536x1022.jpg 1536w, https:\/\/kruczekrakanie.pl\/wp-content\/uploads\/2020\/01\/IMGP4804.jpg 1920w\" sizes=\"auto, (max-width: 767px) 89vw, (max-width: 1000px) 54vw, (max-width: 1071px) 543px, 580px\" \/><\/figure><\/div>\n\n\n\n<div class=\"wp-block-image\"><figure class=\"aligncenter size-large\"><img loading=\"lazy\" decoding=\"async\" width=\"681\" height=\"1024\" src=\"https:\/\/kruczekrakanie.pl\/wp-content\/uploads\/2020\/01\/IMGP4823-681x1024.jpg\" alt=\"\" class=\"wp-image-1618\" srcset=\"https:\/\/kruczekrakanie.pl\/wp-content\/uploads\/2020\/01\/IMGP4823-681x1024.jpg 681w, https:\/\/kruczekrakanie.pl\/wp-content\/uploads\/2020\/01\/IMGP4823-200x300.jpg 200w, https:\/\/kruczekrakanie.pl\/wp-content\/uploads\/2020\/01\/IMGP4823-768x1155.jpg 768w, https:\/\/kruczekrakanie.pl\/wp-content\/uploads\/2020\/01\/IMGP4823-1022x1536.jpg 1022w, https:\/\/kruczekrakanie.pl\/wp-content\/uploads\/2020\/01\/IMGP4823.jpg 1277w\" sizes=\"auto, (max-width: 681px) 100vw, 681px\" \/><\/figure><\/div>\n\n\n\n<p class=\"wp-block-paragraph\"><br><br><\/p>\n\n\n\n<hr class=\"wp-block-separator\"\/>\n\n\n\n<p class=\"wp-block-paragraph\">Wspominki z wyjazdu<\/p>\n\n\n\n<p class=\"wp-block-paragraph\"><a href=\"https:\/\/photos.app.goo.gl\/7u8yZVzBf8wZ8yrR8\" target=\"_blank\" rel=\"noreferrer noopener\" aria-label=\"Album z wi\u0119ksz\u0105 ilo\u015bci\u0105 zdj\u0119\u0107 (opens in a new tab)\">Album z wi\u0119ksz\u0105 ilo\u015bci\u0105 zdj\u0119\u0107<\/a><\/p>\n\n\n\n<p class=\"wp-block-paragraph\">  <\/p>\n\n\n\n<p class=\"wp-block-paragraph\"><\/p>\n","protected":false},"excerpt":{"rendered":"<p>Boston, Lincolnshire, UK. \u017beby nie by\u0142o \ud83d\ude42 Samo miasto s\u0142ynie z produkcji kapusty, ale okolice, pokazane nam przez rodzin\u0119, ca\u0142kiem \u0142adne. By\u0142y foki. Po sezonie foczym, ale by\u0142y \ud83d\ude42 Byli\u015bmy w Hunstanton, na pla\u017cy przy odp\u0142ywie a po drodze w Castle Rising. No i Lincoln, stolica hrabstwa. Wspominki z wyjazdu Album z wi\u0119ksz\u0105 ilo\u015bci\u0105 zdj\u0119\u0107<\/p>\n","protected":false},"author":2,"featured_media":1617,"parent":101,"menu_order":0,"comment_status":"closed","ping_status":"closed","template":"","meta":{"_crdt_document":"","ngg_post_thumbnail":0,"footnotes":""},"class_list":["post-1605","page","type-page","status-publish","has-post-thumbnail","hentry"],"_links":{"self":[{"href":"https:\/\/kruczekrakanie.pl\/index.php\/wp-json\/wp\/v2\/pages\/1605","targetHints":{"allow":["GET"]}}],"collection":[{"href":"https:\/\/kruczekrakanie.pl\/index.php\/wp-json\/wp\/v2\/pages"}],"about":[{"href":"https:\/\/kruczekrakanie.pl\/index.php\/wp-json\/wp\/v2\/types\/page"}],"author":[{"embeddable":true,"href":"https:\/\/kruczekrakanie.pl\/index.php\/wp-json\/wp\/v2\/users\/2"}],"replies":[{"embeddable":true,"href":"https:\/\/kruczekrakanie.pl\/index.php\/wp-json\/wp\/v2\/comments?post=1605"}],"version-history":[{"count":2,"href":"https:\/\/kruczekrakanie.pl\/index.php\/wp-json\/wp\/v2\/pages\/1605\/revisions"}],"predecessor-version":[{"id":1621,"href":"https:\/\/kruczekrakanie.pl\/index.php\/wp-json\/wp\/v2\/pages\/1605\/revisions\/1621"}],"up":[{"embeddable":true,"href":"https:\/\/kruczekrakanie.pl\/index.php\/wp-json\/wp\/v2\/pages\/101"}],"wp:featuredmedia":[{"embeddable":true,"href":"https:\/\/kruczekrakanie.pl\/index.php\/wp-json\/wp\/v2\/media\/1617"}],"wp:attachment":[{"href":"https:\/\/kruczekrakanie.pl\/index.php\/wp-json\/wp\/v2\/media?parent=1605"}],"curies":[{"name":"wp","href":"https:\/\/api.w.org\/{rel}","templated":true}]}}