{"id":1427,"date":"2019-11-01T11:06:04","date_gmt":"2019-11-01T11:06:04","guid":{"rendered":"http:\/\/kruczekrakanie.pl\/?page_id=1427"},"modified":"2019-11-03T19:34:47","modified_gmt":"2019-11-03T19:34:47","slug":"rumunia-2019-vol-2","status":"publish","type":"page","link":"https:\/\/kruczekrakanie.pl\/index.php\/4x4\/rumunia-2019-vol-2\/","title":{"rendered":"Rumunia 2019 vol. 2"},"content":{"rendered":"\n<p class=\"wp-block-paragraph\">Druga off-roadowa Rumunia w roku 2019, czyli <strong>Maramuresz Classic<\/strong>.<\/p>\n\n\n\n<p class=\"wp-block-paragraph\">Tym razem by\u0142o r\u00f3wnie spontanicznie a pad\u0142o na wyjazd zorganizowany. Pojawi\u0142o si\u0119 wolne, wyjazd by\u0142, znajomi te\u017c \ud83d\ude42<\/p>\n\n\n\n<div class=\"wp-block-image\"><figure class=\"aligncenter size-large\"><img loading=\"lazy\" decoding=\"async\" width=\"1024\" height=\"681\" src=\"https:\/\/kruczekrakanie.pl\/wp-content\/uploads\/2019\/11\/IMGP4318-1-1024x681.jpg\" alt=\"\" class=\"wp-image-1510\" srcset=\"https:\/\/kruczekrakanie.pl\/wp-content\/uploads\/2019\/11\/IMGP4318-1-1024x681.jpg 1024w, https:\/\/kruczekrakanie.pl\/wp-content\/uploads\/2019\/11\/IMGP4318-1-300x200.jpg 300w, https:\/\/kruczekrakanie.pl\/wp-content\/uploads\/2019\/11\/IMGP4318-1-768x511.jpg 768w, https:\/\/kruczekrakanie.pl\/wp-content\/uploads\/2019\/11\/IMGP4318-1.jpg 1600w\" sizes=\"auto, (max-width: 767px) 89vw, (max-width: 1000px) 54vw, (max-width: 1071px) 543px, 580px\" \/><\/figure><\/div>\n\n\n\n<p class=\"wp-block-paragraph\">Maramuresz Classic to seria zorganizowanych wyjazd\u00f3w off-road. Zazwyczaj nie je\u017cd\u017c\u0119 na takie imprezy, ale znajomych zapisa\u0142o si\u0119 sporo, wi\u0119c i ja da\u0142em si\u0119 skusi\u0107.<\/p>\n\n\n\n<p class=\"wp-block-paragraph\">Rumunia przywita\u0142a nas jesienn\u0105 pogod\u0105, deszczem i \u015bniegiem i czterema stopniami Celsiujsza \ud83d\ude42 Pierwszy dzie\u0144 w terenie, to by\u0142a fajna techniczna jazda po \u015bliskim b\u0142ocie.<\/p>\n\n\n\n<div class=\"wp-block-image\"><figure class=\"aligncenter size-large\"><img loading=\"lazy\" decoding=\"async\" width=\"1024\" height=\"681\" src=\"https:\/\/kruczekrakanie.pl\/wp-content\/uploads\/2019\/11\/IMGP4074-1024x681.jpg\" alt=\"\" class=\"wp-image-1432\" srcset=\"https:\/\/kruczekrakanie.pl\/wp-content\/uploads\/2019\/11\/IMGP4074-1024x681.jpg 1024w, https:\/\/kruczekrakanie.pl\/wp-content\/uploads\/2019\/11\/IMGP4074-300x200.jpg 300w, https:\/\/kruczekrakanie.pl\/wp-content\/uploads\/2019\/11\/IMGP4074-768x511.jpg 768w, https:\/\/kruczekrakanie.pl\/wp-content\/uploads\/2019\/11\/IMGP4074.jpg 1600w\" sizes=\"auto, (max-width: 767px) 89vw, (max-width: 1000px) 54vw, (max-width: 1071px) 543px, 580px\" \/><\/figure><\/div>\n\n\n\n<p class=\"wp-block-paragraph\">Kolejne dni to pi\u0119kna karpacka jesie\u0144 &#8211; w dzie\u0144 ciep\u0142o i s\u0142onecznie, w nocy ko\u0142o zera i &#8222;s\u0142onecznie&#8221; \ud83d\ude42<\/p>\n\n\n\n<div class=\"wp-block-image\"><figure class=\"aligncenter size-large\"><img loading=\"lazy\" decoding=\"async\" width=\"1024\" height=\"681\" src=\"https:\/\/kruczekrakanie.pl\/wp-content\/uploads\/2019\/11\/IMGP4195-1-1024x681.jpg\" alt=\"\" class=\"wp-image-1503\" srcset=\"https:\/\/kruczekrakanie.pl\/wp-content\/uploads\/2019\/11\/IMGP4195-1-1024x681.jpg 1024w, https:\/\/kruczekrakanie.pl\/wp-content\/uploads\/2019\/11\/IMGP4195-1-300x200.jpg 300w, https:\/\/kruczekrakanie.pl\/wp-content\/uploads\/2019\/11\/IMGP4195-1-768x511.jpg 768w, https:\/\/kruczekrakanie.pl\/wp-content\/uploads\/2019\/11\/IMGP4195-1.jpg 1600w\" sizes=\"auto, (max-width: 767px) 89vw, (max-width: 1000px) 54vw, (max-width: 1071px) 543px, 580px\" \/><\/figure><\/div>\n\n\n\n<p class=\"wp-block-paragraph\">Poranki by\u0142y takie \ud83d\ude42<\/p>\n\n\n\n<div class=\"wp-block-image\"><figure class=\"aligncenter size-large\"><img loading=\"lazy\" decoding=\"async\" width=\"1024\" height=\"681\" src=\"https:\/\/kruczekrakanie.pl\/wp-content\/uploads\/2019\/11\/IMGP4084-1024x681.jpg\" alt=\"\" class=\"wp-image-1464\" srcset=\"https:\/\/kruczekrakanie.pl\/wp-content\/uploads\/2019\/11\/IMGP4084-1024x681.jpg 1024w, https:\/\/kruczekrakanie.pl\/wp-content\/uploads\/2019\/11\/IMGP4084-300x200.jpg 300w, https:\/\/kruczekrakanie.pl\/wp-content\/uploads\/2019\/11\/IMGP4084-768x511.jpg 768w, https:\/\/kruczekrakanie.pl\/wp-content\/uploads\/2019\/11\/IMGP4084.jpg 1600w\" sizes=\"auto, (max-width: 767px) 89vw, (max-width: 1000px) 54vw, (max-width: 1071px) 543px, 580px\" \/><\/figure><\/div>\n\n\n\n<hr class=\"wp-block-separator\"\/>\n\n\n\n<p class=\"wp-block-paragraph\">Zdj\u0119cia z wyjazdu<\/p>\n\n\n\n<ul class=\"wp-block-list\"><li><a href=\"https:\/\/photos.app.goo.gl\/YtasgJZfgMtzyTrD9\" target=\"_blank\" rel=\"noreferrer noopener\" aria-label=\"Dzie\u0144 1 (opens in a new tab)\">Dzie\u0144 1<\/a><\/li><li><a href=\"https:\/\/photos.app.goo.gl\/uS7yCAzSUeXavv8U7\" target=\"_blank\" rel=\"noreferrer noopener\" aria-label=\"Dzie\u0144 2 (opens in a new tab)\">Dzie\u0144 2<\/a><\/li><li><a href=\"https:\/\/photos.app.goo.gl\/dBPZrpsMMFfQLXH28\" target=\"_blank\" rel=\"noreferrer noopener\" aria-label=\"Dzie\u0144 3 (opens in a new tab)\">Dzie\u0144 3<\/a><\/li><li><a href=\"https:\/\/photos.app.goo.gl\/oY2sqjwekxpSyMie9\" target=\"_blank\" rel=\"noreferrer noopener\" aria-label=\"Dzie\u0144 4 (opens in a new tab)\">Dzie\u0144 4<\/a><\/li><li><a href=\"https:\/\/photos.app.goo.gl\/Ed9aF3C3GPtURx8N6\" target=\"_blank\" rel=\"noreferrer noopener\" aria-label=\"Dzie\u0144 5 (opens in a new tab)\">Dzie\u0144 5<\/a><\/li><li><a href=\"https:\/\/photos.app.goo.gl\/81RGz7b3xi2mKD8KA\" target=\"_blank\" rel=\"noreferrer noopener\" aria-label=\"Dzie\u0144 6 (opens in a new tab)\">Dzie\u0144 6<\/a><\/li><\/ul>\n\n\n\n<p class=\"wp-block-paragraph\"><\/p>\n\n\n\n<hr class=\"wp-block-separator\"\/>\n\n\n<p><!--StartFragment--><\/p>\n\n\n<p class=\"wp-block-paragraph\">Wspominki z wyjazdu<\/p>\n\n\n\n<p class=\"wp-block-paragraph\"> <ul class=\"display-posts-listing\"><li class=\"listing-item\"><a class=\"title\" href=\"https:\/\/kruczekrakanie.pl\/index.php\/2019\/11\/03\/kilka-zdjec-z-maramuresz-classic-2019\/\">Kilka zdj\u0119\u0107 z Maramuresz Classic 2019<\/a> <span class=\"date\">(11\/3\/2019)<\/span><\/li><li class=\"listing-item\"><a class=\"title\" href=\"https:\/\/kruczekrakanie.pl\/index.php\/2019\/11\/03\/maramuresz-in-hi-color\/\">Maramuresz in hi-color<\/a> <span class=\"date\">(11\/3\/2019)<\/span><\/li><li class=\"listing-item\"><a class=\"title\" href=\"https:\/\/kruczekrakanie.pl\/index.php\/2019\/11\/01\/rumunia-2019-vol-2-czyli-maramuresz-classic\/\">Rumunia 2019 vol 2. czyli Maramuresz Classic<\/a> <span class=\"date\">(11\/1\/2019)<\/span><\/li><\/ul> <\/p>\n\n\n<p><!--EndFragment--><\/p>","protected":false},"excerpt":{"rendered":"<p>Druga off-roadowa Rumunia w roku 2019, czyli Maramuresz Classic. Tym razem by\u0142o r\u00f3wnie spontanicznie a pad\u0142o na wyjazd zorganizowany. Pojawi\u0142o si\u0119 wolne, wyjazd by\u0142, znajomi te\u017c \ud83d\ude42 Maramuresz Classic to seria zorganizowanych wyjazd\u00f3w off-road. Zazwyczaj nie je\u017cd\u017c\u0119 na takie imprezy, ale znajomych zapisa\u0142o si\u0119 sporo, wi\u0119c i ja da\u0142em si\u0119 skusi\u0107. Rumunia przywita\u0142a nas jesienn\u0105 &hellip; <\/p>\n<p class=\"link-more\"><a href=\"https:\/\/kruczekrakanie.pl\/index.php\/2019\/11\/01\/rumunia-2019-vol-2-czyli-maramuresz-classic\/\" class=\"more-link\">Czytaj dalej<span class=\"screen-reader-text\"> \u201eRumunia 2019 vol 2. czyli Maramuresz Classic\u201d<\/span><\/a><\/p>\n","protected":false},"author":2,"featured_media":1493,"parent":129,"menu_order":0,"comment_status":"closed","ping_status":"closed","template":"","meta":{"_crdt_document":"","ngg_post_thumbnail":0,"footnotes":""},"class_list":["post-1427","page","type-page","status-publish","has-post-thumbnail","hentry"],"_links":{"self":[{"href":"https:\/\/kruczekrakanie.pl\/index.php\/wp-json\/wp\/v2\/pages\/1427","targetHints":{"allow":["GET"]}}],"collection":[{"href":"https:\/\/kruczekrakanie.pl\/index.php\/wp-json\/wp\/v2\/pages"}],"about":[{"href":"https:\/\/kruczekrakanie.pl\/index.php\/wp-json\/wp\/v2\/types\/page"}],"author":[{"embeddable":true,"href":"https:\/\/kruczekrakanie.pl\/index.php\/wp-json\/wp\/v2\/users\/2"}],"replies":[{"embeddable":true,"href":"https:\/\/kruczekrakanie.pl\/index.php\/wp-json\/wp\/v2\/comments?post=1427"}],"version-history":[{"count":6,"href":"https:\/\/kruczekrakanie.pl\/index.php\/wp-json\/wp\/v2\/pages\/1427\/revisions"}],"predecessor-version":[{"id":1518,"href":"https:\/\/kruczekrakanie.pl\/index.php\/wp-json\/wp\/v2\/pages\/1427\/revisions\/1518"}],"up":[{"embeddable":true,"href":"https:\/\/kruczekrakanie.pl\/index.php\/wp-json\/wp\/v2\/pages\/129"}],"wp:featuredmedia":[{"embeddable":true,"href":"https:\/\/kruczekrakanie.pl\/index.php\/wp-json\/wp\/v2\/media\/1493"}],"wp:attachment":[{"href":"https:\/\/kruczekrakanie.pl\/index.php\/wp-json\/wp\/v2\/media?parent=1427"}],"curies":[{"name":"wp","href":"https:\/\/api.w.org\/{rel}","templated":true}]}}