{"id":1371,"date":"2019-08-24T20:41:37","date_gmt":"2019-08-24T20:41:37","guid":{"rendered":"http:\/\/kruczekrakanie.pl\/?page_id=1371"},"modified":"2019-12-01T20:47:25","modified_gmt":"2019-12-01T20:47:25","slug":"rumunia-2019","status":"publish","type":"page","link":"https:\/\/kruczekrakanie.pl\/index.php\/4x4\/rumunia-2019\/","title":{"rendered":"Rumunia 2019"},"content":{"rendered":"\n<p class=\"wp-block-paragraph\">Szybki strza\u0142. Jest wolny tydzie\u0144 w po\u0142owie sierpnia, jest druga za\u0142oga do towarzystwa. Jedziemy. My w sk\u0142adnie Olga na prawym plus Tomek kierowca. Drugie auto to Defender z Monik\u0105 i Paw\u0142em.<\/p>\n\n\n\n<p class=\"wp-block-paragraph\">Czasu w sumie niedu\u017co, bo Rumunia w tydzie\u0144 oznacza po\u015bpiech. Wybieramy wi\u0119c Maramuresz, kt\u00f3ry jest najbli\u017cej Polski.<\/p>\n\n\n\n<p class=\"wp-block-paragraph\">Po drodze nocleg na W\u0119grzech, niedaleko rumu\u0144skiej granicy. Potem ju\u017c do Rumunii i w g\u00f3ry. Dzie\u0144 ko\u0144czymy odwiedzaj\u0105c &#8222;epicki klif&#8221;, zgodnie z opisem z jakiego\u015b tracka z czelu\u015bci internet\u00f3w.<\/p>\n\n\n\n<div class=\"wp-block-image\"><figure class=\"aligncenter size-large\"><img loading=\"lazy\" decoding=\"async\" width=\"1024\" height=\"681\" src=\"https:\/\/kruczekrakanie.pl\/wp-content\/uploads\/2019\/08\/IMGP3828-1024x681.jpg\" alt=\"\" class=\"wp-image-1374\" srcset=\"https:\/\/kruczekrakanie.pl\/wp-content\/uploads\/2019\/08\/IMGP3828-1024x681.jpg 1024w, https:\/\/kruczekrakanie.pl\/wp-content\/uploads\/2019\/08\/IMGP3828-300x200.jpg 300w, https:\/\/kruczekrakanie.pl\/wp-content\/uploads\/2019\/08\/IMGP3828-768x511.jpg 768w, https:\/\/kruczekrakanie.pl\/wp-content\/uploads\/2019\/08\/IMGP3828.jpg 1600w\" sizes=\"auto, (max-width: 767px) 89vw, (max-width: 1000px) 54vw, (max-width: 1071px) 543px, 580px\" \/><\/figure><\/div>\n\n\n\n<p class=\"wp-block-paragraph\"><\/p>\n\n\n\n<p class=\"wp-block-paragraph\">Kolejny dzie\u0144 to niestety zjazd do cywilizacji i szukanie warsztat\u00f3w i sklep\u00f3w z cz\u0119\u015bciami.  Def zaliczy\u0142 podw\u00f3jn\u0105 awari\u0119, wi\u0119c jazdy tego dnia nie by\u0142o wiele. Zaliczyli\u015bmy za to pit stop w fajnej scenerii.<\/p>\n\n\n\n<div class=\"wp-block-image\"><figure class=\"aligncenter size-large\"><img loading=\"lazy\" decoding=\"async\" width=\"1024\" height=\"681\" src=\"https:\/\/kruczekrakanie.pl\/wp-content\/uploads\/2019\/08\/IMGP3848-1024x681.jpg\" alt=\"\" class=\"wp-image-1375\" srcset=\"https:\/\/kruczekrakanie.pl\/wp-content\/uploads\/2019\/08\/IMGP3848-1024x681.jpg 1024w, https:\/\/kruczekrakanie.pl\/wp-content\/uploads\/2019\/08\/IMGP3848-300x200.jpg 300w, https:\/\/kruczekrakanie.pl\/wp-content\/uploads\/2019\/08\/IMGP3848-768x511.jpg 768w, https:\/\/kruczekrakanie.pl\/wp-content\/uploads\/2019\/08\/IMGP3848.jpg 1600w\" sizes=\"auto, (max-width: 767px) 89vw, (max-width: 1000px) 54vw, (max-width: 1071px) 543px, 580px\" \/><\/figure><\/div>\n\n\n\n<p class=\"wp-block-paragraph\">Ponaprawiani jedziemy dalej. Defender z nap\u0119dem na trzy ko\u0142a daje rad\u0119 lepiej, ni\u017c moje Discovery na czterech \ud83d\ude42<\/p>\n\n\n\n<div class=\"wp-block-image\"><figure class=\"aligncenter size-large\"><img loading=\"lazy\" decoding=\"async\" width=\"1024\" height=\"681\" src=\"https:\/\/kruczekrakanie.pl\/wp-content\/uploads\/2019\/08\/IMGP3859-1024x681.jpg\" alt=\"\" class=\"wp-image-1376\" srcset=\"https:\/\/kruczekrakanie.pl\/wp-content\/uploads\/2019\/08\/IMGP3859-1024x681.jpg 1024w, https:\/\/kruczekrakanie.pl\/wp-content\/uploads\/2019\/08\/IMGP3859-300x200.jpg 300w, https:\/\/kruczekrakanie.pl\/wp-content\/uploads\/2019\/08\/IMGP3859-768x511.jpg 768w, https:\/\/kruczekrakanie.pl\/wp-content\/uploads\/2019\/08\/IMGP3859.jpg 1600w\" sizes=\"auto, (max-width: 767px) 89vw, (max-width: 1000px) 54vw, (max-width: 1071px) 543px, 580px\" \/><\/figure><\/div>\n\n\n\n<p class=\"wp-block-paragraph\">Walki z terenem by\u0142o tego dnia sporo. Glina zabra\u0142a kierunkowskaz i jakie\u015b plasticzki z nadwozia, kamienie upomnia\u0142y si\u0119 o progi itd. S\u0142owem &#8211; udany off-road. Ko\u0144czymy noclegiem na obszarze Parku Narodowego G\u00f3r Maramuresz. <\/p>\n\n\n\n<p class=\"wp-block-paragraph\">Potem dzie\u0144 jazdy na wyczucie. Nie mia\u0142em sprawdzonego tracka przez ten teren, chocia\u017c przewa\u017cnie staram si\u0119 go uzyska\u0107. Tym razem jechali\u015bmy na podstawie tracka, wytyczonego na zdj\u0119ciach satelitarnych.  Trasa pi\u0119kna, przez po\u0142oniny i szczyty, miejscami dosy\u0107 trudna.<\/p>\n\n\n\n<div class=\"wp-block-image\"><figure class=\"aligncenter size-large\"><img loading=\"lazy\" decoding=\"async\" width=\"1024\" height=\"681\" src=\"https:\/\/kruczekrakanie.pl\/wp-content\/uploads\/2019\/08\/IMGP3894-1024x681.jpg\" alt=\"\" class=\"wp-image-1381\" srcset=\"https:\/\/kruczekrakanie.pl\/wp-content\/uploads\/2019\/08\/IMGP3894-1024x681.jpg 1024w, https:\/\/kruczekrakanie.pl\/wp-content\/uploads\/2019\/08\/IMGP3894-300x200.jpg 300w, https:\/\/kruczekrakanie.pl\/wp-content\/uploads\/2019\/08\/IMGP3894-768x511.jpg 768w, https:\/\/kruczekrakanie.pl\/wp-content\/uploads\/2019\/08\/IMGP3894.jpg 1600w\" sizes=\"auto, (max-width: 767px) 89vw, (max-width: 1000px) 54vw, (max-width: 1071px) 543px, 580px\" \/><\/figure><\/div>\n\n\n\n<p class=\"wp-block-paragraph\">Problemy zacz\u0119\u0142y si\u0119 pod koniec dnia, kiedy chcieli\u015bmy z tych g\u00f3r zjecha\u0107. Trasa, wytyczana na mapach satelitarnych, gdzie\u015b si\u0119 zgubi\u0142a. Dr\u00f3g, przejechanych przez kogo\u015b prawie nie by\u0142o. Po d\u0142u\u017cszym b\u0142\u0105dzeniu wybrali\u015bmy jedn\u0105 z dw\u00f3ch ledwie widocznych dr\u00f3g w d\u00f3\u0142. Wybrali\u015bmy \u017ale&#8230; Sko\u0144czy\u0142o si\u0119 usuwaniem zwalonych drzew i stromym zjazdem drog\u0105 zrywkow\u0105 w lesie. Oraz stracon\u0105 szyb\u0105 i pogi\u0119tym nadkolem. Srebrna ta\u015bma pozwoli\u0142a jecha\u0107 dalej \ud83d\ude42<\/p>\n\n\n\n<div class=\"wp-block-image\"><figure class=\"aligncenter size-large\"><img loading=\"lazy\" decoding=\"async\" width=\"1024\" height=\"681\" src=\"https:\/\/kruczekrakanie.pl\/wp-content\/uploads\/2019\/08\/IMGP3896-1-1024x681.jpg\" alt=\"\" class=\"wp-image-1383\" srcset=\"https:\/\/kruczekrakanie.pl\/wp-content\/uploads\/2019\/08\/IMGP3896-1-1024x681.jpg 1024w, https:\/\/kruczekrakanie.pl\/wp-content\/uploads\/2019\/08\/IMGP3896-1-300x200.jpg 300w, https:\/\/kruczekrakanie.pl\/wp-content\/uploads\/2019\/08\/IMGP3896-1-768x511.jpg 768w, https:\/\/kruczekrakanie.pl\/wp-content\/uploads\/2019\/08\/IMGP3896-1.jpg 1600w\" sizes=\"auto, (max-width: 767px) 89vw, (max-width: 1000px) 54vw, (max-width: 1071px) 543px, 580px\" \/><\/figure><\/div>\n\n\n\n<p class=\"wp-block-paragraph\">Ostatni, g\u00f3rski dzie\u0144, to pasmo Calimani, park narodowy i kopalnia kruszywa. Niestety, mg\u0142a zabra\u0142a widoki. Szkoda, ale mo\u017ce uda si\u0119 tam wr\u00f3ci\u0107.<\/p>\n\n\n\n<div class=\"wp-block-image\"><figure class=\"aligncenter size-large\"><img loading=\"lazy\" decoding=\"async\" width=\"1024\" height=\"681\" src=\"https:\/\/kruczekrakanie.pl\/wp-content\/uploads\/2019\/08\/IMGP3898-1024x681.jpg\" alt=\"\" class=\"wp-image-1384\" srcset=\"https:\/\/kruczekrakanie.pl\/wp-content\/uploads\/2019\/08\/IMGP3898-1024x681.jpg 1024w, https:\/\/kruczekrakanie.pl\/wp-content\/uploads\/2019\/08\/IMGP3898-300x200.jpg 300w, https:\/\/kruczekrakanie.pl\/wp-content\/uploads\/2019\/08\/IMGP3898-768x511.jpg 768w, https:\/\/kruczekrakanie.pl\/wp-content\/uploads\/2019\/08\/IMGP3898.jpg 1600w\" sizes=\"auto, (max-width: 767px) 89vw, (max-width: 1000px) 54vw, (max-width: 1071px) 543px, 580px\" \/><\/figure><\/div>\n\n\n\n<p class=\"wp-block-paragraph\">Potem ju\u017c tylko powr\u00f3t. Zdecydowanie za szybko to zlecia\u0142o&#8230;<\/p>\n\n\n\n<hr class=\"wp-block-separator\"\/>\n\n\n\n<p class=\"wp-block-paragraph\">Albumy ze zdj\u0119ciami<\/p>\n\n\n\n<ul class=\"wp-block-list\"><li><a rel=\"noreferrer noopener\" aria-label=\"Pierwszy dzie\u0144 - od Baia Mare w stron\u0119 Sapanty (opens in a new tab)\" href=\"https:\/\/photos.app.goo.gl\/LukNCHaYNDTp7ejHA\" target=\"_blank\">Pierwszy dzie\u0144 &#8211; od Baia Mare w stron\u0119 Sapanty<\/a><\/li><li><a href=\"https:\/\/photos.app.goo.gl\/Ad9AS4Yh9r3RE1KE6\" target=\"_blank\" rel=\"noreferrer noopener\" aria-label=\"Drugi dzie\u0144 - lotny serwis Land Rovera (opens in a new tab)\">Drugi dzie\u0144 &#8211; lotny serwis Land Rovera<\/a><\/li><li><a href=\"https:\/\/photos.app.goo.gl\/L1RePGTxDfCZrabW9\" target=\"_blank\" rel=\"noreferrer noopener\" aria-label=\"Trzeci dzie\u0144 - glina i kamienie (opens in a new tab)\">Trzeci dzie\u0144 &#8211; glina i kamienie<\/a><\/li><li><a href=\"https:\/\/photos.app.goo.gl\/AuTQXvgVMeZ2h1xu5\" target=\"_blank\" rel=\"noreferrer noopener\" aria-label=\"Czwarty dzie\u0144 - szukanie drogi w g\u00f3rach Suhard (opens in a new tab)\">Czwarty dzie\u0144 &#8211; szukanie drogi w g\u00f3rach Suhard<\/a><\/li><li><a href=\"https:\/\/photos.app.goo.gl\/KL8pMwYPaSt7UkcG6\" target=\"_blank\" rel=\"noreferrer noopener\" aria-label=\"Pi\u0105ty dzie\u0144 - Kalimeny (opens in a new tab)\">Pi\u0105ty dzie\u0144 &#8211; Kalimeny<\/a><\/li><\/ul>\n\n\n\n<hr class=\"wp-block-separator\"\/>\n\n\n\n<p class=\"wp-block-paragraph\">Wspominki z wyjazdu<\/p>\n\n\n\n<p class=\"wp-block-paragraph\"> <ul class=\"display-posts-listing\"><li class=\"listing-item\"><a class=\"title\" href=\"https:\/\/kruczekrakanie.pl\/index.php\/2019\/12\/01\/kolorowy-maramuresz\/\">Kolorowy Maramuresz<\/a> <span class=\"date\">(12\/1\/2019)<\/span><\/li><li class=\"listing-item\"><a class=\"title\" href=\"https:\/\/kruczekrakanie.pl\/index.php\/2019\/08\/24\/rumunia-2019-zapis-trasy\/\">Rumunia 2019 &#8211; zapis trasy<\/a> <span class=\"date\">(8\/24\/2019)<\/span><\/li><\/ul> <\/p>\n","protected":false},"excerpt":{"rendered":"<p>Szybki strza\u0142. Jest wolny tydzie\u0144 w po\u0142owie sierpnia, jest druga za\u0142oga do towarzystwa. Jedziemy. My w sk\u0142adnie Olga na prawym plus Tomek kierowca. Drugie auto to Defender z Monik\u0105 i Paw\u0142em. Czasu w sumie niedu\u017co, bo Rumunia w tydzie\u0144 oznacza po\u015bpiech. Wybieramy wi\u0119c Maramuresz, kt\u00f3ry jest najbli\u017cej Polski. Po drodze nocleg na W\u0119grzech, niedaleko rumu\u0144skiej &hellip; <\/p>\n<p class=\"link-more\"><a href=\"https:\/\/kruczekrakanie.pl\/index.php\/2019\/08\/24\/rumunia-2019-zapis-trasy\/\" class=\"more-link\">Czytaj dalej<span class=\"screen-reader-text\"> \u201eRumunia 2019 &#8211; zapis trasy\u201d<\/span><\/a><\/p>\n","protected":false},"author":2,"featured_media":1580,"parent":129,"menu_order":0,"comment_status":"closed","ping_status":"closed","template":"","meta":{"_crdt_document":"","ngg_post_thumbnail":0,"footnotes":""},"class_list":["post-1371","page","type-page","status-publish","has-post-thumbnail","hentry"],"_links":{"self":[{"href":"https:\/\/kruczekrakanie.pl\/index.php\/wp-json\/wp\/v2\/pages\/1371","targetHints":{"allow":["GET"]}}],"collection":[{"href":"https:\/\/kruczekrakanie.pl\/index.php\/wp-json\/wp\/v2\/pages"}],"about":[{"href":"https:\/\/kruczekrakanie.pl\/index.php\/wp-json\/wp\/v2\/types\/page"}],"author":[{"embeddable":true,"href":"https:\/\/kruczekrakanie.pl\/index.php\/wp-json\/wp\/v2\/users\/2"}],"replies":[{"embeddable":true,"href":"https:\/\/kruczekrakanie.pl\/index.php\/wp-json\/wp\/v2\/comments?post=1371"}],"version-history":[{"count":2,"href":"https:\/\/kruczekrakanie.pl\/index.php\/wp-json\/wp\/v2\/pages\/1371\/revisions"}],"predecessor-version":[{"id":1389,"href":"https:\/\/kruczekrakanie.pl\/index.php\/wp-json\/wp\/v2\/pages\/1371\/revisions\/1389"}],"up":[{"embeddable":true,"href":"https:\/\/kruczekrakanie.pl\/index.php\/wp-json\/wp\/v2\/pages\/129"}],"wp:featuredmedia":[{"embeddable":true,"href":"https:\/\/kruczekrakanie.pl\/index.php\/wp-json\/wp\/v2\/media\/1580"}],"wp:attachment":[{"href":"https:\/\/kruczekrakanie.pl\/index.php\/wp-json\/wp\/v2\/media?parent=1371"}],"curies":[{"name":"wp","href":"https:\/\/api.w.org\/{rel}","templated":true}]}}