{"id":1302,"date":"2019-07-11T21:59:48","date_gmt":"2019-07-11T21:59:48","guid":{"rendered":"http:\/\/kruczekrakanie.pl\/?page_id=1302"},"modified":"2019-11-06T22:21:24","modified_gmt":"2019-11-06T22:21:24","slug":"slowenia-2019","status":"publish","type":"page","link":"https:\/\/kruczekrakanie.pl\/index.php\/wycieczki\/slowenia-2019\/","title":{"rendered":"S\u0142owenia 2019"},"content":{"rendered":"\n<p class=\"wp-block-paragraph\">Dwa tygodnie urlopu, wi\u0119c by\u0142 czas co\u015b porobi\u0107. W poprzednie wakacje by\u0142a Norwegia, tym razem jedziemy na po\u0142udnie. Pad\u0142o na S\u0142oweni\u0119. Byli\u015bmy tam kilkukrotnie, ale zawsze tylko przejazdem.  A warto tam zosta\u0107 na d\u0142u\u017cej.<\/p>\n\n\n\n<div class=\"wp-block-image\"><figure class=\"aligncenter size-large\"><a href=\"https:\/\/kruczekrakanie.pl\/wp-content\/uploads\/2019\/11\/IMGP3463.jpg\" target=\"_blank\" rel=\"noopener noreferrer\"><img loading=\"lazy\" decoding=\"async\" width=\"1024\" height=\"681\" src=\"https:\/\/kruczekrakanie.pl\/wp-content\/uploads\/2019\/11\/IMGP3463-1024x681.jpg\" alt=\"\" class=\"wp-image-1532\" srcset=\"https:\/\/kruczekrakanie.pl\/wp-content\/uploads\/2019\/11\/IMGP3463-1024x681.jpg 1024w, https:\/\/kruczekrakanie.pl\/wp-content\/uploads\/2019\/11\/IMGP3463-300x200.jpg 300w, https:\/\/kruczekrakanie.pl\/wp-content\/uploads\/2019\/11\/IMGP3463-768x511.jpg 768w, https:\/\/kruczekrakanie.pl\/wp-content\/uploads\/2019\/11\/IMGP3463.jpg 1600w\" sizes=\"auto, (max-width: 767px) 89vw, (max-width: 1000px) 54vw, (max-width: 1071px) 543px, 580px\" \/><\/a><\/figure><\/div>\n\n\n\n<p class=\"wp-block-paragraph\">Po drodze, gdzie\u015b na czeskiej autostradzie, dopad\u0142a nas pot\u0119\u017cna burza. Wiatr nawiewa\u0142 na drog\u0119 ga\u0142\u0119zie, li\u015bcie i \u015bmieci, \u0142ama\u0142 te\u017c drzewa. Bali\u015bmy si\u0119, \u017ce grad wybije nam przedni\u0105 szyb\u0119. Omal te\u017c nie uderzyli\u015bmy w metalow\u0105 barierk\u0119, kt\u00f3r\u0105 zwia\u0142o na \u015brodek drogi. Szcz\u0119\u015bliwie dotarli\u015bmy do Wiednia, ale zrezygnowali\u015bmy z namiotu i spali\u015bmy w hotelu. Nast\u0119pnego dnia mia\u0142 by\u0107 Prater. Okazuje si\u0119, \u017ce informacje, \u017ce jest czynny od 10:00, to bzdura. Du\u017ce atrakcje, jak Czarna Mamba, otwieraj\u0105 si\u0119 dopiero oko\u0142o po\u0142udnia. Zrezygnowali\u015bmy i pojechali\u015bmy dalej, do S\u0142owenii.<\/p>\n\n\n\n<p class=\"wp-block-paragraph\">Pobyt zacz\u0119li\u015bmy od Bled. \u015awietny camping, pi\u0119kna okolica. Opr\u00f3cz jeziora z zamkiem i ko\u015bcio\u0142em maj\u0105 tam te\u017c \u015bwietne ciastka \ud83d\ude42<\/p>\n\n\n\n<div class=\"wp-block-image\"><figure class=\"aligncenter size-large\"><a href=\"https:\/\/kruczekrakanie.pl\/wp-content\/uploads\/2019\/11\/IMGP3295.jpg\" target=\"_blank\" rel=\"noopener noreferrer\"><img loading=\"lazy\" decoding=\"async\" width=\"1024\" height=\"681\" src=\"https:\/\/kruczekrakanie.pl\/wp-content\/uploads\/2019\/11\/IMGP3295-1024x681.jpg\" alt=\"\" class=\"wp-image-1525\" srcset=\"https:\/\/kruczekrakanie.pl\/wp-content\/uploads\/2019\/11\/IMGP3295-1024x681.jpg 1024w, https:\/\/kruczekrakanie.pl\/wp-content\/uploads\/2019\/11\/IMGP3295-300x200.jpg 300w, https:\/\/kruczekrakanie.pl\/wp-content\/uploads\/2019\/11\/IMGP3295-768x511.jpg 768w, https:\/\/kruczekrakanie.pl\/wp-content\/uploads\/2019\/11\/IMGP3295.jpg 1600w\" sizes=\"auto, (max-width: 767px) 89vw, (max-width: 1000px) 54vw, (max-width: 1071px) 543px, 580px\" \/><\/a><\/figure><\/div>\n\n\n\n<div class=\"wp-block-image\"><figure class=\"aligncenter size-large\"><a href=\"https:\/\/kruczekrakanie.pl\/wp-content\/uploads\/2019\/11\/IMGP3356.jpg\" target=\"_blank\" rel=\"noopener noreferrer\"><img loading=\"lazy\" decoding=\"async\" width=\"1024\" height=\"681\" src=\"https:\/\/kruczekrakanie.pl\/wp-content\/uploads\/2019\/11\/IMGP3356-1024x681.jpg\" alt=\"\" class=\"wp-image-1529\" srcset=\"https:\/\/kruczekrakanie.pl\/wp-content\/uploads\/2019\/11\/IMGP3356-1024x681.jpg 1024w, https:\/\/kruczekrakanie.pl\/wp-content\/uploads\/2019\/11\/IMGP3356-300x200.jpg 300w, https:\/\/kruczekrakanie.pl\/wp-content\/uploads\/2019\/11\/IMGP3356-768x511.jpg 768w, https:\/\/kruczekrakanie.pl\/wp-content\/uploads\/2019\/11\/IMGP3356.jpg 1600w\" sizes=\"auto, (max-width: 767px) 89vw, (max-width: 1000px) 54vw, (max-width: 1071px) 543px, 580px\" \/><\/a><\/figure><\/div>\n\n\n\n<p class=\"wp-block-paragraph\">A tak jezioro wygl\u0105da z jednej z pobliskich g\u00f3r<\/p>\n\n\n\n<div class=\"wp-block-image\"><figure class=\"aligncenter size-large\"><a href=\"https:\/\/kruczekrakanie.pl\/wp-content\/uploads\/2019\/11\/IMGP3340.jpg\" target=\"_blank\" rel=\"noopener noreferrer\"><img loading=\"lazy\" decoding=\"async\" width=\"1024\" height=\"681\" src=\"https:\/\/kruczekrakanie.pl\/wp-content\/uploads\/2019\/11\/IMGP3340-1024x681.jpg\" alt=\"\" class=\"wp-image-1528\" srcset=\"https:\/\/kruczekrakanie.pl\/wp-content\/uploads\/2019\/11\/IMGP3340-1024x681.jpg 1024w, https:\/\/kruczekrakanie.pl\/wp-content\/uploads\/2019\/11\/IMGP3340-300x200.jpg 300w, https:\/\/kruczekrakanie.pl\/wp-content\/uploads\/2019\/11\/IMGP3340-768x511.jpg 768w, https:\/\/kruczekrakanie.pl\/wp-content\/uploads\/2019\/11\/IMGP3340.jpg 1600w\" sizes=\"auto, (max-width: 767px) 89vw, (max-width: 1000px) 54vw, (max-width: 1071px) 543px, 580px\" \/><\/a><\/figure><\/div>\n\n\n\n<p class=\"wp-block-paragraph\">Odwiedzili\u015bmy te\u017c w\u0105w\u00f3z Vintgar &#8211; kilka kilometr\u00f3w spaceru wzd\u0142u\u017c potoku, po k\u0142adkach i mostkach.<\/p>\n\n\n\n<p class=\"wp-block-paragraph\">Drog\u0119 z Bled do Lublany wybrali\u015bmy dooko\u0142a pasma g\u00f3rskiego Triglav, przez prze\u0142\u0119cz Vrsic i dolin\u0119 rzeki Socza. Widoki super! <\/p>\n\n\n\n<div class=\"wp-block-image\"><figure class=\"aligncenter size-large\"><a href=\"https:\/\/kruczekrakanie.pl\/wp-content\/uploads\/2019\/11\/IMGP3464.jpg\" target=\"_blank\" rel=\"noopener noreferrer\"><img loading=\"lazy\" decoding=\"async\" width=\"1024\" height=\"681\" src=\"https:\/\/kruczekrakanie.pl\/wp-content\/uploads\/2019\/11\/IMGP3464-1024x681.jpg\" alt=\"\" class=\"wp-image-1533\" srcset=\"https:\/\/kruczekrakanie.pl\/wp-content\/uploads\/2019\/11\/IMGP3464-1024x681.jpg 1024w, https:\/\/kruczekrakanie.pl\/wp-content\/uploads\/2019\/11\/IMGP3464-300x200.jpg 300w, https:\/\/kruczekrakanie.pl\/wp-content\/uploads\/2019\/11\/IMGP3464-768x511.jpg 768w, https:\/\/kruczekrakanie.pl\/wp-content\/uploads\/2019\/11\/IMGP3464.jpg 1600w\" sizes=\"auto, (max-width: 767px) 89vw, (max-width: 1000px) 54vw, (max-width: 1071px) 543px, 580px\" \/><\/a><\/figure><\/div>\n\n\n\n<div class=\"wp-block-image\"><figure class=\"aligncenter size-large\"><a href=\"https:\/\/kruczekrakanie.pl\/wp-content\/uploads\/2019\/11\/IMGP3457.jpg\" target=\"_blank\" rel=\"noopener noreferrer\"><img loading=\"lazy\" decoding=\"async\" width=\"1024\" height=\"681\" src=\"https:\/\/kruczekrakanie.pl\/wp-content\/uploads\/2019\/11\/IMGP3457-1024x681.jpg\" alt=\"\" class=\"wp-image-1531\" srcset=\"https:\/\/kruczekrakanie.pl\/wp-content\/uploads\/2019\/11\/IMGP3457-1024x681.jpg 1024w, https:\/\/kruczekrakanie.pl\/wp-content\/uploads\/2019\/11\/IMGP3457-300x200.jpg 300w, https:\/\/kruczekrakanie.pl\/wp-content\/uploads\/2019\/11\/IMGP3457-768x511.jpg 768w, https:\/\/kruczekrakanie.pl\/wp-content\/uploads\/2019\/11\/IMGP3457.jpg 1600w\" sizes=\"auto, (max-width: 767px) 89vw, (max-width: 1000px) 54vw, (max-width: 1071px) 543px, 580px\" \/><\/a><\/figure><\/div>\n\n\n\n<p class=\"wp-block-paragraph\">Potem Lublana zwiedzana w nocy i w dzie\u0144.<\/p>\n\n\n\n<div class=\"wp-block-image\"><figure class=\"aligncenter size-large\"><img loading=\"lazy\" decoding=\"async\" width=\"1024\" height=\"681\" src=\"https:\/\/kruczekrakanie.pl\/wp-content\/uploads\/2019\/07\/IMGP3497-1024x681.jpg\" alt=\"\" class=\"wp-image-1330\" srcset=\"https:\/\/kruczekrakanie.pl\/wp-content\/uploads\/2019\/07\/IMGP3497-1024x681.jpg 1024w, https:\/\/kruczekrakanie.pl\/wp-content\/uploads\/2019\/07\/IMGP3497-300x200.jpg 300w, https:\/\/kruczekrakanie.pl\/wp-content\/uploads\/2019\/07\/IMGP3497-768x511.jpg 768w, https:\/\/kruczekrakanie.pl\/wp-content\/uploads\/2019\/07\/IMGP3497.jpg 1600w\" sizes=\"auto, (max-width: 767px) 89vw, (max-width: 1000px) 54vw, (max-width: 1071px) 543px, 580px\" \/><\/figure><\/div>\n\n\n\n<div class=\"wp-block-image\"><figure class=\"aligncenter size-large\"><img loading=\"lazy\" decoding=\"async\" width=\"1024\" height=\"681\" src=\"https:\/\/kruczekrakanie.pl\/wp-content\/uploads\/2019\/07\/IMGP3477-1024x681.jpg\" alt=\"\" class=\"wp-image-1327\" srcset=\"https:\/\/kruczekrakanie.pl\/wp-content\/uploads\/2019\/07\/IMGP3477-1024x681.jpg 1024w, https:\/\/kruczekrakanie.pl\/wp-content\/uploads\/2019\/07\/IMGP3477-300x200.jpg 300w, https:\/\/kruczekrakanie.pl\/wp-content\/uploads\/2019\/07\/IMGP3477-768x511.jpg 768w, https:\/\/kruczekrakanie.pl\/wp-content\/uploads\/2019\/07\/IMGP3477.jpg 1600w\" sizes=\"auto, (max-width: 767px) 89vw, (max-width: 1000px) 54vw, (max-width: 1071px) 543px, 580px\" \/><\/figure><\/div>\n\n\n\n<div class=\"wp-block-image\"><figure class=\"aligncenter size-large\"><img loading=\"lazy\" decoding=\"async\" width=\"1024\" height=\"681\" src=\"https:\/\/kruczekrakanie.pl\/wp-content\/uploads\/2019\/07\/IMGP3505-1024x681.jpg\" alt=\"\" class=\"wp-image-1333\" srcset=\"https:\/\/kruczekrakanie.pl\/wp-content\/uploads\/2019\/07\/IMGP3505-1024x681.jpg 1024w, https:\/\/kruczekrakanie.pl\/wp-content\/uploads\/2019\/07\/IMGP3505-300x200.jpg 300w, https:\/\/kruczekrakanie.pl\/wp-content\/uploads\/2019\/07\/IMGP3505-768x511.jpg 768w, https:\/\/kruczekrakanie.pl\/wp-content\/uploads\/2019\/07\/IMGP3505.jpg 1600w\" sizes=\"auto, (max-width: 767px) 89vw, (max-width: 1000px) 54vw, (max-width: 1071px) 543px, 580px\" \/><\/figure><\/div>\n\n\n\n<p class=\"wp-block-paragraph\">W lubla\u0144skim zamku wystawa prac cz\u0142owieka z niez\u0142\u0105 wyobra\u017ani\u0105 \ud83d\ude42<\/p>\n\n\n\n<div class=\"wp-block-image\"><figure class=\"aligncenter size-large\"><img loading=\"lazy\" decoding=\"async\" width=\"1024\" height=\"681\" src=\"https:\/\/kruczekrakanie.pl\/wp-content\/uploads\/2019\/07\/IMGP3521-1024x681.jpg\" alt=\"\" class=\"wp-image-1335\" srcset=\"https:\/\/kruczekrakanie.pl\/wp-content\/uploads\/2019\/07\/IMGP3521-1024x681.jpg 1024w, https:\/\/kruczekrakanie.pl\/wp-content\/uploads\/2019\/07\/IMGP3521-300x200.jpg 300w, https:\/\/kruczekrakanie.pl\/wp-content\/uploads\/2019\/07\/IMGP3521-768x511.jpg 768w, https:\/\/kruczekrakanie.pl\/wp-content\/uploads\/2019\/07\/IMGP3521.jpg 1600w\" sizes=\"auto, (max-width: 767px) 89vw, (max-width: 1000px) 54vw, (max-width: 1071px) 543px, 580px\" \/><\/figure><\/div>\n\n\n\n<div class=\"wp-block-image\"><figure class=\"aligncenter size-large\"><img loading=\"lazy\" decoding=\"async\" width=\"1024\" height=\"681\" src=\"https:\/\/kruczekrakanie.pl\/wp-content\/uploads\/2019\/07\/IMGP3523-1024x681.jpg\" alt=\"\" class=\"wp-image-1336\" srcset=\"https:\/\/kruczekrakanie.pl\/wp-content\/uploads\/2019\/07\/IMGP3523-1024x681.jpg 1024w, https:\/\/kruczekrakanie.pl\/wp-content\/uploads\/2019\/07\/IMGP3523-300x200.jpg 300w, https:\/\/kruczekrakanie.pl\/wp-content\/uploads\/2019\/07\/IMGP3523-768x511.jpg 768w, https:\/\/kruczekrakanie.pl\/wp-content\/uploads\/2019\/07\/IMGP3523.jpg 1600w\" sizes=\"auto, (max-width: 767px) 89vw, (max-width: 1000px) 54vw, (max-width: 1071px) 543px, 580px\" \/><\/figure><\/div>\n\n\n\n<p class=\"wp-block-paragraph\">Opuszczamy Lublan\u0119 i jedziemy w stron\u0119 s\u0142owe\u0144skich jaski\u0144. W Kri\u017cnej niespodzianka. P\u0142ywanie pontonem po podziemnym jeziorze, praktycznie w ciemno\u015bci&#8230; jest moc!<\/p>\n\n\n\n<div class=\"wp-block-image\"><figure class=\"aligncenter size-large\"><img loading=\"lazy\" decoding=\"async\" width=\"1024\" height=\"681\" src=\"https:\/\/kruczekrakanie.pl\/wp-content\/uploads\/2019\/07\/IMGP3540-1024x681.jpg\" alt=\"\" class=\"wp-image-1337\" srcset=\"https:\/\/kruczekrakanie.pl\/wp-content\/uploads\/2019\/07\/IMGP3540-1024x681.jpg 1024w, https:\/\/kruczekrakanie.pl\/wp-content\/uploads\/2019\/07\/IMGP3540-300x200.jpg 300w, https:\/\/kruczekrakanie.pl\/wp-content\/uploads\/2019\/07\/IMGP3540-768x511.jpg 768w, https:\/\/kruczekrakanie.pl\/wp-content\/uploads\/2019\/07\/IMGP3540.jpg 1600w\" sizes=\"auto, (max-width: 767px) 89vw, (max-width: 1000px) 54vw, (max-width: 1071px) 543px, 580px\" \/><\/figure><\/div>\n\n\n\n<p class=\"wp-block-paragraph\">Jaskinie Szkocja\u0144skie te\u017c robi\u0105 wra\u017cenie, szczeg\u00f3lnie swym ogromem. Czuli\u015bmy si\u0119 w nich jak w Morii z W\u0142adcy Pier\u015bcieni.<\/p>\n\n\n\n<div class=\"wp-block-image\"><figure class=\"aligncenter size-large\"><img loading=\"lazy\" decoding=\"async\" width=\"681\" height=\"1024\" src=\"https:\/\/kruczekrakanie.pl\/wp-content\/uploads\/2019\/11\/IMGP3579-681x1024.jpg\" alt=\"\" class=\"wp-image-1543\" srcset=\"https:\/\/kruczekrakanie.pl\/wp-content\/uploads\/2019\/11\/IMGP3579-681x1024.jpg 681w, https:\/\/kruczekrakanie.pl\/wp-content\/uploads\/2019\/11\/IMGP3579-200x300.jpg 200w, https:\/\/kruczekrakanie.pl\/wp-content\/uploads\/2019\/11\/IMGP3579-768x1155.jpg 768w, https:\/\/kruczekrakanie.pl\/wp-content\/uploads\/2019\/11\/IMGP3579.jpg 1064w\" sizes=\"auto, (max-width: 681px) 100vw, 681px\" \/><\/figure><\/div>\n\n\n\n<p class=\"wp-block-paragraph\">Ko\u0144c\u00f3wka pobytu w S\u0142owenii to jezioro Bohinj. <\/p>\n\n\n\n<div class=\"wp-block-image\"><figure class=\"aligncenter size-large\"><img loading=\"lazy\" decoding=\"async\" width=\"1024\" height=\"681\" src=\"https:\/\/kruczekrakanie.pl\/wp-content\/uploads\/2019\/11\/IMGP3627-1024x681.jpg\" alt=\"\" class=\"wp-image-1544\" srcset=\"https:\/\/kruczekrakanie.pl\/wp-content\/uploads\/2019\/11\/IMGP3627-1024x681.jpg 1024w, https:\/\/kruczekrakanie.pl\/wp-content\/uploads\/2019\/11\/IMGP3627-300x200.jpg 300w, https:\/\/kruczekrakanie.pl\/wp-content\/uploads\/2019\/11\/IMGP3627-768x511.jpg 768w, https:\/\/kruczekrakanie.pl\/wp-content\/uploads\/2019\/11\/IMGP3627.jpg 1600w\" sizes=\"auto, (max-width: 767px) 89vw, (max-width: 1000px) 54vw, (max-width: 1071px) 543px, 580px\" \/><\/figure><\/div>\n\n\n\n<p class=\"wp-block-paragraph\">A na deser wiede\u0144ski Prater. Przystanek po drodze do kraju. Mega hu\u015btawki i mega lody \ud83d\ude42<\/p>\n\n\n\n<div class=\"wp-block-image\"><figure class=\"aligncenter size-large\"><img loading=\"lazy\" decoding=\"async\" width=\"1024\" height=\"681\" src=\"https:\/\/kruczekrakanie.pl\/wp-content\/uploads\/2019\/07\/IMGP3684-1024x681.jpg\" alt=\"\" class=\"wp-image-1345\" srcset=\"https:\/\/kruczekrakanie.pl\/wp-content\/uploads\/2019\/07\/IMGP3684-1024x681.jpg 1024w, https:\/\/kruczekrakanie.pl\/wp-content\/uploads\/2019\/07\/IMGP3684-300x200.jpg 300w, https:\/\/kruczekrakanie.pl\/wp-content\/uploads\/2019\/07\/IMGP3684-768x511.jpg 768w, https:\/\/kruczekrakanie.pl\/wp-content\/uploads\/2019\/07\/IMGP3684.jpg 1600w\" sizes=\"auto, (max-width: 767px) 89vw, (max-width: 1000px) 54vw, (max-width: 1071px) 543px, 580px\" \/><\/figure><\/div>\n\n\n\n<div class=\"wp-block-image\"><figure class=\"aligncenter size-large\"><img loading=\"lazy\" decoding=\"async\" width=\"681\" height=\"1024\" src=\"https:\/\/kruczekrakanie.pl\/wp-content\/uploads\/2019\/07\/IMGP3708-681x1024.jpg\" alt=\"\" class=\"wp-image-1346\" srcset=\"https:\/\/kruczekrakanie.pl\/wp-content\/uploads\/2019\/07\/IMGP3708-681x1024.jpg 681w, https:\/\/kruczekrakanie.pl\/wp-content\/uploads\/2019\/07\/IMGP3708-200x300.jpg 200w, https:\/\/kruczekrakanie.pl\/wp-content\/uploads\/2019\/07\/IMGP3708-768x1155.jpg 768w, https:\/\/kruczekrakanie.pl\/wp-content\/uploads\/2019\/07\/IMGP3708.jpg 1064w\" sizes=\"auto, (max-width: 681px) 100vw, 681px\" \/><\/figure><\/div>\n\n\n\n<hr class=\"wp-block-separator\"\/>\n\n\n\n<p class=\"wp-block-paragraph\">Zdj\u0119cia z wyjazdu:<\/p>\n\n\n\n<ul class=\"wp-block-list\"><li><a rel=\"noreferrer noopener\" aria-label=\"Dzie\u0144 1 - Bled (opens in a new tab)\" href=\"https:\/\/photos.app.goo.gl\/Pven9CGBYpLRopjR7\" target=\"_blank\">Dzie\u0144 1 &#8211; Bled<\/a><\/li><li><a rel=\"noreferrer noopener\" aria-label=\"Dzie\u0144 2 - Bled (opens in a new tab)\" href=\"https:\/\/photos.app.goo.gl\/K1KrZLgGps28kUA39\" target=\"_blank\">Dzie\u0144 2 &#8211; dooko\u0142a jeziora Bled<\/a><\/li><li><a rel=\"noreferrer noopener\" aria-label=\"Dzie\u0144 3 - zamek w Bled, w\u0105w\u00f3z Vintgar (opens in a new tab)\" href=\"https:\/\/photos.app.goo.gl\/qqAP99UVyvrTDqKH9\" target=\"_blank\">Dzie\u0144 3 &#8211; zamek w Bled, w\u0105w\u00f3z Vintgar<\/a><\/li><li><a rel=\"noreferrer noopener\" aria-label=\"Dzie\u0144 4 - prze\u0142\u0119cz Vrsic, Lublana w nocy (opens in a new tab)\" href=\"https:\/\/photos.app.goo.gl\/wsm2SUnxRQ83Fnrd8\" target=\"_blank\">Dzie\u0144 4 &#8211; prze\u0142\u0119cz Vrsic, Lublana w nocy<\/a><\/li><li><a rel=\"noreferrer noopener\" aria-label=\"Dzie\u0144 5 - Lublana (opens in a new tab)\" href=\"https:\/\/photos.app.goo.gl\/P91NwgNkLvCzCj6t9\" target=\"_blank\">Dzie\u0144 5 &#8211; Lublana<\/a><\/li><li><a rel=\"noreferrer noopener\" aria-label=\"Dzie\u0144 6 - jaskinia Krizna (opens in a new tab)\" href=\"https:\/\/photos.app.goo.gl\/mMnVjh6ryLUANUYWA\" target=\"_blank\">Dzie\u0144 6 &#8211; jaskinia Krizna<\/a><\/li><li><a rel=\"noreferrer noopener\" aria-label=\"Dzie\u0144 7 - jaskinie Szkocja\u0144skie (opens in a new tab)\" href=\"https:\/\/photos.app.goo.gl\/kP3W6v4gYP4BEr299\" target=\"_blank\">Dzie\u0144 7 &#8211; jaskinie Szkocja\u0144skie<\/a><\/li><li><a rel=\"noreferrer noopener\" aria-label=\"Dzie\u0144 8 - jezioro Bohinij (opens in a new tab)\" href=\"https:\/\/photos.app.goo.gl\/kfc6uAr54Y48wAUaA\" target=\"_blank\">Dzie\u0144 8 &#8211; jezioro Bohinjsko<\/a><\/li><li><a rel=\"noreferrer noopener\" aria-label=\"Dzie\u0144 9 - Wiede\u0144 Prater (opens in a new tab)\" href=\"https:\/\/photos.app.goo.gl\/e8718bGyx5ifDE2X9\" target=\"_blank\">Dzie\u0144 9 &#8211; Wiede\u0144 Prater<\/a><\/li><li><a href=\"https:\/\/photos.app.goo.gl\/ZFjew1noaoioBYDh8\" target=\"_blank\" rel=\"noreferrer noopener\" aria-label=\"Zdj\u0119cia Ireny (opens in a new tab)\">Zdj\u0119cia Ireny<\/a><\/li><\/ul>\n\n\n\n<hr class=\"wp-block-separator\"\/>\n\n\n\n<p class=\"wp-block-paragraph\">Wspominki<\/p>\n\n\n\n<p class=\"wp-block-paragraph\"> <ul class=\"display-posts-listing\"><li class=\"listing-item\"><a class=\"title\" href=\"https:\/\/kruczekrakanie.pl\/index.php\/2019\/07\/12\/slowenia-zdjecia-ireny\/\">S\u0142owenia &#8211; zdj\u0119cia Ireny<\/a> <span class=\"date\">(7\/12\/2019)<\/span><\/li><li class=\"listing-item\"><a class=\"title\" href=\"https:\/\/kruczekrakanie.pl\/index.php\/2019\/07\/11\/slowenia-juz-za-nami\/\">S\u0142owenia ju\u017c za nami &#8211; przejechana trasa<\/a> <span class=\"date\">(7\/11\/2019)<\/span><\/li><\/ul> <\/p>\n","protected":false},"excerpt":{"rendered":"<p>Dwa tygodnie urlopu, wi\u0119c by\u0142 czas co\u015b porobi\u0107. W poprzednie wakacje by\u0142a Norwegia, tym razem jedziemy na po\u0142udnie. Pad\u0142o na S\u0142oweni\u0119. Byli\u015bmy tam kilkukrotnie, ale zawsze tylko przejazdem. A warto tam zosta\u0107 na d\u0142u\u017cej. Po drodze, gdzie\u015b na czeskiej autostradzie, dopad\u0142a nas pot\u0119\u017cna burza. Wiatr nawiewa\u0142 na drog\u0119 ga\u0142\u0119zie, li\u015bcie i \u015bmieci, \u0142ama\u0142 te\u017c drzewa. &hellip; <\/p>\n<p class=\"link-more\"><a href=\"https:\/\/kruczekrakanie.pl\/index.php\/2019\/07\/11\/slowenia-juz-za-nami\/\" class=\"more-link\">Czytaj dalej<span class=\"screen-reader-text\"> \u201eS\u0142owenia ju\u017c za nami &#8211; przejechana trasa\u201d<\/span><\/a><\/p>\n","protected":false},"author":2,"featured_media":1527,"parent":101,"menu_order":0,"comment_status":"closed","ping_status":"closed","template":"","meta":{"_crdt_document":"","ngg_post_thumbnail":0,"footnotes":""},"class_list":["post-1302","page","type-page","status-publish","has-post-thumbnail","hentry"],"_links":{"self":[{"href":"https:\/\/kruczekrakanie.pl\/index.php\/wp-json\/wp\/v2\/pages\/1302","targetHints":{"allow":["GET"]}}],"collection":[{"href":"https:\/\/kruczekrakanie.pl\/index.php\/wp-json\/wp\/v2\/pages"}],"about":[{"href":"https:\/\/kruczekrakanie.pl\/index.php\/wp-json\/wp\/v2\/types\/page"}],"author":[{"embeddable":true,"href":"https:\/\/kruczekrakanie.pl\/index.php\/wp-json\/wp\/v2\/users\/2"}],"replies":[{"embeddable":true,"href":"https:\/\/kruczekrakanie.pl\/index.php\/wp-json\/wp\/v2\/comments?post=1302"}],"version-history":[{"count":6,"href":"https:\/\/kruczekrakanie.pl\/index.php\/wp-json\/wp\/v2\/pages\/1302\/revisions"}],"predecessor-version":[{"id":1552,"href":"https:\/\/kruczekrakanie.pl\/index.php\/wp-json\/wp\/v2\/pages\/1302\/revisions\/1552"}],"up":[{"embeddable":true,"href":"https:\/\/kruczekrakanie.pl\/index.php\/wp-json\/wp\/v2\/pages\/101"}],"wp:featuredmedia":[{"embeddable":true,"href":"https:\/\/kruczekrakanie.pl\/index.php\/wp-json\/wp\/v2\/media\/1527"}],"wp:attachment":[{"href":"https:\/\/kruczekrakanie.pl\/index.php\/wp-json\/wp\/v2\/media?parent=1302"}],"curies":[{"name":"wp","href":"https:\/\/api.w.org\/{rel}","templated":true}]}}