{"id":130,"date":"2018-09-23T20:03:39","date_gmt":"2018-09-23T20:03:39","guid":{"rendered":"http:\/\/kruczekrakanie.pl\/?page_id=130"},"modified":"2019-04-14T09:13:35","modified_gmt":"2019-04-14T09:13:35","slug":"londyn-2018","status":"publish","type":"page","link":"https:\/\/kruczekrakanie.pl\/index.php\/wycieczki\/londyn-2018\/","title":{"rendered":"Londyn 2018"},"content":{"rendered":"\n<p class=\"wp-block-paragraph\">Chor\u0105giewka w planach czeka\u0142a d\u0142ugo. Wreszcie, w styczniu 2018, jedziemy!<\/p>\n\n\n\n<hr class=\"wp-block-separator\"\/>\n\n\n\n<p class=\"wp-block-paragraph\">Dzie\u0144 pierwszy<\/p>\n\n\n\n<div class=\"wp-block-image\"><figure class=\"aligncenter\"><a href=\"https:\/\/photos.app.goo.gl\/CXEDCsVtpR1NKe6fA\"><img loading=\"lazy\" decoding=\"async\" width=\"1024\" height=\"681\" src=\"https:\/\/kruczekrakanie.pl\/wp-content\/uploads\/2018\/09\/IMGP8845-1024x681.jpg\" alt=\"\" class=\"wp-image-131\" srcset=\"https:\/\/kruczekrakanie.pl\/wp-content\/uploads\/2018\/09\/IMGP8845-1024x681.jpg 1024w, https:\/\/kruczekrakanie.pl\/wp-content\/uploads\/2018\/09\/IMGP8845-300x199.jpg 300w, https:\/\/kruczekrakanie.pl\/wp-content\/uploads\/2018\/09\/IMGP8845-768x511.jpg 768w\" sizes=\"auto, (max-width: 767px) 89vw, (max-width: 1000px) 54vw, (max-width: 1071px) 543px, 580px\" \/><\/a><\/figure><\/div>\n\n\n\n<hr class=\"wp-block-separator\"\/>\n\n\n\n<p class=\"wp-block-paragraph\">Drugi pod znakiem British Museum<\/p>\n\n\n\n<div class=\"wp-block-image\"><figure class=\"aligncenter\"><a href=\"https:\/\/photos.app.goo.gl\/XDssHbbg19xxhVet6\"><img loading=\"lazy\" decoding=\"async\" width=\"1024\" height=\"682\" src=\"https:\/\/kruczekrakanie.pl\/wp-content\/uploads\/2018\/09\/DSCF5507-1024x682.jpg\" alt=\"\" class=\"wp-image-132\" srcset=\"https:\/\/kruczekrakanie.pl\/wp-content\/uploads\/2018\/09\/DSCF5507-1024x682.jpg 1024w, https:\/\/kruczekrakanie.pl\/wp-content\/uploads\/2018\/09\/DSCF5507-300x200.jpg 300w, https:\/\/kruczekrakanie.pl\/wp-content\/uploads\/2018\/09\/DSCF5507-768x512.jpg 768w, https:\/\/kruczekrakanie.pl\/wp-content\/uploads\/2018\/09\/DSCF5507.jpg 2048w\" sizes=\"auto, (max-width: 767px) 89vw, (max-width: 1000px) 54vw, (max-width: 1071px) 543px, 580px\" \/><\/a><\/figure><\/div>\n\n\n\n<hr class=\"wp-block-separator\"\/>\n\n\n\n<p class=\"wp-block-paragraph\">Trzeci dzie\u0144 to wycieczka do studio filmowego, gdzie kr\u0119cono film Harry Potter. Magia ekranu mo\u017cliwa do dotkni\u0119cia go\u0142\u0105 r\u0119k\u0105:<\/p>\n\n\n\n<div class=\"wp-block-image\"><figure class=\"aligncenter\"><a href=\"https:\/\/photos.app.goo.gl\/xZXgQFa89FfeMU2AA\"><img loading=\"lazy\" decoding=\"async\" width=\"1024\" height=\"683\" src=\"https:\/\/kruczekrakanie.pl\/wp-content\/uploads\/2018\/09\/2f5u0yns80rts89l0h4fv7jixauvzrnfykkb6ixmkdwgmllpby-1024x683.jpg\" alt=\"\" class=\"wp-image-133\" srcset=\"https:\/\/kruczekrakanie.pl\/wp-content\/uploads\/2018\/09\/2f5u0yns80rts89l0h4fv7jixauvzrnfykkb6ixmkdwgmllpby-1024x683.jpg 1024w, https:\/\/kruczekrakanie.pl\/wp-content\/uploads\/2018\/09\/2f5u0yns80rts89l0h4fv7jixauvzrnfykkb6ixmkdwgmllpby-300x200.jpg 300w, https:\/\/kruczekrakanie.pl\/wp-content\/uploads\/2018\/09\/2f5u0yns80rts89l0h4fv7jixauvzrnfykkb6ixmkdwgmllpby-768x512.jpg 768w\" sizes=\"auto, (max-width: 767px) 89vw, (max-width: 1000px) 54vw, (max-width: 1071px) 543px, 580px\" \/><\/a><\/figure><\/div>\n\n\n\n<p class=\"wp-block-paragraph\">Niekt\u00f3rzy to nawet naprawd\u0119 (no, prawie) na miotle latali<\/p>\n\n\n\n<figure class=\"wp-block-embed-youtube aligncenter wp-block-embed is-type-video is-provider-youtube wp-has-aspect-ratio wp-embed-aspect-16-9\"><div class=\"wp-block-embed__wrapper\">\n<iframe loading=\"lazy\" title=\"Olga na miotle\" width=\"525\" height=\"295\" src=\"https:\/\/www.youtube.com\/embed\/4Ftn3DtnkSs?feature=oembed\" frameborder=\"0\" allow=\"accelerometer; autoplay; clipboard-write; encrypted-media; gyroscope; picture-in-picture; web-share\" referrerpolicy=\"strict-origin-when-cross-origin\" allowfullscreen><\/iframe>\n<\/div><\/figure>\n\n\n\n<hr class=\"wp-block-separator\"\/>\n\n\n\n<p class=\"wp-block-paragraph\">Dzie\u0144 czwarty to Twierdza Tower oraz inne muzea<\/p>\n\n\n\n<div class=\"wp-block-image\"><figure class=\"aligncenter\"><a href=\"https:\/\/photos.app.goo.gl\/BJbc37FHVokmtDLz6\"><img loading=\"lazy\" decoding=\"async\" width=\"1024\" height=\"681\" src=\"https:\/\/kruczekrakanie.pl\/wp-content\/uploads\/2018\/09\/IMGP9127-1024x681.jpg\" alt=\"\" class=\"wp-image-135\" srcset=\"https:\/\/kruczekrakanie.pl\/wp-content\/uploads\/2018\/09\/IMGP9127-1024x681.jpg 1024w, https:\/\/kruczekrakanie.pl\/wp-content\/uploads\/2018\/09\/IMGP9127-300x199.jpg 300w, https:\/\/kruczekrakanie.pl\/wp-content\/uploads\/2018\/09\/IMGP9127-768x511.jpg 768w\" sizes=\"auto, (max-width: 767px) 89vw, (max-width: 1000px) 54vw, (max-width: 1071px) 543px, 580px\" \/><\/a><\/figure><\/div>\n\n\n\n<hr class=\"wp-block-separator\"\/>\n\n\n\n<p class=\"wp-block-paragraph\">\n\nCi\u0105g dalszy &#8211; Sky Garden, spacer, Muzeum Historii Naturalnej\n\n<\/p>\n\n\n\n<div class=\"wp-block-image\"><figure class=\"aligncenter\"><a href=\"https:\/\/photos.app.goo.gl\/ssobzsksp26qdsAk9\"><img loading=\"lazy\" decoding=\"async\" width=\"1024\" height=\"681\" src=\"https:\/\/kruczekrakanie.pl\/wp-content\/uploads\/2018\/09\/IMGP9189-1024x681.jpg\" alt=\"\" class=\"wp-image-139\" srcset=\"https:\/\/kruczekrakanie.pl\/wp-content\/uploads\/2018\/09\/IMGP9189-1024x681.jpg 1024w, https:\/\/kruczekrakanie.pl\/wp-content\/uploads\/2018\/09\/IMGP9189-300x199.jpg 300w, https:\/\/kruczekrakanie.pl\/wp-content\/uploads\/2018\/09\/IMGP9189-768x511.jpg 768w\" sizes=\"auto, (max-width: 767px) 89vw, (max-width: 1000px) 54vw, (max-width: 1071px) 543px, 580px\" \/><\/a><\/figure><\/div>\n\n\n\n<hr class=\"wp-block-separator\"\/>\n\n\n\n<p class=\"wp-block-paragraph\">Ci\u0105g dalszy spacer\u00f3w po Londynie<\/p>\n\n\n\n<div class=\"wp-block-image\"><figure class=\"aligncenter\"><a href=\"https:\/\/photos.app.goo.gl\/BNgPwr1DHiUAUeHZ8\"><img loading=\"lazy\" decoding=\"async\" width=\"1024\" height=\"681\" src=\"https:\/\/kruczekrakanie.pl\/wp-content\/uploads\/2018\/09\/IMGP9266-1024x681.jpg\" alt=\"\" class=\"wp-image-141\" srcset=\"https:\/\/kruczekrakanie.pl\/wp-content\/uploads\/2018\/09\/IMGP9266-1024x681.jpg 1024w, https:\/\/kruczekrakanie.pl\/wp-content\/uploads\/2018\/09\/IMGP9266-300x199.jpg 300w, https:\/\/kruczekrakanie.pl\/wp-content\/uploads\/2018\/09\/IMGP9266-768x511.jpg 768w\" sizes=\"auto, (max-width: 767px) 89vw, (max-width: 1000px) 54vw, (max-width: 1071px) 543px, 580px\" \/><\/a><\/figure><\/div>\n\n\n\n<hr class=\"wp-block-separator\"\/>\n\n\n\n<p class=\"wp-block-paragraph\">Ostatni dzie\u0144, nie licz\u0105c powrotu, to Greenwich. A tam Muzeum Cutty Sark, obserwatorium astronomiczne i po\u0142udnik 0 oraz kapitalny widok na Londyn<\/p>\n\n\n\n<div class=\"wp-block-image\"><figure class=\"aligncenter\"><a href=\"https:\/\/photos.app.goo.gl\/j5kdbiXLmmDS6xr77\"><img loading=\"lazy\" decoding=\"async\" width=\"1024\" height=\"681\" src=\"https:\/\/kruczekrakanie.pl\/wp-content\/uploads\/2018\/09\/IMGP9355-1024x681.jpg\" alt=\"\" class=\"wp-image-146\" srcset=\"https:\/\/kruczekrakanie.pl\/wp-content\/uploads\/2018\/09\/IMGP9355-1024x681.jpg 1024w, https:\/\/kruczekrakanie.pl\/wp-content\/uploads\/2018\/09\/IMGP9355-300x199.jpg 300w, https:\/\/kruczekrakanie.pl\/wp-content\/uploads\/2018\/09\/IMGP9355-768x511.jpg 768w\" sizes=\"auto, (max-width: 767px) 89vw, (max-width: 1000px) 54vw, (max-width: 1071px) 543px, 580px\" \/><\/a><\/figure><\/div>\n\n\n\n<hr class=\"wp-block-separator\"\/>\n\n\n\n<p class=\"wp-block-paragraph\">I jeszcze zdj\u0119cia z aparatu Ireny<\/p>\n\n\n\n<div class=\"wp-block-image\"><figure class=\"aligncenter\"><a href=\"https:\/\/photos.app.goo.gl\/XDssHbbg19xxhVet6\"><img loading=\"lazy\" decoding=\"async\" width=\"1024\" height=\"682\" src=\"https:\/\/kruczekrakanie.pl\/wp-content\/uploads\/2018\/09\/DSCF5606-1024x682.jpg\" alt=\"\" class=\"wp-image-147\" srcset=\"https:\/\/kruczekrakanie.pl\/wp-content\/uploads\/2018\/09\/DSCF5606-1024x682.jpg 1024w, https:\/\/kruczekrakanie.pl\/wp-content\/uploads\/2018\/09\/DSCF5606-300x200.jpg 300w, https:\/\/kruczekrakanie.pl\/wp-content\/uploads\/2018\/09\/DSCF5606-768x512.jpg 768w, https:\/\/kruczekrakanie.pl\/wp-content\/uploads\/2018\/09\/DSCF5606.jpg 2048w\" sizes=\"auto, (max-width: 767px) 89vw, (max-width: 1000px) 54vw, (max-width: 1071px) 543px, 580px\" \/><\/a><\/figure><\/div>\n\n\n\n<hr class=\"wp-block-separator\"\/>\n\n\n\n<p class=\"wp-block-paragraph\">Albumy zdj\u0119\u0107 z wyjazdu<\/p>\n\n\n\n<ul class=\"wp-block-list\"><li><a href=\"https:\/\/photos.app.goo.gl\/CXEDCsVtpR1NKe6fA\" target=\"_blank\" rel=\"noopener noreferrer\">Dzie\u0144 1&nbsp; &#8211; nocny spacer<\/a><\/li><li><a href=\"https:\/\/photos.app.goo.gl\/X7BzUAH3hTYSUUC88\" target=\"_blank\" rel=\"noopener noreferrer\">Dzie\u0144 2 &#8211; British Museum<\/a><\/li><li><a href=\"https:\/\/photos.app.goo.gl\/xZXgQFa89FfeMU2AA\" target=\"_blank\" rel=\"noopener noreferrer\">Dzie\u0144 3 &#8211; studio filmowe Harrego Pottera<\/a><\/li><li><a href=\"https:\/\/photos.app.goo.gl\/BJbc37FHVokmtDLz6\" target=\"_blank\" rel=\"noopener noreferrer\">Dzie\u0144 4 &#8211; Tower i okolice<\/a><\/li><li><a href=\"https:\/\/photos.app.goo.gl\/ssobzsksp26qdsAk9\" target=\"_blank\" rel=\"noopener noreferrer\">Dzie\u0144 5 &#8211; Sky Garden i muzea<\/a><\/li><li><a href=\"https:\/\/photos.app.goo.gl\/BNgPwr1DHiUAUeHZ8\" target=\"_blank\" rel=\"noopener noreferrer\">Dzie\u0144 6 &#8211; zwiedzamy miasto<\/a><\/li><li><a href=\"https:\/\/photos.app.goo.gl\/j5kdbiXLmmDS6xr77\" target=\"_blank\" rel=\"noopener noreferrer\">Dzie\u0144 7 &#8211; Grenwich<\/a><\/li><li><a href=\"https:\/\/photos.app.goo.gl\/XDssHbbg19xxhVet6\" target=\"_blank\" rel=\"noopener noreferrer\">Zdj\u0119cia Ireny<\/a><br><\/li><\/ul>\n\n\n\n<hr class=\"wp-block-separator\"\/>\n\n\n\n<p class=\"wp-block-paragraph\">Wspominki<\/p>\n\n\n\n<p class=\"wp-block-paragraph\"><ul class=\"display-posts-listing\"><li class=\"listing-item\"><a class=\"title\" href=\"https:\/\/kruczekrakanie.pl\/index.php\/2018\/01\/22\/olga-lata-na-miotle\/\">Olga lata na miotle<\/a><\/li><\/ul><\/p>\n","protected":false},"excerpt":{"rendered":"<p>Chor\u0105giewka w planach czeka\u0142a d\u0142ugo. Wreszcie, w styczniu 2018, jedziemy! Dzie\u0144 pierwszy Drugi pod znakiem British Museum Trzeci dzie\u0144 to wycieczka do studio filmowego, gdzie kr\u0119cono film Harry Potter. Magia ekranu mo\u017cliwa do dotkni\u0119cia go\u0142\u0105 r\u0119k\u0105: Niekt\u00f3rzy to nawet naprawd\u0119 (no, prawie) na miotle latali Dzie\u0144 czwarty to Twierdza Tower oraz inne muzea Ci\u0105g dalszy &hellip; <\/p>\n<p class=\"link-more\"><a href=\"https:\/\/kruczekrakanie.pl\/index.php\/2018\/01\/22\/olga-lata-na-miotle\/\" class=\"more-link\">Czytaj dalej<span class=\"screen-reader-text\"> \u201eOlga lata na miotle\u201d<\/span><\/a><\/p>\n","protected":false},"author":2,"featured_media":1007,"parent":101,"menu_order":0,"comment_status":"closed","ping_status":"closed","template":"","meta":{"_crdt_document":"","ngg_post_thumbnail":0,"footnotes":""},"class_list":["post-130","page","type-page","status-publish","has-post-thumbnail","hentry"],"_links":{"self":[{"href":"https:\/\/kruczekrakanie.pl\/index.php\/wp-json\/wp\/v2\/pages\/130","targetHints":{"allow":["GET"]}}],"collection":[{"href":"https:\/\/kruczekrakanie.pl\/index.php\/wp-json\/wp\/v2\/pages"}],"about":[{"href":"https:\/\/kruczekrakanie.pl\/index.php\/wp-json\/wp\/v2\/types\/page"}],"author":[{"embeddable":true,"href":"https:\/\/kruczekrakanie.pl\/index.php\/wp-json\/wp\/v2\/users\/2"}],"replies":[{"embeddable":true,"href":"https:\/\/kruczekrakanie.pl\/index.php\/wp-json\/wp\/v2\/comments?post=130"}],"version-history":[{"count":17,"href":"https:\/\/kruczekrakanie.pl\/index.php\/wp-json\/wp\/v2\/pages\/130\/revisions"}],"predecessor-version":[{"id":1204,"href":"https:\/\/kruczekrakanie.pl\/index.php\/wp-json\/wp\/v2\/pages\/130\/revisions\/1204"}],"up":[{"embeddable":true,"href":"https:\/\/kruczekrakanie.pl\/index.php\/wp-json\/wp\/v2\/pages\/101"}],"wp:featuredmedia":[{"embeddable":true,"href":"https:\/\/kruczekrakanie.pl\/index.php\/wp-json\/wp\/v2\/media\/1007"}],"wp:attachment":[{"href":"https:\/\/kruczekrakanie.pl\/index.php\/wp-json\/wp\/v2\/media?parent=130"}],"curies":[{"name":"wp","href":"https:\/\/api.w.org\/{rel}","templated":true}]}}