{"id":129,"date":"2018-10-03T18:31:11","date_gmt":"2018-10-03T18:31:11","guid":{"rendered":"http:\/\/kruczekrakanie.pl\/?page_id=129"},"modified":"2018-11-17T19:43:38","modified_gmt":"2018-11-17T19:43:38","slug":"4x4","status":"publish","type":"page","link":"https:\/\/kruczekrakanie.pl\/index.php\/4x4\/","title":{"rendered":"4&#215;4"},"content":{"rendered":"\n<p class=\"wp-block-paragraph\">Troch\u0119 czasu sp\u0119dzam w Land Roverze Discovery II. Nawet czasem uda si\u0119 nam\u00f3wi\u0107 Iren\u0119 i Olg\u0119.<\/p>\n\n\n\n<p class=\"wp-block-paragraph\">Poni\u017cej wspominki z wyjazd\u00f3w i imprez 4&#215;4.<\/p>\n\n\n\n<hr class=\"wp-block-separator\"\/>\n\n\n\n<p class=\"wp-block-paragraph\"><ul class=\"display-posts-listing\"><li class=\"listing-item\"><a class=\"title\" href=\"https:\/\/kruczekrakanie.pl\/index.php\/2026\/04\/12\/classic-w-rumunii\/\">Classic w Rumunii<\/a> <span class=\"date\">2026\/04\/12<\/span><\/li><li class=\"listing-item\"><a class=\"title\" href=\"https:\/\/kruczekrakanie.pl\/index.php\/2026\/03\/15\/off-2026-03-15\/\">Off 2026.03.15<\/a> <span class=\"date\">2026\/03\/15<\/span><\/li><li class=\"listing-item\"><a class=\"title\" href=\"https:\/\/kruczekrakanie.pl\/index.php\/2025\/12\/27\/range-rover-classic-w-rumunskiej-glinie\/\">Range Rover Classic w rumu\u0144skiej glinie<\/a> <span class=\"date\">2025\/12\/27<\/span><\/li><li class=\"listing-item\"><a class=\"title\" href=\"https:\/\/kruczekrakanie.pl\/index.php\/2025\/12\/26\/film-z-estonii\/\">Film z Estonii<\/a> <span class=\"date\">2025\/12\/26<\/span><\/li><li class=\"listing-item\"><a class=\"title\" href=\"https:\/\/kruczekrakanie.pl\/index.php\/2025\/10\/04\/maramuresz-classic-2025\/\">Maramuresz Classic 2025<\/a> <span class=\"date\">2025\/10\/04<\/span><\/li><li class=\"listing-item\"><a class=\"title\" href=\"https:\/\/kruczekrakanie.pl\/index.php\/2025\/09\/14\/rumunia-2025-trasa\/\">Rumunia 2025 &#8211; trasa<\/a> <span class=\"date\">2025\/09\/14<\/span><\/li><li class=\"listing-item\"><a class=\"title\" href=\"https:\/\/kruczekrakanie.pl\/index.php\/2025\/09\/12\/rumunia-2025-zdjecia\/\">Rumunia 2025 &#8211; zdj\u0119cia<\/a> <span class=\"date\">2025\/09\/12<\/span><\/li><li class=\"listing-item\"><a class=\"title\" href=\"https:\/\/kruczekrakanie.pl\/index.php\/2025\/09\/10\/range-adventure-2025-the-movie\/\">Range Adventure 2025 the movie<\/a> <span class=\"date\">2025\/09\/10<\/span><\/li><li class=\"listing-item\"><a class=\"title\" href=\"https:\/\/kruczekrakanie.pl\/index.php\/2025\/09\/06\/range-adventure-2025\/\">Range Adventure 2025<\/a> <span class=\"date\">2025\/09\/06<\/span><\/li><li class=\"listing-item\"><a class=\"title\" href=\"https:\/\/kruczekrakanie.pl\/index.php\/2025\/08\/13\/wawozy-kolo-kazimierza-dolnego\/\">W\u0105wozy ko\u0142o Kazimierza Dolnego<\/a> <span class=\"date\">2025\/08\/13<\/span><\/li><\/ul><\/p>\n\n\n\n<hr class=\"wp-block-separator\"\/>\n\n\n\n<p class=\"wp-block-paragraph\">Te wi\u0119ksze, czy dalsze, wyjazdy opisane s\u0105 osobno. Trzeba wybra\u0107 z menu \ud83d\ude42<\/p>\n","protected":false},"excerpt":{"rendered":"<p>Troch\u0119 czasu sp\u0119dzam w Land Roverze Discovery II. Nawet czasem uda si\u0119 nam\u00f3wi\u0107 Iren\u0119 i Olg\u0119. Poni\u017cej wspominki z wyjazd\u00f3w i imprez 4&#215;4. Te wi\u0119ksze, czy dalsze, wyjazdy opisane s\u0105 osobno. Trzeba wybra\u0107 z menu \ud83d\ude42<\/p>\n","protected":false},"author":2,"featured_media":927,"parent":0,"menu_order":0,"comment_status":"closed","ping_status":"closed","template":"","meta":{"_crdt_document":"","ngg_post_thumbnail":0,"footnotes":""},"class_list":["post-129","page","type-page","status-publish","has-post-thumbnail","hentry"],"_links":{"self":[{"href":"https:\/\/kruczekrakanie.pl\/index.php\/wp-json\/wp\/v2\/pages\/129","targetHints":{"allow":["GET"]}}],"collection":[{"href":"https:\/\/kruczekrakanie.pl\/index.php\/wp-json\/wp\/v2\/pages"}],"about":[{"href":"https:\/\/kruczekrakanie.pl\/index.php\/wp-json\/wp\/v2\/types\/page"}],"author":[{"embeddable":true,"href":"https:\/\/kruczekrakanie.pl\/index.php\/wp-json\/wp\/v2\/users\/2"}],"replies":[{"embeddable":true,"href":"https:\/\/kruczekrakanie.pl\/index.php\/wp-json\/wp\/v2\/comments?post=129"}],"version-history":[{"count":25,"href":"https:\/\/kruczekrakanie.pl\/index.php\/wp-json\/wp\/v2\/pages\/129\/revisions"}],"predecessor-version":[{"id":930,"href":"https:\/\/kruczekrakanie.pl\/index.php\/wp-json\/wp\/v2\/pages\/129\/revisions\/930"}],"wp:featuredmedia":[{"embeddable":true,"href":"https:\/\/kruczekrakanie.pl\/index.php\/wp-json\/wp\/v2\/media\/927"}],"wp:attachment":[{"href":"https:\/\/kruczekrakanie.pl\/index.php\/wp-json\/wp\/v2\/media?parent=129"}],"curies":[{"name":"wp","href":"https:\/\/api.w.org\/{rel}","templated":true}]}}