{"id":1279,"date":"2019-06-30T07:52:03","date_gmt":"2019-06-30T07:52:03","guid":{"rendered":"http:\/\/kruczekrakanie.pl\/?page_id=1279"},"modified":"2019-06-30T07:57:55","modified_gmt":"2019-06-30T07:57:55","slug":"ukraina-2019","status":"publish","type":"page","link":"https:\/\/kruczekrakanie.pl\/index.php\/4x4\/ukraina-2019\/","title":{"rendered":"Ukraina 2019"},"content":{"rendered":"\n<p class=\"wp-block-paragraph\">Pocz\u0105tek lata i kurs na ukrai\u0144skie Karpaty. <\/p>\n\n\n\n<p class=\"wp-block-paragraph\">Start z Warszawy, potem Firlej i pr\u00f3ba diagnozy dlaczego s\u0105 problemy z przycinaniem si\u0119 kierownicy. Niestety, tego nie uda\u0142o si\u0119 rozwik\u0142a\u0107. Zem\u015bci\u0142o si\u0119 to na Ukrainie.<\/p>\n\n\n\n<p class=\"wp-block-paragraph\">Spotkanie z reszt\u0105 ekipy w Kro\u015bcienku. Jako, \u017ce mia\u0142em du\u017co czasu zajrza\u0142em na zapor\u0119 w Solinie.<\/p>\n\n\n\n<div class=\"wp-block-image\"><figure class=\"aligncenter\"><img loading=\"lazy\" decoding=\"async\" width=\"1024\" height=\"681\" src=\"https:\/\/kruczekrakanie.pl\/wp-content\/uploads\/2019\/06\/IMGP3181-1024x681.jpg\" alt=\"\" class=\"wp-image-1280\" srcset=\"https:\/\/kruczekrakanie.pl\/wp-content\/uploads\/2019\/06\/IMGP3181-1024x681.jpg 1024w, https:\/\/kruczekrakanie.pl\/wp-content\/uploads\/2019\/06\/IMGP3181-300x200.jpg 300w, https:\/\/kruczekrakanie.pl\/wp-content\/uploads\/2019\/06\/IMGP3181-768x511.jpg 768w, https:\/\/kruczekrakanie.pl\/wp-content\/uploads\/2019\/06\/IMGP3181.jpg 1600w\" sizes=\"auto, (max-width: 767px) 89vw, (max-width: 1000px) 54vw, (max-width: 1071px) 543px, 580px\" \/><\/figure><\/div>\n\n\n\n<p class=\"wp-block-paragraph\">Poogl\u0105da\u0142em te\u017c sobie je\u017ce. Rodzina je\u017cy w akcji mo\u017ce dostarczy\u0107 rozrywki na d\u0142ugi czas. Du\u017cy je\u017c tocz\u0105cy ma\u0142ego je\u017ca w kierunku kryj\u00f3wki&#8230; \ud83d\ude00<\/p>\n\n\n\n<div class=\"wp-block-image\"><figure class=\"aligncenter\"><img loading=\"lazy\" decoding=\"async\" width=\"1024\" height=\"681\" src=\"https:\/\/kruczekrakanie.pl\/wp-content\/uploads\/2019\/06\/IMGP3193-1-1024x681.jpg\" alt=\"\" class=\"wp-image-1281\" srcset=\"https:\/\/kruczekrakanie.pl\/wp-content\/uploads\/2019\/06\/IMGP3193-1-1024x681.jpg 1024w, https:\/\/kruczekrakanie.pl\/wp-content\/uploads\/2019\/06\/IMGP3193-1-300x200.jpg 300w, https:\/\/kruczekrakanie.pl\/wp-content\/uploads\/2019\/06\/IMGP3193-1-768x511.jpg 768w, https:\/\/kruczekrakanie.pl\/wp-content\/uploads\/2019\/06\/IMGP3193-1.jpg 1600w\" sizes=\"auto, (max-width: 767px) 89vw, (max-width: 1000px) 54vw, (max-width: 1071px) 543px, 580px\" \/><\/figure><\/div>\n\n\n\n<p class=\"wp-block-paragraph\">Granic\u0119 przekraczali\u015bmy w Kro\u015bcienku, ca\u0142kiem sprawnie. A potem woda, b\u0142oto, podjazdy. Karpaty.<\/p>\n\n\n\n<div class=\"wp-block-image\"><figure class=\"aligncenter\"><img loading=\"lazy\" decoding=\"async\" width=\"1024\" height=\"681\" src=\"https:\/\/kruczekrakanie.pl\/wp-content\/uploads\/2019\/06\/IMGP3199-1024x681.jpg\" alt=\"\" class=\"wp-image-1283\" srcset=\"https:\/\/kruczekrakanie.pl\/wp-content\/uploads\/2019\/06\/IMGP3199-1024x681.jpg 1024w, https:\/\/kruczekrakanie.pl\/wp-content\/uploads\/2019\/06\/IMGP3199-300x200.jpg 300w, https:\/\/kruczekrakanie.pl\/wp-content\/uploads\/2019\/06\/IMGP3199-768x511.jpg 768w, https:\/\/kruczekrakanie.pl\/wp-content\/uploads\/2019\/06\/IMGP3199.jpg 1600w\" sizes=\"auto, (max-width: 767px) 89vw, (max-width: 1000px) 54vw, (max-width: 1071px) 543px, 580px\" \/><\/figure><\/div>\n\n\n\n<div class=\"wp-block-image\"><figure class=\"aligncenter\"><img loading=\"lazy\" decoding=\"async\" width=\"1024\" height=\"681\" src=\"https:\/\/kruczekrakanie.pl\/wp-content\/uploads\/2019\/06\/IMGP3201-1024x681.jpg\" alt=\"\" class=\"wp-image-1284\" srcset=\"https:\/\/kruczekrakanie.pl\/wp-content\/uploads\/2019\/06\/IMGP3201-1024x681.jpg 1024w, https:\/\/kruczekrakanie.pl\/wp-content\/uploads\/2019\/06\/IMGP3201-300x200.jpg 300w, https:\/\/kruczekrakanie.pl\/wp-content\/uploads\/2019\/06\/IMGP3201-768x511.jpg 768w, https:\/\/kruczekrakanie.pl\/wp-content\/uploads\/2019\/06\/IMGP3201.jpg 1600w\" sizes=\"auto, (max-width: 767px) 89vw, (max-width: 1000px) 54vw, (max-width: 1071px) 543px, 580px\" \/><\/figure><\/div>\n\n\n\n<p class=\"wp-block-paragraph\">Zdj\u0119\u0107 i film\u00f3w z trudniejszych odcink\u00f3w nie mam, ale by\u0142o co robi\u0107.<\/p>\n\n\n\n<div class=\"wp-block-image\"><figure class=\"aligncenter\"><img loading=\"lazy\" decoding=\"async\" width=\"1024\" height=\"681\" src=\"https:\/\/kruczekrakanie.pl\/wp-content\/uploads\/2019\/06\/IMGP3211-1024x681.jpg\" alt=\"\" class=\"wp-image-1286\" srcset=\"https:\/\/kruczekrakanie.pl\/wp-content\/uploads\/2019\/06\/IMGP3211-1024x681.jpg 1024w, https:\/\/kruczekrakanie.pl\/wp-content\/uploads\/2019\/06\/IMGP3211-300x200.jpg 300w, https:\/\/kruczekrakanie.pl\/wp-content\/uploads\/2019\/06\/IMGP3211-768x511.jpg 768w, https:\/\/kruczekrakanie.pl\/wp-content\/uploads\/2019\/06\/IMGP3211.jpg 1600w\" sizes=\"auto, (max-width: 767px) 89vw, (max-width: 1000px) 54vw, (max-width: 1071px) 543px, 580px\" \/><\/figure><\/div>\n\n\n\n<div class=\"wp-block-image\"><figure class=\"aligncenter\"><img loading=\"lazy\" decoding=\"async\" width=\"1024\" height=\"681\" src=\"https:\/\/kruczekrakanie.pl\/wp-content\/uploads\/2019\/06\/IMGP3240-1024x681.jpg\" alt=\"\" class=\"wp-image-1290\" srcset=\"https:\/\/kruczekrakanie.pl\/wp-content\/uploads\/2019\/06\/IMGP3240-1024x681.jpg 1024w, https:\/\/kruczekrakanie.pl\/wp-content\/uploads\/2019\/06\/IMGP3240-300x200.jpg 300w, https:\/\/kruczekrakanie.pl\/wp-content\/uploads\/2019\/06\/IMGP3240-768x511.jpg 768w, https:\/\/kruczekrakanie.pl\/wp-content\/uploads\/2019\/06\/IMGP3240.jpg 1600w\" sizes=\"auto, (max-width: 767px) 89vw, (max-width: 1000px) 54vw, (max-width: 1071px) 543px, 580px\" \/><\/figure><\/div>\n\n\n\n<p class=\"wp-block-paragraph\">A potem odezwa\u0142a si\u0119 ta nie zdiagnozowana w Polsce awaria. Ukr\u0119ci\u0142em przegub nap\u0119dowy i w po\u0142owie wycieczki trzeba by\u0142o wraca\u0107. Cz\u0119\u015bci do LR s\u0105 na Ukrainie do kupienia, oczywi\u015bcie. Tydzie\u0144 tylko trzeba poczeka\u0107&#8230;<\/p>\n\n\n\n<figure class=\"wp-block-embed-youtube wp-block-embed is-type-video is-provider-youtube wp-embed-aspect-16-9 wp-has-aspect-ratio\"><div class=\"wp-block-embed__wrapper\">\n<iframe loading=\"lazy\" title=\"Carpatia Loop 2019 (Ukraina)\" width=\"525\" height=\"295\" src=\"https:\/\/www.youtube.com\/embed\/t2humP9D6o8?feature=oembed\" frameborder=\"0\" allow=\"accelerometer; autoplay; clipboard-write; encrypted-media; gyroscope; picture-in-picture; web-share\" referrerpolicy=\"strict-origin-when-cross-origin\" allowfullscreen><\/iframe>\n<\/div><\/figure>\n\n\n\n<hr class=\"wp-block-separator\"\/>\n\n\n\n<p class=\"wp-block-paragraph\"><a rel=\"noreferrer noopener\" aria-label=\"Zdj\u0119cia z wyjazdu (opens in a new tab)\" href=\"https:\/\/photos.app.goo.gl\/QUJ1DabMW1zgQFh56\" target=\"_blank\">Zdj\u0119cia z wyjazdu<\/a><\/p>\n\n\n\n<p class=\"wp-block-paragraph\"> <ul class=\"display-posts-listing\"><li class=\"listing-item\"><a class=\"title\" href=\"https:\/\/kruczekrakanie.pl\/index.php\/2019\/06\/30\/ukraina-mieli-przeguby\/\">Ukraina mieli przeguby<\/a><\/li><\/ul> <\/p>\n\n\n\n<p class=\"wp-block-paragraph\"><\/p>\n\n\n\n<p class=\"wp-block-paragraph\"><\/p>\n","protected":false},"excerpt":{"rendered":"<p>Pocz\u0105tek lata i kurs na ukrai\u0144skie Karpaty. Start z Warszawy, potem Firlej i pr\u00f3ba diagnozy dlaczego s\u0105 problemy z przycinaniem si\u0119 kierownicy. Niestety, tego nie uda\u0142o si\u0119 rozwik\u0142a\u0107. Zem\u015bci\u0142o si\u0119 to na Ukrainie. Spotkanie z reszt\u0105 ekipy w Kro\u015bcienku. Jako, \u017ce mia\u0142em du\u017co czasu zajrza\u0142em na zapor\u0119 w Solinie. Poogl\u0105da\u0142em te\u017c sobie je\u017ce. Rodzina je\u017cy &hellip; <\/p>\n<p class=\"link-more\"><a href=\"https:\/\/kruczekrakanie.pl\/index.php\/2019\/06\/30\/ukraina-mieli-przeguby\/\" class=\"more-link\">Czytaj dalej<span class=\"screen-reader-text\"> \u201eUkraina mieli przeguby\u201d<\/span><\/a><\/p>\n","protected":false},"author":2,"featured_media":1292,"parent":129,"menu_order":0,"comment_status":"closed","ping_status":"closed","template":"","meta":{"_crdt_document":"","ngg_post_thumbnail":0,"footnotes":""},"class_list":["post-1279","page","type-page","status-publish","has-post-thumbnail","hentry"],"_links":{"self":[{"href":"https:\/\/kruczekrakanie.pl\/index.php\/wp-json\/wp\/v2\/pages\/1279","targetHints":{"allow":["GET"]}}],"collection":[{"href":"https:\/\/kruczekrakanie.pl\/index.php\/wp-json\/wp\/v2\/pages"}],"about":[{"href":"https:\/\/kruczekrakanie.pl\/index.php\/wp-json\/wp\/v2\/types\/page"}],"author":[{"embeddable":true,"href":"https:\/\/kruczekrakanie.pl\/index.php\/wp-json\/wp\/v2\/users\/2"}],"replies":[{"embeddable":true,"href":"https:\/\/kruczekrakanie.pl\/index.php\/wp-json\/wp\/v2\/comments?post=1279"}],"version-history":[{"count":3,"href":"https:\/\/kruczekrakanie.pl\/index.php\/wp-json\/wp\/v2\/pages\/1279\/revisions"}],"predecessor-version":[{"id":1296,"href":"https:\/\/kruczekrakanie.pl\/index.php\/wp-json\/wp\/v2\/pages\/1279\/revisions\/1296"}],"up":[{"embeddable":true,"href":"https:\/\/kruczekrakanie.pl\/index.php\/wp-json\/wp\/v2\/pages\/129"}],"wp:featuredmedia":[{"embeddable":true,"href":"https:\/\/kruczekrakanie.pl\/index.php\/wp-json\/wp\/v2\/media\/1292"}],"wp:attachment":[{"href":"https:\/\/kruczekrakanie.pl\/index.php\/wp-json\/wp\/v2\/media?parent=1279"}],"curies":[{"name":"wp","href":"https:\/\/api.w.org\/{rel}","templated":true}]}}