{"id":114,"date":"2018-09-23T18:52:51","date_gmt":"2018-09-23T18:52:51","guid":{"rendered":"http:\/\/kruczekrakanie.pl\/?page_id=114"},"modified":"2020-01-21T21:21:39","modified_gmt":"2020-01-21T21:21:39","slug":"bosnia-2018","status":"publish","type":"page","link":"https:\/\/kruczekrakanie.pl\/index.php\/wycieczki\/bosnia-2018\/","title":{"rendered":"Bo\u015bnia 2018"},"content":{"rendered":"\n<p class=\"wp-block-paragraph\">\n\nWyjazd na pe\u0142nym spontanie i luzie. Kolega rzuci\u0142 has\u0142o, \u017ce szuka towarzystwa do auta i pojecha\u0142em. By\u0142y dwa Land Rovery Discovery, 5 os\u00f3b i ponad tydzie\u0144 dobrej zabawy. Odwiedzili\u015bmy Bo\u015bni\u0119, a po drodze Balaton (nie polecam).\n\n<\/p>\n\n\n\n<p class=\"wp-block-paragraph\">\n\nBy\u0142o fajnie. Z Polski na W\u0119gry przemycili\u015bmy szerszenia a z Bo\u015bni na Chorwacj\u0119 ser.\n\n<\/p>\n\n\n\n<figure class=\"wp-block-image size-large\"><a href=\"https:\/\/photos.app.goo.gl\/tCr8stufEaDdNi638\"><img loading=\"lazy\" decoding=\"async\" width=\"1024\" height=\"681\" src=\"https:\/\/kruczekrakanie.pl\/wp-content\/uploads\/2020\/01\/IMGP1372-1024x681.jpg\" alt=\"\" class=\"wp-image-1681\" srcset=\"https:\/\/kruczekrakanie.pl\/wp-content\/uploads\/2020\/01\/IMGP1372-1024x681.jpg 1024w, https:\/\/kruczekrakanie.pl\/wp-content\/uploads\/2020\/01\/IMGP1372-300x200.jpg 300w, https:\/\/kruczekrakanie.pl\/wp-content\/uploads\/2020\/01\/IMGP1372-768x511.jpg 768w, https:\/\/kruczekrakanie.pl\/wp-content\/uploads\/2020\/01\/IMGP1372-1536x1022.jpg 1536w, https:\/\/kruczekrakanie.pl\/wp-content\/uploads\/2020\/01\/IMGP1372.jpg 1920w\" sizes=\"auto, (max-width: 767px) 89vw, (max-width: 1000px) 54vw, (max-width: 1071px) 543px, 580px\" \/><\/a><\/figure>\n\n\n\nngg_shortcode_0_placeholder\n\n\n\n<hr class=\"wp-block-separator\"\/>\n\n\n\n<p class=\"wp-block-paragraph\"><a href=\"https:\/\/photos.app.goo.gl\/tCr8stufEaDdNi638\" target=\"_blank\" rel=\"noopener noreferrer\">Link do galerii zdj\u0119\u0107<\/a><\/p>\n\n\n\n<hr class=\"wp-block-separator\"\/>\n\n\n\n<p class=\"wp-block-paragraph\">Wpisy w blogu<\/p>\n\n\n\n<p class=\"wp-block-paragraph\"><ul class=\"display-posts-listing\"><li class=\"listing-item\"><a class=\"title\" href=\"https:\/\/kruczekrakanie.pl\/index.php\/2018\/07\/19\/bosnia-lipiec-2018\/\">Historia sera&#8230;<\/a><\/li><li class=\"listing-item\"><a class=\"title\" href=\"https:\/\/kruczekrakanie.pl\/index.php\/2018\/07\/18\/bosnia-zdjecia\/\">Bo\u015bnia &#8211; zdj\u0119cia<\/a><\/li><\/ul><\/p>\n","protected":false},"excerpt":{"rendered":"<p>Wyjazd na pe\u0142nym spontanie i luzie. Kolega rzuci\u0142 has\u0142o, \u017ce szuka towarzystwa do auta i pojecha\u0142em. By\u0142y dwa Land Rovery Discovery, 5 os\u00f3b i ponad tydzie\u0144 dobrej zabawy. Odwiedzili\u015bmy Bo\u015bni\u0119, a po drodze Balaton (nie polecam). By\u0142o fajnie. Z Polski na W\u0119gry przemycili\u015bmy szerszenia a z Bo\u015bni na Chorwacj\u0119 ser. Link do galerii zdj\u0119\u0107 Wpisy &hellip; <\/p>\n<p class=\"link-more\"><a href=\"https:\/\/kruczekrakanie.pl\/index.php\/2018\/07\/18\/bosnia-zdjecia\/\" class=\"more-link\">Czytaj dalej<span class=\"screen-reader-text\"> \u201eBo\u015bnia &#8211; zdj\u0119cia\u201d<\/span><\/a><\/p>\n","protected":false},"author":2,"featured_media":1685,"parent":101,"menu_order":0,"comment_status":"closed","ping_status":"closed","template":"","meta":{"_crdt_document":"","ngg_post_thumbnail":0,"footnotes":""},"class_list":["post-114","page","type-page","status-publish","has-post-thumbnail","hentry"],"_links":{"self":[{"href":"https:\/\/kruczekrakanie.pl\/index.php\/wp-json\/wp\/v2\/pages\/114","targetHints":{"allow":["GET"]}}],"collection":[{"href":"https:\/\/kruczekrakanie.pl\/index.php\/wp-json\/wp\/v2\/pages"}],"about":[{"href":"https:\/\/kruczekrakanie.pl\/index.php\/wp-json\/wp\/v2\/types\/page"}],"author":[{"embeddable":true,"href":"https:\/\/kruczekrakanie.pl\/index.php\/wp-json\/wp\/v2\/users\/2"}],"replies":[{"embeddable":true,"href":"https:\/\/kruczekrakanie.pl\/index.php\/wp-json\/wp\/v2\/comments?post=114"}],"version-history":[{"count":12,"href":"https:\/\/kruczekrakanie.pl\/index.php\/wp-json\/wp\/v2\/pages\/114\/revisions"}],"predecessor-version":[{"id":1682,"href":"https:\/\/kruczekrakanie.pl\/index.php\/wp-json\/wp\/v2\/pages\/114\/revisions\/1682"}],"up":[{"embeddable":true,"href":"https:\/\/kruczekrakanie.pl\/index.php\/wp-json\/wp\/v2\/pages\/101"}],"wp:featuredmedia":[{"embeddable":true,"href":"https:\/\/kruczekrakanie.pl\/index.php\/wp-json\/wp\/v2\/media\/1685"}],"wp:attachment":[{"href":"https:\/\/kruczekrakanie.pl\/index.php\/wp-json\/wp\/v2\/media?parent=114"}],"curies":[{"name":"wp","href":"https:\/\/api.w.org\/{rel}","templated":true}]}}