{"id":106,"date":"2018-08-22T17:52:44","date_gmt":"2018-08-22T17:52:44","guid":{"rendered":"http:\/\/kruczekrakanie.pl\/?page_id=106"},"modified":"2019-04-14T09:19:12","modified_gmt":"2019-04-14T09:19:12","slug":"skandynawia-2018","status":"publish","type":"page","link":"https:\/\/kruczekrakanie.pl\/index.php\/wycieczki\/skandynawia-2018\/","title":{"rendered":"Skandynawia 2018"},"content":{"rendered":"\n<p class=\"wp-block-paragraph\">Plany na wakacje 2018 snuli\u015bmy od zimy. Marzy\u0142o nam si\u0119 s\u0142o\u0144ce i ciep\u0142o. Mo\u017ce Toskania? Tak, Toskania to jest to!<\/p>\n\n\n\n<p class=\"wp-block-paragraph\"> Gdzie\u015b w po\u0142owie lipca, po gor\u0105cej wio\u015bnie i kolejnych tygodniach letnich upa\u0142\u00f3w, zmienili\u015bmy plany. Jedziemy, tam gdzie ch\u0142odniej.<\/p>\n\n\n\n<p class=\"wp-block-paragraph\">Odwiedzili\u015bmy p\u00f3\u0142nocne Niemcy, z naciskiem na park rozrywki&nbsp;<a href=\"https:\/\/www.hansapark.de\/home\/?language=en\">Hansa Park<\/a>.<\/p>\n\n\n\n<div class=\"wp-block-image\"><figure class=\"aligncenter\"><img loading=\"lazy\" decoding=\"async\" width=\"1024\" height=\"682\" src=\"https:\/\/kruczekrakanie.pl\/wp-content\/uploads\/2018\/10\/DSCF5844-1024x682.jpg\" alt=\"\" class=\"wp-image-635\" srcset=\"https:\/\/kruczekrakanie.pl\/wp-content\/uploads\/2018\/10\/DSCF5844-1024x682.jpg 1024w, https:\/\/kruczekrakanie.pl\/wp-content\/uploads\/2018\/10\/DSCF5844-300x200.jpg 300w, https:\/\/kruczekrakanie.pl\/wp-content\/uploads\/2018\/10\/DSCF5844-768x512.jpg 768w, https:\/\/kruczekrakanie.pl\/wp-content\/uploads\/2018\/10\/DSCF5844.jpg 1600w\" sizes=\"auto, (max-width: 767px) 89vw, (max-width: 1000px) 54vw, (max-width: 1071px) 543px, 580px\" \/><figcaption>Hansa Park<\/figcaption><\/figure><\/div>\n\n\n\n<p class=\"wp-block-paragraph\">P\u00f3\u017aniej szybki przelot przez Jutlandi\u0119 i promem do Norwegii.<\/p>\n\n\n\n<div class=\"wp-block-image\"><figure class=\"aligncenter\"><img loading=\"lazy\" decoding=\"async\" width=\"1024\" height=\"681\" src=\"https:\/\/kruczekrakanie.pl\/wp-content\/uploads\/2018\/10\/IMGP1645-1024x681.jpg\" alt=\"\" class=\"wp-image-634\" srcset=\"https:\/\/kruczekrakanie.pl\/wp-content\/uploads\/2018\/10\/IMGP1645-1024x681.jpg 1024w, https:\/\/kruczekrakanie.pl\/wp-content\/uploads\/2018\/10\/IMGP1645-300x200.jpg 300w, https:\/\/kruczekrakanie.pl\/wp-content\/uploads\/2018\/10\/IMGP1645-768x511.jpg 768w, https:\/\/kruczekrakanie.pl\/wp-content\/uploads\/2018\/10\/IMGP1645.jpg 1600w\" sizes=\"auto, (max-width: 767px) 89vw, (max-width: 1000px) 54vw, (max-width: 1071px) 543px, 580px\" \/><figcaption>Foka w Muzeum Morza P\u00f3\u0142nocnego w&nbsp;Hirtshals<\/figcaption><\/figure><\/div>\n\n\n\n<div class=\"wp-block-image\"><figure class=\"aligncenter\"><img loading=\"lazy\" decoding=\"async\" width=\"1024\" height=\"681\" src=\"https:\/\/kruczekrakanie.pl\/wp-content\/uploads\/2018\/10\/IMGP1698-1024x681.jpg\" alt=\"\" class=\"wp-image-633\" srcset=\"https:\/\/kruczekrakanie.pl\/wp-content\/uploads\/2018\/10\/IMGP1698-1024x681.jpg 1024w, https:\/\/kruczekrakanie.pl\/wp-content\/uploads\/2018\/10\/IMGP1698-300x200.jpg 300w, https:\/\/kruczekrakanie.pl\/wp-content\/uploads\/2018\/10\/IMGP1698-768x511.jpg 768w, https:\/\/kruczekrakanie.pl\/wp-content\/uploads\/2018\/10\/IMGP1698.jpg 1600w\" sizes=\"auto, (max-width: 767px) 89vw, (max-width: 1000px) 54vw, (max-width: 1071px) 543px, 580px\" \/><figcaption>G\u00f3ry w Norwegii<\/figcaption><\/figure><\/div>\n\n\n\n<div class=\"wp-block-image\"><figure class=\"aligncenter\"><img loading=\"lazy\" decoding=\"async\" width=\"681\" height=\"1024\" src=\"https:\/\/kruczekrakanie.pl\/wp-content\/uploads\/2018\/10\/IMGP1716-681x1024.jpg\" alt=\"\" class=\"wp-image-632\" srcset=\"https:\/\/kruczekrakanie.pl\/wp-content\/uploads\/2018\/10\/IMGP1716-681x1024.jpg 681w, https:\/\/kruczekrakanie.pl\/wp-content\/uploads\/2018\/10\/IMGP1716-200x300.jpg 200w, https:\/\/kruczekrakanie.pl\/wp-content\/uploads\/2018\/10\/IMGP1716-768x1155.jpg 768w, https:\/\/kruczekrakanie.pl\/wp-content\/uploads\/2018\/10\/IMGP1716.jpg 1064w\" sizes=\"auto, (max-width: 681px) 100vw, 681px\" \/><figcaption>Preikestolen<\/figcaption><\/figure><\/div>\n\n\n\n<p class=\"wp-block-paragraph\">\n\nW Norwegii odwiedzili\u015bmy Preikestolen, lodowiec Folgefonna, Oslo i oczywi\u015bcie nakarmili\u015bmy fjordy.\n\n<\/p>\n\n\n\n<div class=\"wp-block-image\"><figure class=\"aligncenter\"><a href=\"https:\/\/photos.app.goo.gl\/9aHfvwH1wk8Q8JDg6\"><img loading=\"lazy\" decoding=\"async\" width=\"768\" height=\"511\" src=\"https:\/\/kruczekrakanie.pl\/wp-content\/uploads\/2018\/09\/IMGP1706-768x511.jpg\" alt=\"\" class=\"wp-image-112\" srcset=\"https:\/\/kruczekrakanie.pl\/wp-content\/uploads\/2018\/09\/IMGP1706-768x511.jpg 768w, https:\/\/kruczekrakanie.pl\/wp-content\/uploads\/2018\/09\/IMGP1706-300x200.jpg 300w, https:\/\/kruczekrakanie.pl\/wp-content\/uploads\/2018\/09\/IMGP1706-1024x681.jpg 1024w, https:\/\/kruczekrakanie.pl\/wp-content\/uploads\/2018\/09\/IMGP1706.jpg 1600w\" sizes=\"auto, (max-width: 767px) 89vw, (max-width: 1000px) 54vw, (max-width: 1071px) 543px, 580px\" \/><\/a><figcaption>Fjord w Norwegii<\/figcaption><\/figure><\/div>\n\n\n\n<div class=\"wp-block-image\"><figure class=\"aligncenter\"><img loading=\"lazy\" decoding=\"async\" width=\"1024\" height=\"681\" src=\"https:\/\/kruczekrakanie.pl\/wp-content\/uploads\/2018\/10\/IMGP1787-1024x681.jpg\" alt=\"\" class=\"wp-image-628\" srcset=\"https:\/\/kruczekrakanie.pl\/wp-content\/uploads\/2018\/10\/IMGP1787-1024x681.jpg 1024w, https:\/\/kruczekrakanie.pl\/wp-content\/uploads\/2018\/10\/IMGP1787-300x200.jpg 300w, https:\/\/kruczekrakanie.pl\/wp-content\/uploads\/2018\/10\/IMGP1787-768x511.jpg 768w, https:\/\/kruczekrakanie.pl\/wp-content\/uploads\/2018\/10\/IMGP1787.jpg 1600w\" sizes=\"auto, (max-width: 767px) 89vw, (max-width: 1000px) 54vw, (max-width: 1071px) 543px, 580px\" \/><figcaption>Lodowiec Folgefonna<\/figcaption><\/figure><\/div>\n\n\n\n<p class=\"wp-block-paragraph\">Wracaj\u0105c sp\u0119dzili\u015bmy chwil\u0119 w Oslo i Kopenhadze. <\/p>\n\n\n\n<div class=\"wp-block-image\"><figure class=\"aligncenter\"><img loading=\"lazy\" decoding=\"async\" width=\"1024\" height=\"681\" src=\"https:\/\/kruczekrakanie.pl\/wp-content\/uploads\/2018\/10\/IMGP1866-1024x681.jpg\" alt=\"\" class=\"wp-image-623\" srcset=\"https:\/\/kruczekrakanie.pl\/wp-content\/uploads\/2018\/10\/IMGP1866-1024x681.jpg 1024w, https:\/\/kruczekrakanie.pl\/wp-content\/uploads\/2018\/10\/IMGP1866-300x200.jpg 300w, https:\/\/kruczekrakanie.pl\/wp-content\/uploads\/2018\/10\/IMGP1866-768x511.jpg 768w, https:\/\/kruczekrakanie.pl\/wp-content\/uploads\/2018\/10\/IMGP1866.jpg 1600w\" sizes=\"auto, (max-width: 767px) 89vw, (max-width: 1000px) 54vw, (max-width: 1071px) 543px, 580px\" \/><figcaption>Oslo<\/figcaption><\/figure><\/div>\n\n\n\n<div class=\"wp-block-image\"><figure class=\"aligncenter\"><img loading=\"lazy\" decoding=\"async\" width=\"1024\" height=\"681\" src=\"https:\/\/kruczekrakanie.pl\/wp-content\/uploads\/2018\/10\/IMGP1849-1024x681.jpg\" alt=\"\" class=\"wp-image-624\" srcset=\"https:\/\/kruczekrakanie.pl\/wp-content\/uploads\/2018\/10\/IMGP1849-1024x681.jpg 1024w, https:\/\/kruczekrakanie.pl\/wp-content\/uploads\/2018\/10\/IMGP1849-300x200.jpg 300w, https:\/\/kruczekrakanie.pl\/wp-content\/uploads\/2018\/10\/IMGP1849-768x511.jpg 768w, https:\/\/kruczekrakanie.pl\/wp-content\/uploads\/2018\/10\/IMGP1849.jpg 1600w\" sizes=\"auto, (max-width: 767px) 89vw, (max-width: 1000px) 54vw, (max-width: 1071px) 543px, 580px\" \/><figcaption>Tratfa RA Thora Heyerdah&#8217;la<\/figcaption><\/figure><\/div>\n\n\n\n<div class=\"wp-block-image\"><figure class=\"aligncenter\"><img loading=\"lazy\" decoding=\"async\" width=\"1024\" height=\"682\" src=\"https:\/\/kruczekrakanie.pl\/wp-content\/uploads\/2018\/10\/DSCF5979-1024x682.jpg\" alt=\"\" class=\"wp-image-621\" srcset=\"https:\/\/kruczekrakanie.pl\/wp-content\/uploads\/2018\/10\/DSCF5979-1024x682.jpg 1024w, https:\/\/kruczekrakanie.pl\/wp-content\/uploads\/2018\/10\/DSCF5979-300x200.jpg 300w, https:\/\/kruczekrakanie.pl\/wp-content\/uploads\/2018\/10\/DSCF5979-768x512.jpg 768w, https:\/\/kruczekrakanie.pl\/wp-content\/uploads\/2018\/10\/DSCF5979.jpg 1600w\" sizes=\"auto, (max-width: 767px) 89vw, (max-width: 1000px) 54vw, (max-width: 1071px) 543px, 580px\" \/><figcaption>Tivoli w Kopenhadze<\/figcaption><\/figure><\/div>\n\n\n\n<p class=\"wp-block-paragraph\">Ko\u0144c\u00f3wka urlopu to klify na du\u0144skiej wyspie Mon (Mons Klint).<\/p>\n\n\n\n<div class=\"wp-block-image\"><figure class=\"aligncenter\"><img loading=\"lazy\" decoding=\"async\" width=\"1024\" height=\"681\" src=\"https:\/\/kruczekrakanie.pl\/wp-content\/uploads\/2018\/10\/IMGP1973-1024x681.jpg\" alt=\"\" class=\"wp-image-620\" srcset=\"https:\/\/kruczekrakanie.pl\/wp-content\/uploads\/2018\/10\/IMGP1973-1024x681.jpg 1024w, https:\/\/kruczekrakanie.pl\/wp-content\/uploads\/2018\/10\/IMGP1973-300x200.jpg 300w, https:\/\/kruczekrakanie.pl\/wp-content\/uploads\/2018\/10\/IMGP1973-768x511.jpg 768w, https:\/\/kruczekrakanie.pl\/wp-content\/uploads\/2018\/10\/IMGP1973.jpg 1600w\" sizes=\"auto, (max-width: 767px) 89vw, (max-width: 1000px) 54vw, (max-width: 1071px) 543px, 580px\" \/><figcaption>Najwy\u017csze na Ba\u0142tyku kredowe klify<\/figcaption><\/figure><\/div>\n\n\n\n<hr class=\"wp-block-separator\"\/>\n\n\n\n<p class=\"wp-block-paragraph\"><a href=\"https:\/\/photos.app.goo.gl\/9aHfvwH1wk8Q8JDg6\" target=\"_blank\" rel=\"noopener noreferrer\">Album ze zdj\u0119ciami z wycieczki<\/a><\/p>\n\n\n\n<hr class=\"wp-block-separator\"\/>\n\n\n\n<p class=\"wp-block-paragraph\">Wspomnienia<\/p>\n\n\n\n<p class=\"wp-block-paragraph\"><ul class=\"display-posts-listing\"><li class=\"listing-item\"><a class=\"title\" href=\"https:\/\/kruczekrakanie.pl\/index.php\/2018\/10\/14\/platne-drogi-w-norwegii\/\">P\u0142atne drogi w Norwegii<\/a> <span class=\"date\">(10\/14\/2018)<\/span><\/li><li class=\"listing-item\"><a class=\"title\" href=\"https:\/\/kruczekrakanie.pl\/index.php\/2018\/08\/29\/przelotne-deszcze\/\">Przelotne deszcze<\/a> <span class=\"date\">(8\/29\/2018)<\/span><\/li><li class=\"listing-item\"><a class=\"title\" href=\"https:\/\/kruczekrakanie.pl\/index.php\/2018\/09\/11\/trasa-po-norwegii\/\">Trasa po Norwegii<\/a> <span class=\"date\">(9\/11\/2018)<\/span><\/li><\/ul><\/p>\n","protected":false},"excerpt":{"rendered":"<p>Plany na wakacje 2018 snuli\u015bmy od zimy. Marzy\u0142o nam si\u0119 s\u0142o\u0144ce i ciep\u0142o. Mo\u017ce Toskania? Tak, Toskania to jest to! Gdzie\u015b w po\u0142owie lipca, po gor\u0105cej wio\u015bnie i kolejnych tygodniach letnich upa\u0142\u00f3w, zmienili\u015bmy plany. Jedziemy, tam gdzie ch\u0142odniej. Odwiedzili\u015bmy p\u00f3\u0142nocne Niemcy, z naciskiem na park rozrywki&nbsp;Hansa Park. P\u00f3\u017aniej szybki przelot przez Jutlandi\u0119 i promem do &hellip; <\/p>\n<p class=\"link-more\"><a href=\"https:\/\/kruczekrakanie.pl\/index.php\/2018\/09\/11\/trasa-po-norwegii\/\" class=\"more-link\">Czytaj dalej<span class=\"screen-reader-text\"> \u201eTrasa po Norwegii\u201d<\/span><\/a><\/p>\n","protected":false},"author":2,"featured_media":1003,"parent":101,"menu_order":0,"comment_status":"closed","ping_status":"closed","template":"","meta":{"_crdt_document":"","ngg_post_thumbnail":0,"footnotes":""},"class_list":["post-106","page","type-page","status-publish","has-post-thumbnail","hentry"],"_links":{"self":[{"href":"https:\/\/kruczekrakanie.pl\/index.php\/wp-json\/wp\/v2\/pages\/106","targetHints":{"allow":["GET"]}}],"collection":[{"href":"https:\/\/kruczekrakanie.pl\/index.php\/wp-json\/wp\/v2\/pages"}],"about":[{"href":"https:\/\/kruczekrakanie.pl\/index.php\/wp-json\/wp\/v2\/types\/page"}],"author":[{"embeddable":true,"href":"https:\/\/kruczekrakanie.pl\/index.php\/wp-json\/wp\/v2\/users\/2"}],"replies":[{"embeddable":true,"href":"https:\/\/kruczekrakanie.pl\/index.php\/wp-json\/wp\/v2\/comments?post=106"}],"version-history":[{"count":9,"href":"https:\/\/kruczekrakanie.pl\/index.php\/wp-json\/wp\/v2\/pages\/106\/revisions"}],"predecessor-version":[{"id":1211,"href":"https:\/\/kruczekrakanie.pl\/index.php\/wp-json\/wp\/v2\/pages\/106\/revisions\/1211"}],"up":[{"embeddable":true,"href":"https:\/\/kruczekrakanie.pl\/index.php\/wp-json\/wp\/v2\/pages\/101"}],"wp:featuredmedia":[{"embeddable":true,"href":"https:\/\/kruczekrakanie.pl\/index.php\/wp-json\/wp\/v2\/media\/1003"}],"wp:attachment":[{"href":"https:\/\/kruczekrakanie.pl\/index.php\/wp-json\/wp\/v2\/media?parent=106"}],"curies":[{"name":"wp","href":"https:\/\/api.w.org\/{rel}","templated":true}]}}